{"id":231615,"date":"2017-12-22T09:49:36","date_gmt":"2018-12-06T21:40:58","guid":{"rendered":"https:\/\/sistemasgenomicos.digitis.net\/tienda-online\/ngs-of-48-gene-panel-agk-aifm1-chkb-cox15-c10orf2-cpt2-dlat-dnajc19-fbxl4-foxred1-gfer-iscu-lias-2\/"},"modified":"2020-09-30T06:09:29","modified_gmt":"2020-09-30T04:09:29","slug":"ngs-of-48-gene-panel-agk-aifm1-chkb-cox15-c10orf2-cpt2-dlat-dnajc19-fbxl4-foxred1-gfer-iscu-lias-2","status":"publish","type":"product","link":"https:\/\/sistemasgenomicos.com\/en\/tienda-online\/ngs-of-48-gene-panel-agk-aifm1-chkb-cox15-c10orf2-cpt2-dlat-dnajc19-fbxl4-foxred1-gfer-iscu-lias-2\/","title":{"rendered":"NGS of 48 gene panel: AGK, AIFM1, CHKB, COX15, C10orf2, CPT2, DLAT, DNAJC19, FBXL4, FOXRED1, GFER, ISCU, LIAS, MICU1, MPC1, NDUFA1, NDUFA11, NDUFAF1, NDUFAF2, NDUFAF3, NDUFAF4, NDUFAF5, NDUFB3, NDUFB9, NDUFS1, NDUFS2, NDUFS3, NDUFS4, NDUFS6, NDUFV1, NDUFV2, NUBPL, OPA1, PC, PDHA1, PDHB, PDP1, POLG, POLG2, PUS1, RRM2B, SCO2, SLC25A4, SUCLA2, SUCLG1, TK2, TYMP, YARS2"},"content":{"rendered":"","protected":false},"excerpt":{"rendered":"","protected":false},"featured_media":42665,"template":"","meta":[],"product_brand":[],"product_cat":[9509,9329,9530,9514,9638,9327,9540,9548],"product_tag":[23830],"class_list":{"0":"post-231615","1":"product","2":"type-product","3":"status-publish","4":"has-post-thumbnail","6":"gen-agk","7":"gen-cox15","8":"gen-ndufs1","9":"gen-tymp","10":"gen-rrm2b","11":"gen-mpc1","12":"gen-chkb","13":"gen-ndufaf5","14":"gen-micu1","15":"gen-c10orf2","16":"gen-foxred1","17":"gen-fbxl4","18":"gen-ndufb3","19":"gen-lias","20":"gen-ndufaf4","21":"gen-ndufa1","22":"gen-gfer","23":"gen-sco2","24":"gen-pdha1","25":"gen-iscu","26":"gen-sucla2","27":"gen-ndufaf1","28":"gen-yars2","29":"gen-polg","30":"gen-ndufs6","31":"gen-ndufb9","32":"gen-dlat","33":"gen-nubpl","34":"gen-slc25a4","35":"gen-aifm1","36":"gen-cpt2","37":"gen-ndufs2","38":"gen-suclg1","39":"gen-ndufaf2","40":"gen-ndufs4","41":"gen-pdp1","42":"gen-tk2","43":"gen-ndufv1","44":"gen-pdhb","45":"gen-pc","46":"gen-ndufa11","47":"gen-pus1","48":"gen-ndufaf3","49":"gen-ndufv2","50":"gen-opa1","51":"gen-dnajc19","52":"gen-ndufs3","53":"gen-polg2","54":"product_cat-analysis-and-genetic-studies","55":"product_cat-diagnostico-genetico-por-secuenciacion-masivan-en","56":"product_cat-medicina-interna-diagnostico-genetico-molecularn-en","57":"product_cat-listado-de-enfermedades-en","58":"product_cat-paneles-de-mitocondriales-diagnostico-genetico-por-secuenciacion-masivan-en","59":"product_cat-diagnostico-genetico-molecularn-en","60":"product_cat-neuropediatria-diagnostico-genetico-molecularn-en","61":"product_cat-pediatria-diagnostico-genetico-molecularn-en","62":"product_tag-miopatias-mitocondriales-nuclearesc00661-en","64":"first","65":"instock","66":"taxable","67":"shipping-taxable","68":"product-type-simple"},"acf":[],"yoast_head":"<!-- This site is optimized with the Yoast SEO plugin v27.4 - https:\/\/yoast.com\/product\/yoast-seo-wordpress\/ -->\n<title>NGS\u00a0of\u00a048\u00a0gene\u00a0panel:\u00a0AGK,\u00a0AIFM1,\u00a0CHKB,\u00a0COX15,\u00a0C10orf2,\u00a0CPT2,\u00a0DLAT,\u00a0DNAJC19,\u00a0FBXL4,\u00a0FOXRED1,\u00a0GFER,\u00a0ISCU,\u00a0LIAS,\u00a0MICU1,\u00a0MPC1,\u00a0NDUFA1,\u00a0NDUFA11,\u00a0NDUFAF1,\u00a0NDUFAF2,\u00a0NDUFAF3,\u00a0NDUFAF4,\u00a0NDUFAF5,\u00a0NDUFB3,\u00a0NDUFB9,\u00a0NDUFS1,\u00a0NDUFS2,\u00a0NDUFS3,\u00a0NDUFS4,\u00a0NDUFS6,\u00a0NDUFV1,\u00a0NDUFV2,\u00a0NUBPL,\u00a0OPA1,\u00a0PC, PDHA1,\u00a0PDHB,\u00a0PDP1,\u00a0POLG,\u00a0POLG2,\u00a0PUS1,\u00a0RRM2B,\u00a0SCO2,\u00a0SLC25A4,\u00a0SUCLA2,\u00a0SUCLG1,\u00a0TK2,\u00a0TYMP,\u00a0YARS2 - Sistemas Gen\u00f3micos<\/title>\n<meta name=\"robots\" content=\"index, follow, max-snippet:-1, max-image-preview:large, max-video-preview:-1\" \/>\n<link rel=\"canonical\" href=\"https:\/\/sistemasgenomicos.com\/en\/tienda-online\/ngs-of-48-gene-panel-agk-aifm1-chkb-cox15-c10orf2-cpt2-dlat-dnajc19-fbxl4-foxred1-gfer-iscu-lias-2\/\" \/>\n<meta property=\"og:locale\" content=\"en_US\" \/>\n<meta property=\"og:type\" content=\"article\" \/>\n<meta property=\"og:title\" content=\"NGS\u00a0of\u00a048\u00a0gene\u00a0panel:\u00a0AGK,\u00a0AIFM1,\u00a0CHKB,\u00a0COX15,\u00a0C10orf2,\u00a0CPT2,\u00a0DLAT,\u00a0DNAJC19,\u00a0FBXL4,\u00a0FOXRED1,\u00a0GFER,\u00a0ISCU,\u00a0LIAS,\u00a0MICU1,\u00a0MPC1,\u00a0NDUFA1,\u00a0NDUFA11,\u00a0NDUFAF1,\u00a0NDUFAF2,\u00a0NDUFAF3,\u00a0NDUFAF4,\u00a0NDUFAF5,\u00a0NDUFB3,\u00a0NDUFB9,\u00a0NDUFS1,\u00a0NDUFS2,\u00a0NDUFS3,\u00a0NDUFS4,\u00a0NDUFS6,\u00a0NDUFV1,\u00a0NDUFV2,\u00a0NUBPL,\u00a0OPA1,\u00a0PC, PDHA1,\u00a0PDHB,\u00a0PDP1,\u00a0POLG,\u00a0POLG2,\u00a0PUS1,\u00a0RRM2B,\u00a0SCO2,\u00a0SLC25A4,\u00a0SUCLA2,\u00a0SUCLG1,\u00a0TK2,\u00a0TYMP,\u00a0YARS2 - Sistemas Gen\u00f3micos\" \/>\n<meta property=\"og:url\" content=\"https:\/\/sistemasgenomicos.com\/en\/tienda-online\/ngs-of-48-gene-panel-agk-aifm1-chkb-cox15-c10orf2-cpt2-dlat-dnajc19-fbxl4-foxred1-gfer-iscu-lias-2\/\" \/>\n<meta property=\"og:site_name\" content=\"Sistemas Gen\u00f3micos\" \/>\n<meta property=\"article:modified_time\" content=\"2020-09-30T04:09:29+00:00\" \/>\n<meta property=\"og:image\" content=\"https:\/\/sistemasgenomicos.com\/wp-content\/uploads\/2018\/04\/logo-sistemas-genomicos-default-1.jpg\" \/>\n\t<meta property=\"og:image:width\" content=\"1200\" \/>\n\t<meta property=\"og:image:height\" content=\"750\" \/>\n\t<meta property=\"og:image:type\" content=\"image\/jpeg\" \/>\n<meta name=\"twitter:card\" content=\"summary_large_image\" \/>\n<script type=\"application\/ld+json\" class=\"yoast-schema-graph\">{\"@context\":\"https:\\\/\\\/schema.org\",\"@graph\":[{\"@type\":\"WebPage\",\"@id\":\"https:\\\/\\\/sistemasgenomicos.com\\\/en\\\/tienda-online\\\/ngs-of-48-gene-panel-agk-aifm1-chkb-cox15-c10orf2-cpt2-dlat-dnajc19-fbxl4-foxred1-gfer-iscu-lias-2\\\/\",\"url\":\"https:\\\/\\\/sistemasgenomicos.com\\\/en\\\/tienda-online\\\/ngs-of-48-gene-panel-agk-aifm1-chkb-cox15-c10orf2-cpt2-dlat-dnajc19-fbxl4-foxred1-gfer-iscu-lias-2\\\/\",\"name\":\"NGS\u00a0of\u00a048\u00a0gene\u00a0panel:\u00a0AGK,\u00a0AIFM1,\u00a0CHKB,\u00a0COX15,\u00a0C10orf2,\u00a0CPT2,\u00a0DLAT,\u00a0DNAJC19,\u00a0FBXL4,\u00a0FOXRED1,\u00a0GFER,\u00a0ISCU,\u00a0LIAS,\u00a0MICU1,\u00a0MPC1,\u00a0NDUFA1,\u00a0NDUFA11,\u00a0NDUFAF1,\u00a0NDUFAF2,\u00a0NDUFAF3,\u00a0NDUFAF4,\u00a0NDUFAF5,\u00a0NDUFB3,\u00a0NDUFB9,\u00a0NDUFS1,\u00a0NDUFS2,\u00a0NDUFS3,\u00a0NDUFS4,\u00a0NDUFS6,\u00a0NDUFV1,\u00a0NDUFV2,\u00a0NUBPL,\u00a0OPA1,\u00a0PC, PDHA1,\u00a0PDHB,\u00a0PDP1,\u00a0POLG,\u00a0POLG2,\u00a0PUS1,\u00a0RRM2B,\u00a0SCO2,\u00a0SLC25A4,\u00a0SUCLA2,\u00a0SUCLG1,\u00a0TK2,\u00a0TYMP,\u00a0YARS2 - Sistemas Gen\u00f3micos\",\"isPartOf\":{\"@id\":\"https:\\\/\\\/sistemasgenomicos.com\\\/en\\\/#website\"},\"primaryImageOfPage\":{\"@id\":\"https:\\\/\\\/sistemasgenomicos.com\\\/en\\\/tienda-online\\\/ngs-of-48-gene-panel-agk-aifm1-chkb-cox15-c10orf2-cpt2-dlat-dnajc19-fbxl4-foxred1-gfer-iscu-lias-2\\\/#primaryimage\"},\"image\":{\"@id\":\"https:\\\/\\\/sistemasgenomicos.com\\\/en\\\/tienda-online\\\/ngs-of-48-gene-panel-agk-aifm1-chkb-cox15-c10orf2-cpt2-dlat-dnajc19-fbxl4-foxred1-gfer-iscu-lias-2\\\/#primaryimage\"},\"thumbnailUrl\":\"https:\\\/\\\/sistemasgenomicos.com\\\/wp-content\\\/uploads\\\/2018\\\/04\\\/logo-sistemas-genomicos-default-1.jpg\",\"datePublished\":\"2018-12-06T21:40:58+00:00\",\"dateModified\":\"2020-09-30T04:09:29+00:00\",\"breadcrumb\":{\"@id\":\"https:\\\/\\\/sistemasgenomicos.com\\\/en\\\/tienda-online\\\/ngs-of-48-gene-panel-agk-aifm1-chkb-cox15-c10orf2-cpt2-dlat-dnajc19-fbxl4-foxred1-gfer-iscu-lias-2\\\/#breadcrumb\"},\"inLanguage\":\"en-US\",\"potentialAction\":[{\"@type\":\"ReadAction\",\"target\":[\"https:\\\/\\\/sistemasgenomicos.com\\\/en\\\/tienda-online\\\/ngs-of-48-gene-panel-agk-aifm1-chkb-cox15-c10orf2-cpt2-dlat-dnajc19-fbxl4-foxred1-gfer-iscu-lias-2\\\/\"]}]},{\"@type\":\"ImageObject\",\"inLanguage\":\"en-US\",\"@id\":\"https:\\\/\\\/sistemasgenomicos.com\\\/en\\\/tienda-online\\\/ngs-of-48-gene-panel-agk-aifm1-chkb-cox15-c10orf2-cpt2-dlat-dnajc19-fbxl4-foxred1-gfer-iscu-lias-2\\\/#primaryimage\",\"url\":\"https:\\\/\\\/sistemasgenomicos.com\\\/wp-content\\\/uploads\\\/2018\\\/04\\\/logo-sistemas-genomicos-default-1.jpg\",\"contentUrl\":\"https:\\\/\\\/sistemasgenomicos.com\\\/wp-content\\\/uploads\\\/2018\\\/04\\\/logo-sistemas-genomicos-default-1.jpg\",\"width\":1200,\"height\":750},{\"@type\":\"BreadcrumbList\",\"@id\":\"https:\\\/\\\/sistemasgenomicos.com\\\/en\\\/tienda-online\\\/ngs-of-48-gene-panel-agk-aifm1-chkb-cox15-c10orf2-cpt2-dlat-dnajc19-fbxl4-foxred1-gfer-iscu-lias-2\\\/#breadcrumb\",\"itemListElement\":[{\"@type\":\"ListItem\",\"position\":1,\"name\":\"Portada\",\"item\":\"https:\\\/\\\/sistemasgenomicos.com\\\/en\\\/\"},{\"@type\":\"ListItem\",\"position\":2,\"name\":\"Tienda\",\"item\":\"https:\\\/\\\/sistemasgenomicos.com\\\/es\\\/tienda\\\/\"},{\"@type\":\"ListItem\",\"position\":3,\"name\":\"NGS of 48 gene panel: AGK, AIFM1, CHKB, COX15, C10orf2, CPT2, DLAT, DNAJC19, FBXL4, FOXRED1, GFER, ISCU, LIAS, MICU1, MPC1, NDUFA1, NDUFA11, NDUFAF1, NDUFAF2, NDUFAF3, NDUFAF4, NDUFAF5, NDUFB3, NDUFB9, NDUFS1, NDUFS2, NDUFS3, NDUFS4, NDUFS6, NDUFV1, NDUFV2, NUBPL, OPA1, PC, PDHA1, PDHB, PDP1, POLG, POLG2, PUS1, RRM2B, SCO2, SLC25A4, SUCLA2, SUCLG1, TK2, TYMP, YARS2\"}]},{\"@type\":\"WebSite\",\"@id\":\"https:\\\/\\\/sistemasgenomicos.com\\\/en\\\/#website\",\"url\":\"https:\\\/\\\/sistemasgenomicos.com\\\/en\\\/\",\"name\":\"Sistemas Gen\u00f3micos\",\"description\":\"La mayor empresa dedicada a la investigaci\u00f3n gen\u00e9tica y molecular\",\"publisher\":{\"@id\":\"https:\\\/\\\/sistemasgenomicos.com\\\/en\\\/#organization\"},\"potentialAction\":[{\"@type\":\"SearchAction\",\"target\":{\"@type\":\"EntryPoint\",\"urlTemplate\":\"https:\\\/\\\/sistemasgenomicos.com\\\/en\\\/?s={search_term_string}\"},\"query-input\":{\"@type\":\"PropertyValueSpecification\",\"valueRequired\":true,\"valueName\":\"search_term_string\"}}],\"inLanguage\":\"en-US\"},{\"@type\":\"Organization\",\"@id\":\"https:\\\/\\\/sistemasgenomicos.com\\\/en\\\/#organization\",\"name\":\"Sistemas Gen\u00f3micos\",\"url\":\"https:\\\/\\\/sistemasgenomicos.com\\\/en\\\/\",\"logo\":{\"@type\":\"ImageObject\",\"inLanguage\":\"en-US\",\"@id\":\"https:\\\/\\\/sistemasgenomicos.com\\\/en\\\/#\\\/schema\\\/logo\\\/image\\\/\",\"url\":\"https:\\\/\\\/sistemasgenomicos.com\\\/wp-content\\\/uploads\\\/2022\\\/04\\\/image001-1.png\",\"contentUrl\":\"https:\\\/\\\/sistemasgenomicos.com\\\/wp-content\\\/uploads\\\/2022\\\/04\\\/image001-1.png\",\"width\":250,\"height\":122,\"caption\":\"Sistemas Gen\u00f3micos\"},\"image\":{\"@id\":\"https:\\\/\\\/sistemasgenomicos.com\\\/en\\\/#\\\/schema\\\/logo\\\/image\\\/\"}}]}<\/script>\n<!-- \/ Yoast SEO plugin. -->","yoast_head_json":{"title":"NGS\u00a0of\u00a048\u00a0gene\u00a0panel:\u00a0AGK,\u00a0AIFM1,\u00a0CHKB,\u00a0COX15,\u00a0C10orf2,\u00a0CPT2,\u00a0DLAT,\u00a0DNAJC19,\u00a0FBXL4,\u00a0FOXRED1,\u00a0GFER,\u00a0ISCU,\u00a0LIAS,\u00a0MICU1,\u00a0MPC1,\u00a0NDUFA1,\u00a0NDUFA11,\u00a0NDUFAF1,\u00a0NDUFAF2,\u00a0NDUFAF3,\u00a0NDUFAF4,\u00a0NDUFAF5,\u00a0NDUFB3,\u00a0NDUFB9,\u00a0NDUFS1,\u00a0NDUFS2,\u00a0NDUFS3,\u00a0NDUFS4,\u00a0NDUFS6,\u00a0NDUFV1,\u00a0NDUFV2,\u00a0NUBPL,\u00a0OPA1,\u00a0PC, PDHA1,\u00a0PDHB,\u00a0PDP1,\u00a0POLG,\u00a0POLG2,\u00a0PUS1,\u00a0RRM2B,\u00a0SCO2,\u00a0SLC25A4,\u00a0SUCLA2,\u00a0SUCLG1,\u00a0TK2,\u00a0TYMP,\u00a0YARS2 - Sistemas Gen\u00f3micos","robots":{"index":"index","follow":"follow","max-snippet":"max-snippet:-1","max-image-preview":"max-image-preview:large","max-video-preview":"max-video-preview:-1"},"canonical":"https:\/\/sistemasgenomicos.com\/en\/tienda-online\/ngs-of-48-gene-panel-agk-aifm1-chkb-cox15-c10orf2-cpt2-dlat-dnajc19-fbxl4-foxred1-gfer-iscu-lias-2\/","og_locale":"en_US","og_type":"article","og_title":"NGS\u00a0of\u00a048\u00a0gene\u00a0panel:\u00a0AGK,\u00a0AIFM1,\u00a0CHKB,\u00a0COX15,\u00a0C10orf2,\u00a0CPT2,\u00a0DLAT,\u00a0DNAJC19,\u00a0FBXL4,\u00a0FOXRED1,\u00a0GFER,\u00a0ISCU,\u00a0LIAS,\u00a0MICU1,\u00a0MPC1,\u00a0NDUFA1,\u00a0NDUFA11,\u00a0NDUFAF1,\u00a0NDUFAF2,\u00a0NDUFAF3,\u00a0NDUFAF4,\u00a0NDUFAF5,\u00a0NDUFB3,\u00a0NDUFB9,\u00a0NDUFS1,\u00a0NDUFS2,\u00a0NDUFS3,\u00a0NDUFS4,\u00a0NDUFS6,\u00a0NDUFV1,\u00a0NDUFV2,\u00a0NUBPL,\u00a0OPA1,\u00a0PC, PDHA1,\u00a0PDHB,\u00a0PDP1,\u00a0POLG,\u00a0POLG2,\u00a0PUS1,\u00a0RRM2B,\u00a0SCO2,\u00a0SLC25A4,\u00a0SUCLA2,\u00a0SUCLG1,\u00a0TK2,\u00a0TYMP,\u00a0YARS2 - Sistemas Gen\u00f3micos","og_url":"https:\/\/sistemasgenomicos.com\/en\/tienda-online\/ngs-of-48-gene-panel-agk-aifm1-chkb-cox15-c10orf2-cpt2-dlat-dnajc19-fbxl4-foxred1-gfer-iscu-lias-2\/","og_site_name":"Sistemas Gen\u00f3micos","article_modified_time":"2020-09-30T04:09:29+00:00","og_image":[{"width":1200,"height":750,"url":"https:\/\/sistemasgenomicos.com\/wp-content\/uploads\/2018\/04\/logo-sistemas-genomicos-default-1.jpg","type":"image\/jpeg"}],"twitter_card":"summary_large_image","schema":{"@context":"https:\/\/schema.org","@graph":[{"@type":"WebPage","@id":"https:\/\/sistemasgenomicos.com\/en\/tienda-online\/ngs-of-48-gene-panel-agk-aifm1-chkb-cox15-c10orf2-cpt2-dlat-dnajc19-fbxl4-foxred1-gfer-iscu-lias-2\/","url":"https:\/\/sistemasgenomicos.com\/en\/tienda-online\/ngs-of-48-gene-panel-agk-aifm1-chkb-cox15-c10orf2-cpt2-dlat-dnajc19-fbxl4-foxred1-gfer-iscu-lias-2\/","name":"NGS\u00a0of\u00a048\u00a0gene\u00a0panel:\u00a0AGK,\u00a0AIFM1,\u00a0CHKB,\u00a0COX15,\u00a0C10orf2,\u00a0CPT2,\u00a0DLAT,\u00a0DNAJC19,\u00a0FBXL4,\u00a0FOXRED1,\u00a0GFER,\u00a0ISCU,\u00a0LIAS,\u00a0MICU1,\u00a0MPC1,\u00a0NDUFA1,\u00a0NDUFA11,\u00a0NDUFAF1,\u00a0NDUFAF2,\u00a0NDUFAF3,\u00a0NDUFAF4,\u00a0NDUFAF5,\u00a0NDUFB3,\u00a0NDUFB9,\u00a0NDUFS1,\u00a0NDUFS2,\u00a0NDUFS3,\u00a0NDUFS4,\u00a0NDUFS6,\u00a0NDUFV1,\u00a0NDUFV2,\u00a0NUBPL,\u00a0OPA1,\u00a0PC, PDHA1,\u00a0PDHB,\u00a0PDP1,\u00a0POLG,\u00a0POLG2,\u00a0PUS1,\u00a0RRM2B,\u00a0SCO2,\u00a0SLC25A4,\u00a0SUCLA2,\u00a0SUCLG1,\u00a0TK2,\u00a0TYMP,\u00a0YARS2 - Sistemas Gen\u00f3micos","isPartOf":{"@id":"https:\/\/sistemasgenomicos.com\/en\/#website"},"primaryImageOfPage":{"@id":"https:\/\/sistemasgenomicos.com\/en\/tienda-online\/ngs-of-48-gene-panel-agk-aifm1-chkb-cox15-c10orf2-cpt2-dlat-dnajc19-fbxl4-foxred1-gfer-iscu-lias-2\/#primaryimage"},"image":{"@id":"https:\/\/sistemasgenomicos.com\/en\/tienda-online\/ngs-of-48-gene-panel-agk-aifm1-chkb-cox15-c10orf2-cpt2-dlat-dnajc19-fbxl4-foxred1-gfer-iscu-lias-2\/#primaryimage"},"thumbnailUrl":"https:\/\/sistemasgenomicos.com\/wp-content\/uploads\/2018\/04\/logo-sistemas-genomicos-default-1.jpg","datePublished":"2018-12-06T21:40:58+00:00","dateModified":"2020-09-30T04:09:29+00:00","breadcrumb":{"@id":"https:\/\/sistemasgenomicos.com\/en\/tienda-online\/ngs-of-48-gene-panel-agk-aifm1-chkb-cox15-c10orf2-cpt2-dlat-dnajc19-fbxl4-foxred1-gfer-iscu-lias-2\/#breadcrumb"},"inLanguage":"en-US","potentialAction":[{"@type":"ReadAction","target":["https:\/\/sistemasgenomicos.com\/en\/tienda-online\/ngs-of-48-gene-panel-agk-aifm1-chkb-cox15-c10orf2-cpt2-dlat-dnajc19-fbxl4-foxred1-gfer-iscu-lias-2\/"]}]},{"@type":"ImageObject","inLanguage":"en-US","@id":"https:\/\/sistemasgenomicos.com\/en\/tienda-online\/ngs-of-48-gene-panel-agk-aifm1-chkb-cox15-c10orf2-cpt2-dlat-dnajc19-fbxl4-foxred1-gfer-iscu-lias-2\/#primaryimage","url":"https:\/\/sistemasgenomicos.com\/wp-content\/uploads\/2018\/04\/logo-sistemas-genomicos-default-1.jpg","contentUrl":"https:\/\/sistemasgenomicos.com\/wp-content\/uploads\/2018\/04\/logo-sistemas-genomicos-default-1.jpg","width":1200,"height":750},{"@type":"BreadcrumbList","@id":"https:\/\/sistemasgenomicos.com\/en\/tienda-online\/ngs-of-48-gene-panel-agk-aifm1-chkb-cox15-c10orf2-cpt2-dlat-dnajc19-fbxl4-foxred1-gfer-iscu-lias-2\/#breadcrumb","itemListElement":[{"@type":"ListItem","position":1,"name":"Portada","item":"https:\/\/sistemasgenomicos.com\/en\/"},{"@type":"ListItem","position":2,"name":"Tienda","item":"https:\/\/sistemasgenomicos.com\/es\/tienda\/"},{"@type":"ListItem","position":3,"name":"NGS of 48 gene panel: AGK, AIFM1, CHKB, COX15, C10orf2, CPT2, DLAT, DNAJC19, FBXL4, FOXRED1, GFER, ISCU, LIAS, MICU1, MPC1, NDUFA1, NDUFA11, NDUFAF1, NDUFAF2, NDUFAF3, NDUFAF4, NDUFAF5, NDUFB3, NDUFB9, NDUFS1, NDUFS2, NDUFS3, NDUFS4, NDUFS6, NDUFV1, NDUFV2, NUBPL, OPA1, PC, PDHA1, PDHB, PDP1, POLG, POLG2, PUS1, RRM2B, SCO2, SLC25A4, SUCLA2, SUCLG1, TK2, TYMP, YARS2"}]},{"@type":"WebSite","@id":"https:\/\/sistemasgenomicos.com\/en\/#website","url":"https:\/\/sistemasgenomicos.com\/en\/","name":"Sistemas Gen\u00f3micos","description":"La mayor empresa dedicada a la investigaci\u00f3n gen\u00e9tica y molecular","publisher":{"@id":"https:\/\/sistemasgenomicos.com\/en\/#organization"},"potentialAction":[{"@type":"SearchAction","target":{"@type":"EntryPoint","urlTemplate":"https:\/\/sistemasgenomicos.com\/en\/?s={search_term_string}"},"query-input":{"@type":"PropertyValueSpecification","valueRequired":true,"valueName":"search_term_string"}}],"inLanguage":"en-US"},{"@type":"Organization","@id":"https:\/\/sistemasgenomicos.com\/en\/#organization","name":"Sistemas Gen\u00f3micos","url":"https:\/\/sistemasgenomicos.com\/en\/","logo":{"@type":"ImageObject","inLanguage":"en-US","@id":"https:\/\/sistemasgenomicos.com\/en\/#\/schema\/logo\/image\/","url":"https:\/\/sistemasgenomicos.com\/wp-content\/uploads\/2022\/04\/image001-1.png","contentUrl":"https:\/\/sistemasgenomicos.com\/wp-content\/uploads\/2022\/04\/image001-1.png","width":250,"height":122,"caption":"Sistemas Gen\u00f3micos"},"image":{"@id":"https:\/\/sistemasgenomicos.com\/en\/#\/schema\/logo\/image\/"}}]}},"_links":{"self":[{"href":"https:\/\/sistemasgenomicos.com\/en\/wp-json\/wp\/v2\/product\/231615","targetHints":{"allow":["GET"]}}],"collection":[{"href":"https:\/\/sistemasgenomicos.com\/en\/wp-json\/wp\/v2\/product"}],"about":[{"href":"https:\/\/sistemasgenomicos.com\/en\/wp-json\/wp\/v2\/types\/product"}],"wp:featuredmedia":[{"embeddable":true,"href":"https:\/\/sistemasgenomicos.com\/en\/wp-json\/wp\/v2\/media\/42665"}],"wp:attachment":[{"href":"https:\/\/sistemasgenomicos.com\/en\/wp-json\/wp\/v2\/media?parent=231615"}],"wp:term":[{"taxonomy":"product_brand","embeddable":true,"href":"https:\/\/sistemasgenomicos.com\/en\/wp-json\/wp\/v2\/product_brand?post=231615"},{"taxonomy":"product_cat","embeddable":true,"href":"https:\/\/sistemasgenomicos.com\/en\/wp-json\/wp\/v2\/product_cat?post=231615"},{"taxonomy":"product_tag","embeddable":true,"href":"https:\/\/sistemasgenomicos.com\/en\/wp-json\/wp\/v2\/product_tag?post=231615"}],"curies":[{"name":"wp","href":"https:\/\/api.w.org\/{rel}","templated":true}]}}