{"id":231611,"date":"2017-12-22T09:49:34","date_gmt":"2018-12-06T21:40:50","guid":{"rendered":"https:\/\/sistemasgenomicos.digitis.net\/tienda-online\/ngs-of-86-gene-panelacad9-adck3-agk-aldh2-atp5e-atpaf2-bcs1l-bola3-coq2-coq9-cox10-cox14-cox15-cox6b1-2\/"},"modified":"2020-09-30T06:09:27","modified_gmt":"2020-09-30T04:09:27","slug":"ngs-of-86-gene-panelacad9-adck3-agk-aldh2-atp5e-atpaf2-bcs1l-bola3-coq2-coq9-cox10-cox14-cox15-cox6b1-2","status":"publish","type":"product","link":"https:\/\/sistemasgenomicos.com\/en\/tienda-online\/ngs-of-86-gene-panelacad9-adck3-agk-aldh2-atp5e-atpaf2-bcs1l-bola3-coq2-coq9-cox10-cox14-cox15-cox6b1-2\/","title":{"rendered":"NGS of 86 gene panel:ACAD9, ADCK3, AGK, ALDH2, ATP5E, ATPAF2, BCS1L, BOLA3, COQ2, COQ9, COX10, COX14, COX15, COX6B1, DARS2, DGUOK, DLAT, DLD, DNM1L, EARS2, FARS2, ETFA, ETFB, ETFDH, ETHE1, FBP1, FH, G6PC, GFM1, GYS2, HLCS, ISCU, LIAS, LRPPRC, MPC1, MPC2, MRPS16, MRPS22, MTO1, NDUFA9,  NDUFA11, NDUFAF1, NDUFAF3, NDUFAF4, NDUFAF5, NDUFAF6, NDUFS1, NDUFS2, NDUFS3, NDUFS4, NDUFS6, NDUFS7, NDUFS8, NDUFV1, NFU1,  PC , PCK2, PDHA1, PDHB, PDHX, PDP1, PDSS1, PDSS2, POLG, PUS1, RMND1, RRM2B, SCO2, SERAC1, SLC25A3, SLC25A4, SLC37A4, SUCLA2, SUCLG1, SURF1, TAZ, TIMM44, TK2, TMEM70, TPK1, TRMU, TSFM, TUFM, TYMP, UQCRB, YARS2"},"content":{"rendered":"","protected":false},"excerpt":{"rendered":"","protected":false},"featured_media":42665,"template":"","meta":[],"product_brand":[],"product_cat":[9509,9329,9530,9514,9638,9327,9540,9548],"product_tag":[23822],"class_list":{"0":"post-231611","1":"product","2":"type-product","3":"status-publish","4":"has-post-thumbnail","6":"gen-agk","7":"gen-cox10","8":"gen-cox15","9":"gen-ndufs1","10":"gen-tymp","11":"gen-rrm2b","12":"gen-mpc1","13":"gen-bcs1l","14":"gen-slc25a3","15":"gen-dnm1l","16":"gen-coq9","17":"gen-dld","18":"gen-fh","19":"gen-trmu","20":"gen-pck2","21":"gen-ndufaf5","22":"gen-taz","23":"gen-ears2","24":"gen-timm44","25":"gen-etfb","26":"gen-ethe1","27":"gen-pdhx","28":"gen-ndufs8","29":"gen-aldh2","30":"gen-gys2","31":"gen-dguok","32":"gen-ndufs7","33":"gen-dars2","34":"gen-lias","35":"gen-serac1","36":"gen-tsfm","37":"gen-ndufaf4","38":"gen-atp5e","39":"gen-cox6b1","40":"gen-sco2","41":"gen-g6pc","42":"gen-pdha1","43":"gen-mto1","44":"gen-iscu","45":"gen-sucla2","46":"gen-slc37a4","47":"gen-ndufaf1","48":"gen-lrpprc","49":"gen-yars2","50":"gen-ndufa9","51":"gen-etfa","52":"gen-polg","53":"gen-mpc2","54":"gen-ndufs6","55":"gen-fars2","56":"gen-surf1","57":"gen-pdss1","58":"gen-dlat","59":"gen-slc25a4","60":"gen-rmnd1","61":"gen-ndufaf6","62":"gen-uqcrb","63":"gen-ndufs2","64":"gen-hlcs","65":"gen-adck3","66":"gen-bola3","67":"gen-suclg1","68":"gen-ndufs4","69":"gen-pdss2","70":"gen-pdp1","71":"gen-fbp1","72":"gen-tk2","73":"gen-ndufv1","74":"gen-pdhb","75":"gen-gfm1","76":"gen-nfu1","77":"gen-etfdh","78":"gen-atpaf2","79":"gen-coq2","80":"gen-pc","81":"gen-ndufa11","82":"gen-mrps22","83":"gen-tmem70","84":"gen-pus1","85":"gen-acad9","86":"gen-ndufaf3","87":"gen-cox14","88":"gen-tufm","89":"gen-mrps16","90":"gen-tpk1","91":"gen-ndufs3","92":"product_cat-analysis-and-genetic-studies","93":"product_cat-diagnostico-genetico-por-secuenciacion-masivan-en","94":"product_cat-medicina-interna-diagnostico-genetico-molecularn-en","95":"product_cat-listado-de-enfermedades-en","96":"product_cat-paneles-de-mitocondriales-diagnostico-genetico-por-secuenciacion-masivan-en","97":"product_cat-diagnostico-genetico-molecularn-en","98":"product_cat-neuropediatria-diagnostico-genetico-molecularn-en","99":"product_cat-pediatria-diagnostico-genetico-molecularn-en","100":"product_tag-acidosis-lactica-y-trastornos-del-metabolismo-de-piruvatoc00657-en","102":"first","103":"instock","104":"taxable","105":"shipping-taxable","106":"product-type-simple"},"acf":[],"yoast_head":"<!-- This site is optimized with the Yoast SEO plugin v27.4 - https:\/\/yoast.com\/product\/yoast-seo-wordpress\/ -->\n<title>NGS\u00a0of\u00a086\u00a0gene\u00a0panel:ACAD9,\u00a0ADCK3,\u00a0AGK,\u00a0ALDH2,\u00a0ATP5E,\u00a0ATPAF2,\u00a0BCS1L,\u00a0BOLA3,\u00a0COQ2,\u00a0COQ9,\u00a0COX10,\u00a0COX14,\u00a0COX15,\u00a0COX6B1,\u00a0DARS2,\u00a0DGUOK,\u00a0DLAT,\u00a0DLD,\u00a0DNM1L,\u00a0EARS2,\u00a0FARS2,\u00a0ETFA,\u00a0ETFB,\u00a0ETFDH,\u00a0ETHE1,\u00a0FBP1,\u00a0FH,\u00a0G6PC,\u00a0GFM1,\u00a0GYS2,\u00a0HLCS,\u00a0ISCU,\u00a0LIAS,\u00a0LRPPRC,\u00a0MPC1,\u00a0MPC2,\u00a0MRPS16,\u00a0MRPS22,\u00a0MTO1,\u00a0NDUFA9,\u00a0 NDUFA11,\u00a0NDUFAF1,\u00a0NDUFAF3,\u00a0NDUFAF4,\u00a0NDUFAF5,\u00a0NDUFAF6,\u00a0NDUFS1,\u00a0NDUFS2,\u00a0NDUFS3,\u00a0NDUFS4,\u00a0NDUFS6,\u00a0NDUFS7,\u00a0NDUFS8,\u00a0NDUFV1,\u00a0NFU1,\u00a0 PC\u00a0,\u00a0PCK2,\u00a0PDHA1,\u00a0PDHB,\u00a0PDHX,\u00a0PDP1,\u00a0PDSS1,\u00a0PDSS2,\u00a0POLG,\u00a0PUS1,\u00a0RMND1,\u00a0RRM2B,\u00a0SCO2,\u00a0SERAC1,\u00a0SLC25A3,\u00a0SLC25A4,\u00a0SLC37A4,\u00a0SUCLA2,\u00a0SUCLG1,\u00a0SURF1,\u00a0TAZ,\u00a0TIMM44,\u00a0TK2,\u00a0TMEM70,\u00a0TPK1,\u00a0TRMU,\u00a0TSFM,\u00a0TUFM,\u00a0TYMP,\u00a0UQCRB,\u00a0YARS2 - Sistemas Gen\u00f3micos<\/title>\n<meta name=\"robots\" content=\"index, follow, max-snippet:-1, max-image-preview:large, max-video-preview:-1\" \/>\n<link rel=\"canonical\" href=\"https:\/\/sistemasgenomicos.com\/en\/tienda-online\/ngs-of-86-gene-panelacad9-adck3-agk-aldh2-atp5e-atpaf2-bcs1l-bola3-coq2-coq9-cox10-cox14-cox15-cox6b1-2\/\" \/>\n<meta property=\"og:locale\" content=\"en_US\" \/>\n<meta property=\"og:type\" content=\"article\" \/>\n<meta property=\"og:title\" content=\"NGS\u00a0of\u00a086\u00a0gene\u00a0panel:ACAD9,\u00a0ADCK3,\u00a0AGK,\u00a0ALDH2,\u00a0ATP5E,\u00a0ATPAF2,\u00a0BCS1L,\u00a0BOLA3,\u00a0COQ2,\u00a0COQ9,\u00a0COX10,\u00a0COX14,\u00a0COX15,\u00a0COX6B1,\u00a0DARS2,\u00a0DGUOK,\u00a0DLAT,\u00a0DLD,\u00a0DNM1L,\u00a0EARS2,\u00a0FARS2,\u00a0ETFA,\u00a0ETFB,\u00a0ETFDH,\u00a0ETHE1,\u00a0FBP1,\u00a0FH,\u00a0G6PC,\u00a0GFM1,\u00a0GYS2,\u00a0HLCS,\u00a0ISCU,\u00a0LIAS,\u00a0LRPPRC,\u00a0MPC1,\u00a0MPC2,\u00a0MRPS16,\u00a0MRPS22,\u00a0MTO1,\u00a0NDUFA9,\u00a0 NDUFA11,\u00a0NDUFAF1,\u00a0NDUFAF3,\u00a0NDUFAF4,\u00a0NDUFAF5,\u00a0NDUFAF6,\u00a0NDUFS1,\u00a0NDUFS2,\u00a0NDUFS3,\u00a0NDUFS4,\u00a0NDUFS6,\u00a0NDUFS7,\u00a0NDUFS8,\u00a0NDUFV1,\u00a0NFU1,\u00a0 PC\u00a0,\u00a0PCK2,\u00a0PDHA1,\u00a0PDHB,\u00a0PDHX,\u00a0PDP1,\u00a0PDSS1,\u00a0PDSS2,\u00a0POLG,\u00a0PUS1,\u00a0RMND1,\u00a0RRM2B,\u00a0SCO2,\u00a0SERAC1,\u00a0SLC25A3,\u00a0SLC25A4,\u00a0SLC37A4,\u00a0SUCLA2,\u00a0SUCLG1,\u00a0SURF1,\u00a0TAZ,\u00a0TIMM44,\u00a0TK2,\u00a0TMEM70,\u00a0TPK1,\u00a0TRMU,\u00a0TSFM,\u00a0TUFM,\u00a0TYMP,\u00a0UQCRB,\u00a0YARS2 - Sistemas Gen\u00f3micos\" \/>\n<meta property=\"og:url\" content=\"https:\/\/sistemasgenomicos.com\/en\/tienda-online\/ngs-of-86-gene-panelacad9-adck3-agk-aldh2-atp5e-atpaf2-bcs1l-bola3-coq2-coq9-cox10-cox14-cox15-cox6b1-2\/\" \/>\n<meta property=\"og:site_name\" content=\"Sistemas Gen\u00f3micos\" \/>\n<meta property=\"article:modified_time\" content=\"2020-09-30T04:09:27+00:00\" \/>\n<meta property=\"og:image\" content=\"https:\/\/sistemasgenomicos.com\/wp-content\/uploads\/2018\/04\/logo-sistemas-genomicos-default-1.jpg\" \/>\n\t<meta property=\"og:image:width\" content=\"1200\" \/>\n\t<meta property=\"og:image:height\" content=\"750\" \/>\n\t<meta property=\"og:image:type\" content=\"image\/jpeg\" \/>\n<meta name=\"twitter:card\" content=\"summary_large_image\" \/>\n<script type=\"application\/ld+json\" class=\"yoast-schema-graph\">{\"@context\":\"https:\\\/\\\/schema.org\",\"@graph\":[{\"@type\":\"WebPage\",\"@id\":\"https:\\\/\\\/sistemasgenomicos.com\\\/en\\\/tienda-online\\\/ngs-of-86-gene-panelacad9-adck3-agk-aldh2-atp5e-atpaf2-bcs1l-bola3-coq2-coq9-cox10-cox14-cox15-cox6b1-2\\\/\",\"url\":\"https:\\\/\\\/sistemasgenomicos.com\\\/en\\\/tienda-online\\\/ngs-of-86-gene-panelacad9-adck3-agk-aldh2-atp5e-atpaf2-bcs1l-bola3-coq2-coq9-cox10-cox14-cox15-cox6b1-2\\\/\",\"name\":\"NGS\u00a0of\u00a086\u00a0gene\u00a0panel:ACAD9,\u00a0ADCK3,\u00a0AGK,\u00a0ALDH2,\u00a0ATP5E,\u00a0ATPAF2,\u00a0BCS1L,\u00a0BOLA3,\u00a0COQ2,\u00a0COQ9,\u00a0COX10,\u00a0COX14,\u00a0COX15,\u00a0COX6B1,\u00a0DARS2,\u00a0DGUOK,\u00a0DLAT,\u00a0DLD,\u00a0DNM1L,\u00a0EARS2,\u00a0FARS2,\u00a0ETFA,\u00a0ETFB,\u00a0ETFDH,\u00a0ETHE1,\u00a0FBP1,\u00a0FH,\u00a0G6PC,\u00a0GFM1,\u00a0GYS2,\u00a0HLCS,\u00a0ISCU,\u00a0LIAS,\u00a0LRPPRC,\u00a0MPC1,\u00a0MPC2,\u00a0MRPS16,\u00a0MRPS22,\u00a0MTO1,\u00a0NDUFA9,\u00a0 NDUFA11,\u00a0NDUFAF1,\u00a0NDUFAF3,\u00a0NDUFAF4,\u00a0NDUFAF5,\u00a0NDUFAF6,\u00a0NDUFS1,\u00a0NDUFS2,\u00a0NDUFS3,\u00a0NDUFS4,\u00a0NDUFS6,\u00a0NDUFS7,\u00a0NDUFS8,\u00a0NDUFV1,\u00a0NFU1,\u00a0 PC\u00a0,\u00a0PCK2,\u00a0PDHA1,\u00a0PDHB,\u00a0PDHX,\u00a0PDP1,\u00a0PDSS1,\u00a0PDSS2,\u00a0POLG,\u00a0PUS1,\u00a0RMND1,\u00a0RRM2B,\u00a0SCO2,\u00a0SERAC1,\u00a0SLC25A3,\u00a0SLC25A4,\u00a0SLC37A4,\u00a0SUCLA2,\u00a0SUCLG1,\u00a0SURF1,\u00a0TAZ,\u00a0TIMM44,\u00a0TK2,\u00a0TMEM70,\u00a0TPK1,\u00a0TRMU,\u00a0TSFM,\u00a0TUFM,\u00a0TYMP,\u00a0UQCRB,\u00a0YARS2 - Sistemas Gen\u00f3micos\",\"isPartOf\":{\"@id\":\"https:\\\/\\\/sistemasgenomicos.com\\\/en\\\/#website\"},\"primaryImageOfPage\":{\"@id\":\"https:\\\/\\\/sistemasgenomicos.com\\\/en\\\/tienda-online\\\/ngs-of-86-gene-panelacad9-adck3-agk-aldh2-atp5e-atpaf2-bcs1l-bola3-coq2-coq9-cox10-cox14-cox15-cox6b1-2\\\/#primaryimage\"},\"image\":{\"@id\":\"https:\\\/\\\/sistemasgenomicos.com\\\/en\\\/tienda-online\\\/ngs-of-86-gene-panelacad9-adck3-agk-aldh2-atp5e-atpaf2-bcs1l-bola3-coq2-coq9-cox10-cox14-cox15-cox6b1-2\\\/#primaryimage\"},\"thumbnailUrl\":\"https:\\\/\\\/sistemasgenomicos.com\\\/wp-content\\\/uploads\\\/2018\\\/04\\\/logo-sistemas-genomicos-default-1.jpg\",\"datePublished\":\"2018-12-06T21:40:50+00:00\",\"dateModified\":\"2020-09-30T04:09:27+00:00\",\"breadcrumb\":{\"@id\":\"https:\\\/\\\/sistemasgenomicos.com\\\/en\\\/tienda-online\\\/ngs-of-86-gene-panelacad9-adck3-agk-aldh2-atp5e-atpaf2-bcs1l-bola3-coq2-coq9-cox10-cox14-cox15-cox6b1-2\\\/#breadcrumb\"},\"inLanguage\":\"en-US\",\"potentialAction\":[{\"@type\":\"ReadAction\",\"target\":[\"https:\\\/\\\/sistemasgenomicos.com\\\/en\\\/tienda-online\\\/ngs-of-86-gene-panelacad9-adck3-agk-aldh2-atp5e-atpaf2-bcs1l-bola3-coq2-coq9-cox10-cox14-cox15-cox6b1-2\\\/\"]}]},{\"@type\":\"ImageObject\",\"inLanguage\":\"en-US\",\"@id\":\"https:\\\/\\\/sistemasgenomicos.com\\\/en\\\/tienda-online\\\/ngs-of-86-gene-panelacad9-adck3-agk-aldh2-atp5e-atpaf2-bcs1l-bola3-coq2-coq9-cox10-cox14-cox15-cox6b1-2\\\/#primaryimage\",\"url\":\"https:\\\/\\\/sistemasgenomicos.com\\\/wp-content\\\/uploads\\\/2018\\\/04\\\/logo-sistemas-genomicos-default-1.jpg\",\"contentUrl\":\"https:\\\/\\\/sistemasgenomicos.com\\\/wp-content\\\/uploads\\\/2018\\\/04\\\/logo-sistemas-genomicos-default-1.jpg\",\"width\":1200,\"height\":750},{\"@type\":\"BreadcrumbList\",\"@id\":\"https:\\\/\\\/sistemasgenomicos.com\\\/en\\\/tienda-online\\\/ngs-of-86-gene-panelacad9-adck3-agk-aldh2-atp5e-atpaf2-bcs1l-bola3-coq2-coq9-cox10-cox14-cox15-cox6b1-2\\\/#breadcrumb\",\"itemListElement\":[{\"@type\":\"ListItem\",\"position\":1,\"name\":\"Portada\",\"item\":\"https:\\\/\\\/sistemasgenomicos.com\\\/en\\\/\"},{\"@type\":\"ListItem\",\"position\":2,\"name\":\"Tienda\",\"item\":\"https:\\\/\\\/sistemasgenomicos.com\\\/es\\\/tienda\\\/\"},{\"@type\":\"ListItem\",\"position\":3,\"name\":\"NGS of 86 gene panel:ACAD9, ADCK3, AGK, ALDH2, ATP5E, ATPAF2, BCS1L, BOLA3, COQ2, COQ9, COX10, COX14, COX15, COX6B1, DARS2, DGUOK, DLAT, DLD, DNM1L, EARS2, FARS2, ETFA, ETFB, ETFDH, ETHE1, FBP1, FH, G6PC, GFM1, GYS2, HLCS, ISCU, LIAS, LRPPRC, MPC1, MPC2, MRPS16, MRPS22, MTO1, NDUFA9, NDUFA11, NDUFAF1, NDUFAF3, NDUFAF4, NDUFAF5, NDUFAF6, NDUFS1, NDUFS2, NDUFS3, NDUFS4, NDUFS6, NDUFS7, NDUFS8, NDUFV1, NFU1, PC , PCK2, PDHA1, PDHB, PDHX, PDP1, PDSS1, PDSS2, POLG, PUS1, RMND1, RRM2B, SCO2, SERAC1, SLC25A3, SLC25A4, SLC37A4, SUCLA2, SUCLG1, SURF1, TAZ, TIMM44, TK2, TMEM70, TPK1, TRMU, TSFM, TUFM, TYMP, UQCRB, YARS2\"}]},{\"@type\":\"WebSite\",\"@id\":\"https:\\\/\\\/sistemasgenomicos.com\\\/en\\\/#website\",\"url\":\"https:\\\/\\\/sistemasgenomicos.com\\\/en\\\/\",\"name\":\"Sistemas Gen\u00f3micos\",\"description\":\"La mayor empresa dedicada a la investigaci\u00f3n gen\u00e9tica y molecular\",\"publisher\":{\"@id\":\"https:\\\/\\\/sistemasgenomicos.com\\\/en\\\/#organization\"},\"potentialAction\":[{\"@type\":\"SearchAction\",\"target\":{\"@type\":\"EntryPoint\",\"urlTemplate\":\"https:\\\/\\\/sistemasgenomicos.com\\\/en\\\/?s={search_term_string}\"},\"query-input\":{\"@type\":\"PropertyValueSpecification\",\"valueRequired\":true,\"valueName\":\"search_term_string\"}}],\"inLanguage\":\"en-US\"},{\"@type\":\"Organization\",\"@id\":\"https:\\\/\\\/sistemasgenomicos.com\\\/en\\\/#organization\",\"name\":\"Sistemas Gen\u00f3micos\",\"url\":\"https:\\\/\\\/sistemasgenomicos.com\\\/en\\\/\",\"logo\":{\"@type\":\"ImageObject\",\"inLanguage\":\"en-US\",\"@id\":\"https:\\\/\\\/sistemasgenomicos.com\\\/en\\\/#\\\/schema\\\/logo\\\/image\\\/\",\"url\":\"https:\\\/\\\/sistemasgenomicos.com\\\/wp-content\\\/uploads\\\/2022\\\/04\\\/image001-1.png\",\"contentUrl\":\"https:\\\/\\\/sistemasgenomicos.com\\\/wp-content\\\/uploads\\\/2022\\\/04\\\/image001-1.png\",\"width\":250,\"height\":122,\"caption\":\"Sistemas Gen\u00f3micos\"},\"image\":{\"@id\":\"https:\\\/\\\/sistemasgenomicos.com\\\/en\\\/#\\\/schema\\\/logo\\\/image\\\/\"}}]}<\/script>\n<!-- \/ Yoast SEO plugin. -->","yoast_head_json":{"title":"NGS\u00a0of\u00a086\u00a0gene\u00a0panel:ACAD9,\u00a0ADCK3,\u00a0AGK,\u00a0ALDH2,\u00a0ATP5E,\u00a0ATPAF2,\u00a0BCS1L,\u00a0BOLA3,\u00a0COQ2,\u00a0COQ9,\u00a0COX10,\u00a0COX14,\u00a0COX15,\u00a0COX6B1,\u00a0DARS2,\u00a0DGUOK,\u00a0DLAT,\u00a0DLD,\u00a0DNM1L,\u00a0EARS2,\u00a0FARS2,\u00a0ETFA,\u00a0ETFB,\u00a0ETFDH,\u00a0ETHE1,\u00a0FBP1,\u00a0FH,\u00a0G6PC,\u00a0GFM1,\u00a0GYS2,\u00a0HLCS,\u00a0ISCU,\u00a0LIAS,\u00a0LRPPRC,\u00a0MPC1,\u00a0MPC2,\u00a0MRPS16,\u00a0MRPS22,\u00a0MTO1,\u00a0NDUFA9,\u00a0 NDUFA11,\u00a0NDUFAF1,\u00a0NDUFAF3,\u00a0NDUFAF4,\u00a0NDUFAF5,\u00a0NDUFAF6,\u00a0NDUFS1,\u00a0NDUFS2,\u00a0NDUFS3,\u00a0NDUFS4,\u00a0NDUFS6,\u00a0NDUFS7,\u00a0NDUFS8,\u00a0NDUFV1,\u00a0NFU1,\u00a0 PC\u00a0,\u00a0PCK2,\u00a0PDHA1,\u00a0PDHB,\u00a0PDHX,\u00a0PDP1,\u00a0PDSS1,\u00a0PDSS2,\u00a0POLG,\u00a0PUS1,\u00a0RMND1,\u00a0RRM2B,\u00a0SCO2,\u00a0SERAC1,\u00a0SLC25A3,\u00a0SLC25A4,\u00a0SLC37A4,\u00a0SUCLA2,\u00a0SUCLG1,\u00a0SURF1,\u00a0TAZ,\u00a0TIMM44,\u00a0TK2,\u00a0TMEM70,\u00a0TPK1,\u00a0TRMU,\u00a0TSFM,\u00a0TUFM,\u00a0TYMP,\u00a0UQCRB,\u00a0YARS2 - Sistemas Gen\u00f3micos","robots":{"index":"index","follow":"follow","max-snippet":"max-snippet:-1","max-image-preview":"max-image-preview:large","max-video-preview":"max-video-preview:-1"},"canonical":"https:\/\/sistemasgenomicos.com\/en\/tienda-online\/ngs-of-86-gene-panelacad9-adck3-agk-aldh2-atp5e-atpaf2-bcs1l-bola3-coq2-coq9-cox10-cox14-cox15-cox6b1-2\/","og_locale":"en_US","og_type":"article","og_title":"NGS\u00a0of\u00a086\u00a0gene\u00a0panel:ACAD9,\u00a0ADCK3,\u00a0AGK,\u00a0ALDH2,\u00a0ATP5E,\u00a0ATPAF2,\u00a0BCS1L,\u00a0BOLA3,\u00a0COQ2,\u00a0COQ9,\u00a0COX10,\u00a0COX14,\u00a0COX15,\u00a0COX6B1,\u00a0DARS2,\u00a0DGUOK,\u00a0DLAT,\u00a0DLD,\u00a0DNM1L,\u00a0EARS2,\u00a0FARS2,\u00a0ETFA,\u00a0ETFB,\u00a0ETFDH,\u00a0ETHE1,\u00a0FBP1,\u00a0FH,\u00a0G6PC,\u00a0GFM1,\u00a0GYS2,\u00a0HLCS,\u00a0ISCU,\u00a0LIAS,\u00a0LRPPRC,\u00a0MPC1,\u00a0MPC2,\u00a0MRPS16,\u00a0MRPS22,\u00a0MTO1,\u00a0NDUFA9,\u00a0 NDUFA11,\u00a0NDUFAF1,\u00a0NDUFAF3,\u00a0NDUFAF4,\u00a0NDUFAF5,\u00a0NDUFAF6,\u00a0NDUFS1,\u00a0NDUFS2,\u00a0NDUFS3,\u00a0NDUFS4,\u00a0NDUFS6,\u00a0NDUFS7,\u00a0NDUFS8,\u00a0NDUFV1,\u00a0NFU1,\u00a0 PC\u00a0,\u00a0PCK2,\u00a0PDHA1,\u00a0PDHB,\u00a0PDHX,\u00a0PDP1,\u00a0PDSS1,\u00a0PDSS2,\u00a0POLG,\u00a0PUS1,\u00a0RMND1,\u00a0RRM2B,\u00a0SCO2,\u00a0SERAC1,\u00a0SLC25A3,\u00a0SLC25A4,\u00a0SLC37A4,\u00a0SUCLA2,\u00a0SUCLG1,\u00a0SURF1,\u00a0TAZ,\u00a0TIMM44,\u00a0TK2,\u00a0TMEM70,\u00a0TPK1,\u00a0TRMU,\u00a0TSFM,\u00a0TUFM,\u00a0TYMP,\u00a0UQCRB,\u00a0YARS2 - Sistemas Gen\u00f3micos","og_url":"https:\/\/sistemasgenomicos.com\/en\/tienda-online\/ngs-of-86-gene-panelacad9-adck3-agk-aldh2-atp5e-atpaf2-bcs1l-bola3-coq2-coq9-cox10-cox14-cox15-cox6b1-2\/","og_site_name":"Sistemas Gen\u00f3micos","article_modified_time":"2020-09-30T04:09:27+00:00","og_image":[{"width":1200,"height":750,"url":"https:\/\/sistemasgenomicos.com\/wp-content\/uploads\/2018\/04\/logo-sistemas-genomicos-default-1.jpg","type":"image\/jpeg"}],"twitter_card":"summary_large_image","schema":{"@context":"https:\/\/schema.org","@graph":[{"@type":"WebPage","@id":"https:\/\/sistemasgenomicos.com\/en\/tienda-online\/ngs-of-86-gene-panelacad9-adck3-agk-aldh2-atp5e-atpaf2-bcs1l-bola3-coq2-coq9-cox10-cox14-cox15-cox6b1-2\/","url":"https:\/\/sistemasgenomicos.com\/en\/tienda-online\/ngs-of-86-gene-panelacad9-adck3-agk-aldh2-atp5e-atpaf2-bcs1l-bola3-coq2-coq9-cox10-cox14-cox15-cox6b1-2\/","name":"NGS\u00a0of\u00a086\u00a0gene\u00a0panel:ACAD9,\u00a0ADCK3,\u00a0AGK,\u00a0ALDH2,\u00a0ATP5E,\u00a0ATPAF2,\u00a0BCS1L,\u00a0BOLA3,\u00a0COQ2,\u00a0COQ9,\u00a0COX10,\u00a0COX14,\u00a0COX15,\u00a0COX6B1,\u00a0DARS2,\u00a0DGUOK,\u00a0DLAT,\u00a0DLD,\u00a0DNM1L,\u00a0EARS2,\u00a0FARS2,\u00a0ETFA,\u00a0ETFB,\u00a0ETFDH,\u00a0ETHE1,\u00a0FBP1,\u00a0FH,\u00a0G6PC,\u00a0GFM1,\u00a0GYS2,\u00a0HLCS,\u00a0ISCU,\u00a0LIAS,\u00a0LRPPRC,\u00a0MPC1,\u00a0MPC2,\u00a0MRPS16,\u00a0MRPS22,\u00a0MTO1,\u00a0NDUFA9,\u00a0 NDUFA11,\u00a0NDUFAF1,\u00a0NDUFAF3,\u00a0NDUFAF4,\u00a0NDUFAF5,\u00a0NDUFAF6,\u00a0NDUFS1,\u00a0NDUFS2,\u00a0NDUFS3,\u00a0NDUFS4,\u00a0NDUFS6,\u00a0NDUFS7,\u00a0NDUFS8,\u00a0NDUFV1,\u00a0NFU1,\u00a0 PC\u00a0,\u00a0PCK2,\u00a0PDHA1,\u00a0PDHB,\u00a0PDHX,\u00a0PDP1,\u00a0PDSS1,\u00a0PDSS2,\u00a0POLG,\u00a0PUS1,\u00a0RMND1,\u00a0RRM2B,\u00a0SCO2,\u00a0SERAC1,\u00a0SLC25A3,\u00a0SLC25A4,\u00a0SLC37A4,\u00a0SUCLA2,\u00a0SUCLG1,\u00a0SURF1,\u00a0TAZ,\u00a0TIMM44,\u00a0TK2,\u00a0TMEM70,\u00a0TPK1,\u00a0TRMU,\u00a0TSFM,\u00a0TUFM,\u00a0TYMP,\u00a0UQCRB,\u00a0YARS2 - Sistemas Gen\u00f3micos","isPartOf":{"@id":"https:\/\/sistemasgenomicos.com\/en\/#website"},"primaryImageOfPage":{"@id":"https:\/\/sistemasgenomicos.com\/en\/tienda-online\/ngs-of-86-gene-panelacad9-adck3-agk-aldh2-atp5e-atpaf2-bcs1l-bola3-coq2-coq9-cox10-cox14-cox15-cox6b1-2\/#primaryimage"},"image":{"@id":"https:\/\/sistemasgenomicos.com\/en\/tienda-online\/ngs-of-86-gene-panelacad9-adck3-agk-aldh2-atp5e-atpaf2-bcs1l-bola3-coq2-coq9-cox10-cox14-cox15-cox6b1-2\/#primaryimage"},"thumbnailUrl":"https:\/\/sistemasgenomicos.com\/wp-content\/uploads\/2018\/04\/logo-sistemas-genomicos-default-1.jpg","datePublished":"2018-12-06T21:40:50+00:00","dateModified":"2020-09-30T04:09:27+00:00","breadcrumb":{"@id":"https:\/\/sistemasgenomicos.com\/en\/tienda-online\/ngs-of-86-gene-panelacad9-adck3-agk-aldh2-atp5e-atpaf2-bcs1l-bola3-coq2-coq9-cox10-cox14-cox15-cox6b1-2\/#breadcrumb"},"inLanguage":"en-US","potentialAction":[{"@type":"ReadAction","target":["https:\/\/sistemasgenomicos.com\/en\/tienda-online\/ngs-of-86-gene-panelacad9-adck3-agk-aldh2-atp5e-atpaf2-bcs1l-bola3-coq2-coq9-cox10-cox14-cox15-cox6b1-2\/"]}]},{"@type":"ImageObject","inLanguage":"en-US","@id":"https:\/\/sistemasgenomicos.com\/en\/tienda-online\/ngs-of-86-gene-panelacad9-adck3-agk-aldh2-atp5e-atpaf2-bcs1l-bola3-coq2-coq9-cox10-cox14-cox15-cox6b1-2\/#primaryimage","url":"https:\/\/sistemasgenomicos.com\/wp-content\/uploads\/2018\/04\/logo-sistemas-genomicos-default-1.jpg","contentUrl":"https:\/\/sistemasgenomicos.com\/wp-content\/uploads\/2018\/04\/logo-sistemas-genomicos-default-1.jpg","width":1200,"height":750},{"@type":"BreadcrumbList","@id":"https:\/\/sistemasgenomicos.com\/en\/tienda-online\/ngs-of-86-gene-panelacad9-adck3-agk-aldh2-atp5e-atpaf2-bcs1l-bola3-coq2-coq9-cox10-cox14-cox15-cox6b1-2\/#breadcrumb","itemListElement":[{"@type":"ListItem","position":1,"name":"Portada","item":"https:\/\/sistemasgenomicos.com\/en\/"},{"@type":"ListItem","position":2,"name":"Tienda","item":"https:\/\/sistemasgenomicos.com\/es\/tienda\/"},{"@type":"ListItem","position":3,"name":"NGS of 86 gene panel:ACAD9, ADCK3, AGK, ALDH2, ATP5E, ATPAF2, BCS1L, BOLA3, COQ2, COQ9, COX10, COX14, COX15, COX6B1, DARS2, DGUOK, DLAT, DLD, DNM1L, EARS2, FARS2, ETFA, ETFB, ETFDH, ETHE1, FBP1, FH, G6PC, GFM1, GYS2, HLCS, ISCU, LIAS, LRPPRC, MPC1, MPC2, MRPS16, MRPS22, MTO1, NDUFA9, NDUFA11, NDUFAF1, NDUFAF3, NDUFAF4, NDUFAF5, NDUFAF6, NDUFS1, NDUFS2, NDUFS3, NDUFS4, NDUFS6, NDUFS7, NDUFS8, NDUFV1, NFU1, PC , PCK2, PDHA1, PDHB, PDHX, PDP1, PDSS1, PDSS2, POLG, PUS1, RMND1, RRM2B, SCO2, SERAC1, SLC25A3, SLC25A4, SLC37A4, SUCLA2, SUCLG1, SURF1, TAZ, TIMM44, TK2, TMEM70, TPK1, TRMU, TSFM, TUFM, TYMP, UQCRB, YARS2"}]},{"@type":"WebSite","@id":"https:\/\/sistemasgenomicos.com\/en\/#website","url":"https:\/\/sistemasgenomicos.com\/en\/","name":"Sistemas Gen\u00f3micos","description":"La mayor empresa dedicada a la investigaci\u00f3n gen\u00e9tica y molecular","publisher":{"@id":"https:\/\/sistemasgenomicos.com\/en\/#organization"},"potentialAction":[{"@type":"SearchAction","target":{"@type":"EntryPoint","urlTemplate":"https:\/\/sistemasgenomicos.com\/en\/?s={search_term_string}"},"query-input":{"@type":"PropertyValueSpecification","valueRequired":true,"valueName":"search_term_string"}}],"inLanguage":"en-US"},{"@type":"Organization","@id":"https:\/\/sistemasgenomicos.com\/en\/#organization","name":"Sistemas Gen\u00f3micos","url":"https:\/\/sistemasgenomicos.com\/en\/","logo":{"@type":"ImageObject","inLanguage":"en-US","@id":"https:\/\/sistemasgenomicos.com\/en\/#\/schema\/logo\/image\/","url":"https:\/\/sistemasgenomicos.com\/wp-content\/uploads\/2022\/04\/image001-1.png","contentUrl":"https:\/\/sistemasgenomicos.com\/wp-content\/uploads\/2022\/04\/image001-1.png","width":250,"height":122,"caption":"Sistemas Gen\u00f3micos"},"image":{"@id":"https:\/\/sistemasgenomicos.com\/en\/#\/schema\/logo\/image\/"}}]}},"_links":{"self":[{"href":"https:\/\/sistemasgenomicos.com\/en\/wp-json\/wp\/v2\/product\/231611","targetHints":{"allow":["GET"]}}],"collection":[{"href":"https:\/\/sistemasgenomicos.com\/en\/wp-json\/wp\/v2\/product"}],"about":[{"href":"https:\/\/sistemasgenomicos.com\/en\/wp-json\/wp\/v2\/types\/product"}],"wp:featuredmedia":[{"embeddable":true,"href":"https:\/\/sistemasgenomicos.com\/en\/wp-json\/wp\/v2\/media\/42665"}],"wp:attachment":[{"href":"https:\/\/sistemasgenomicos.com\/en\/wp-json\/wp\/v2\/media?parent=231611"}],"wp:term":[{"taxonomy":"product_brand","embeddable":true,"href":"https:\/\/sistemasgenomicos.com\/en\/wp-json\/wp\/v2\/product_brand?post=231611"},{"taxonomy":"product_cat","embeddable":true,"href":"https:\/\/sistemasgenomicos.com\/en\/wp-json\/wp\/v2\/product_cat?post=231611"},{"taxonomy":"product_tag","embeddable":true,"href":"https:\/\/sistemasgenomicos.com\/en\/wp-json\/wp\/v2\/product_tag?post=231611"}],"curies":[{"name":"wp","href":"https:\/\/api.w.org\/{rel}","templated":true}]}}