{"id":231600,"date":"2017-12-22T09:49:27","date_gmt":"2018-12-06T21:40:30","guid":{"rendered":"https:\/\/sistemasgenomicos.digitis.net\/tienda-online\/ngs-of-35-gene-panel-acat1-aifm1-afg3l2-c12orf65-ca5a-dld-ears2-ethe1-fars2-fbxl4-gfm1-hsd17b10-lars\/"},"modified":"2020-09-30T06:09:23","modified_gmt":"2020-09-30T04:09:23","slug":"ngs-of-35-gene-panel-acat1-aifm1-afg3l2-c12orf65-ca5a-dld-ears2-ethe1-fars2-fbxl4-gfm1-hsd17b10-lars","status":"publish","type":"product","link":"https:\/\/sistemasgenomicos.com\/en\/tienda-online\/ngs-of-35-gene-panel-acat1-aifm1-afg3l2-c12orf65-ca5a-dld-ears2-ethe1-fars2-fbxl4-gfm1-hsd17b10-lars\/","title":{"rendered":"NGS of 35 gene panel: ACAT1, AIFM1, AFG3L2, C12orf65, CA5A, DLD, EARS2, ETHE1, FARS2, FBXL4, GFM1, HSD17B10, LARS, LIAS, MARS, MTFMT, NDUFA1, PDHA1, PDHB, PDHX, PDSS2, PNPT1, POLG, SARS2, SERAC1, SLC19A3, SLC25A19, SLC25A13, SLC25A15, SUCLA2, SUCLG1, TPK1, TRMU, TSFM, UNG"},"content":{"rendered":"","protected":false},"excerpt":{"rendered":"","protected":false},"featured_media":42665,"template":"","meta":[],"product_brand":[],"product_cat":[9509,9329,9530,9514,9638,9327,9540,9548],"product_tag":[23800],"class_list":{"0":"post-231600","1":"product","2":"type-product","3":"status-publish","4":"has-post-thumbnail","6":"gen-slc25a13","7":"gen-hsd17b10","8":"gen-acat1","9":"gen-ung","10":"gen-dld","11":"gen-trmu","12":"gen-slc25a15","13":"gen-ears2","14":"gen-mtfmt","15":"gen-sars2","16":"gen-ethe1","17":"gen-pdhx","18":"gen-fbxl4","19":"gen-lias","20":"gen-serac1","21":"gen-tsfm","22":"gen-ndufa1","23":"gen-slc25a19","24":"gen-c12orf65","25":"gen-pdha1","26":"gen-lars","27":"gen-slc19a3","28":"gen-sucla2","29":"gen-pnpt1","30":"gen-polg","31":"gen-afg3l2","32":"gen-fars2","33":"gen-aifm1","34":"gen-suclg1","35":"gen-pdss2","36":"gen-mars","37":"gen-pdhb","38":"gen-gfm1","39":"gen-ca5a","40":"gen-tpk1","41":"product_cat-analysis-and-genetic-studies","42":"product_cat-diagnostico-genetico-por-secuenciacion-masivan-en","43":"product_cat-medicina-interna-diagnostico-genetico-molecularn-en","44":"product_cat-listado-de-enfermedades-en","45":"product_cat-paneles-de-mitocondriales-diagnostico-genetico-por-secuenciacion-masivan-en","46":"product_cat-diagnostico-genetico-molecularn-en","47":"product_cat-neuropediatria-diagnostico-genetico-molecularn-en","48":"product_cat-pediatria-diagnostico-genetico-molecularn-en","49":"product_tag-leigh-like-sindrome-tipo-nuclearc00646-en","51":"first","52":"instock","53":"taxable","54":"shipping-taxable","55":"product-type-simple"},"acf":[],"yoast_head":"<!-- This site is optimized with the Yoast SEO plugin v27.3 - https:\/\/yoast.com\/product\/yoast-seo-wordpress\/ -->\n<title>NGS\u00a0of\u00a035\u00a0gene\u00a0panel:\u00a0ACAT1,\u00a0AIFM1,\u00a0AFG3L2,\u00a0C12orf65,\u00a0CA5A,\u00a0DLD,\u00a0EARS2,\u00a0ETHE1,\u00a0FARS2,\u00a0FBXL4,\u00a0GFM1,\u00a0HSD17B10,\u00a0LARS,\u00a0LIAS,\u00a0MARS,\u00a0MTFMT,\u00a0NDUFA1,\u00a0PDHA1,\u00a0PDHB,\u00a0PDHX,\u00a0PDSS2,\u00a0PNPT1,\u00a0POLG,\u00a0SARS2,\u00a0SERAC1,\u00a0SLC19A3,\u00a0SLC25A19,\u00a0SLC25A13,\u00a0SLC25A15,\u00a0SUCLA2,\u00a0SUCLG1,\u00a0TPK1,\u00a0TRMU,\u00a0TSFM,\u00a0UNG - Sistemas Gen\u00f3micos<\/title>\n<meta name=\"robots\" content=\"index, follow, max-snippet:-1, max-image-preview:large, max-video-preview:-1\" \/>\n<link rel=\"canonical\" href=\"https:\/\/sistemasgenomicos.com\/en\/tienda-online\/ngs-of-35-gene-panel-acat1-aifm1-afg3l2-c12orf65-ca5a-dld-ears2-ethe1-fars2-fbxl4-gfm1-hsd17b10-lars\/\" \/>\n<meta property=\"og:locale\" content=\"en_US\" \/>\n<meta property=\"og:type\" content=\"article\" \/>\n<meta property=\"og:title\" content=\"NGS\u00a0of\u00a035\u00a0gene\u00a0panel:\u00a0ACAT1,\u00a0AIFM1,\u00a0AFG3L2,\u00a0C12orf65,\u00a0CA5A,\u00a0DLD,\u00a0EARS2,\u00a0ETHE1,\u00a0FARS2,\u00a0FBXL4,\u00a0GFM1,\u00a0HSD17B10,\u00a0LARS,\u00a0LIAS,\u00a0MARS,\u00a0MTFMT,\u00a0NDUFA1,\u00a0PDHA1,\u00a0PDHB,\u00a0PDHX,\u00a0PDSS2,\u00a0PNPT1,\u00a0POLG,\u00a0SARS2,\u00a0SERAC1,\u00a0SLC19A3,\u00a0SLC25A19,\u00a0SLC25A13,\u00a0SLC25A15,\u00a0SUCLA2,\u00a0SUCLG1,\u00a0TPK1,\u00a0TRMU,\u00a0TSFM,\u00a0UNG - Sistemas Gen\u00f3micos\" \/>\n<meta property=\"og:url\" content=\"https:\/\/sistemasgenomicos.com\/en\/tienda-online\/ngs-of-35-gene-panel-acat1-aifm1-afg3l2-c12orf65-ca5a-dld-ears2-ethe1-fars2-fbxl4-gfm1-hsd17b10-lars\/\" \/>\n<meta property=\"og:site_name\" content=\"Sistemas Gen\u00f3micos\" \/>\n<meta property=\"article:modified_time\" content=\"2020-09-30T04:09:23+00:00\" \/>\n<meta property=\"og:image\" content=\"https:\/\/sistemasgenomicos.com\/wp-content\/uploads\/2018\/04\/logo-sistemas-genomicos-default-1.jpg\" \/>\n\t<meta property=\"og:image:width\" content=\"1200\" \/>\n\t<meta property=\"og:image:height\" content=\"750\" \/>\n\t<meta property=\"og:image:type\" content=\"image\/jpeg\" \/>\n<meta name=\"twitter:card\" content=\"summary_large_image\" \/>\n<script type=\"application\/ld+json\" class=\"yoast-schema-graph\">{\"@context\":\"https:\\\/\\\/schema.org\",\"@graph\":[{\"@type\":\"WebPage\",\"@id\":\"https:\\\/\\\/sistemasgenomicos.com\\\/en\\\/tienda-online\\\/ngs-of-35-gene-panel-acat1-aifm1-afg3l2-c12orf65-ca5a-dld-ears2-ethe1-fars2-fbxl4-gfm1-hsd17b10-lars\\\/\",\"url\":\"https:\\\/\\\/sistemasgenomicos.com\\\/en\\\/tienda-online\\\/ngs-of-35-gene-panel-acat1-aifm1-afg3l2-c12orf65-ca5a-dld-ears2-ethe1-fars2-fbxl4-gfm1-hsd17b10-lars\\\/\",\"name\":\"NGS\u00a0of\u00a035\u00a0gene\u00a0panel:\u00a0ACAT1,\u00a0AIFM1,\u00a0AFG3L2,\u00a0C12orf65,\u00a0CA5A,\u00a0DLD,\u00a0EARS2,\u00a0ETHE1,\u00a0FARS2,\u00a0FBXL4,\u00a0GFM1,\u00a0HSD17B10,\u00a0LARS,\u00a0LIAS,\u00a0MARS,\u00a0MTFMT,\u00a0NDUFA1,\u00a0PDHA1,\u00a0PDHB,\u00a0PDHX,\u00a0PDSS2,\u00a0PNPT1,\u00a0POLG,\u00a0SARS2,\u00a0SERAC1,\u00a0SLC19A3,\u00a0SLC25A19,\u00a0SLC25A13,\u00a0SLC25A15,\u00a0SUCLA2,\u00a0SUCLG1,\u00a0TPK1,\u00a0TRMU,\u00a0TSFM,\u00a0UNG - Sistemas Gen\u00f3micos\",\"isPartOf\":{\"@id\":\"https:\\\/\\\/sistemasgenomicos.com\\\/en\\\/#website\"},\"primaryImageOfPage\":{\"@id\":\"https:\\\/\\\/sistemasgenomicos.com\\\/en\\\/tienda-online\\\/ngs-of-35-gene-panel-acat1-aifm1-afg3l2-c12orf65-ca5a-dld-ears2-ethe1-fars2-fbxl4-gfm1-hsd17b10-lars\\\/#primaryimage\"},\"image\":{\"@id\":\"https:\\\/\\\/sistemasgenomicos.com\\\/en\\\/tienda-online\\\/ngs-of-35-gene-panel-acat1-aifm1-afg3l2-c12orf65-ca5a-dld-ears2-ethe1-fars2-fbxl4-gfm1-hsd17b10-lars\\\/#primaryimage\"},\"thumbnailUrl\":\"https:\\\/\\\/sistemasgenomicos.com\\\/wp-content\\\/uploads\\\/2018\\\/04\\\/logo-sistemas-genomicos-default-1.jpg\",\"datePublished\":\"2018-12-06T21:40:30+00:00\",\"dateModified\":\"2020-09-30T04:09:23+00:00\",\"breadcrumb\":{\"@id\":\"https:\\\/\\\/sistemasgenomicos.com\\\/en\\\/tienda-online\\\/ngs-of-35-gene-panel-acat1-aifm1-afg3l2-c12orf65-ca5a-dld-ears2-ethe1-fars2-fbxl4-gfm1-hsd17b10-lars\\\/#breadcrumb\"},\"inLanguage\":\"en-US\",\"potentialAction\":[{\"@type\":\"ReadAction\",\"target\":[\"https:\\\/\\\/sistemasgenomicos.com\\\/en\\\/tienda-online\\\/ngs-of-35-gene-panel-acat1-aifm1-afg3l2-c12orf65-ca5a-dld-ears2-ethe1-fars2-fbxl4-gfm1-hsd17b10-lars\\\/\"]}]},{\"@type\":\"ImageObject\",\"inLanguage\":\"en-US\",\"@id\":\"https:\\\/\\\/sistemasgenomicos.com\\\/en\\\/tienda-online\\\/ngs-of-35-gene-panel-acat1-aifm1-afg3l2-c12orf65-ca5a-dld-ears2-ethe1-fars2-fbxl4-gfm1-hsd17b10-lars\\\/#primaryimage\",\"url\":\"https:\\\/\\\/sistemasgenomicos.com\\\/wp-content\\\/uploads\\\/2018\\\/04\\\/logo-sistemas-genomicos-default-1.jpg\",\"contentUrl\":\"https:\\\/\\\/sistemasgenomicos.com\\\/wp-content\\\/uploads\\\/2018\\\/04\\\/logo-sistemas-genomicos-default-1.jpg\",\"width\":1200,\"height\":750},{\"@type\":\"BreadcrumbList\",\"@id\":\"https:\\\/\\\/sistemasgenomicos.com\\\/en\\\/tienda-online\\\/ngs-of-35-gene-panel-acat1-aifm1-afg3l2-c12orf65-ca5a-dld-ears2-ethe1-fars2-fbxl4-gfm1-hsd17b10-lars\\\/#breadcrumb\",\"itemListElement\":[{\"@type\":\"ListItem\",\"position\":1,\"name\":\"Portada\",\"item\":\"https:\\\/\\\/sistemasgenomicos.com\\\/en\\\/\"},{\"@type\":\"ListItem\",\"position\":2,\"name\":\"Tienda\",\"item\":\"https:\\\/\\\/sistemasgenomicos.com\\\/es\\\/tienda\\\/\"},{\"@type\":\"ListItem\",\"position\":3,\"name\":\"NGS of 35 gene panel: ACAT1, AIFM1, AFG3L2, C12orf65, CA5A, DLD, EARS2, ETHE1, FARS2, FBXL4, GFM1, HSD17B10, LARS, LIAS, MARS, MTFMT, NDUFA1, PDHA1, PDHB, PDHX, PDSS2, PNPT1, POLG, SARS2, SERAC1, SLC19A3, SLC25A19, SLC25A13, SLC25A15, SUCLA2, SUCLG1, TPK1, TRMU, TSFM, UNG\"}]},{\"@type\":\"WebSite\",\"@id\":\"https:\\\/\\\/sistemasgenomicos.com\\\/en\\\/#website\",\"url\":\"https:\\\/\\\/sistemasgenomicos.com\\\/en\\\/\",\"name\":\"Sistemas Gen\u00f3micos\",\"description\":\"La mayor empresa dedicada a la investigaci\u00f3n gen\u00e9tica y molecular\",\"publisher\":{\"@id\":\"https:\\\/\\\/sistemasgenomicos.com\\\/en\\\/#organization\"},\"potentialAction\":[{\"@type\":\"SearchAction\",\"target\":{\"@type\":\"EntryPoint\",\"urlTemplate\":\"https:\\\/\\\/sistemasgenomicos.com\\\/en\\\/?s={search_term_string}\"},\"query-input\":{\"@type\":\"PropertyValueSpecification\",\"valueRequired\":true,\"valueName\":\"search_term_string\"}}],\"inLanguage\":\"en-US\"},{\"@type\":\"Organization\",\"@id\":\"https:\\\/\\\/sistemasgenomicos.com\\\/en\\\/#organization\",\"name\":\"Sistemas Gen\u00f3micos\",\"url\":\"https:\\\/\\\/sistemasgenomicos.com\\\/en\\\/\",\"logo\":{\"@type\":\"ImageObject\",\"inLanguage\":\"en-US\",\"@id\":\"https:\\\/\\\/sistemasgenomicos.com\\\/en\\\/#\\\/schema\\\/logo\\\/image\\\/\",\"url\":\"https:\\\/\\\/sistemasgenomicos.com\\\/wp-content\\\/uploads\\\/2022\\\/04\\\/image001-1.png\",\"contentUrl\":\"https:\\\/\\\/sistemasgenomicos.com\\\/wp-content\\\/uploads\\\/2022\\\/04\\\/image001-1.png\",\"width\":250,\"height\":122,\"caption\":\"Sistemas Gen\u00f3micos\"},\"image\":{\"@id\":\"https:\\\/\\\/sistemasgenomicos.com\\\/en\\\/#\\\/schema\\\/logo\\\/image\\\/\"}}]}<\/script>\n<!-- \/ Yoast SEO plugin. -->","yoast_head_json":{"title":"NGS\u00a0of\u00a035\u00a0gene\u00a0panel:\u00a0ACAT1,\u00a0AIFM1,\u00a0AFG3L2,\u00a0C12orf65,\u00a0CA5A,\u00a0DLD,\u00a0EARS2,\u00a0ETHE1,\u00a0FARS2,\u00a0FBXL4,\u00a0GFM1,\u00a0HSD17B10,\u00a0LARS,\u00a0LIAS,\u00a0MARS,\u00a0MTFMT,\u00a0NDUFA1,\u00a0PDHA1,\u00a0PDHB,\u00a0PDHX,\u00a0PDSS2,\u00a0PNPT1,\u00a0POLG,\u00a0SARS2,\u00a0SERAC1,\u00a0SLC19A3,\u00a0SLC25A19,\u00a0SLC25A13,\u00a0SLC25A15,\u00a0SUCLA2,\u00a0SUCLG1,\u00a0TPK1,\u00a0TRMU,\u00a0TSFM,\u00a0UNG - Sistemas Gen\u00f3micos","robots":{"index":"index","follow":"follow","max-snippet":"max-snippet:-1","max-image-preview":"max-image-preview:large","max-video-preview":"max-video-preview:-1"},"canonical":"https:\/\/sistemasgenomicos.com\/en\/tienda-online\/ngs-of-35-gene-panel-acat1-aifm1-afg3l2-c12orf65-ca5a-dld-ears2-ethe1-fars2-fbxl4-gfm1-hsd17b10-lars\/","og_locale":"en_US","og_type":"article","og_title":"NGS\u00a0of\u00a035\u00a0gene\u00a0panel:\u00a0ACAT1,\u00a0AIFM1,\u00a0AFG3L2,\u00a0C12orf65,\u00a0CA5A,\u00a0DLD,\u00a0EARS2,\u00a0ETHE1,\u00a0FARS2,\u00a0FBXL4,\u00a0GFM1,\u00a0HSD17B10,\u00a0LARS,\u00a0LIAS,\u00a0MARS,\u00a0MTFMT,\u00a0NDUFA1,\u00a0PDHA1,\u00a0PDHB,\u00a0PDHX,\u00a0PDSS2,\u00a0PNPT1,\u00a0POLG,\u00a0SARS2,\u00a0SERAC1,\u00a0SLC19A3,\u00a0SLC25A19,\u00a0SLC25A13,\u00a0SLC25A15,\u00a0SUCLA2,\u00a0SUCLG1,\u00a0TPK1,\u00a0TRMU,\u00a0TSFM,\u00a0UNG - Sistemas Gen\u00f3micos","og_url":"https:\/\/sistemasgenomicos.com\/en\/tienda-online\/ngs-of-35-gene-panel-acat1-aifm1-afg3l2-c12orf65-ca5a-dld-ears2-ethe1-fars2-fbxl4-gfm1-hsd17b10-lars\/","og_site_name":"Sistemas Gen\u00f3micos","article_modified_time":"2020-09-30T04:09:23+00:00","og_image":[{"width":1200,"height":750,"url":"https:\/\/sistemasgenomicos.com\/wp-content\/uploads\/2018\/04\/logo-sistemas-genomicos-default-1.jpg","type":"image\/jpeg"}],"twitter_card":"summary_large_image","schema":{"@context":"https:\/\/schema.org","@graph":[{"@type":"WebPage","@id":"https:\/\/sistemasgenomicos.com\/en\/tienda-online\/ngs-of-35-gene-panel-acat1-aifm1-afg3l2-c12orf65-ca5a-dld-ears2-ethe1-fars2-fbxl4-gfm1-hsd17b10-lars\/","url":"https:\/\/sistemasgenomicos.com\/en\/tienda-online\/ngs-of-35-gene-panel-acat1-aifm1-afg3l2-c12orf65-ca5a-dld-ears2-ethe1-fars2-fbxl4-gfm1-hsd17b10-lars\/","name":"NGS\u00a0of\u00a035\u00a0gene\u00a0panel:\u00a0ACAT1,\u00a0AIFM1,\u00a0AFG3L2,\u00a0C12orf65,\u00a0CA5A,\u00a0DLD,\u00a0EARS2,\u00a0ETHE1,\u00a0FARS2,\u00a0FBXL4,\u00a0GFM1,\u00a0HSD17B10,\u00a0LARS,\u00a0LIAS,\u00a0MARS,\u00a0MTFMT,\u00a0NDUFA1,\u00a0PDHA1,\u00a0PDHB,\u00a0PDHX,\u00a0PDSS2,\u00a0PNPT1,\u00a0POLG,\u00a0SARS2,\u00a0SERAC1,\u00a0SLC19A3,\u00a0SLC25A19,\u00a0SLC25A13,\u00a0SLC25A15,\u00a0SUCLA2,\u00a0SUCLG1,\u00a0TPK1,\u00a0TRMU,\u00a0TSFM,\u00a0UNG - Sistemas Gen\u00f3micos","isPartOf":{"@id":"https:\/\/sistemasgenomicos.com\/en\/#website"},"primaryImageOfPage":{"@id":"https:\/\/sistemasgenomicos.com\/en\/tienda-online\/ngs-of-35-gene-panel-acat1-aifm1-afg3l2-c12orf65-ca5a-dld-ears2-ethe1-fars2-fbxl4-gfm1-hsd17b10-lars\/#primaryimage"},"image":{"@id":"https:\/\/sistemasgenomicos.com\/en\/tienda-online\/ngs-of-35-gene-panel-acat1-aifm1-afg3l2-c12orf65-ca5a-dld-ears2-ethe1-fars2-fbxl4-gfm1-hsd17b10-lars\/#primaryimage"},"thumbnailUrl":"https:\/\/sistemasgenomicos.com\/wp-content\/uploads\/2018\/04\/logo-sistemas-genomicos-default-1.jpg","datePublished":"2018-12-06T21:40:30+00:00","dateModified":"2020-09-30T04:09:23+00:00","breadcrumb":{"@id":"https:\/\/sistemasgenomicos.com\/en\/tienda-online\/ngs-of-35-gene-panel-acat1-aifm1-afg3l2-c12orf65-ca5a-dld-ears2-ethe1-fars2-fbxl4-gfm1-hsd17b10-lars\/#breadcrumb"},"inLanguage":"en-US","potentialAction":[{"@type":"ReadAction","target":["https:\/\/sistemasgenomicos.com\/en\/tienda-online\/ngs-of-35-gene-panel-acat1-aifm1-afg3l2-c12orf65-ca5a-dld-ears2-ethe1-fars2-fbxl4-gfm1-hsd17b10-lars\/"]}]},{"@type":"ImageObject","inLanguage":"en-US","@id":"https:\/\/sistemasgenomicos.com\/en\/tienda-online\/ngs-of-35-gene-panel-acat1-aifm1-afg3l2-c12orf65-ca5a-dld-ears2-ethe1-fars2-fbxl4-gfm1-hsd17b10-lars\/#primaryimage","url":"https:\/\/sistemasgenomicos.com\/wp-content\/uploads\/2018\/04\/logo-sistemas-genomicos-default-1.jpg","contentUrl":"https:\/\/sistemasgenomicos.com\/wp-content\/uploads\/2018\/04\/logo-sistemas-genomicos-default-1.jpg","width":1200,"height":750},{"@type":"BreadcrumbList","@id":"https:\/\/sistemasgenomicos.com\/en\/tienda-online\/ngs-of-35-gene-panel-acat1-aifm1-afg3l2-c12orf65-ca5a-dld-ears2-ethe1-fars2-fbxl4-gfm1-hsd17b10-lars\/#breadcrumb","itemListElement":[{"@type":"ListItem","position":1,"name":"Portada","item":"https:\/\/sistemasgenomicos.com\/en\/"},{"@type":"ListItem","position":2,"name":"Tienda","item":"https:\/\/sistemasgenomicos.com\/es\/tienda\/"},{"@type":"ListItem","position":3,"name":"NGS of 35 gene panel: ACAT1, AIFM1, AFG3L2, C12orf65, CA5A, DLD, EARS2, ETHE1, FARS2, FBXL4, GFM1, HSD17B10, LARS, LIAS, MARS, MTFMT, NDUFA1, PDHA1, PDHB, PDHX, PDSS2, PNPT1, POLG, SARS2, SERAC1, SLC19A3, SLC25A19, SLC25A13, SLC25A15, SUCLA2, SUCLG1, TPK1, TRMU, TSFM, UNG"}]},{"@type":"WebSite","@id":"https:\/\/sistemasgenomicos.com\/en\/#website","url":"https:\/\/sistemasgenomicos.com\/en\/","name":"Sistemas Gen\u00f3micos","description":"La mayor empresa dedicada a la investigaci\u00f3n gen\u00e9tica y molecular","publisher":{"@id":"https:\/\/sistemasgenomicos.com\/en\/#organization"},"potentialAction":[{"@type":"SearchAction","target":{"@type":"EntryPoint","urlTemplate":"https:\/\/sistemasgenomicos.com\/en\/?s={search_term_string}"},"query-input":{"@type":"PropertyValueSpecification","valueRequired":true,"valueName":"search_term_string"}}],"inLanguage":"en-US"},{"@type":"Organization","@id":"https:\/\/sistemasgenomicos.com\/en\/#organization","name":"Sistemas Gen\u00f3micos","url":"https:\/\/sistemasgenomicos.com\/en\/","logo":{"@type":"ImageObject","inLanguage":"en-US","@id":"https:\/\/sistemasgenomicos.com\/en\/#\/schema\/logo\/image\/","url":"https:\/\/sistemasgenomicos.com\/wp-content\/uploads\/2022\/04\/image001-1.png","contentUrl":"https:\/\/sistemasgenomicos.com\/wp-content\/uploads\/2022\/04\/image001-1.png","width":250,"height":122,"caption":"Sistemas Gen\u00f3micos"},"image":{"@id":"https:\/\/sistemasgenomicos.com\/en\/#\/schema\/logo\/image\/"}}]}},"_links":{"self":[{"href":"https:\/\/sistemasgenomicos.com\/en\/wp-json\/wp\/v2\/product\/231600","targetHints":{"allow":["GET"]}}],"collection":[{"href":"https:\/\/sistemasgenomicos.com\/en\/wp-json\/wp\/v2\/product"}],"about":[{"href":"https:\/\/sistemasgenomicos.com\/en\/wp-json\/wp\/v2\/types\/product"}],"wp:featuredmedia":[{"embeddable":true,"href":"https:\/\/sistemasgenomicos.com\/en\/wp-json\/wp\/v2\/media\/42665"}],"wp:attachment":[{"href":"https:\/\/sistemasgenomicos.com\/en\/wp-json\/wp\/v2\/media?parent=231600"}],"wp:term":[{"taxonomy":"product_brand","embeddable":true,"href":"https:\/\/sistemasgenomicos.com\/en\/wp-json\/wp\/v2\/product_brand?post=231600"},{"taxonomy":"product_cat","embeddable":true,"href":"https:\/\/sistemasgenomicos.com\/en\/wp-json\/wp\/v2\/product_cat?post=231600"},{"taxonomy":"product_tag","embeddable":true,"href":"https:\/\/sistemasgenomicos.com\/en\/wp-json\/wp\/v2\/product_tag?post=231600"}],"curies":[{"name":"wp","href":"https:\/\/api.w.org\/{rel}","templated":true}]}}