{"id":231599,"date":"2017-12-22T09:49:26","date_gmt":"2018-12-06T21:40:28","guid":{"rendered":"https:\/\/sistemasgenomicos.digitis.net\/tienda-online\/ngs-of-30-gene-panel-aifm1-bcs1l-cox10-cox15-foxred1-lrpprc-ndufa1-ndufa10-ndufa12-ndufa2-ndufa9\/"},"modified":"2020-09-30T06:09:23","modified_gmt":"2020-09-30T04:09:23","slug":"ngs-of-30-gene-panel-aifm1-bcs1l-cox10-cox15-foxred1-lrpprc-ndufa1-ndufa10-ndufa12-ndufa2-ndufa9","status":"publish","type":"product","link":"https:\/\/sistemasgenomicos.com\/en\/tienda-online\/ngs-of-30-gene-panel-aifm1-bcs1l-cox10-cox15-foxred1-lrpprc-ndufa1-ndufa10-ndufa12-ndufa2-ndufa9\/","title":{"rendered":"NGS of 30 gene panel: AIFM1, BCS1L, COX10,  COX15, FOXRED1, LRPPRC, NDUFA1, NDUFA10, NDUFA12,  NDUFA2, NDUFA9, NDUFAF2, NDUFAF5, NDUFAF6, NDUFS1, NDUFS2, NDUFS3, NDUFS4, NDUFS7, NDUFS8, NDUFV1, PC, PDHA1, PET100, SCO2,  SDHAF1, SURF1, TACO1, TTC19, UQCRQ,  "},"content":{"rendered":"","protected":false},"excerpt":{"rendered":"","protected":false},"featured_media":42665,"template":"","meta":[],"product_brand":[],"product_cat":[9509,9329,9530,9514,9638,9327,9540,9548],"product_tag":[23798],"class_list":{"0":"post-231599","1":"product","2":"type-product","3":"status-publish","4":"has-post-thumbnail","6":"gen-cox10","7":"gen-ttc19","8":"gen-cox15","9":"gen-ndufs1","10":"gen-bcs1l","11":"gen-ndufaf5","12":"gen-foxred1","13":"gen-ndufs8","14":"gen-ndufs7","15":"gen-ndufa1","16":"gen-ndufa10","17":"gen-sco2","18":"gen-ndufa2","19":"gen-pdha1","20":"gen-taco1","21":"gen-lrpprc","22":"gen-ndufa9","23":"gen-surf1","24":"gen-ndufaf6","25":"gen-aifm1","26":"gen-ndufs2","27":"gen-ndufaf2","28":"gen-ndufs4","29":"gen-uqcrq","30":"gen-ndufv1","31":"gen-pc","32":"gen-ndufa12","33":"gen-sdhaf1","34":"gen-ndufs3","35":"gen-pet100","36":"product_cat-analysis-and-genetic-studies","37":"product_cat-diagnostico-genetico-por-secuenciacion-masivan-en","38":"product_cat-medicina-interna-diagnostico-genetico-molecularn-en","39":"product_cat-listado-de-enfermedades-en","40":"product_cat-paneles-de-mitocondriales-diagnostico-genetico-por-secuenciacion-masivan-en","41":"product_cat-diagnostico-genetico-molecularn-en","42":"product_cat-neuropediatria-diagnostico-genetico-molecularn-en","43":"product_cat-pediatria-diagnostico-genetico-molecularn-en","44":"product_tag-leigh-sindrome-tipo-nuclear-c00645-en","46":"first","47":"instock","48":"taxable","49":"shipping-taxable","50":"product-type-simple"},"acf":[],"yoast_head":"<!-- This site is optimized with the Yoast SEO plugin v27.4 - https:\/\/yoast.com\/product\/yoast-seo-wordpress\/ -->\n<title>NGS\u00a0of\u00a030\u00a0gene\u00a0panel:\u00a0AIFM1,\u00a0BCS1L,\u00a0COX10,\u00a0\u00a0COX15,\u00a0FOXRED1,\u00a0LRPPRC,\u00a0NDUFA1,\u00a0NDUFA10,\u00a0NDUFA12,\u00a0\u00a0NDUFA2,\u00a0NDUFA9,\u00a0NDUFAF2,\u00a0NDUFAF5,\u00a0NDUFAF6,\u00a0NDUFS1,\u00a0NDUFS2,\u00a0NDUFS3,\u00a0NDUFS4,\u00a0NDUFS7,\u00a0NDUFS8,\u00a0NDUFV1,\u00a0PC,\u00a0PDHA1,\u00a0PET100,\u00a0SCO2,\u00a0\u00a0SDHAF1,\u00a0SURF1,\u00a0TACO1,\u00a0TTC19,\u00a0UQCRQ,\u00a0\u00a0 - Sistemas Gen\u00f3micos<\/title>\n<meta name=\"robots\" content=\"index, follow, max-snippet:-1, max-image-preview:large, max-video-preview:-1\" \/>\n<link rel=\"canonical\" href=\"https:\/\/sistemasgenomicos.com\/en\/tienda-online\/ngs-of-30-gene-panel-aifm1-bcs1l-cox10-cox15-foxred1-lrpprc-ndufa1-ndufa10-ndufa12-ndufa2-ndufa9\/\" \/>\n<meta property=\"og:locale\" content=\"en_US\" \/>\n<meta property=\"og:type\" content=\"article\" \/>\n<meta property=\"og:title\" content=\"NGS\u00a0of\u00a030\u00a0gene\u00a0panel:\u00a0AIFM1,\u00a0BCS1L,\u00a0COX10,\u00a0\u00a0COX15,\u00a0FOXRED1,\u00a0LRPPRC,\u00a0NDUFA1,\u00a0NDUFA10,\u00a0NDUFA12,\u00a0\u00a0NDUFA2,\u00a0NDUFA9,\u00a0NDUFAF2,\u00a0NDUFAF5,\u00a0NDUFAF6,\u00a0NDUFS1,\u00a0NDUFS2,\u00a0NDUFS3,\u00a0NDUFS4,\u00a0NDUFS7,\u00a0NDUFS8,\u00a0NDUFV1,\u00a0PC,\u00a0PDHA1,\u00a0PET100,\u00a0SCO2,\u00a0\u00a0SDHAF1,\u00a0SURF1,\u00a0TACO1,\u00a0TTC19,\u00a0UQCRQ,\u00a0\u00a0 - Sistemas Gen\u00f3micos\" \/>\n<meta property=\"og:url\" content=\"https:\/\/sistemasgenomicos.com\/en\/tienda-online\/ngs-of-30-gene-panel-aifm1-bcs1l-cox10-cox15-foxred1-lrpprc-ndufa1-ndufa10-ndufa12-ndufa2-ndufa9\/\" \/>\n<meta property=\"og:site_name\" content=\"Sistemas Gen\u00f3micos\" \/>\n<meta property=\"article:modified_time\" content=\"2020-09-30T04:09:23+00:00\" \/>\n<meta property=\"og:image\" content=\"https:\/\/sistemasgenomicos.com\/wp-content\/uploads\/2018\/04\/logo-sistemas-genomicos-default-1.jpg\" \/>\n\t<meta property=\"og:image:width\" content=\"1200\" \/>\n\t<meta property=\"og:image:height\" content=\"750\" \/>\n\t<meta property=\"og:image:type\" content=\"image\/jpeg\" \/>\n<meta name=\"twitter:card\" content=\"summary_large_image\" \/>\n<script type=\"application\/ld+json\" class=\"yoast-schema-graph\">{\"@context\":\"https:\\\/\\\/schema.org\",\"@graph\":[{\"@type\":\"WebPage\",\"@id\":\"https:\\\/\\\/sistemasgenomicos.com\\\/en\\\/tienda-online\\\/ngs-of-30-gene-panel-aifm1-bcs1l-cox10-cox15-foxred1-lrpprc-ndufa1-ndufa10-ndufa12-ndufa2-ndufa9\\\/\",\"url\":\"https:\\\/\\\/sistemasgenomicos.com\\\/en\\\/tienda-online\\\/ngs-of-30-gene-panel-aifm1-bcs1l-cox10-cox15-foxred1-lrpprc-ndufa1-ndufa10-ndufa12-ndufa2-ndufa9\\\/\",\"name\":\"NGS\u00a0of\u00a030\u00a0gene\u00a0panel:\u00a0AIFM1,\u00a0BCS1L,\u00a0COX10,\u00a0\u00a0COX15,\u00a0FOXRED1,\u00a0LRPPRC,\u00a0NDUFA1,\u00a0NDUFA10,\u00a0NDUFA12,\u00a0\u00a0NDUFA2,\u00a0NDUFA9,\u00a0NDUFAF2,\u00a0NDUFAF5,\u00a0NDUFAF6,\u00a0NDUFS1,\u00a0NDUFS2,\u00a0NDUFS3,\u00a0NDUFS4,\u00a0NDUFS7,\u00a0NDUFS8,\u00a0NDUFV1,\u00a0PC,\u00a0PDHA1,\u00a0PET100,\u00a0SCO2,\u00a0\u00a0SDHAF1,\u00a0SURF1,\u00a0TACO1,\u00a0TTC19,\u00a0UQCRQ,\u00a0\u00a0 - Sistemas Gen\u00f3micos\",\"isPartOf\":{\"@id\":\"https:\\\/\\\/sistemasgenomicos.com\\\/en\\\/#website\"},\"primaryImageOfPage\":{\"@id\":\"https:\\\/\\\/sistemasgenomicos.com\\\/en\\\/tienda-online\\\/ngs-of-30-gene-panel-aifm1-bcs1l-cox10-cox15-foxred1-lrpprc-ndufa1-ndufa10-ndufa12-ndufa2-ndufa9\\\/#primaryimage\"},\"image\":{\"@id\":\"https:\\\/\\\/sistemasgenomicos.com\\\/en\\\/tienda-online\\\/ngs-of-30-gene-panel-aifm1-bcs1l-cox10-cox15-foxred1-lrpprc-ndufa1-ndufa10-ndufa12-ndufa2-ndufa9\\\/#primaryimage\"},\"thumbnailUrl\":\"https:\\\/\\\/sistemasgenomicos.com\\\/wp-content\\\/uploads\\\/2018\\\/04\\\/logo-sistemas-genomicos-default-1.jpg\",\"datePublished\":\"2018-12-06T21:40:28+00:00\",\"dateModified\":\"2020-09-30T04:09:23+00:00\",\"breadcrumb\":{\"@id\":\"https:\\\/\\\/sistemasgenomicos.com\\\/en\\\/tienda-online\\\/ngs-of-30-gene-panel-aifm1-bcs1l-cox10-cox15-foxred1-lrpprc-ndufa1-ndufa10-ndufa12-ndufa2-ndufa9\\\/#breadcrumb\"},\"inLanguage\":\"en-US\",\"potentialAction\":[{\"@type\":\"ReadAction\",\"target\":[\"https:\\\/\\\/sistemasgenomicos.com\\\/en\\\/tienda-online\\\/ngs-of-30-gene-panel-aifm1-bcs1l-cox10-cox15-foxred1-lrpprc-ndufa1-ndufa10-ndufa12-ndufa2-ndufa9\\\/\"]}]},{\"@type\":\"ImageObject\",\"inLanguage\":\"en-US\",\"@id\":\"https:\\\/\\\/sistemasgenomicos.com\\\/en\\\/tienda-online\\\/ngs-of-30-gene-panel-aifm1-bcs1l-cox10-cox15-foxred1-lrpprc-ndufa1-ndufa10-ndufa12-ndufa2-ndufa9\\\/#primaryimage\",\"url\":\"https:\\\/\\\/sistemasgenomicos.com\\\/wp-content\\\/uploads\\\/2018\\\/04\\\/logo-sistemas-genomicos-default-1.jpg\",\"contentUrl\":\"https:\\\/\\\/sistemasgenomicos.com\\\/wp-content\\\/uploads\\\/2018\\\/04\\\/logo-sistemas-genomicos-default-1.jpg\",\"width\":1200,\"height\":750},{\"@type\":\"BreadcrumbList\",\"@id\":\"https:\\\/\\\/sistemasgenomicos.com\\\/en\\\/tienda-online\\\/ngs-of-30-gene-panel-aifm1-bcs1l-cox10-cox15-foxred1-lrpprc-ndufa1-ndufa10-ndufa12-ndufa2-ndufa9\\\/#breadcrumb\",\"itemListElement\":[{\"@type\":\"ListItem\",\"position\":1,\"name\":\"Portada\",\"item\":\"https:\\\/\\\/sistemasgenomicos.com\\\/en\\\/\"},{\"@type\":\"ListItem\",\"position\":2,\"name\":\"Tienda\",\"item\":\"https:\\\/\\\/sistemasgenomicos.com\\\/es\\\/tienda\\\/\"},{\"@type\":\"ListItem\",\"position\":3,\"name\":\"NGS of 30 gene panel: AIFM1, BCS1L, COX10, COX15, FOXRED1, LRPPRC, NDUFA1, NDUFA10, NDUFA12, NDUFA2, NDUFA9, NDUFAF2, NDUFAF5, NDUFAF6, NDUFS1, NDUFS2, NDUFS3, NDUFS4, NDUFS7, NDUFS8, NDUFV1, PC, PDHA1, PET100, SCO2, SDHAF1, SURF1, TACO1, TTC19, UQCRQ,\"}]},{\"@type\":\"WebSite\",\"@id\":\"https:\\\/\\\/sistemasgenomicos.com\\\/en\\\/#website\",\"url\":\"https:\\\/\\\/sistemasgenomicos.com\\\/en\\\/\",\"name\":\"Sistemas Gen\u00f3micos\",\"description\":\"La mayor empresa dedicada a la investigaci\u00f3n gen\u00e9tica y molecular\",\"publisher\":{\"@id\":\"https:\\\/\\\/sistemasgenomicos.com\\\/en\\\/#organization\"},\"potentialAction\":[{\"@type\":\"SearchAction\",\"target\":{\"@type\":\"EntryPoint\",\"urlTemplate\":\"https:\\\/\\\/sistemasgenomicos.com\\\/en\\\/?s={search_term_string}\"},\"query-input\":{\"@type\":\"PropertyValueSpecification\",\"valueRequired\":true,\"valueName\":\"search_term_string\"}}],\"inLanguage\":\"en-US\"},{\"@type\":\"Organization\",\"@id\":\"https:\\\/\\\/sistemasgenomicos.com\\\/en\\\/#organization\",\"name\":\"Sistemas Gen\u00f3micos\",\"url\":\"https:\\\/\\\/sistemasgenomicos.com\\\/en\\\/\",\"logo\":{\"@type\":\"ImageObject\",\"inLanguage\":\"en-US\",\"@id\":\"https:\\\/\\\/sistemasgenomicos.com\\\/en\\\/#\\\/schema\\\/logo\\\/image\\\/\",\"url\":\"https:\\\/\\\/sistemasgenomicos.com\\\/wp-content\\\/uploads\\\/2022\\\/04\\\/image001-1.png\",\"contentUrl\":\"https:\\\/\\\/sistemasgenomicos.com\\\/wp-content\\\/uploads\\\/2022\\\/04\\\/image001-1.png\",\"width\":250,\"height\":122,\"caption\":\"Sistemas Gen\u00f3micos\"},\"image\":{\"@id\":\"https:\\\/\\\/sistemasgenomicos.com\\\/en\\\/#\\\/schema\\\/logo\\\/image\\\/\"}}]}<\/script>\n<!-- \/ Yoast SEO plugin. -->","yoast_head_json":{"title":"NGS\u00a0of\u00a030\u00a0gene\u00a0panel:\u00a0AIFM1,\u00a0BCS1L,\u00a0COX10,\u00a0\u00a0COX15,\u00a0FOXRED1,\u00a0LRPPRC,\u00a0NDUFA1,\u00a0NDUFA10,\u00a0NDUFA12,\u00a0\u00a0NDUFA2,\u00a0NDUFA9,\u00a0NDUFAF2,\u00a0NDUFAF5,\u00a0NDUFAF6,\u00a0NDUFS1,\u00a0NDUFS2,\u00a0NDUFS3,\u00a0NDUFS4,\u00a0NDUFS7,\u00a0NDUFS8,\u00a0NDUFV1,\u00a0PC,\u00a0PDHA1,\u00a0PET100,\u00a0SCO2,\u00a0\u00a0SDHAF1,\u00a0SURF1,\u00a0TACO1,\u00a0TTC19,\u00a0UQCRQ,\u00a0\u00a0 - Sistemas Gen\u00f3micos","robots":{"index":"index","follow":"follow","max-snippet":"max-snippet:-1","max-image-preview":"max-image-preview:large","max-video-preview":"max-video-preview:-1"},"canonical":"https:\/\/sistemasgenomicos.com\/en\/tienda-online\/ngs-of-30-gene-panel-aifm1-bcs1l-cox10-cox15-foxred1-lrpprc-ndufa1-ndufa10-ndufa12-ndufa2-ndufa9\/","og_locale":"en_US","og_type":"article","og_title":"NGS\u00a0of\u00a030\u00a0gene\u00a0panel:\u00a0AIFM1,\u00a0BCS1L,\u00a0COX10,\u00a0\u00a0COX15,\u00a0FOXRED1,\u00a0LRPPRC,\u00a0NDUFA1,\u00a0NDUFA10,\u00a0NDUFA12,\u00a0\u00a0NDUFA2,\u00a0NDUFA9,\u00a0NDUFAF2,\u00a0NDUFAF5,\u00a0NDUFAF6,\u00a0NDUFS1,\u00a0NDUFS2,\u00a0NDUFS3,\u00a0NDUFS4,\u00a0NDUFS7,\u00a0NDUFS8,\u00a0NDUFV1,\u00a0PC,\u00a0PDHA1,\u00a0PET100,\u00a0SCO2,\u00a0\u00a0SDHAF1,\u00a0SURF1,\u00a0TACO1,\u00a0TTC19,\u00a0UQCRQ,\u00a0\u00a0 - Sistemas Gen\u00f3micos","og_url":"https:\/\/sistemasgenomicos.com\/en\/tienda-online\/ngs-of-30-gene-panel-aifm1-bcs1l-cox10-cox15-foxred1-lrpprc-ndufa1-ndufa10-ndufa12-ndufa2-ndufa9\/","og_site_name":"Sistemas Gen\u00f3micos","article_modified_time":"2020-09-30T04:09:23+00:00","og_image":[{"width":1200,"height":750,"url":"https:\/\/sistemasgenomicos.com\/wp-content\/uploads\/2018\/04\/logo-sistemas-genomicos-default-1.jpg","type":"image\/jpeg"}],"twitter_card":"summary_large_image","schema":{"@context":"https:\/\/schema.org","@graph":[{"@type":"WebPage","@id":"https:\/\/sistemasgenomicos.com\/en\/tienda-online\/ngs-of-30-gene-panel-aifm1-bcs1l-cox10-cox15-foxred1-lrpprc-ndufa1-ndufa10-ndufa12-ndufa2-ndufa9\/","url":"https:\/\/sistemasgenomicos.com\/en\/tienda-online\/ngs-of-30-gene-panel-aifm1-bcs1l-cox10-cox15-foxred1-lrpprc-ndufa1-ndufa10-ndufa12-ndufa2-ndufa9\/","name":"NGS\u00a0of\u00a030\u00a0gene\u00a0panel:\u00a0AIFM1,\u00a0BCS1L,\u00a0COX10,\u00a0\u00a0COX15,\u00a0FOXRED1,\u00a0LRPPRC,\u00a0NDUFA1,\u00a0NDUFA10,\u00a0NDUFA12,\u00a0\u00a0NDUFA2,\u00a0NDUFA9,\u00a0NDUFAF2,\u00a0NDUFAF5,\u00a0NDUFAF6,\u00a0NDUFS1,\u00a0NDUFS2,\u00a0NDUFS3,\u00a0NDUFS4,\u00a0NDUFS7,\u00a0NDUFS8,\u00a0NDUFV1,\u00a0PC,\u00a0PDHA1,\u00a0PET100,\u00a0SCO2,\u00a0\u00a0SDHAF1,\u00a0SURF1,\u00a0TACO1,\u00a0TTC19,\u00a0UQCRQ,\u00a0\u00a0 - Sistemas Gen\u00f3micos","isPartOf":{"@id":"https:\/\/sistemasgenomicos.com\/en\/#website"},"primaryImageOfPage":{"@id":"https:\/\/sistemasgenomicos.com\/en\/tienda-online\/ngs-of-30-gene-panel-aifm1-bcs1l-cox10-cox15-foxred1-lrpprc-ndufa1-ndufa10-ndufa12-ndufa2-ndufa9\/#primaryimage"},"image":{"@id":"https:\/\/sistemasgenomicos.com\/en\/tienda-online\/ngs-of-30-gene-panel-aifm1-bcs1l-cox10-cox15-foxred1-lrpprc-ndufa1-ndufa10-ndufa12-ndufa2-ndufa9\/#primaryimage"},"thumbnailUrl":"https:\/\/sistemasgenomicos.com\/wp-content\/uploads\/2018\/04\/logo-sistemas-genomicos-default-1.jpg","datePublished":"2018-12-06T21:40:28+00:00","dateModified":"2020-09-30T04:09:23+00:00","breadcrumb":{"@id":"https:\/\/sistemasgenomicos.com\/en\/tienda-online\/ngs-of-30-gene-panel-aifm1-bcs1l-cox10-cox15-foxred1-lrpprc-ndufa1-ndufa10-ndufa12-ndufa2-ndufa9\/#breadcrumb"},"inLanguage":"en-US","potentialAction":[{"@type":"ReadAction","target":["https:\/\/sistemasgenomicos.com\/en\/tienda-online\/ngs-of-30-gene-panel-aifm1-bcs1l-cox10-cox15-foxred1-lrpprc-ndufa1-ndufa10-ndufa12-ndufa2-ndufa9\/"]}]},{"@type":"ImageObject","inLanguage":"en-US","@id":"https:\/\/sistemasgenomicos.com\/en\/tienda-online\/ngs-of-30-gene-panel-aifm1-bcs1l-cox10-cox15-foxred1-lrpprc-ndufa1-ndufa10-ndufa12-ndufa2-ndufa9\/#primaryimage","url":"https:\/\/sistemasgenomicos.com\/wp-content\/uploads\/2018\/04\/logo-sistemas-genomicos-default-1.jpg","contentUrl":"https:\/\/sistemasgenomicos.com\/wp-content\/uploads\/2018\/04\/logo-sistemas-genomicos-default-1.jpg","width":1200,"height":750},{"@type":"BreadcrumbList","@id":"https:\/\/sistemasgenomicos.com\/en\/tienda-online\/ngs-of-30-gene-panel-aifm1-bcs1l-cox10-cox15-foxred1-lrpprc-ndufa1-ndufa10-ndufa12-ndufa2-ndufa9\/#breadcrumb","itemListElement":[{"@type":"ListItem","position":1,"name":"Portada","item":"https:\/\/sistemasgenomicos.com\/en\/"},{"@type":"ListItem","position":2,"name":"Tienda","item":"https:\/\/sistemasgenomicos.com\/es\/tienda\/"},{"@type":"ListItem","position":3,"name":"NGS of 30 gene panel: AIFM1, BCS1L, COX10, COX15, FOXRED1, LRPPRC, NDUFA1, NDUFA10, NDUFA12, NDUFA2, NDUFA9, NDUFAF2, NDUFAF5, NDUFAF6, NDUFS1, NDUFS2, NDUFS3, NDUFS4, NDUFS7, NDUFS8, NDUFV1, PC, PDHA1, PET100, SCO2, SDHAF1, SURF1, TACO1, TTC19, UQCRQ,"}]},{"@type":"WebSite","@id":"https:\/\/sistemasgenomicos.com\/en\/#website","url":"https:\/\/sistemasgenomicos.com\/en\/","name":"Sistemas Gen\u00f3micos","description":"La mayor empresa dedicada a la investigaci\u00f3n gen\u00e9tica y molecular","publisher":{"@id":"https:\/\/sistemasgenomicos.com\/en\/#organization"},"potentialAction":[{"@type":"SearchAction","target":{"@type":"EntryPoint","urlTemplate":"https:\/\/sistemasgenomicos.com\/en\/?s={search_term_string}"},"query-input":{"@type":"PropertyValueSpecification","valueRequired":true,"valueName":"search_term_string"}}],"inLanguage":"en-US"},{"@type":"Organization","@id":"https:\/\/sistemasgenomicos.com\/en\/#organization","name":"Sistemas Gen\u00f3micos","url":"https:\/\/sistemasgenomicos.com\/en\/","logo":{"@type":"ImageObject","inLanguage":"en-US","@id":"https:\/\/sistemasgenomicos.com\/en\/#\/schema\/logo\/image\/","url":"https:\/\/sistemasgenomicos.com\/wp-content\/uploads\/2022\/04\/image001-1.png","contentUrl":"https:\/\/sistemasgenomicos.com\/wp-content\/uploads\/2022\/04\/image001-1.png","width":250,"height":122,"caption":"Sistemas Gen\u00f3micos"},"image":{"@id":"https:\/\/sistemasgenomicos.com\/en\/#\/schema\/logo\/image\/"}}]}},"_links":{"self":[{"href":"https:\/\/sistemasgenomicos.com\/en\/wp-json\/wp\/v2\/product\/231599","targetHints":{"allow":["GET"]}}],"collection":[{"href":"https:\/\/sistemasgenomicos.com\/en\/wp-json\/wp\/v2\/product"}],"about":[{"href":"https:\/\/sistemasgenomicos.com\/en\/wp-json\/wp\/v2\/types\/product"}],"wp:featuredmedia":[{"embeddable":true,"href":"https:\/\/sistemasgenomicos.com\/en\/wp-json\/wp\/v2\/media\/42665"}],"wp:attachment":[{"href":"https:\/\/sistemasgenomicos.com\/en\/wp-json\/wp\/v2\/media?parent=231599"}],"wp:term":[{"taxonomy":"product_brand","embeddable":true,"href":"https:\/\/sistemasgenomicos.com\/en\/wp-json\/wp\/v2\/product_brand?post=231599"},{"taxonomy":"product_cat","embeddable":true,"href":"https:\/\/sistemasgenomicos.com\/en\/wp-json\/wp\/v2\/product_cat?post=231599"},{"taxonomy":"product_tag","embeddable":true,"href":"https:\/\/sistemasgenomicos.com\/en\/wp-json\/wp\/v2\/product_tag?post=231599"}],"curies":[{"name":"wp","href":"https:\/\/api.w.org\/{rel}","templated":true}]}}