{"id":221953,"date":"2018-10-31T02:33:31","date_gmt":"2018-12-03T02:35:42","guid":{"rendered":"https:\/\/sistemasgenomicos.digitis.net\/tienda-online\/sanger-sequencing-of-the-cdna-corresponding-to-the-nf1-gene-mrna-and-confirmation-of-variants-in-gdna\/"},"modified":"2020-09-30T06:43:40","modified_gmt":"2020-09-30T04:43:40","slug":"sanger-sequencing-of-the-cdna-corresponding-to-the-nf1-gene-mrna-and-confirmation-of-variants-in-gdna","status":"publish","type":"product","link":"https:\/\/sistemasgenomicos.com\/en\/tienda-online\/sanger-sequencing-of-the-cdna-corresponding-to-the-nf1-gene-mrna-and-confirmation-of-variants-in-gdna\/","title":{"rendered":"Sanger sequencing of the cDNA corresponding to the NF1 gene mRNA and confirmation of variants in gDNA"},"content":{"rendered":"","protected":false},"excerpt":{"rendered":"","protected":false},"featured_media":42665,"template":"","meta":[],"product_brand":[],"product_cat":[9509,9518,9514,9327,9538,9540,9546,9548],"product_tag":[22108],"class_list":{"0":"post-221953","1":"product","2":"type-product","3":"status-publish","4":"has-post-thumbnail","6":"gen-nf1","7":"product_cat-analysis-and-genetic-studies","8":"product_cat-dermatologia-diagnostico-genetico-molecularn-en","9":"product_cat-listado-de-enfermedades-en","10":"product_cat-diagnostico-genetico-molecularn-en","11":"product_cat-neurologia-diagnostico-genetico-molecularn-en","12":"product_cat-neuropediatria-diagnostico-genetico-molecularn-en","13":"product_cat-otorrinolaringologia-diagnostico-genetico-molecularn-en","14":"product_cat-pediatria-diagnostico-genetico-molecularn-en","15":"product_tag-neurofibromatosis-tipo-166-en","17":"first","18":"instock","19":"taxable","20":"shipping-taxable","21":"product-type-simple"},"acf":[],"yoast_head":"<!-- This site is optimized with the Yoast SEO plugin v27.3 - https:\/\/yoast.com\/product\/yoast-seo-wordpress\/ -->\n<title>Sanger sequencing of the cDNA corresponding to the NF1 gene mRNA and confirmation of variants in gDNA - Sistemas Gen\u00f3micos<\/title>\n<meta name=\"robots\" content=\"index, follow, max-snippet:-1, max-image-preview:large, max-video-preview:-1\" \/>\n<link rel=\"canonical\" href=\"https:\/\/sistemasgenomicos.com\/en\/tienda-online\/sanger-sequencing-of-the-cdna-corresponding-to-the-nf1-gene-mrna-and-confirmation-of-variants-in-gdna\/\" \/>\n<meta property=\"og:locale\" content=\"en_US\" \/>\n<meta property=\"og:type\" content=\"article\" \/>\n<meta property=\"og:title\" content=\"Sanger sequencing of the cDNA corresponding to the NF1 gene mRNA and confirmation of variants in gDNA - Sistemas Gen\u00f3micos\" \/>\n<meta property=\"og:url\" content=\"https:\/\/sistemasgenomicos.com\/en\/tienda-online\/sanger-sequencing-of-the-cdna-corresponding-to-the-nf1-gene-mrna-and-confirmation-of-variants-in-gdna\/\" \/>\n<meta property=\"og:site_name\" content=\"Sistemas Gen\u00f3micos\" \/>\n<meta property=\"article:modified_time\" content=\"2020-09-30T04:43:40+00:00\" \/>\n<meta property=\"og:image\" content=\"https:\/\/sistemasgenomicos.com\/wp-content\/uploads\/2018\/04\/logo-sistemas-genomicos-default-1.jpg\" \/>\n\t<meta property=\"og:image:width\" content=\"1200\" \/>\n\t<meta property=\"og:image:height\" content=\"750\" \/>\n\t<meta property=\"og:image:type\" content=\"image\/jpeg\" \/>\n<meta name=\"twitter:card\" content=\"summary_large_image\" \/>\n<script type=\"application\/ld+json\" class=\"yoast-schema-graph\">{\"@context\":\"https:\\\/\\\/schema.org\",\"@graph\":[{\"@type\":\"WebPage\",\"@id\":\"https:\\\/\\\/sistemasgenomicos.com\\\/en\\\/tienda-online\\\/sanger-sequencing-of-the-cdna-corresponding-to-the-nf1-gene-mrna-and-confirmation-of-variants-in-gdna\\\/\",\"url\":\"https:\\\/\\\/sistemasgenomicos.com\\\/en\\\/tienda-online\\\/sanger-sequencing-of-the-cdna-corresponding-to-the-nf1-gene-mrna-and-confirmation-of-variants-in-gdna\\\/\",\"name\":\"Sanger sequencing of the cDNA corresponding to the NF1 gene mRNA and confirmation of variants in gDNA - Sistemas Gen\u00f3micos\",\"isPartOf\":{\"@id\":\"https:\\\/\\\/sistemasgenomicos.com\\\/en\\\/#website\"},\"primaryImageOfPage\":{\"@id\":\"https:\\\/\\\/sistemasgenomicos.com\\\/en\\\/tienda-online\\\/sanger-sequencing-of-the-cdna-corresponding-to-the-nf1-gene-mrna-and-confirmation-of-variants-in-gdna\\\/#primaryimage\"},\"image\":{\"@id\":\"https:\\\/\\\/sistemasgenomicos.com\\\/en\\\/tienda-online\\\/sanger-sequencing-of-the-cdna-corresponding-to-the-nf1-gene-mrna-and-confirmation-of-variants-in-gdna\\\/#primaryimage\"},\"thumbnailUrl\":\"https:\\\/\\\/sistemasgenomicos.com\\\/wp-content\\\/uploads\\\/2018\\\/04\\\/logo-sistemas-genomicos-default-1.jpg\",\"datePublished\":\"2018-12-03T02:35:42+00:00\",\"dateModified\":\"2020-09-30T04:43:40+00:00\",\"breadcrumb\":{\"@id\":\"https:\\\/\\\/sistemasgenomicos.com\\\/en\\\/tienda-online\\\/sanger-sequencing-of-the-cdna-corresponding-to-the-nf1-gene-mrna-and-confirmation-of-variants-in-gdna\\\/#breadcrumb\"},\"inLanguage\":\"en-US\",\"potentialAction\":[{\"@type\":\"ReadAction\",\"target\":[\"https:\\\/\\\/sistemasgenomicos.com\\\/en\\\/tienda-online\\\/sanger-sequencing-of-the-cdna-corresponding-to-the-nf1-gene-mrna-and-confirmation-of-variants-in-gdna\\\/\"]}]},{\"@type\":\"ImageObject\",\"inLanguage\":\"en-US\",\"@id\":\"https:\\\/\\\/sistemasgenomicos.com\\\/en\\\/tienda-online\\\/sanger-sequencing-of-the-cdna-corresponding-to-the-nf1-gene-mrna-and-confirmation-of-variants-in-gdna\\\/#primaryimage\",\"url\":\"https:\\\/\\\/sistemasgenomicos.com\\\/wp-content\\\/uploads\\\/2018\\\/04\\\/logo-sistemas-genomicos-default-1.jpg\",\"contentUrl\":\"https:\\\/\\\/sistemasgenomicos.com\\\/wp-content\\\/uploads\\\/2018\\\/04\\\/logo-sistemas-genomicos-default-1.jpg\",\"width\":1200,\"height\":750},{\"@type\":\"BreadcrumbList\",\"@id\":\"https:\\\/\\\/sistemasgenomicos.com\\\/en\\\/tienda-online\\\/sanger-sequencing-of-the-cdna-corresponding-to-the-nf1-gene-mrna-and-confirmation-of-variants-in-gdna\\\/#breadcrumb\",\"itemListElement\":[{\"@type\":\"ListItem\",\"position\":1,\"name\":\"Portada\",\"item\":\"https:\\\/\\\/sistemasgenomicos.com\\\/en\\\/\"},{\"@type\":\"ListItem\",\"position\":2,\"name\":\"Tienda\",\"item\":\"https:\\\/\\\/sistemasgenomicos.com\\\/es\\\/tienda\\\/\"},{\"@type\":\"ListItem\",\"position\":3,\"name\":\"Sanger sequencing of the cDNA corresponding to the NF1 gene mRNA and confirmation of variants in gDNA\"}]},{\"@type\":\"WebSite\",\"@id\":\"https:\\\/\\\/sistemasgenomicos.com\\\/en\\\/#website\",\"url\":\"https:\\\/\\\/sistemasgenomicos.com\\\/en\\\/\",\"name\":\"Sistemas Gen\u00f3micos\",\"description\":\"La mayor empresa dedicada a la investigaci\u00f3n gen\u00e9tica y molecular\",\"publisher\":{\"@id\":\"https:\\\/\\\/sistemasgenomicos.com\\\/en\\\/#organization\"},\"potentialAction\":[{\"@type\":\"SearchAction\",\"target\":{\"@type\":\"EntryPoint\",\"urlTemplate\":\"https:\\\/\\\/sistemasgenomicos.com\\\/en\\\/?s={search_term_string}\"},\"query-input\":{\"@type\":\"PropertyValueSpecification\",\"valueRequired\":true,\"valueName\":\"search_term_string\"}}],\"inLanguage\":\"en-US\"},{\"@type\":\"Organization\",\"@id\":\"https:\\\/\\\/sistemasgenomicos.com\\\/en\\\/#organization\",\"name\":\"Sistemas Gen\u00f3micos\",\"url\":\"https:\\\/\\\/sistemasgenomicos.com\\\/en\\\/\",\"logo\":{\"@type\":\"ImageObject\",\"inLanguage\":\"en-US\",\"@id\":\"https:\\\/\\\/sistemasgenomicos.com\\\/en\\\/#\\\/schema\\\/logo\\\/image\\\/\",\"url\":\"https:\\\/\\\/sistemasgenomicos.com\\\/wp-content\\\/uploads\\\/2022\\\/04\\\/image001-1.png\",\"contentUrl\":\"https:\\\/\\\/sistemasgenomicos.com\\\/wp-content\\\/uploads\\\/2022\\\/04\\\/image001-1.png\",\"width\":250,\"height\":122,\"caption\":\"Sistemas Gen\u00f3micos\"},\"image\":{\"@id\":\"https:\\\/\\\/sistemasgenomicos.com\\\/en\\\/#\\\/schema\\\/logo\\\/image\\\/\"}}]}<\/script>\n<!-- \/ Yoast SEO plugin. -->","yoast_head_json":{"title":"Sanger sequencing of the cDNA corresponding to the NF1 gene mRNA and confirmation of variants in gDNA - Sistemas Gen\u00f3micos","robots":{"index":"index","follow":"follow","max-snippet":"max-snippet:-1","max-image-preview":"max-image-preview:large","max-video-preview":"max-video-preview:-1"},"canonical":"https:\/\/sistemasgenomicos.com\/en\/tienda-online\/sanger-sequencing-of-the-cdna-corresponding-to-the-nf1-gene-mrna-and-confirmation-of-variants-in-gdna\/","og_locale":"en_US","og_type":"article","og_title":"Sanger sequencing of the cDNA corresponding to the NF1 gene mRNA and confirmation of variants in gDNA - Sistemas Gen\u00f3micos","og_url":"https:\/\/sistemasgenomicos.com\/en\/tienda-online\/sanger-sequencing-of-the-cdna-corresponding-to-the-nf1-gene-mrna-and-confirmation-of-variants-in-gdna\/","og_site_name":"Sistemas Gen\u00f3micos","article_modified_time":"2020-09-30T04:43:40+00:00","og_image":[{"width":1200,"height":750,"url":"https:\/\/sistemasgenomicos.com\/wp-content\/uploads\/2018\/04\/logo-sistemas-genomicos-default-1.jpg","type":"image\/jpeg"}],"twitter_card":"summary_large_image","schema":{"@context":"https:\/\/schema.org","@graph":[{"@type":"WebPage","@id":"https:\/\/sistemasgenomicos.com\/en\/tienda-online\/sanger-sequencing-of-the-cdna-corresponding-to-the-nf1-gene-mrna-and-confirmation-of-variants-in-gdna\/","url":"https:\/\/sistemasgenomicos.com\/en\/tienda-online\/sanger-sequencing-of-the-cdna-corresponding-to-the-nf1-gene-mrna-and-confirmation-of-variants-in-gdna\/","name":"Sanger sequencing of the cDNA corresponding to the NF1 gene mRNA and confirmation of variants in gDNA - Sistemas Gen\u00f3micos","isPartOf":{"@id":"https:\/\/sistemasgenomicos.com\/en\/#website"},"primaryImageOfPage":{"@id":"https:\/\/sistemasgenomicos.com\/en\/tienda-online\/sanger-sequencing-of-the-cdna-corresponding-to-the-nf1-gene-mrna-and-confirmation-of-variants-in-gdna\/#primaryimage"},"image":{"@id":"https:\/\/sistemasgenomicos.com\/en\/tienda-online\/sanger-sequencing-of-the-cdna-corresponding-to-the-nf1-gene-mrna-and-confirmation-of-variants-in-gdna\/#primaryimage"},"thumbnailUrl":"https:\/\/sistemasgenomicos.com\/wp-content\/uploads\/2018\/04\/logo-sistemas-genomicos-default-1.jpg","datePublished":"2018-12-03T02:35:42+00:00","dateModified":"2020-09-30T04:43:40+00:00","breadcrumb":{"@id":"https:\/\/sistemasgenomicos.com\/en\/tienda-online\/sanger-sequencing-of-the-cdna-corresponding-to-the-nf1-gene-mrna-and-confirmation-of-variants-in-gdna\/#breadcrumb"},"inLanguage":"en-US","potentialAction":[{"@type":"ReadAction","target":["https:\/\/sistemasgenomicos.com\/en\/tienda-online\/sanger-sequencing-of-the-cdna-corresponding-to-the-nf1-gene-mrna-and-confirmation-of-variants-in-gdna\/"]}]},{"@type":"ImageObject","inLanguage":"en-US","@id":"https:\/\/sistemasgenomicos.com\/en\/tienda-online\/sanger-sequencing-of-the-cdna-corresponding-to-the-nf1-gene-mrna-and-confirmation-of-variants-in-gdna\/#primaryimage","url":"https:\/\/sistemasgenomicos.com\/wp-content\/uploads\/2018\/04\/logo-sistemas-genomicos-default-1.jpg","contentUrl":"https:\/\/sistemasgenomicos.com\/wp-content\/uploads\/2018\/04\/logo-sistemas-genomicos-default-1.jpg","width":1200,"height":750},{"@type":"BreadcrumbList","@id":"https:\/\/sistemasgenomicos.com\/en\/tienda-online\/sanger-sequencing-of-the-cdna-corresponding-to-the-nf1-gene-mrna-and-confirmation-of-variants-in-gdna\/#breadcrumb","itemListElement":[{"@type":"ListItem","position":1,"name":"Portada","item":"https:\/\/sistemasgenomicos.com\/en\/"},{"@type":"ListItem","position":2,"name":"Tienda","item":"https:\/\/sistemasgenomicos.com\/es\/tienda\/"},{"@type":"ListItem","position":3,"name":"Sanger sequencing of the cDNA corresponding to the NF1 gene mRNA and confirmation of variants in gDNA"}]},{"@type":"WebSite","@id":"https:\/\/sistemasgenomicos.com\/en\/#website","url":"https:\/\/sistemasgenomicos.com\/en\/","name":"Sistemas Gen\u00f3micos","description":"La mayor empresa dedicada a la investigaci\u00f3n gen\u00e9tica y molecular","publisher":{"@id":"https:\/\/sistemasgenomicos.com\/en\/#organization"},"potentialAction":[{"@type":"SearchAction","target":{"@type":"EntryPoint","urlTemplate":"https:\/\/sistemasgenomicos.com\/en\/?s={search_term_string}"},"query-input":{"@type":"PropertyValueSpecification","valueRequired":true,"valueName":"search_term_string"}}],"inLanguage":"en-US"},{"@type":"Organization","@id":"https:\/\/sistemasgenomicos.com\/en\/#organization","name":"Sistemas Gen\u00f3micos","url":"https:\/\/sistemasgenomicos.com\/en\/","logo":{"@type":"ImageObject","inLanguage":"en-US","@id":"https:\/\/sistemasgenomicos.com\/en\/#\/schema\/logo\/image\/","url":"https:\/\/sistemasgenomicos.com\/wp-content\/uploads\/2022\/04\/image001-1.png","contentUrl":"https:\/\/sistemasgenomicos.com\/wp-content\/uploads\/2022\/04\/image001-1.png","width":250,"height":122,"caption":"Sistemas Gen\u00f3micos"},"image":{"@id":"https:\/\/sistemasgenomicos.com\/en\/#\/schema\/logo\/image\/"}}]}},"_links":{"self":[{"href":"https:\/\/sistemasgenomicos.com\/en\/wp-json\/wp\/v2\/product\/221953","targetHints":{"allow":["GET"]}}],"collection":[{"href":"https:\/\/sistemasgenomicos.com\/en\/wp-json\/wp\/v2\/product"}],"about":[{"href":"https:\/\/sistemasgenomicos.com\/en\/wp-json\/wp\/v2\/types\/product"}],"wp:featuredmedia":[{"embeddable":true,"href":"https:\/\/sistemasgenomicos.com\/en\/wp-json\/wp\/v2\/media\/42665"}],"wp:attachment":[{"href":"https:\/\/sistemasgenomicos.com\/en\/wp-json\/wp\/v2\/media?parent=221953"}],"wp:term":[{"taxonomy":"product_brand","embeddable":true,"href":"https:\/\/sistemasgenomicos.com\/en\/wp-json\/wp\/v2\/product_brand?post=221953"},{"taxonomy":"product_cat","embeddable":true,"href":"https:\/\/sistemasgenomicos.com\/en\/wp-json\/wp\/v2\/product_cat?post=221953"},{"taxonomy":"product_tag","embeddable":true,"href":"https:\/\/sistemasgenomicos.com\/en\/wp-json\/wp\/v2\/product_tag?post=221953"}],"curies":[{"name":"wp","href":"https:\/\/api.w.org\/{rel}","templated":true}]}}