{"id":221940,"date":"2018-10-31T02:33:11","date_gmt":"2018-12-03T02:35:18","guid":{"rendered":"https:\/\/sistemasgenomicos.digitis.net\/tienda-online\/ngs-of-a-74-gene-panel-a2ml1-abcc6-abcc9-acta2-acvrl1-bmpr2-cav1-cbl-cbs-chst14-col1a1-col1a2-col3a1-col4a1-col5a1-col5a2-efemp2-eif2ak4-eln-eng-enpp1-fb\/"},"modified":"2020-09-30T06:43:35","modified_gmt":"2020-09-30T04:43:35","slug":"ngs-of-a-74-gene-panel-a2ml1-abcc6-abcc9-acta2-acvrl1-bmpr2-cav1-cbl-cbs-chst14-col1a1-col1a2-col3a1-col4a1-col5a1-col5a2-efemp2-eif2ak4-eln-eng-enpp1-fb","status":"publish","type":"product","link":"https:\/\/sistemasgenomicos.com\/en\/tienda-online\/ngs-of-a-74-gene-panel-a2ml1-abcc6-abcc9-acta2-acvrl1-bmpr2-cav1-cbl-cbs-chst14-col1a1-col1a2-col3a1-col4a1-col5a1-col5a2-efemp2-eif2ak4-eln-eng-enpp1-fb\/","title":{"rendered":"NGS of a 74-gene panel: A2ML1, ABCC6, ABCC9, ACTA2, ACVRL1, BMPR2, CAV1, CBL, CBS, CHST14, COL1A1, COL1A2, COL3A1, COL4A1, COL5A1, COL5A2, EFEMP2, EIF2AK4, ELN, ENG, ENPP1, FBLN5, FBN1, FBN2, FKBP14, FLNA, GAA, GDF2, GLMN, GUCY1A3, HRAS, HTRA1, KCNK3, KRAS, KRIT1, LOX, LRP6, LZTR1, MEF2A, MFAP5, MYH11, MYLK, NF1, NKX2-5, NOTCH1, NOTCH3, NRAS, PLOD1, PRKG1, PROC, PROS1, PTPN11, RAF1, RASA1, RASA2, RIT1, RNF213, RRAS, SLC2A10, SMAD3, SMAD4, SMAD6, SMAD9, SOS1, SOS2, SPRED1, TAB2, TEK, TGFB2, TGFB3, TGFBR1, TGFBR2, TNXB, ZNF469"},"content":{"rendered":"","protected":false},"excerpt":{"rendered":"","protected":false},"featured_media":42665,"template":"","meta":[],"product_brand":[],"product_cat":[9509,9516,9514,9327],"product_tag":[24093],"class_list":{"0":"post-221940","1":"product","2":"type-product","3":"status-publish","4":"has-post-thumbnail","6":"gen-krit1","7":"gen-eln","8":"gen-tab2","9":"gen-mylk","10":"gen-mef2a","11":"gen-abcc9","12":"gen-lrp6","13":"gen-notch3","14":"gen-plod1","15":"gen-abcc6","16":"gen-tgfb2","17":"gen-lztr1","18":"gen-sos2","19":"gen-cav1","20":"gen-fkbp14","21":"gen-tgfbr1","22":"gen-eng","23":"gen-acta2","24":"gen-col1a1","25":"gen-cbl","26":"gen-lox","27":"gen-proc","28":"gen-sos1","29":"gen-tgfb3","30":"gen-tek","31":"gen-smad9","32":"gen-rras","33":"gen-gdf2","34":"gen-eif2ak4","35":"gen-col5a1","36":"gen-raf1","37":"gen-myh11","38":"gen-kras","39":"gen-smad6","40":"gen-fbn2","41":"gen-acvrl1","42":"gen-fbln5","43":"gen-smad4","44":"gen-rit1","45":"gen-rasa1","46":"gen-notch1","47":"gen-rasa2","48":"gen-cbs","49":"gen-tgfbr2","50":"gen-gucy1a3","51":"gen-col1a2","52":"gen-htra1","53":"gen-spred1","54":"gen-fbn1","55":"gen-a2ml1","56":"gen-smad3","57":"gen-tnxb","58":"gen-col3a1","59":"gen-chst14","60":"gen-gaa","61":"gen-kcnk3","62":"gen-efemp2","63":"gen-rnf213","64":"gen-hras","65":"gen-glmn","66":"gen-ptpn11","67":"gen-nkx2-5","68":"gen-pros1","69":"gen-prkg1","70":"gen-col4a1","71":"gen-nf1","72":"gen-flna","73":"gen-slc2a10","74":"gen-enpp1","75":"gen-mfap5","76":"gen-bmpr2","77":"gen-col5a2","78":"gen-nras","79":"gen-znf469","80":"product_cat-analysis-and-genetic-studies","81":"product_cat-cardiologia-diagnostico-genetico-molecularn-en","82":"product_cat-listado-de-enfermedades-en","83":"product_cat-diagnostico-genetico-molecularn-en","84":"product_tag-trastornos-aorticos-y-vascularesc00794-en","86":"first","87":"instock","88":"taxable","89":"shipping-taxable","90":"product-type-simple"},"acf":[],"yoast_head":"<!-- This site is optimized with the Yoast SEO plugin v27.3 - https:\/\/yoast.com\/product\/yoast-seo-wordpress\/ -->\n<title>NGS\u00a0of\u00a0a\u00a074-gene\u00a0panel:\u00a0A2ML1, ABCC6, ABCC9, ACTA2, ACVRL1, BMPR2, CAV1, CBL, CBS, CHST14, COL1A1, COL1A2, COL3A1, COL4A1, COL5A1, COL5A2, EFEMP2, EIF2AK4, ELN, ENG, ENPP1, FBLN5, FBN1, FBN2, FKBP14, FLNA, GAA, GDF2, GLMN, GUCY1A3, HRAS, HTRA1, KCNK3, KRAS, KRIT1, LOX, LRP6, LZTR1, MEF2A, MFAP5, MYH11, MYLK, NF1, NKX2-5, NOTCH1, NOTCH3, NRAS, PLOD1, PRKG1, PROC, PROS1, PTPN11, RAF1, RASA1, RASA2, RIT1, RNF213, RRAS, SLC2A10, SMAD3, SMAD4, SMAD6, SMAD9, SOS1, SOS2, SPRED1, TAB2, TEK, TGFB2, TGFB3, TGFBR1, TGFBR2, TNXB, ZNF469 - Sistemas Gen\u00f3micos<\/title>\n<meta name=\"robots\" content=\"index, follow, max-snippet:-1, max-image-preview:large, max-video-preview:-1\" \/>\n<link rel=\"canonical\" href=\"https:\/\/sistemasgenomicos.com\/en\/tienda-online\/ngs-of-a-74-gene-panel-a2ml1-abcc6-abcc9-acta2-acvrl1-bmpr2-cav1-cbl-cbs-chst14-col1a1-col1a2-col3a1-col4a1-col5a1-col5a2-efemp2-eif2ak4-eln-eng-enpp1-fb\/\" \/>\n<meta property=\"og:locale\" content=\"en_US\" \/>\n<meta property=\"og:type\" content=\"article\" \/>\n<meta property=\"og:title\" content=\"NGS\u00a0of\u00a0a\u00a074-gene\u00a0panel:\u00a0A2ML1, ABCC6, ABCC9, ACTA2, ACVRL1, BMPR2, CAV1, CBL, CBS, CHST14, COL1A1, COL1A2, COL3A1, COL4A1, COL5A1, COL5A2, EFEMP2, EIF2AK4, ELN, ENG, ENPP1, FBLN5, FBN1, FBN2, FKBP14, FLNA, GAA, GDF2, GLMN, GUCY1A3, HRAS, HTRA1, KCNK3, KRAS, KRIT1, LOX, LRP6, LZTR1, MEF2A, MFAP5, MYH11, MYLK, NF1, NKX2-5, NOTCH1, NOTCH3, NRAS, PLOD1, PRKG1, PROC, PROS1, PTPN11, RAF1, RASA1, RASA2, RIT1, RNF213, RRAS, SLC2A10, SMAD3, SMAD4, SMAD6, SMAD9, SOS1, SOS2, SPRED1, TAB2, TEK, TGFB2, TGFB3, TGFBR1, TGFBR2, TNXB, ZNF469 - Sistemas Gen\u00f3micos\" \/>\n<meta property=\"og:url\" content=\"https:\/\/sistemasgenomicos.com\/en\/tienda-online\/ngs-of-a-74-gene-panel-a2ml1-abcc6-abcc9-acta2-acvrl1-bmpr2-cav1-cbl-cbs-chst14-col1a1-col1a2-col3a1-col4a1-col5a1-col5a2-efemp2-eif2ak4-eln-eng-enpp1-fb\/\" \/>\n<meta property=\"og:site_name\" content=\"Sistemas Gen\u00f3micos\" \/>\n<meta property=\"article:modified_time\" content=\"2020-09-30T04:43:35+00:00\" \/>\n<meta property=\"og:image\" content=\"https:\/\/sistemasgenomicos.com\/wp-content\/uploads\/2018\/04\/logo-sistemas-genomicos-default-1.jpg\" \/>\n\t<meta property=\"og:image:width\" content=\"1200\" \/>\n\t<meta property=\"og:image:height\" content=\"750\" \/>\n\t<meta property=\"og:image:type\" content=\"image\/jpeg\" \/>\n<meta name=\"twitter:card\" content=\"summary_large_image\" \/>\n<script type=\"application\/ld+json\" class=\"yoast-schema-graph\">{\"@context\":\"https:\\\/\\\/schema.org\",\"@graph\":[{\"@type\":\"WebPage\",\"@id\":\"https:\\\/\\\/sistemasgenomicos.com\\\/en\\\/tienda-online\\\/ngs-of-a-74-gene-panel-a2ml1-abcc6-abcc9-acta2-acvrl1-bmpr2-cav1-cbl-cbs-chst14-col1a1-col1a2-col3a1-col4a1-col5a1-col5a2-efemp2-eif2ak4-eln-eng-enpp1-fb\\\/\",\"url\":\"https:\\\/\\\/sistemasgenomicos.com\\\/en\\\/tienda-online\\\/ngs-of-a-74-gene-panel-a2ml1-abcc6-abcc9-acta2-acvrl1-bmpr2-cav1-cbl-cbs-chst14-col1a1-col1a2-col3a1-col4a1-col5a1-col5a2-efemp2-eif2ak4-eln-eng-enpp1-fb\\\/\",\"name\":\"NGS\u00a0of\u00a0a\u00a074-gene\u00a0panel:\u00a0A2ML1, ABCC6, ABCC9, ACTA2, ACVRL1, BMPR2, CAV1, CBL, CBS, CHST14, COL1A1, COL1A2, COL3A1, COL4A1, COL5A1, COL5A2, EFEMP2, EIF2AK4, ELN, ENG, ENPP1, FBLN5, FBN1, FBN2, FKBP14, FLNA, GAA, GDF2, GLMN, GUCY1A3, HRAS, HTRA1, KCNK3, KRAS, KRIT1, LOX, LRP6, LZTR1, MEF2A, MFAP5, MYH11, MYLK, NF1, NKX2-5, NOTCH1, NOTCH3, NRAS, PLOD1, PRKG1, PROC, PROS1, PTPN11, RAF1, RASA1, RASA2, RIT1, RNF213, RRAS, SLC2A10, SMAD3, SMAD4, SMAD6, SMAD9, SOS1, SOS2, SPRED1, TAB2, TEK, TGFB2, TGFB3, TGFBR1, TGFBR2, TNXB, ZNF469 - Sistemas Gen\u00f3micos\",\"isPartOf\":{\"@id\":\"https:\\\/\\\/sistemasgenomicos.com\\\/en\\\/#website\"},\"primaryImageOfPage\":{\"@id\":\"https:\\\/\\\/sistemasgenomicos.com\\\/en\\\/tienda-online\\\/ngs-of-a-74-gene-panel-a2ml1-abcc6-abcc9-acta2-acvrl1-bmpr2-cav1-cbl-cbs-chst14-col1a1-col1a2-col3a1-col4a1-col5a1-col5a2-efemp2-eif2ak4-eln-eng-enpp1-fb\\\/#primaryimage\"},\"image\":{\"@id\":\"https:\\\/\\\/sistemasgenomicos.com\\\/en\\\/tienda-online\\\/ngs-of-a-74-gene-panel-a2ml1-abcc6-abcc9-acta2-acvrl1-bmpr2-cav1-cbl-cbs-chst14-col1a1-col1a2-col3a1-col4a1-col5a1-col5a2-efemp2-eif2ak4-eln-eng-enpp1-fb\\\/#primaryimage\"},\"thumbnailUrl\":\"https:\\\/\\\/sistemasgenomicos.com\\\/wp-content\\\/uploads\\\/2018\\\/04\\\/logo-sistemas-genomicos-default-1.jpg\",\"datePublished\":\"2018-12-03T02:35:18+00:00\",\"dateModified\":\"2020-09-30T04:43:35+00:00\",\"breadcrumb\":{\"@id\":\"https:\\\/\\\/sistemasgenomicos.com\\\/en\\\/tienda-online\\\/ngs-of-a-74-gene-panel-a2ml1-abcc6-abcc9-acta2-acvrl1-bmpr2-cav1-cbl-cbs-chst14-col1a1-col1a2-col3a1-col4a1-col5a1-col5a2-efemp2-eif2ak4-eln-eng-enpp1-fb\\\/#breadcrumb\"},\"inLanguage\":\"en-US\",\"potentialAction\":[{\"@type\":\"ReadAction\",\"target\":[\"https:\\\/\\\/sistemasgenomicos.com\\\/en\\\/tienda-online\\\/ngs-of-a-74-gene-panel-a2ml1-abcc6-abcc9-acta2-acvrl1-bmpr2-cav1-cbl-cbs-chst14-col1a1-col1a2-col3a1-col4a1-col5a1-col5a2-efemp2-eif2ak4-eln-eng-enpp1-fb\\\/\"]}]},{\"@type\":\"ImageObject\",\"inLanguage\":\"en-US\",\"@id\":\"https:\\\/\\\/sistemasgenomicos.com\\\/en\\\/tienda-online\\\/ngs-of-a-74-gene-panel-a2ml1-abcc6-abcc9-acta2-acvrl1-bmpr2-cav1-cbl-cbs-chst14-col1a1-col1a2-col3a1-col4a1-col5a1-col5a2-efemp2-eif2ak4-eln-eng-enpp1-fb\\\/#primaryimage\",\"url\":\"https:\\\/\\\/sistemasgenomicos.com\\\/wp-content\\\/uploads\\\/2018\\\/04\\\/logo-sistemas-genomicos-default-1.jpg\",\"contentUrl\":\"https:\\\/\\\/sistemasgenomicos.com\\\/wp-content\\\/uploads\\\/2018\\\/04\\\/logo-sistemas-genomicos-default-1.jpg\",\"width\":1200,\"height\":750},{\"@type\":\"BreadcrumbList\",\"@id\":\"https:\\\/\\\/sistemasgenomicos.com\\\/en\\\/tienda-online\\\/ngs-of-a-74-gene-panel-a2ml1-abcc6-abcc9-acta2-acvrl1-bmpr2-cav1-cbl-cbs-chst14-col1a1-col1a2-col3a1-col4a1-col5a1-col5a2-efemp2-eif2ak4-eln-eng-enpp1-fb\\\/#breadcrumb\",\"itemListElement\":[{\"@type\":\"ListItem\",\"position\":1,\"name\":\"Portada\",\"item\":\"https:\\\/\\\/sistemasgenomicos.com\\\/en\\\/\"},{\"@type\":\"ListItem\",\"position\":2,\"name\":\"Tienda\",\"item\":\"https:\\\/\\\/sistemasgenomicos.com\\\/es\\\/tienda\\\/\"},{\"@type\":\"ListItem\",\"position\":3,\"name\":\"NGS of a 74-gene panel: A2ML1, ABCC6, ABCC9, ACTA2, ACVRL1, BMPR2, CAV1, CBL, CBS, CHST14, COL1A1, COL1A2, COL3A1, COL4A1, COL5A1, COL5A2, EFEMP2, EIF2AK4, ELN, ENG, ENPP1, FBLN5, FBN1, FBN2, FKBP14, FLNA, GAA, GDF2, GLMN, GUCY1A3, HRAS, HTRA1, KCNK3, KRAS, KRIT1, LOX, LRP6, LZTR1, MEF2A, MFAP5, MYH11, MYLK, NF1, NKX2-5, NOTCH1, NOTCH3, NRAS, PLOD1, PRKG1, PROC, PROS1, PTPN11, RAF1, RASA1, RASA2, RIT1, RNF213, RRAS, SLC2A10, SMAD3, SMAD4, SMAD6, SMAD9, SOS1, SOS2, SPRED1, TAB2, TEK, TGFB2, TGFB3, TGFBR1, TGFBR2, TNXB, ZNF469\"}]},{\"@type\":\"WebSite\",\"@id\":\"https:\\\/\\\/sistemasgenomicos.com\\\/en\\\/#website\",\"url\":\"https:\\\/\\\/sistemasgenomicos.com\\\/en\\\/\",\"name\":\"Sistemas Gen\u00f3micos\",\"description\":\"La mayor empresa dedicada a la investigaci\u00f3n gen\u00e9tica y molecular\",\"publisher\":{\"@id\":\"https:\\\/\\\/sistemasgenomicos.com\\\/en\\\/#organization\"},\"potentialAction\":[{\"@type\":\"SearchAction\",\"target\":{\"@type\":\"EntryPoint\",\"urlTemplate\":\"https:\\\/\\\/sistemasgenomicos.com\\\/en\\\/?s={search_term_string}\"},\"query-input\":{\"@type\":\"PropertyValueSpecification\",\"valueRequired\":true,\"valueName\":\"search_term_string\"}}],\"inLanguage\":\"en-US\"},{\"@type\":\"Organization\",\"@id\":\"https:\\\/\\\/sistemasgenomicos.com\\\/en\\\/#organization\",\"name\":\"Sistemas Gen\u00f3micos\",\"url\":\"https:\\\/\\\/sistemasgenomicos.com\\\/en\\\/\",\"logo\":{\"@type\":\"ImageObject\",\"inLanguage\":\"en-US\",\"@id\":\"https:\\\/\\\/sistemasgenomicos.com\\\/en\\\/#\\\/schema\\\/logo\\\/image\\\/\",\"url\":\"https:\\\/\\\/sistemasgenomicos.com\\\/wp-content\\\/uploads\\\/2022\\\/04\\\/image001-1.png\",\"contentUrl\":\"https:\\\/\\\/sistemasgenomicos.com\\\/wp-content\\\/uploads\\\/2022\\\/04\\\/image001-1.png\",\"width\":250,\"height\":122,\"caption\":\"Sistemas Gen\u00f3micos\"},\"image\":{\"@id\":\"https:\\\/\\\/sistemasgenomicos.com\\\/en\\\/#\\\/schema\\\/logo\\\/image\\\/\"}}]}<\/script>\n<!-- \/ Yoast SEO plugin. -->","yoast_head_json":{"title":"NGS\u00a0of\u00a0a\u00a074-gene\u00a0panel:\u00a0A2ML1, ABCC6, ABCC9, ACTA2, ACVRL1, BMPR2, CAV1, CBL, CBS, CHST14, COL1A1, COL1A2, COL3A1, COL4A1, COL5A1, COL5A2, EFEMP2, EIF2AK4, ELN, ENG, ENPP1, FBLN5, FBN1, FBN2, FKBP14, FLNA, GAA, GDF2, GLMN, GUCY1A3, HRAS, HTRA1, KCNK3, KRAS, KRIT1, LOX, LRP6, LZTR1, MEF2A, MFAP5, MYH11, MYLK, NF1, NKX2-5, NOTCH1, NOTCH3, NRAS, PLOD1, PRKG1, PROC, PROS1, PTPN11, RAF1, RASA1, RASA2, RIT1, RNF213, RRAS, SLC2A10, SMAD3, SMAD4, SMAD6, SMAD9, SOS1, SOS2, SPRED1, TAB2, TEK, TGFB2, TGFB3, TGFBR1, TGFBR2, TNXB, ZNF469 - Sistemas Gen\u00f3micos","robots":{"index":"index","follow":"follow","max-snippet":"max-snippet:-1","max-image-preview":"max-image-preview:large","max-video-preview":"max-video-preview:-1"},"canonical":"https:\/\/sistemasgenomicos.com\/en\/tienda-online\/ngs-of-a-74-gene-panel-a2ml1-abcc6-abcc9-acta2-acvrl1-bmpr2-cav1-cbl-cbs-chst14-col1a1-col1a2-col3a1-col4a1-col5a1-col5a2-efemp2-eif2ak4-eln-eng-enpp1-fb\/","og_locale":"en_US","og_type":"article","og_title":"NGS\u00a0of\u00a0a\u00a074-gene\u00a0panel:\u00a0A2ML1, ABCC6, ABCC9, ACTA2, ACVRL1, BMPR2, CAV1, CBL, CBS, CHST14, COL1A1, COL1A2, COL3A1, COL4A1, COL5A1, COL5A2, EFEMP2, EIF2AK4, ELN, ENG, ENPP1, FBLN5, FBN1, FBN2, FKBP14, FLNA, GAA, GDF2, GLMN, GUCY1A3, HRAS, HTRA1, KCNK3, KRAS, KRIT1, LOX, LRP6, LZTR1, MEF2A, MFAP5, MYH11, MYLK, NF1, NKX2-5, NOTCH1, NOTCH3, NRAS, PLOD1, PRKG1, PROC, PROS1, PTPN11, RAF1, RASA1, RASA2, RIT1, RNF213, RRAS, SLC2A10, SMAD3, SMAD4, SMAD6, SMAD9, SOS1, SOS2, SPRED1, TAB2, TEK, TGFB2, TGFB3, TGFBR1, TGFBR2, TNXB, ZNF469 - Sistemas Gen\u00f3micos","og_url":"https:\/\/sistemasgenomicos.com\/en\/tienda-online\/ngs-of-a-74-gene-panel-a2ml1-abcc6-abcc9-acta2-acvrl1-bmpr2-cav1-cbl-cbs-chst14-col1a1-col1a2-col3a1-col4a1-col5a1-col5a2-efemp2-eif2ak4-eln-eng-enpp1-fb\/","og_site_name":"Sistemas Gen\u00f3micos","article_modified_time":"2020-09-30T04:43:35+00:00","og_image":[{"width":1200,"height":750,"url":"https:\/\/sistemasgenomicos.com\/wp-content\/uploads\/2018\/04\/logo-sistemas-genomicos-default-1.jpg","type":"image\/jpeg"}],"twitter_card":"summary_large_image","schema":{"@context":"https:\/\/schema.org","@graph":[{"@type":"WebPage","@id":"https:\/\/sistemasgenomicos.com\/en\/tienda-online\/ngs-of-a-74-gene-panel-a2ml1-abcc6-abcc9-acta2-acvrl1-bmpr2-cav1-cbl-cbs-chst14-col1a1-col1a2-col3a1-col4a1-col5a1-col5a2-efemp2-eif2ak4-eln-eng-enpp1-fb\/","url":"https:\/\/sistemasgenomicos.com\/en\/tienda-online\/ngs-of-a-74-gene-panel-a2ml1-abcc6-abcc9-acta2-acvrl1-bmpr2-cav1-cbl-cbs-chst14-col1a1-col1a2-col3a1-col4a1-col5a1-col5a2-efemp2-eif2ak4-eln-eng-enpp1-fb\/","name":"NGS\u00a0of\u00a0a\u00a074-gene\u00a0panel:\u00a0A2ML1, ABCC6, ABCC9, ACTA2, ACVRL1, BMPR2, CAV1, CBL, CBS, CHST14, COL1A1, COL1A2, COL3A1, COL4A1, COL5A1, COL5A2, EFEMP2, EIF2AK4, ELN, ENG, ENPP1, FBLN5, FBN1, FBN2, FKBP14, FLNA, GAA, GDF2, GLMN, GUCY1A3, HRAS, HTRA1, KCNK3, KRAS, KRIT1, LOX, LRP6, LZTR1, MEF2A, MFAP5, MYH11, MYLK, NF1, NKX2-5, NOTCH1, NOTCH3, NRAS, PLOD1, PRKG1, PROC, PROS1, PTPN11, RAF1, RASA1, RASA2, RIT1, RNF213, RRAS, SLC2A10, SMAD3, SMAD4, SMAD6, SMAD9, SOS1, SOS2, SPRED1, TAB2, TEK, TGFB2, TGFB3, TGFBR1, TGFBR2, TNXB, ZNF469 - Sistemas Gen\u00f3micos","isPartOf":{"@id":"https:\/\/sistemasgenomicos.com\/en\/#website"},"primaryImageOfPage":{"@id":"https:\/\/sistemasgenomicos.com\/en\/tienda-online\/ngs-of-a-74-gene-panel-a2ml1-abcc6-abcc9-acta2-acvrl1-bmpr2-cav1-cbl-cbs-chst14-col1a1-col1a2-col3a1-col4a1-col5a1-col5a2-efemp2-eif2ak4-eln-eng-enpp1-fb\/#primaryimage"},"image":{"@id":"https:\/\/sistemasgenomicos.com\/en\/tienda-online\/ngs-of-a-74-gene-panel-a2ml1-abcc6-abcc9-acta2-acvrl1-bmpr2-cav1-cbl-cbs-chst14-col1a1-col1a2-col3a1-col4a1-col5a1-col5a2-efemp2-eif2ak4-eln-eng-enpp1-fb\/#primaryimage"},"thumbnailUrl":"https:\/\/sistemasgenomicos.com\/wp-content\/uploads\/2018\/04\/logo-sistemas-genomicos-default-1.jpg","datePublished":"2018-12-03T02:35:18+00:00","dateModified":"2020-09-30T04:43:35+00:00","breadcrumb":{"@id":"https:\/\/sistemasgenomicos.com\/en\/tienda-online\/ngs-of-a-74-gene-panel-a2ml1-abcc6-abcc9-acta2-acvrl1-bmpr2-cav1-cbl-cbs-chst14-col1a1-col1a2-col3a1-col4a1-col5a1-col5a2-efemp2-eif2ak4-eln-eng-enpp1-fb\/#breadcrumb"},"inLanguage":"en-US","potentialAction":[{"@type":"ReadAction","target":["https:\/\/sistemasgenomicos.com\/en\/tienda-online\/ngs-of-a-74-gene-panel-a2ml1-abcc6-abcc9-acta2-acvrl1-bmpr2-cav1-cbl-cbs-chst14-col1a1-col1a2-col3a1-col4a1-col5a1-col5a2-efemp2-eif2ak4-eln-eng-enpp1-fb\/"]}]},{"@type":"ImageObject","inLanguage":"en-US","@id":"https:\/\/sistemasgenomicos.com\/en\/tienda-online\/ngs-of-a-74-gene-panel-a2ml1-abcc6-abcc9-acta2-acvrl1-bmpr2-cav1-cbl-cbs-chst14-col1a1-col1a2-col3a1-col4a1-col5a1-col5a2-efemp2-eif2ak4-eln-eng-enpp1-fb\/#primaryimage","url":"https:\/\/sistemasgenomicos.com\/wp-content\/uploads\/2018\/04\/logo-sistemas-genomicos-default-1.jpg","contentUrl":"https:\/\/sistemasgenomicos.com\/wp-content\/uploads\/2018\/04\/logo-sistemas-genomicos-default-1.jpg","width":1200,"height":750},{"@type":"BreadcrumbList","@id":"https:\/\/sistemasgenomicos.com\/en\/tienda-online\/ngs-of-a-74-gene-panel-a2ml1-abcc6-abcc9-acta2-acvrl1-bmpr2-cav1-cbl-cbs-chst14-col1a1-col1a2-col3a1-col4a1-col5a1-col5a2-efemp2-eif2ak4-eln-eng-enpp1-fb\/#breadcrumb","itemListElement":[{"@type":"ListItem","position":1,"name":"Portada","item":"https:\/\/sistemasgenomicos.com\/en\/"},{"@type":"ListItem","position":2,"name":"Tienda","item":"https:\/\/sistemasgenomicos.com\/es\/tienda\/"},{"@type":"ListItem","position":3,"name":"NGS of a 74-gene panel: A2ML1, ABCC6, ABCC9, ACTA2, ACVRL1, BMPR2, CAV1, CBL, CBS, CHST14, COL1A1, COL1A2, COL3A1, COL4A1, COL5A1, COL5A2, EFEMP2, EIF2AK4, ELN, ENG, ENPP1, FBLN5, FBN1, FBN2, FKBP14, FLNA, GAA, GDF2, GLMN, GUCY1A3, HRAS, HTRA1, KCNK3, KRAS, KRIT1, LOX, LRP6, LZTR1, MEF2A, MFAP5, MYH11, MYLK, NF1, NKX2-5, NOTCH1, NOTCH3, NRAS, PLOD1, PRKG1, PROC, PROS1, PTPN11, RAF1, RASA1, RASA2, RIT1, RNF213, RRAS, SLC2A10, SMAD3, SMAD4, SMAD6, SMAD9, SOS1, SOS2, SPRED1, TAB2, TEK, TGFB2, TGFB3, TGFBR1, TGFBR2, TNXB, ZNF469"}]},{"@type":"WebSite","@id":"https:\/\/sistemasgenomicos.com\/en\/#website","url":"https:\/\/sistemasgenomicos.com\/en\/","name":"Sistemas Gen\u00f3micos","description":"La mayor empresa dedicada a la investigaci\u00f3n gen\u00e9tica y molecular","publisher":{"@id":"https:\/\/sistemasgenomicos.com\/en\/#organization"},"potentialAction":[{"@type":"SearchAction","target":{"@type":"EntryPoint","urlTemplate":"https:\/\/sistemasgenomicos.com\/en\/?s={search_term_string}"},"query-input":{"@type":"PropertyValueSpecification","valueRequired":true,"valueName":"search_term_string"}}],"inLanguage":"en-US"},{"@type":"Organization","@id":"https:\/\/sistemasgenomicos.com\/en\/#organization","name":"Sistemas Gen\u00f3micos","url":"https:\/\/sistemasgenomicos.com\/en\/","logo":{"@type":"ImageObject","inLanguage":"en-US","@id":"https:\/\/sistemasgenomicos.com\/en\/#\/schema\/logo\/image\/","url":"https:\/\/sistemasgenomicos.com\/wp-content\/uploads\/2022\/04\/image001-1.png","contentUrl":"https:\/\/sistemasgenomicos.com\/wp-content\/uploads\/2022\/04\/image001-1.png","width":250,"height":122,"caption":"Sistemas Gen\u00f3micos"},"image":{"@id":"https:\/\/sistemasgenomicos.com\/en\/#\/schema\/logo\/image\/"}}]}},"_links":{"self":[{"href":"https:\/\/sistemasgenomicos.com\/en\/wp-json\/wp\/v2\/product\/221940","targetHints":{"allow":["GET"]}}],"collection":[{"href":"https:\/\/sistemasgenomicos.com\/en\/wp-json\/wp\/v2\/product"}],"about":[{"href":"https:\/\/sistemasgenomicos.com\/en\/wp-json\/wp\/v2\/types\/product"}],"wp:featuredmedia":[{"embeddable":true,"href":"https:\/\/sistemasgenomicos.com\/en\/wp-json\/wp\/v2\/media\/42665"}],"wp:attachment":[{"href":"https:\/\/sistemasgenomicos.com\/en\/wp-json\/wp\/v2\/media?parent=221940"}],"wp:term":[{"taxonomy":"product_brand","embeddable":true,"href":"https:\/\/sistemasgenomicos.com\/en\/wp-json\/wp\/v2\/product_brand?post=221940"},{"taxonomy":"product_cat","embeddable":true,"href":"https:\/\/sistemasgenomicos.com\/en\/wp-json\/wp\/v2\/product_cat?post=221940"},{"taxonomy":"product_tag","embeddable":true,"href":"https:\/\/sistemasgenomicos.com\/en\/wp-json\/wp\/v2\/product_tag?post=221940"}],"curies":[{"name":"wp","href":"https:\/\/api.w.org\/{rel}","templated":true}]}}