{"id":221927,"date":"2018-10-31T02:32:54","date_gmt":"2018-12-03T02:34:53","guid":{"rendered":"https:\/\/sistemasgenomicos.digitis.net\/tienda-online\/ngs-of-a-50-gene-panel-abcc9-actc1-actn2-ankrd1-bag3-cryab-csrp3-des-dmd-dsg2-dsp-emd-eya4-fhl1-fhl2-fhod3-fkrp-fktn-flnc-gaa-gatad1-gbe1-ilk-lama4-la\/"},"modified":"2020-09-30T06:43:31","modified_gmt":"2020-09-30T04:43:31","slug":"ngs-of-a-50-gene-panel-abcc9-actc1-actn2-ankrd1-bag3-cryab-csrp3-des-dmd-dsg2-dsp-emd-eya4-fhl1-fhl2-fhod3-fkrp-fktn-flnc-gaa-gatad1-gbe1-ilk-lama4-la","status":"publish","type":"product","link":"https:\/\/sistemasgenomicos.com\/en\/tienda-online\/ngs-of-a-50-gene-panel-abcc9-actc1-actn2-ankrd1-bag3-cryab-csrp3-des-dmd-dsg2-dsp-emd-eya4-fhl1-fhl2-fhod3-fkrp-fktn-flnc-gaa-gatad1-gbe1-ilk-lama4-la\/","title":{"rendered":"NGS of a 50-gene panel: ABCC9, ACTC1, ACTN2, ANKRD1, BAG3, CRYAB, CSRP3, DES, DMD, DSG2, DSP, EMD, EYA4, FHL1, FHL2, FHOD3, FKRP, FKTN, FLNC, GAA, GATAD1, GBE1, ILK, LAMA4, LAMP2, LDB3, LMNA, MYBPC3, MYH6, MYH7, MYL2, MYPN, NEBL, NEXN, PLN, PRDM16, PSEN1, PSEN2, RAF1, RBM20, SCN5A, SDHA, SGCD, SYNE1, SYNE2, TAZ, TMPO, TNNC1, TNNI3, TNNI3K, TNNT2, TPM1, TTN, TTR, VCL, XK"},"content":{"rendered":"","protected":false},"excerpt":{"rendered":"","protected":false},"featured_media":42665,"template":"","meta":[],"product_brand":[],"product_cat":[9509,9516,9554,9329,9530,9514,9327],"product_tag":[21194],"class_list":{"0":"post-221927","1":"product","2":"type-product","3":"status-publish","4":"has-post-thumbnail","6":"gen-lamp2","7":"gen-fhl1","8":"gen-vcl","9":"gen-dsg2","10":"gen-xk","11":"gen-syne2","12":"gen-abcc9","13":"gen-sdha","14":"gen-actn2","15":"gen-nebl","16":"gen-psen1","17":"gen-myh7","18":"gen-dsp","19":"gen-emd","20":"gen-taz","21":"gen-fktn","22":"gen-cryab","23":"gen-myl2","24":"gen-eya4","25":"gen-lama4","26":"gen-gbe1","27":"gen-tnnc1","28":"gen-fhl2","29":"gen-tnni3k","30":"gen-tnnt2","31":"gen-ttr","32":"gen-tmpo","33":"gen-ldb3","34":"gen-flnc","35":"gen-csrp3","36":"gen-tnni3","37":"gen-syne1","38":"gen-raf1","39":"gen-mybpc3","40":"gen-fhod3","41":"gen-mypn","42":"gen-tpm1","43":"gen-prdm16","44":"gen-psen2","45":"gen-ankrd1","46":"gen-bag3","47":"gen-ttn","48":"gen-gatad1","49":"gen-actc1","50":"gen-lmna","51":"gen-nexn","52":"gen-ilk","53":"gen-sgcd","54":"gen-gaa","55":"gen-des","56":"gen-fkrp","57":"gen-scn5a","58":"gen-myh6","59":"gen-pln","60":"gen-dmd","61":"gen-rbm20","62":"product_cat-analysis-and-genetic-studies","63":"product_cat-cardiologia-diagnostico-genetico-molecularn-en","64":"product_cat-paneles-de-cardiologia-diagnostico-genetico-por-secuenciacion-masivan-en","65":"product_cat-diagnostico-genetico-por-secuenciacion-masivan-en","66":"product_cat-medicina-interna-diagnostico-genetico-molecularn-en","67":"product_cat-listado-de-enfermedades-en","68":"product_cat-diagnostico-genetico-molecularn-en","69":"product_tag-miocardiopatia-dilatada199-en","71":"first","72":"instock","73":"taxable","74":"shipping-taxable","75":"product-type-simple"},"acf":[],"yoast_head":"<!-- This site is optimized with the Yoast SEO plugin v27.4 - https:\/\/yoast.com\/product\/yoast-seo-wordpress\/ -->\n<title>NGS\u00a0of\u00a0a\u00a050-gene\u00a0panel:\u00a0ABCC9, ACTC1, ACTN2, ANKRD1, BAG3, CRYAB, CSRP3, DES, DMD, DSG2, DSP, EMD, EYA4, FHL1, FHL2, FHOD3, FKRP, FKTN, FLNC, GAA, GATAD1, GBE1, ILK, LAMA4, LAMP2, LDB3, LMNA, MYBPC3, MYH6, MYH7, MYL2, MYPN, NEBL, NEXN, PLN, PRDM16, PSEN1, PSEN2, RAF1, RBM20, SCN5A, SDHA, SGCD, SYNE1, SYNE2, TAZ, TMPO, TNNC1, TNNI3, TNNI3K, TNNT2, TPM1, TTN, TTR, VCL, XK - Sistemas Gen\u00f3micos<\/title>\n<meta name=\"robots\" content=\"index, follow, max-snippet:-1, max-image-preview:large, max-video-preview:-1\" \/>\n<link rel=\"canonical\" href=\"https:\/\/sistemasgenomicos.com\/en\/tienda-online\/ngs-of-a-50-gene-panel-abcc9-actc1-actn2-ankrd1-bag3-cryab-csrp3-des-dmd-dsg2-dsp-emd-eya4-fhl1-fhl2-fhod3-fkrp-fktn-flnc-gaa-gatad1-gbe1-ilk-lama4-la\/\" \/>\n<meta property=\"og:locale\" content=\"en_US\" \/>\n<meta property=\"og:type\" content=\"article\" \/>\n<meta property=\"og:title\" content=\"NGS\u00a0of\u00a0a\u00a050-gene\u00a0panel:\u00a0ABCC9, ACTC1, ACTN2, ANKRD1, BAG3, CRYAB, CSRP3, DES, DMD, DSG2, DSP, EMD, EYA4, FHL1, FHL2, FHOD3, FKRP, FKTN, FLNC, GAA, GATAD1, GBE1, ILK, LAMA4, LAMP2, LDB3, LMNA, MYBPC3, MYH6, MYH7, MYL2, MYPN, NEBL, NEXN, PLN, PRDM16, PSEN1, PSEN2, RAF1, RBM20, SCN5A, SDHA, SGCD, SYNE1, SYNE2, TAZ, TMPO, TNNC1, TNNI3, TNNI3K, TNNT2, TPM1, TTN, TTR, VCL, XK - Sistemas Gen\u00f3micos\" \/>\n<meta property=\"og:url\" content=\"https:\/\/sistemasgenomicos.com\/en\/tienda-online\/ngs-of-a-50-gene-panel-abcc9-actc1-actn2-ankrd1-bag3-cryab-csrp3-des-dmd-dsg2-dsp-emd-eya4-fhl1-fhl2-fhod3-fkrp-fktn-flnc-gaa-gatad1-gbe1-ilk-lama4-la\/\" \/>\n<meta property=\"og:site_name\" content=\"Sistemas Gen\u00f3micos\" \/>\n<meta property=\"article:modified_time\" content=\"2020-09-30T04:43:31+00:00\" \/>\n<meta property=\"og:image\" content=\"https:\/\/sistemasgenomicos.com\/wp-content\/uploads\/2018\/04\/logo-sistemas-genomicos-default-1.jpg\" \/>\n\t<meta property=\"og:image:width\" content=\"1200\" \/>\n\t<meta property=\"og:image:height\" content=\"750\" \/>\n\t<meta property=\"og:image:type\" content=\"image\/jpeg\" \/>\n<meta name=\"twitter:card\" content=\"summary_large_image\" \/>\n<script type=\"application\/ld+json\" class=\"yoast-schema-graph\">{\"@context\":\"https:\\\/\\\/schema.org\",\"@graph\":[{\"@type\":\"WebPage\",\"@id\":\"https:\\\/\\\/sistemasgenomicos.com\\\/en\\\/tienda-online\\\/ngs-of-a-50-gene-panel-abcc9-actc1-actn2-ankrd1-bag3-cryab-csrp3-des-dmd-dsg2-dsp-emd-eya4-fhl1-fhl2-fhod3-fkrp-fktn-flnc-gaa-gatad1-gbe1-ilk-lama4-la\\\/\",\"url\":\"https:\\\/\\\/sistemasgenomicos.com\\\/en\\\/tienda-online\\\/ngs-of-a-50-gene-panel-abcc9-actc1-actn2-ankrd1-bag3-cryab-csrp3-des-dmd-dsg2-dsp-emd-eya4-fhl1-fhl2-fhod3-fkrp-fktn-flnc-gaa-gatad1-gbe1-ilk-lama4-la\\\/\",\"name\":\"NGS\u00a0of\u00a0a\u00a050-gene\u00a0panel:\u00a0ABCC9, ACTC1, ACTN2, ANKRD1, BAG3, CRYAB, CSRP3, DES, DMD, DSG2, DSP, EMD, EYA4, FHL1, FHL2, FHOD3, FKRP, FKTN, FLNC, GAA, GATAD1, GBE1, ILK, LAMA4, LAMP2, LDB3, LMNA, MYBPC3, MYH6, MYH7, MYL2, MYPN, NEBL, NEXN, PLN, PRDM16, PSEN1, PSEN2, RAF1, RBM20, SCN5A, SDHA, SGCD, SYNE1, SYNE2, TAZ, TMPO, TNNC1, TNNI3, TNNI3K, TNNT2, TPM1, TTN, TTR, VCL, XK - Sistemas Gen\u00f3micos\",\"isPartOf\":{\"@id\":\"https:\\\/\\\/sistemasgenomicos.com\\\/en\\\/#website\"},\"primaryImageOfPage\":{\"@id\":\"https:\\\/\\\/sistemasgenomicos.com\\\/en\\\/tienda-online\\\/ngs-of-a-50-gene-panel-abcc9-actc1-actn2-ankrd1-bag3-cryab-csrp3-des-dmd-dsg2-dsp-emd-eya4-fhl1-fhl2-fhod3-fkrp-fktn-flnc-gaa-gatad1-gbe1-ilk-lama4-la\\\/#primaryimage\"},\"image\":{\"@id\":\"https:\\\/\\\/sistemasgenomicos.com\\\/en\\\/tienda-online\\\/ngs-of-a-50-gene-panel-abcc9-actc1-actn2-ankrd1-bag3-cryab-csrp3-des-dmd-dsg2-dsp-emd-eya4-fhl1-fhl2-fhod3-fkrp-fktn-flnc-gaa-gatad1-gbe1-ilk-lama4-la\\\/#primaryimage\"},\"thumbnailUrl\":\"https:\\\/\\\/sistemasgenomicos.com\\\/wp-content\\\/uploads\\\/2018\\\/04\\\/logo-sistemas-genomicos-default-1.jpg\",\"datePublished\":\"2018-12-03T02:34:53+00:00\",\"dateModified\":\"2020-09-30T04:43:31+00:00\",\"breadcrumb\":{\"@id\":\"https:\\\/\\\/sistemasgenomicos.com\\\/en\\\/tienda-online\\\/ngs-of-a-50-gene-panel-abcc9-actc1-actn2-ankrd1-bag3-cryab-csrp3-des-dmd-dsg2-dsp-emd-eya4-fhl1-fhl2-fhod3-fkrp-fktn-flnc-gaa-gatad1-gbe1-ilk-lama4-la\\\/#breadcrumb\"},\"inLanguage\":\"en-US\",\"potentialAction\":[{\"@type\":\"ReadAction\",\"target\":[\"https:\\\/\\\/sistemasgenomicos.com\\\/en\\\/tienda-online\\\/ngs-of-a-50-gene-panel-abcc9-actc1-actn2-ankrd1-bag3-cryab-csrp3-des-dmd-dsg2-dsp-emd-eya4-fhl1-fhl2-fhod3-fkrp-fktn-flnc-gaa-gatad1-gbe1-ilk-lama4-la\\\/\"]}]},{\"@type\":\"ImageObject\",\"inLanguage\":\"en-US\",\"@id\":\"https:\\\/\\\/sistemasgenomicos.com\\\/en\\\/tienda-online\\\/ngs-of-a-50-gene-panel-abcc9-actc1-actn2-ankrd1-bag3-cryab-csrp3-des-dmd-dsg2-dsp-emd-eya4-fhl1-fhl2-fhod3-fkrp-fktn-flnc-gaa-gatad1-gbe1-ilk-lama4-la\\\/#primaryimage\",\"url\":\"https:\\\/\\\/sistemasgenomicos.com\\\/wp-content\\\/uploads\\\/2018\\\/04\\\/logo-sistemas-genomicos-default-1.jpg\",\"contentUrl\":\"https:\\\/\\\/sistemasgenomicos.com\\\/wp-content\\\/uploads\\\/2018\\\/04\\\/logo-sistemas-genomicos-default-1.jpg\",\"width\":1200,\"height\":750},{\"@type\":\"BreadcrumbList\",\"@id\":\"https:\\\/\\\/sistemasgenomicos.com\\\/en\\\/tienda-online\\\/ngs-of-a-50-gene-panel-abcc9-actc1-actn2-ankrd1-bag3-cryab-csrp3-des-dmd-dsg2-dsp-emd-eya4-fhl1-fhl2-fhod3-fkrp-fktn-flnc-gaa-gatad1-gbe1-ilk-lama4-la\\\/#breadcrumb\",\"itemListElement\":[{\"@type\":\"ListItem\",\"position\":1,\"name\":\"Portada\",\"item\":\"https:\\\/\\\/sistemasgenomicos.com\\\/en\\\/\"},{\"@type\":\"ListItem\",\"position\":2,\"name\":\"Tienda\",\"item\":\"https:\\\/\\\/sistemasgenomicos.com\\\/es\\\/tienda\\\/\"},{\"@type\":\"ListItem\",\"position\":3,\"name\":\"NGS of a 50-gene panel: ABCC9, ACTC1, ACTN2, ANKRD1, BAG3, CRYAB, CSRP3, DES, DMD, DSG2, DSP, EMD, EYA4, FHL1, FHL2, FHOD3, FKRP, FKTN, FLNC, GAA, GATAD1, GBE1, ILK, LAMA4, LAMP2, LDB3, LMNA, MYBPC3, MYH6, MYH7, MYL2, MYPN, NEBL, NEXN, PLN, PRDM16, PSEN1, PSEN2, RAF1, RBM20, SCN5A, SDHA, SGCD, SYNE1, SYNE2, TAZ, TMPO, TNNC1, TNNI3, TNNI3K, TNNT2, TPM1, TTN, TTR, VCL, XK\"}]},{\"@type\":\"WebSite\",\"@id\":\"https:\\\/\\\/sistemasgenomicos.com\\\/en\\\/#website\",\"url\":\"https:\\\/\\\/sistemasgenomicos.com\\\/en\\\/\",\"name\":\"Sistemas Gen\u00f3micos\",\"description\":\"La mayor empresa dedicada a la investigaci\u00f3n gen\u00e9tica y molecular\",\"publisher\":{\"@id\":\"https:\\\/\\\/sistemasgenomicos.com\\\/en\\\/#organization\"},\"potentialAction\":[{\"@type\":\"SearchAction\",\"target\":{\"@type\":\"EntryPoint\",\"urlTemplate\":\"https:\\\/\\\/sistemasgenomicos.com\\\/en\\\/?s={search_term_string}\"},\"query-input\":{\"@type\":\"PropertyValueSpecification\",\"valueRequired\":true,\"valueName\":\"search_term_string\"}}],\"inLanguage\":\"en-US\"},{\"@type\":\"Organization\",\"@id\":\"https:\\\/\\\/sistemasgenomicos.com\\\/en\\\/#organization\",\"name\":\"Sistemas Gen\u00f3micos\",\"url\":\"https:\\\/\\\/sistemasgenomicos.com\\\/en\\\/\",\"logo\":{\"@type\":\"ImageObject\",\"inLanguage\":\"en-US\",\"@id\":\"https:\\\/\\\/sistemasgenomicos.com\\\/en\\\/#\\\/schema\\\/logo\\\/image\\\/\",\"url\":\"https:\\\/\\\/sistemasgenomicos.com\\\/wp-content\\\/uploads\\\/2022\\\/04\\\/image001-1.png\",\"contentUrl\":\"https:\\\/\\\/sistemasgenomicos.com\\\/wp-content\\\/uploads\\\/2022\\\/04\\\/image001-1.png\",\"width\":250,\"height\":122,\"caption\":\"Sistemas Gen\u00f3micos\"},\"image\":{\"@id\":\"https:\\\/\\\/sistemasgenomicos.com\\\/en\\\/#\\\/schema\\\/logo\\\/image\\\/\"}}]}<\/script>\n<!-- \/ Yoast SEO plugin. -->","yoast_head_json":{"title":"NGS\u00a0of\u00a0a\u00a050-gene\u00a0panel:\u00a0ABCC9, ACTC1, ACTN2, ANKRD1, BAG3, CRYAB, CSRP3, DES, DMD, DSG2, DSP, EMD, EYA4, FHL1, FHL2, FHOD3, FKRP, FKTN, FLNC, GAA, GATAD1, GBE1, ILK, LAMA4, LAMP2, LDB3, LMNA, MYBPC3, MYH6, MYH7, MYL2, MYPN, NEBL, NEXN, PLN, PRDM16, PSEN1, PSEN2, RAF1, RBM20, SCN5A, SDHA, SGCD, SYNE1, SYNE2, TAZ, TMPO, TNNC1, TNNI3, TNNI3K, TNNT2, TPM1, TTN, TTR, VCL, XK - Sistemas Gen\u00f3micos","robots":{"index":"index","follow":"follow","max-snippet":"max-snippet:-1","max-image-preview":"max-image-preview:large","max-video-preview":"max-video-preview:-1"},"canonical":"https:\/\/sistemasgenomicos.com\/en\/tienda-online\/ngs-of-a-50-gene-panel-abcc9-actc1-actn2-ankrd1-bag3-cryab-csrp3-des-dmd-dsg2-dsp-emd-eya4-fhl1-fhl2-fhod3-fkrp-fktn-flnc-gaa-gatad1-gbe1-ilk-lama4-la\/","og_locale":"en_US","og_type":"article","og_title":"NGS\u00a0of\u00a0a\u00a050-gene\u00a0panel:\u00a0ABCC9, ACTC1, ACTN2, ANKRD1, BAG3, CRYAB, CSRP3, DES, DMD, DSG2, DSP, EMD, EYA4, FHL1, FHL2, FHOD3, FKRP, FKTN, FLNC, GAA, GATAD1, GBE1, ILK, LAMA4, LAMP2, LDB3, LMNA, MYBPC3, MYH6, MYH7, MYL2, MYPN, NEBL, NEXN, PLN, PRDM16, PSEN1, PSEN2, RAF1, RBM20, SCN5A, SDHA, SGCD, SYNE1, SYNE2, TAZ, TMPO, TNNC1, TNNI3, TNNI3K, TNNT2, TPM1, TTN, TTR, VCL, XK - Sistemas Gen\u00f3micos","og_url":"https:\/\/sistemasgenomicos.com\/en\/tienda-online\/ngs-of-a-50-gene-panel-abcc9-actc1-actn2-ankrd1-bag3-cryab-csrp3-des-dmd-dsg2-dsp-emd-eya4-fhl1-fhl2-fhod3-fkrp-fktn-flnc-gaa-gatad1-gbe1-ilk-lama4-la\/","og_site_name":"Sistemas Gen\u00f3micos","article_modified_time":"2020-09-30T04:43:31+00:00","og_image":[{"width":1200,"height":750,"url":"https:\/\/sistemasgenomicos.com\/wp-content\/uploads\/2018\/04\/logo-sistemas-genomicos-default-1.jpg","type":"image\/jpeg"}],"twitter_card":"summary_large_image","schema":{"@context":"https:\/\/schema.org","@graph":[{"@type":"WebPage","@id":"https:\/\/sistemasgenomicos.com\/en\/tienda-online\/ngs-of-a-50-gene-panel-abcc9-actc1-actn2-ankrd1-bag3-cryab-csrp3-des-dmd-dsg2-dsp-emd-eya4-fhl1-fhl2-fhod3-fkrp-fktn-flnc-gaa-gatad1-gbe1-ilk-lama4-la\/","url":"https:\/\/sistemasgenomicos.com\/en\/tienda-online\/ngs-of-a-50-gene-panel-abcc9-actc1-actn2-ankrd1-bag3-cryab-csrp3-des-dmd-dsg2-dsp-emd-eya4-fhl1-fhl2-fhod3-fkrp-fktn-flnc-gaa-gatad1-gbe1-ilk-lama4-la\/","name":"NGS\u00a0of\u00a0a\u00a050-gene\u00a0panel:\u00a0ABCC9, ACTC1, ACTN2, ANKRD1, BAG3, CRYAB, CSRP3, DES, DMD, DSG2, DSP, EMD, EYA4, FHL1, FHL2, FHOD3, FKRP, FKTN, FLNC, GAA, GATAD1, GBE1, ILK, LAMA4, LAMP2, LDB3, LMNA, MYBPC3, MYH6, MYH7, MYL2, MYPN, NEBL, NEXN, PLN, PRDM16, PSEN1, PSEN2, RAF1, RBM20, SCN5A, SDHA, SGCD, SYNE1, SYNE2, TAZ, TMPO, TNNC1, TNNI3, TNNI3K, TNNT2, TPM1, TTN, TTR, VCL, XK - Sistemas Gen\u00f3micos","isPartOf":{"@id":"https:\/\/sistemasgenomicos.com\/en\/#website"},"primaryImageOfPage":{"@id":"https:\/\/sistemasgenomicos.com\/en\/tienda-online\/ngs-of-a-50-gene-panel-abcc9-actc1-actn2-ankrd1-bag3-cryab-csrp3-des-dmd-dsg2-dsp-emd-eya4-fhl1-fhl2-fhod3-fkrp-fktn-flnc-gaa-gatad1-gbe1-ilk-lama4-la\/#primaryimage"},"image":{"@id":"https:\/\/sistemasgenomicos.com\/en\/tienda-online\/ngs-of-a-50-gene-panel-abcc9-actc1-actn2-ankrd1-bag3-cryab-csrp3-des-dmd-dsg2-dsp-emd-eya4-fhl1-fhl2-fhod3-fkrp-fktn-flnc-gaa-gatad1-gbe1-ilk-lama4-la\/#primaryimage"},"thumbnailUrl":"https:\/\/sistemasgenomicos.com\/wp-content\/uploads\/2018\/04\/logo-sistemas-genomicos-default-1.jpg","datePublished":"2018-12-03T02:34:53+00:00","dateModified":"2020-09-30T04:43:31+00:00","breadcrumb":{"@id":"https:\/\/sistemasgenomicos.com\/en\/tienda-online\/ngs-of-a-50-gene-panel-abcc9-actc1-actn2-ankrd1-bag3-cryab-csrp3-des-dmd-dsg2-dsp-emd-eya4-fhl1-fhl2-fhod3-fkrp-fktn-flnc-gaa-gatad1-gbe1-ilk-lama4-la\/#breadcrumb"},"inLanguage":"en-US","potentialAction":[{"@type":"ReadAction","target":["https:\/\/sistemasgenomicos.com\/en\/tienda-online\/ngs-of-a-50-gene-panel-abcc9-actc1-actn2-ankrd1-bag3-cryab-csrp3-des-dmd-dsg2-dsp-emd-eya4-fhl1-fhl2-fhod3-fkrp-fktn-flnc-gaa-gatad1-gbe1-ilk-lama4-la\/"]}]},{"@type":"ImageObject","inLanguage":"en-US","@id":"https:\/\/sistemasgenomicos.com\/en\/tienda-online\/ngs-of-a-50-gene-panel-abcc9-actc1-actn2-ankrd1-bag3-cryab-csrp3-des-dmd-dsg2-dsp-emd-eya4-fhl1-fhl2-fhod3-fkrp-fktn-flnc-gaa-gatad1-gbe1-ilk-lama4-la\/#primaryimage","url":"https:\/\/sistemasgenomicos.com\/wp-content\/uploads\/2018\/04\/logo-sistemas-genomicos-default-1.jpg","contentUrl":"https:\/\/sistemasgenomicos.com\/wp-content\/uploads\/2018\/04\/logo-sistemas-genomicos-default-1.jpg","width":1200,"height":750},{"@type":"BreadcrumbList","@id":"https:\/\/sistemasgenomicos.com\/en\/tienda-online\/ngs-of-a-50-gene-panel-abcc9-actc1-actn2-ankrd1-bag3-cryab-csrp3-des-dmd-dsg2-dsp-emd-eya4-fhl1-fhl2-fhod3-fkrp-fktn-flnc-gaa-gatad1-gbe1-ilk-lama4-la\/#breadcrumb","itemListElement":[{"@type":"ListItem","position":1,"name":"Portada","item":"https:\/\/sistemasgenomicos.com\/en\/"},{"@type":"ListItem","position":2,"name":"Tienda","item":"https:\/\/sistemasgenomicos.com\/es\/tienda\/"},{"@type":"ListItem","position":3,"name":"NGS of a 50-gene panel: ABCC9, ACTC1, ACTN2, ANKRD1, BAG3, CRYAB, CSRP3, DES, DMD, DSG2, DSP, EMD, EYA4, FHL1, FHL2, FHOD3, FKRP, FKTN, FLNC, GAA, GATAD1, GBE1, ILK, LAMA4, LAMP2, LDB3, LMNA, MYBPC3, MYH6, MYH7, MYL2, MYPN, NEBL, NEXN, PLN, PRDM16, PSEN1, PSEN2, RAF1, RBM20, SCN5A, SDHA, SGCD, SYNE1, SYNE2, TAZ, TMPO, TNNC1, TNNI3, TNNI3K, TNNT2, TPM1, TTN, TTR, VCL, XK"}]},{"@type":"WebSite","@id":"https:\/\/sistemasgenomicos.com\/en\/#website","url":"https:\/\/sistemasgenomicos.com\/en\/","name":"Sistemas Gen\u00f3micos","description":"La mayor empresa dedicada a la investigaci\u00f3n gen\u00e9tica y molecular","publisher":{"@id":"https:\/\/sistemasgenomicos.com\/en\/#organization"},"potentialAction":[{"@type":"SearchAction","target":{"@type":"EntryPoint","urlTemplate":"https:\/\/sistemasgenomicos.com\/en\/?s={search_term_string}"},"query-input":{"@type":"PropertyValueSpecification","valueRequired":true,"valueName":"search_term_string"}}],"inLanguage":"en-US"},{"@type":"Organization","@id":"https:\/\/sistemasgenomicos.com\/en\/#organization","name":"Sistemas Gen\u00f3micos","url":"https:\/\/sistemasgenomicos.com\/en\/","logo":{"@type":"ImageObject","inLanguage":"en-US","@id":"https:\/\/sistemasgenomicos.com\/en\/#\/schema\/logo\/image\/","url":"https:\/\/sistemasgenomicos.com\/wp-content\/uploads\/2022\/04\/image001-1.png","contentUrl":"https:\/\/sistemasgenomicos.com\/wp-content\/uploads\/2022\/04\/image001-1.png","width":250,"height":122,"caption":"Sistemas Gen\u00f3micos"},"image":{"@id":"https:\/\/sistemasgenomicos.com\/en\/#\/schema\/logo\/image\/"}}]}},"_links":{"self":[{"href":"https:\/\/sistemasgenomicos.com\/en\/wp-json\/wp\/v2\/product\/221927","targetHints":{"allow":["GET"]}}],"collection":[{"href":"https:\/\/sistemasgenomicos.com\/en\/wp-json\/wp\/v2\/product"}],"about":[{"href":"https:\/\/sistemasgenomicos.com\/en\/wp-json\/wp\/v2\/types\/product"}],"wp:featuredmedia":[{"embeddable":true,"href":"https:\/\/sistemasgenomicos.com\/en\/wp-json\/wp\/v2\/media\/42665"}],"wp:attachment":[{"href":"https:\/\/sistemasgenomicos.com\/en\/wp-json\/wp\/v2\/media?parent=221927"}],"wp:term":[{"taxonomy":"product_brand","embeddable":true,"href":"https:\/\/sistemasgenomicos.com\/en\/wp-json\/wp\/v2\/product_brand?post=221927"},{"taxonomy":"product_cat","embeddable":true,"href":"https:\/\/sistemasgenomicos.com\/en\/wp-json\/wp\/v2\/product_cat?post=221927"},{"taxonomy":"product_tag","embeddable":true,"href":"https:\/\/sistemasgenomicos.com\/en\/wp-json\/wp\/v2\/product_tag?post=221927"}],"curies":[{"name":"wp","href":"https:\/\/api.w.org\/{rel}","templated":true}]}}