{"id":221917,"date":"2018-10-31T02:32:40","date_gmt":"2018-12-03T02:34:34","guid":{"rendered":"https:\/\/sistemasgenomicos.digitis.net\/tienda-online\/ngs-of-a-85-gene-panelabcc9-actc1-akap9-alg10-ank2-cacna1b-cacna1c-cacna1d-cacna2d1-cacnb2-calm1-calm2-calm3-casq2-cav3-ctnna3-des-dpp6-dsc2-dsg2-dsp-emd-gaa\/"},"modified":"2020-09-30T06:43:27","modified_gmt":"2020-09-30T04:43:27","slug":"ngs-of-a-85-gene-panelabcc9-actc1-akap9-alg10-ank2-cacna1b-cacna1c-cacna1d-cacna2d1-cacnb2-calm1-calm2-calm3-casq2-cav3-ctnna3-des-dpp6-dsc2-dsg2-dsp-emd-gaa","status":"publish","type":"product","link":"https:\/\/sistemasgenomicos.com\/en\/tienda-online\/ngs-of-a-85-gene-panelabcc9-actc1-akap9-alg10-ank2-cacna1b-cacna1c-cacna1d-cacna2d1-cacnb2-calm1-calm2-calm3-casq2-cav3-ctnna3-des-dpp6-dsc2-dsg2-dsp-emd-gaa\/","title":{"rendered":"NGS of a 85-gene panel:ABCC9, ACTC1, AKAP9, ALG10, ANK2, CACNA1B, CACNA1C, CACNA1D, CACNA2D1, CACNB2, CALM1, CALM2, CALM3, CASQ2, CAV3, CTNNA3, DES, DPP6, DSC2, DSG2, DSP, EMD, GAA, GATA4, GATA6, GJA1, GJA5, GLA, GNAI2, GPD1L, GYG1, HCN4, HFE, HRAS, JUP, KCNA5, KCND2, KCND3, KCNE1, KCNE2, KCNE3, KCNE4, KCNE5, KCNH2, KCNJ2, KCNJ5, KCNJ8, KCNK17, KCNQ1, LAMP2, LMNA, MYH6, NKX2-5, NKX2-6, NPPA, NRAS, NUP155, PKP2, PKP4, PLN, PRKAG2, PTPN11, RAF1, RANGRF, RYR1, RYR2, SCN1B, SCN2B, SCN3B, SCN4B, SCN5A, SLMAP, SNTA1, TBX5, TGFB3, TMEM43, TNNC1, TNNI3, TNNI3K, TNNT2, TRDN, TRPM4, TTN, TTR, XK"},"content":{"rendered":"","protected":false},"excerpt":{"rendered":"","protected":false},"featured_media":42665,"template":"","meta":[],"product_brand":[],"product_cat":[9509,9516,9554,9329,9530,9514,9327,9548],"product_tag":[21274],"class_list":{"0":"post-221917","1":"product","2":"type-product","3":"status-publish","4":"has-post-thumbnail","6":"gen-lamp2","7":"gen-hfe","8":"gen-dsg2","9":"gen-xk","10":"gen-kcnq1","11":"gen-kcnh2","12":"gen-pkp2","13":"gen-abcc9","14":"gen-tbx5","15":"gen-dsp","16":"gen-snta1","17":"gen-emd","18":"gen-gla","19":"gen-scn1b","20":"gen-prkag2","21":"gen-rangrf","22":"gen-nup155","23":"gen-gnai2","24":"gen-tnnc1","25":"gen-tnni3k","26":"gen-tnnt2","27":"gen-ttr","28":"gen-casq2","29":"gen-tgfb3","30":"gen-kcnj5","31":"gen-kcnj8","32":"gen-kcnj2","33":"gen-kcnk17","34":"gen-akap9","35":"gen-tnni3","36":"gen-kcna5","37":"gen-dpp6","38":"gen-trpm4","39":"gen-raf1","40":"gen-dsc2","41":"gen-gata4","42":"gen-hcn4","43":"gen-alg10","44":"gen-gata6","45":"gen-gja5","46":"gen-calm2","47":"gen-pkp4","48":"gen-ank2","49":"gen-cacna1b","50":"gen-scn2b","51":"gen-cacna1c","52":"gen-kcne4","53":"gen-gpd1l","54":"gen-gja1","55":"gen-cacna2d1","56":"gen-ttn","57":"gen-cacna1d","58":"gen-kcne2","59":"gen-actc1","60":"gen-calm3","61":"gen-lmna","62":"gen-slmap","63":"gen-gyg1","64":"gen-cacnb2","65":"gen-scn3b","66":"gen-tmem43","67":"gen-gaa","68":"gen-kcnd3","69":"gen-jup","70":"gen-hras","71":"gen-des","72":"gen-nppa","73":"gen-kcne3","74":"gen-kcne5","75":"gen-scn4b","76":"gen-ptpn11","77":"gen-nkx2-6","78":"gen-kcne1","79":"gen-cav3","80":"gen-nkx2-5","81":"gen-ctnna3","82":"gen-scn5a","83":"gen-kcnd2","84":"gen-trdn","85":"gen-ryr1","86":"gen-myh6","87":"gen-pln","88":"gen-ryr2","89":"gen-calm1","90":"gen-nras","91":"product_cat-analysis-and-genetic-studies","92":"product_cat-cardiologia-diagnostico-genetico-molecularn-en","93":"product_cat-paneles-de-cardiologia-diagnostico-genetico-por-secuenciacion-masivan-en","94":"product_cat-diagnostico-genetico-por-secuenciacion-masivan-en","95":"product_cat-medicina-interna-diagnostico-genetico-molecularn-en","96":"product_cat-listado-de-enfermedades-en","97":"product_cat-diagnostico-genetico-molecularn-en","98":"product_cat-pediatria-diagnostico-genetico-molecularn-en","99":"product_tag-arritmia-familiar237-en","101":"first","102":"instock","103":"taxable","104":"shipping-taxable","105":"product-type-simple"},"acf":[],"yoast_head":"<!-- This site is optimized with the Yoast SEO plugin v27.4 - https:\/\/yoast.com\/product\/yoast-seo-wordpress\/ -->\n<title>NGS\u00a0of\u00a0a\u00a085-gene\u00a0panel:ABCC9, ACTC1, AKAP9, ALG10, ANK2, CACNA1B, CACNA1C, CACNA1D, CACNA2D1, CACNB2, CALM1, CALM2, CALM3, CASQ2, CAV3, CTNNA3, DES, DPP6, DSC2, DSG2, DSP, EMD, GAA, GATA4, GATA6, GJA1, GJA5, GLA, GNAI2, GPD1L, GYG1, HCN4, HFE, HRAS, JUP, KCNA5, KCND2, KCND3, KCNE1, KCNE2, KCNE3, KCNE4, KCNE5, KCNH2, KCNJ2, KCNJ5, KCNJ8, KCNK17, KCNQ1, LAMP2, LMNA, MYH6, NKX2-5, NKX2-6, NPPA, NRAS, NUP155, PKP2, PKP4, PLN, PRKAG2, PTPN11, RAF1, RANGRF, RYR1, RYR2, SCN1B, SCN2B, SCN3B, SCN4B, SCN5A, SLMAP, SNTA1, TBX5, TGFB3, TMEM43, TNNC1, TNNI3, TNNI3K, TNNT2, TRDN, TRPM4, TTN, TTR, XK - Sistemas Gen\u00f3micos<\/title>\n<meta name=\"robots\" content=\"index, follow, max-snippet:-1, max-image-preview:large, max-video-preview:-1\" \/>\n<link rel=\"canonical\" href=\"https:\/\/sistemasgenomicos.com\/en\/tienda-online\/ngs-of-a-85-gene-panelabcc9-actc1-akap9-alg10-ank2-cacna1b-cacna1c-cacna1d-cacna2d1-cacnb2-calm1-calm2-calm3-casq2-cav3-ctnna3-des-dpp6-dsc2-dsg2-dsp-emd-gaa\/\" \/>\n<meta property=\"og:locale\" content=\"en_US\" \/>\n<meta property=\"og:type\" content=\"article\" \/>\n<meta property=\"og:title\" content=\"NGS\u00a0of\u00a0a\u00a085-gene\u00a0panel:ABCC9, ACTC1, AKAP9, ALG10, ANK2, CACNA1B, CACNA1C, CACNA1D, CACNA2D1, CACNB2, CALM1, CALM2, CALM3, CASQ2, CAV3, CTNNA3, DES, DPP6, DSC2, DSG2, DSP, EMD, GAA, GATA4, GATA6, GJA1, GJA5, GLA, GNAI2, GPD1L, GYG1, HCN4, HFE, HRAS, JUP, KCNA5, KCND2, KCND3, KCNE1, KCNE2, KCNE3, KCNE4, KCNE5, KCNH2, KCNJ2, KCNJ5, KCNJ8, KCNK17, KCNQ1, LAMP2, LMNA, MYH6, NKX2-5, NKX2-6, NPPA, NRAS, NUP155, PKP2, PKP4, PLN, PRKAG2, PTPN11, RAF1, RANGRF, RYR1, RYR2, SCN1B, SCN2B, SCN3B, SCN4B, SCN5A, SLMAP, SNTA1, TBX5, TGFB3, TMEM43, TNNC1, TNNI3, TNNI3K, TNNT2, TRDN, TRPM4, TTN, TTR, XK - Sistemas Gen\u00f3micos\" \/>\n<meta property=\"og:url\" content=\"https:\/\/sistemasgenomicos.com\/en\/tienda-online\/ngs-of-a-85-gene-panelabcc9-actc1-akap9-alg10-ank2-cacna1b-cacna1c-cacna1d-cacna2d1-cacnb2-calm1-calm2-calm3-casq2-cav3-ctnna3-des-dpp6-dsc2-dsg2-dsp-emd-gaa\/\" \/>\n<meta property=\"og:site_name\" content=\"Sistemas Gen\u00f3micos\" \/>\n<meta property=\"article:modified_time\" content=\"2020-09-30T04:43:27+00:00\" \/>\n<meta property=\"og:image\" content=\"https:\/\/sistemasgenomicos.com\/wp-content\/uploads\/2018\/04\/logo-sistemas-genomicos-default-1.jpg\" \/>\n\t<meta property=\"og:image:width\" content=\"1200\" \/>\n\t<meta property=\"og:image:height\" content=\"750\" \/>\n\t<meta property=\"og:image:type\" content=\"image\/jpeg\" \/>\n<meta name=\"twitter:card\" content=\"summary_large_image\" \/>\n<script type=\"application\/ld+json\" class=\"yoast-schema-graph\">{\"@context\":\"https:\\\/\\\/schema.org\",\"@graph\":[{\"@type\":\"WebPage\",\"@id\":\"https:\\\/\\\/sistemasgenomicos.com\\\/en\\\/tienda-online\\\/ngs-of-a-85-gene-panelabcc9-actc1-akap9-alg10-ank2-cacna1b-cacna1c-cacna1d-cacna2d1-cacnb2-calm1-calm2-calm3-casq2-cav3-ctnna3-des-dpp6-dsc2-dsg2-dsp-emd-gaa\\\/\",\"url\":\"https:\\\/\\\/sistemasgenomicos.com\\\/en\\\/tienda-online\\\/ngs-of-a-85-gene-panelabcc9-actc1-akap9-alg10-ank2-cacna1b-cacna1c-cacna1d-cacna2d1-cacnb2-calm1-calm2-calm3-casq2-cav3-ctnna3-des-dpp6-dsc2-dsg2-dsp-emd-gaa\\\/\",\"name\":\"NGS\u00a0of\u00a0a\u00a085-gene\u00a0panel:ABCC9, ACTC1, AKAP9, ALG10, ANK2, CACNA1B, CACNA1C, CACNA1D, CACNA2D1, CACNB2, CALM1, CALM2, CALM3, CASQ2, CAV3, CTNNA3, DES, DPP6, DSC2, DSG2, DSP, EMD, GAA, GATA4, GATA6, GJA1, GJA5, GLA, GNAI2, GPD1L, GYG1, HCN4, HFE, HRAS, JUP, KCNA5, KCND2, KCND3, KCNE1, KCNE2, KCNE3, KCNE4, KCNE5, KCNH2, KCNJ2, KCNJ5, KCNJ8, KCNK17, KCNQ1, LAMP2, LMNA, MYH6, NKX2-5, NKX2-6, NPPA, NRAS, NUP155, PKP2, PKP4, PLN, PRKAG2, PTPN11, RAF1, RANGRF, RYR1, RYR2, SCN1B, SCN2B, SCN3B, SCN4B, SCN5A, SLMAP, SNTA1, TBX5, TGFB3, TMEM43, TNNC1, TNNI3, TNNI3K, TNNT2, TRDN, TRPM4, TTN, TTR, XK - Sistemas Gen\u00f3micos\",\"isPartOf\":{\"@id\":\"https:\\\/\\\/sistemasgenomicos.com\\\/en\\\/#website\"},\"primaryImageOfPage\":{\"@id\":\"https:\\\/\\\/sistemasgenomicos.com\\\/en\\\/tienda-online\\\/ngs-of-a-85-gene-panelabcc9-actc1-akap9-alg10-ank2-cacna1b-cacna1c-cacna1d-cacna2d1-cacnb2-calm1-calm2-calm3-casq2-cav3-ctnna3-des-dpp6-dsc2-dsg2-dsp-emd-gaa\\\/#primaryimage\"},\"image\":{\"@id\":\"https:\\\/\\\/sistemasgenomicos.com\\\/en\\\/tienda-online\\\/ngs-of-a-85-gene-panelabcc9-actc1-akap9-alg10-ank2-cacna1b-cacna1c-cacna1d-cacna2d1-cacnb2-calm1-calm2-calm3-casq2-cav3-ctnna3-des-dpp6-dsc2-dsg2-dsp-emd-gaa\\\/#primaryimage\"},\"thumbnailUrl\":\"https:\\\/\\\/sistemasgenomicos.com\\\/wp-content\\\/uploads\\\/2018\\\/04\\\/logo-sistemas-genomicos-default-1.jpg\",\"datePublished\":\"2018-12-03T02:34:34+00:00\",\"dateModified\":\"2020-09-30T04:43:27+00:00\",\"breadcrumb\":{\"@id\":\"https:\\\/\\\/sistemasgenomicos.com\\\/en\\\/tienda-online\\\/ngs-of-a-85-gene-panelabcc9-actc1-akap9-alg10-ank2-cacna1b-cacna1c-cacna1d-cacna2d1-cacnb2-calm1-calm2-calm3-casq2-cav3-ctnna3-des-dpp6-dsc2-dsg2-dsp-emd-gaa\\\/#breadcrumb\"},\"inLanguage\":\"en-US\",\"potentialAction\":[{\"@type\":\"ReadAction\",\"target\":[\"https:\\\/\\\/sistemasgenomicos.com\\\/en\\\/tienda-online\\\/ngs-of-a-85-gene-panelabcc9-actc1-akap9-alg10-ank2-cacna1b-cacna1c-cacna1d-cacna2d1-cacnb2-calm1-calm2-calm3-casq2-cav3-ctnna3-des-dpp6-dsc2-dsg2-dsp-emd-gaa\\\/\"]}]},{\"@type\":\"ImageObject\",\"inLanguage\":\"en-US\",\"@id\":\"https:\\\/\\\/sistemasgenomicos.com\\\/en\\\/tienda-online\\\/ngs-of-a-85-gene-panelabcc9-actc1-akap9-alg10-ank2-cacna1b-cacna1c-cacna1d-cacna2d1-cacnb2-calm1-calm2-calm3-casq2-cav3-ctnna3-des-dpp6-dsc2-dsg2-dsp-emd-gaa\\\/#primaryimage\",\"url\":\"https:\\\/\\\/sistemasgenomicos.com\\\/wp-content\\\/uploads\\\/2018\\\/04\\\/logo-sistemas-genomicos-default-1.jpg\",\"contentUrl\":\"https:\\\/\\\/sistemasgenomicos.com\\\/wp-content\\\/uploads\\\/2018\\\/04\\\/logo-sistemas-genomicos-default-1.jpg\",\"width\":1200,\"height\":750},{\"@type\":\"BreadcrumbList\",\"@id\":\"https:\\\/\\\/sistemasgenomicos.com\\\/en\\\/tienda-online\\\/ngs-of-a-85-gene-panelabcc9-actc1-akap9-alg10-ank2-cacna1b-cacna1c-cacna1d-cacna2d1-cacnb2-calm1-calm2-calm3-casq2-cav3-ctnna3-des-dpp6-dsc2-dsg2-dsp-emd-gaa\\\/#breadcrumb\",\"itemListElement\":[{\"@type\":\"ListItem\",\"position\":1,\"name\":\"Portada\",\"item\":\"https:\\\/\\\/sistemasgenomicos.com\\\/en\\\/\"},{\"@type\":\"ListItem\",\"position\":2,\"name\":\"Tienda\",\"item\":\"https:\\\/\\\/sistemasgenomicos.com\\\/es\\\/tienda\\\/\"},{\"@type\":\"ListItem\",\"position\":3,\"name\":\"NGS of a 85-gene panel:ABCC9, ACTC1, AKAP9, ALG10, ANK2, CACNA1B, CACNA1C, CACNA1D, CACNA2D1, CACNB2, CALM1, CALM2, CALM3, CASQ2, CAV3, CTNNA3, DES, DPP6, DSC2, DSG2, DSP, EMD, GAA, GATA4, GATA6, GJA1, GJA5, GLA, GNAI2, GPD1L, GYG1, HCN4, HFE, HRAS, JUP, KCNA5, KCND2, KCND3, KCNE1, KCNE2, KCNE3, KCNE4, KCNE5, KCNH2, KCNJ2, KCNJ5, KCNJ8, KCNK17, KCNQ1, LAMP2, LMNA, MYH6, NKX2-5, NKX2-6, NPPA, NRAS, NUP155, PKP2, PKP4, PLN, PRKAG2, PTPN11, RAF1, RANGRF, RYR1, RYR2, SCN1B, SCN2B, SCN3B, SCN4B, SCN5A, SLMAP, SNTA1, TBX5, TGFB3, TMEM43, TNNC1, TNNI3, TNNI3K, TNNT2, TRDN, TRPM4, TTN, TTR, XK\"}]},{\"@type\":\"WebSite\",\"@id\":\"https:\\\/\\\/sistemasgenomicos.com\\\/en\\\/#website\",\"url\":\"https:\\\/\\\/sistemasgenomicos.com\\\/en\\\/\",\"name\":\"Sistemas Gen\u00f3micos\",\"description\":\"La mayor empresa dedicada a la investigaci\u00f3n gen\u00e9tica y molecular\",\"publisher\":{\"@id\":\"https:\\\/\\\/sistemasgenomicos.com\\\/en\\\/#organization\"},\"potentialAction\":[{\"@type\":\"SearchAction\",\"target\":{\"@type\":\"EntryPoint\",\"urlTemplate\":\"https:\\\/\\\/sistemasgenomicos.com\\\/en\\\/?s={search_term_string}\"},\"query-input\":{\"@type\":\"PropertyValueSpecification\",\"valueRequired\":true,\"valueName\":\"search_term_string\"}}],\"inLanguage\":\"en-US\"},{\"@type\":\"Organization\",\"@id\":\"https:\\\/\\\/sistemasgenomicos.com\\\/en\\\/#organization\",\"name\":\"Sistemas Gen\u00f3micos\",\"url\":\"https:\\\/\\\/sistemasgenomicos.com\\\/en\\\/\",\"logo\":{\"@type\":\"ImageObject\",\"inLanguage\":\"en-US\",\"@id\":\"https:\\\/\\\/sistemasgenomicos.com\\\/en\\\/#\\\/schema\\\/logo\\\/image\\\/\",\"url\":\"https:\\\/\\\/sistemasgenomicos.com\\\/wp-content\\\/uploads\\\/2022\\\/04\\\/image001-1.png\",\"contentUrl\":\"https:\\\/\\\/sistemasgenomicos.com\\\/wp-content\\\/uploads\\\/2022\\\/04\\\/image001-1.png\",\"width\":250,\"height\":122,\"caption\":\"Sistemas Gen\u00f3micos\"},\"image\":{\"@id\":\"https:\\\/\\\/sistemasgenomicos.com\\\/en\\\/#\\\/schema\\\/logo\\\/image\\\/\"}}]}<\/script>\n<!-- \/ Yoast SEO plugin. -->","yoast_head_json":{"title":"NGS\u00a0of\u00a0a\u00a085-gene\u00a0panel:ABCC9, ACTC1, AKAP9, ALG10, ANK2, CACNA1B, CACNA1C, CACNA1D, CACNA2D1, CACNB2, CALM1, CALM2, CALM3, CASQ2, CAV3, CTNNA3, DES, DPP6, DSC2, DSG2, DSP, EMD, GAA, GATA4, GATA6, GJA1, GJA5, GLA, GNAI2, GPD1L, GYG1, HCN4, HFE, HRAS, JUP, KCNA5, KCND2, KCND3, KCNE1, KCNE2, KCNE3, KCNE4, KCNE5, KCNH2, KCNJ2, KCNJ5, KCNJ8, KCNK17, KCNQ1, LAMP2, LMNA, MYH6, NKX2-5, NKX2-6, NPPA, NRAS, NUP155, PKP2, PKP4, PLN, PRKAG2, PTPN11, RAF1, RANGRF, RYR1, RYR2, SCN1B, SCN2B, SCN3B, SCN4B, SCN5A, SLMAP, SNTA1, TBX5, TGFB3, TMEM43, TNNC1, TNNI3, TNNI3K, TNNT2, TRDN, TRPM4, TTN, TTR, XK - Sistemas Gen\u00f3micos","robots":{"index":"index","follow":"follow","max-snippet":"max-snippet:-1","max-image-preview":"max-image-preview:large","max-video-preview":"max-video-preview:-1"},"canonical":"https:\/\/sistemasgenomicos.com\/en\/tienda-online\/ngs-of-a-85-gene-panelabcc9-actc1-akap9-alg10-ank2-cacna1b-cacna1c-cacna1d-cacna2d1-cacnb2-calm1-calm2-calm3-casq2-cav3-ctnna3-des-dpp6-dsc2-dsg2-dsp-emd-gaa\/","og_locale":"en_US","og_type":"article","og_title":"NGS\u00a0of\u00a0a\u00a085-gene\u00a0panel:ABCC9, ACTC1, AKAP9, ALG10, ANK2, CACNA1B, CACNA1C, CACNA1D, CACNA2D1, CACNB2, CALM1, CALM2, CALM3, CASQ2, CAV3, CTNNA3, DES, DPP6, DSC2, DSG2, DSP, EMD, GAA, GATA4, GATA6, GJA1, GJA5, GLA, GNAI2, GPD1L, GYG1, HCN4, HFE, HRAS, JUP, KCNA5, KCND2, KCND3, KCNE1, KCNE2, KCNE3, KCNE4, KCNE5, KCNH2, KCNJ2, KCNJ5, KCNJ8, KCNK17, KCNQ1, LAMP2, LMNA, MYH6, NKX2-5, NKX2-6, NPPA, NRAS, NUP155, PKP2, PKP4, PLN, PRKAG2, PTPN11, RAF1, RANGRF, RYR1, RYR2, SCN1B, SCN2B, SCN3B, SCN4B, SCN5A, SLMAP, SNTA1, TBX5, TGFB3, TMEM43, TNNC1, TNNI3, TNNI3K, TNNT2, TRDN, TRPM4, TTN, TTR, XK - Sistemas Gen\u00f3micos","og_url":"https:\/\/sistemasgenomicos.com\/en\/tienda-online\/ngs-of-a-85-gene-panelabcc9-actc1-akap9-alg10-ank2-cacna1b-cacna1c-cacna1d-cacna2d1-cacnb2-calm1-calm2-calm3-casq2-cav3-ctnna3-des-dpp6-dsc2-dsg2-dsp-emd-gaa\/","og_site_name":"Sistemas Gen\u00f3micos","article_modified_time":"2020-09-30T04:43:27+00:00","og_image":[{"width":1200,"height":750,"url":"https:\/\/sistemasgenomicos.com\/wp-content\/uploads\/2018\/04\/logo-sistemas-genomicos-default-1.jpg","type":"image\/jpeg"}],"twitter_card":"summary_large_image","schema":{"@context":"https:\/\/schema.org","@graph":[{"@type":"WebPage","@id":"https:\/\/sistemasgenomicos.com\/en\/tienda-online\/ngs-of-a-85-gene-panelabcc9-actc1-akap9-alg10-ank2-cacna1b-cacna1c-cacna1d-cacna2d1-cacnb2-calm1-calm2-calm3-casq2-cav3-ctnna3-des-dpp6-dsc2-dsg2-dsp-emd-gaa\/","url":"https:\/\/sistemasgenomicos.com\/en\/tienda-online\/ngs-of-a-85-gene-panelabcc9-actc1-akap9-alg10-ank2-cacna1b-cacna1c-cacna1d-cacna2d1-cacnb2-calm1-calm2-calm3-casq2-cav3-ctnna3-des-dpp6-dsc2-dsg2-dsp-emd-gaa\/","name":"NGS\u00a0of\u00a0a\u00a085-gene\u00a0panel:ABCC9, ACTC1, AKAP9, ALG10, ANK2, CACNA1B, CACNA1C, CACNA1D, CACNA2D1, CACNB2, CALM1, CALM2, CALM3, CASQ2, CAV3, CTNNA3, DES, DPP6, DSC2, DSG2, DSP, EMD, GAA, GATA4, GATA6, GJA1, GJA5, GLA, GNAI2, GPD1L, GYG1, HCN4, HFE, HRAS, JUP, KCNA5, KCND2, KCND3, KCNE1, KCNE2, KCNE3, KCNE4, KCNE5, KCNH2, KCNJ2, KCNJ5, KCNJ8, KCNK17, KCNQ1, LAMP2, LMNA, MYH6, NKX2-5, NKX2-6, NPPA, NRAS, NUP155, PKP2, PKP4, PLN, PRKAG2, PTPN11, RAF1, RANGRF, RYR1, RYR2, SCN1B, SCN2B, SCN3B, SCN4B, SCN5A, SLMAP, SNTA1, TBX5, TGFB3, TMEM43, TNNC1, TNNI3, TNNI3K, TNNT2, TRDN, TRPM4, TTN, TTR, XK - Sistemas Gen\u00f3micos","isPartOf":{"@id":"https:\/\/sistemasgenomicos.com\/en\/#website"},"primaryImageOfPage":{"@id":"https:\/\/sistemasgenomicos.com\/en\/tienda-online\/ngs-of-a-85-gene-panelabcc9-actc1-akap9-alg10-ank2-cacna1b-cacna1c-cacna1d-cacna2d1-cacnb2-calm1-calm2-calm3-casq2-cav3-ctnna3-des-dpp6-dsc2-dsg2-dsp-emd-gaa\/#primaryimage"},"image":{"@id":"https:\/\/sistemasgenomicos.com\/en\/tienda-online\/ngs-of-a-85-gene-panelabcc9-actc1-akap9-alg10-ank2-cacna1b-cacna1c-cacna1d-cacna2d1-cacnb2-calm1-calm2-calm3-casq2-cav3-ctnna3-des-dpp6-dsc2-dsg2-dsp-emd-gaa\/#primaryimage"},"thumbnailUrl":"https:\/\/sistemasgenomicos.com\/wp-content\/uploads\/2018\/04\/logo-sistemas-genomicos-default-1.jpg","datePublished":"2018-12-03T02:34:34+00:00","dateModified":"2020-09-30T04:43:27+00:00","breadcrumb":{"@id":"https:\/\/sistemasgenomicos.com\/en\/tienda-online\/ngs-of-a-85-gene-panelabcc9-actc1-akap9-alg10-ank2-cacna1b-cacna1c-cacna1d-cacna2d1-cacnb2-calm1-calm2-calm3-casq2-cav3-ctnna3-des-dpp6-dsc2-dsg2-dsp-emd-gaa\/#breadcrumb"},"inLanguage":"en-US","potentialAction":[{"@type":"ReadAction","target":["https:\/\/sistemasgenomicos.com\/en\/tienda-online\/ngs-of-a-85-gene-panelabcc9-actc1-akap9-alg10-ank2-cacna1b-cacna1c-cacna1d-cacna2d1-cacnb2-calm1-calm2-calm3-casq2-cav3-ctnna3-des-dpp6-dsc2-dsg2-dsp-emd-gaa\/"]}]},{"@type":"ImageObject","inLanguage":"en-US","@id":"https:\/\/sistemasgenomicos.com\/en\/tienda-online\/ngs-of-a-85-gene-panelabcc9-actc1-akap9-alg10-ank2-cacna1b-cacna1c-cacna1d-cacna2d1-cacnb2-calm1-calm2-calm3-casq2-cav3-ctnna3-des-dpp6-dsc2-dsg2-dsp-emd-gaa\/#primaryimage","url":"https:\/\/sistemasgenomicos.com\/wp-content\/uploads\/2018\/04\/logo-sistemas-genomicos-default-1.jpg","contentUrl":"https:\/\/sistemasgenomicos.com\/wp-content\/uploads\/2018\/04\/logo-sistemas-genomicos-default-1.jpg","width":1200,"height":750},{"@type":"BreadcrumbList","@id":"https:\/\/sistemasgenomicos.com\/en\/tienda-online\/ngs-of-a-85-gene-panelabcc9-actc1-akap9-alg10-ank2-cacna1b-cacna1c-cacna1d-cacna2d1-cacnb2-calm1-calm2-calm3-casq2-cav3-ctnna3-des-dpp6-dsc2-dsg2-dsp-emd-gaa\/#breadcrumb","itemListElement":[{"@type":"ListItem","position":1,"name":"Portada","item":"https:\/\/sistemasgenomicos.com\/en\/"},{"@type":"ListItem","position":2,"name":"Tienda","item":"https:\/\/sistemasgenomicos.com\/es\/tienda\/"},{"@type":"ListItem","position":3,"name":"NGS of a 85-gene panel:ABCC9, ACTC1, AKAP9, ALG10, ANK2, CACNA1B, CACNA1C, CACNA1D, CACNA2D1, CACNB2, CALM1, CALM2, CALM3, CASQ2, CAV3, CTNNA3, DES, DPP6, DSC2, DSG2, DSP, EMD, GAA, GATA4, GATA6, GJA1, GJA5, GLA, GNAI2, GPD1L, GYG1, HCN4, HFE, HRAS, JUP, KCNA5, KCND2, KCND3, KCNE1, KCNE2, KCNE3, KCNE4, KCNE5, KCNH2, KCNJ2, KCNJ5, KCNJ8, KCNK17, KCNQ1, LAMP2, LMNA, MYH6, NKX2-5, NKX2-6, NPPA, NRAS, NUP155, PKP2, PKP4, PLN, PRKAG2, PTPN11, RAF1, RANGRF, RYR1, RYR2, SCN1B, SCN2B, SCN3B, SCN4B, SCN5A, SLMAP, SNTA1, TBX5, TGFB3, TMEM43, TNNC1, TNNI3, TNNI3K, TNNT2, TRDN, TRPM4, TTN, TTR, XK"}]},{"@type":"WebSite","@id":"https:\/\/sistemasgenomicos.com\/en\/#website","url":"https:\/\/sistemasgenomicos.com\/en\/","name":"Sistemas Gen\u00f3micos","description":"La mayor empresa dedicada a la investigaci\u00f3n gen\u00e9tica y molecular","publisher":{"@id":"https:\/\/sistemasgenomicos.com\/en\/#organization"},"potentialAction":[{"@type":"SearchAction","target":{"@type":"EntryPoint","urlTemplate":"https:\/\/sistemasgenomicos.com\/en\/?s={search_term_string}"},"query-input":{"@type":"PropertyValueSpecification","valueRequired":true,"valueName":"search_term_string"}}],"inLanguage":"en-US"},{"@type":"Organization","@id":"https:\/\/sistemasgenomicos.com\/en\/#organization","name":"Sistemas Gen\u00f3micos","url":"https:\/\/sistemasgenomicos.com\/en\/","logo":{"@type":"ImageObject","inLanguage":"en-US","@id":"https:\/\/sistemasgenomicos.com\/en\/#\/schema\/logo\/image\/","url":"https:\/\/sistemasgenomicos.com\/wp-content\/uploads\/2022\/04\/image001-1.png","contentUrl":"https:\/\/sistemasgenomicos.com\/wp-content\/uploads\/2022\/04\/image001-1.png","width":250,"height":122,"caption":"Sistemas Gen\u00f3micos"},"image":{"@id":"https:\/\/sistemasgenomicos.com\/en\/#\/schema\/logo\/image\/"}}]}},"_links":{"self":[{"href":"https:\/\/sistemasgenomicos.com\/en\/wp-json\/wp\/v2\/product\/221917","targetHints":{"allow":["GET"]}}],"collection":[{"href":"https:\/\/sistemasgenomicos.com\/en\/wp-json\/wp\/v2\/product"}],"about":[{"href":"https:\/\/sistemasgenomicos.com\/en\/wp-json\/wp\/v2\/types\/product"}],"wp:featuredmedia":[{"embeddable":true,"href":"https:\/\/sistemasgenomicos.com\/en\/wp-json\/wp\/v2\/media\/42665"}],"wp:attachment":[{"href":"https:\/\/sistemasgenomicos.com\/en\/wp-json\/wp\/v2\/media?parent=221917"}],"wp:term":[{"taxonomy":"product_brand","embeddable":true,"href":"https:\/\/sistemasgenomicos.com\/en\/wp-json\/wp\/v2\/product_brand?post=221917"},{"taxonomy":"product_cat","embeddable":true,"href":"https:\/\/sistemasgenomicos.com\/en\/wp-json\/wp\/v2\/product_cat?post=221917"},{"taxonomy":"product_tag","embeddable":true,"href":"https:\/\/sistemasgenomicos.com\/en\/wp-json\/wp\/v2\/product_tag?post=221917"}],"curies":[{"name":"wp","href":"https:\/\/api.w.org\/{rel}","templated":true}]}}