{"id":221890,"date":"2018-11-09T02:33:30","date_gmt":"2018-12-03T02:33:41","guid":{"rendered":"https:\/\/sistemasgenomicos.digitis.net\/tienda-online\/cardio-genesgkit-235-genes-12-reactions-2\/"},"modified":"2020-09-30T06:43:15","modified_gmt":"2020-09-30T04:43:15","slug":"cardio-genesgkit-235-genes-12-reactions-2","status":"publish","type":"product","link":"https:\/\/sistemasgenomicos.com\/en\/tienda-online\/cardio-genesgkit-235-genes-12-reactions-2\/","title":{"rendered":"Cardio-GeneSGKit. 235 Genes. 12 Reactions."},"content":{"rendered":"","protected":false},"excerpt":{"rendered":"","protected":false},"featured_media":42665,"template":"","meta":[],"product_brand":[],"product_cat":[9611,9326],"product_tag":[23684],"class_list":{"0":"post-221890","1":"product","2":"type-product","3":"status-publish","4":"has-post-thumbnail","6":"gen-krit1","7":"gen-lamp2","8":"gen-tfap2b","9":"gen-hfe","10":"gen-fhl1","11":"gen-vcl","12":"gen-tll1","13":"gen-dsg2","14":"gen-xk","15":"gen-eln","16":"gen-kcnq1","17":"gen-foxc1","18":"gen-syne2","19":"gen-kcnh2","20":"gen-tab2","21":"gen-pkp2","22":"gen-mylk","23":"gen-mef2a","24":"gen-abcc9","25":"gen-lrp6","26":"gen-evc","27":"gen-sdha","28":"gen-notch3","29":"gen-actn2","30":"gen-nebl","31":"gen-psen1","32":"gen-plod1","33":"gen-tbx5","34":"gen-abcc6","35":"gen-myh7","36":"gen-tgfb2","37":"gen-dsp","38":"gen-lztr1","39":"gen-sos2","40":"gen-mylk2","41":"gen-jag1","42":"gen-snta1","43":"gen-mib1","44":"gen-emd","45":"gen-taz","46":"gen-gla","47":"gen-foxf1","48":"gen-gys1","49":"gen-scn1b","50":"gen-cav1","51":"gen-fkbp14","52":"gen-prkag2","53":"gen-fktn","54":"gen-tgfbr1","55":"gen-eng","56":"gen-acta2","57":"gen-shoc2","58":"gen-col1a1","59":"gen-rangrf","60":"gen-cryab","61":"gen-cbl","62":"gen-myl2","63":"gen-eya4","64":"gen-lama4","65":"gen-lox","66":"gen-nup155","67":"gen-gnai2","68":"gen-gbe1","69":"gen-acvr2b","70":"gen-tnnc1","71":"gen-fhl2","72":"gen-proc","73":"gen-sos1","74":"gen-tnni3k","75":"gen-tnnt2","76":"gen-ttr","77":"gen-casq2","78":"gen-tgfb3","79":"gen-nkx2-3","80":"gen-tek","81":"gen-kcnj5","82":"gen-smad9","83":"gen-myot","84":"gen-tmpo","85":"gen-tbx4","86":"gen-kcnj8","87":"gen-ldb3","88":"gen-kcnj2","89":"gen-kcnk17","90":"gen-rras","91":"gen-map2k2","92":"gen-akap9","93":"gen-flnc","94":"gen-gdf2","95":"gen-eif2ak4","96":"gen-csrp3","97":"gen-tnni3","98":"gen-kcna5","99":"gen-ldlr","100":"gen-dpp6","101":"gen-gdf1","102":"gen-trpm4","103":"gen-col5a1","104":"gen-syne1","105":"gen-raf1","106":"gen-myh11","107":"gen-kras","108":"gen-notch2","109":"gen-mybpc3","110":"gen-dsc2","111":"gen-dtna","112":"gen-fhod3","113":"gen-gata4","114":"gen-cfc1","115":"gen-smad6","116":"gen-mypn","117":"gen-hcn4","118":"gen-fbn2","119":"gen-alg10","120":"gen-acvrl1","121":"gen-fbln5","122":"gen-tpm1","123":"gen-g6pc3","124":"gen-gata6","125":"gen-smad4","126":"gen-prdm16","127":"gen-gja5","128":"gen-rit1","129":"gen-psen2","130":"gen-calm2","131":"gen-pkp4","132":"gen-ank2","133":"gen-rasa1","134":"gen-notch1","135":"gen-cacna1b","136":"gen-ankrd1","137":"gen-scn2b","138":"gen-jph2","139":"gen-cacna1c","140":"gen-slc25a4","141":"gen-bag3","142":"gen-kcne4","143":"gen-gpd1l","144":"gen-gja1","145":"gen-cacna2d1","146":"gen-obscn","147":"gen-mmp21","148":"gen-pdlim3","149":"gen-ttn","150":"gen-rasa2","151":"gen-nodal","152":"gen-zic3","153":"gen-gatad1","154":"gen-cacna1d","155":"gen-braf","156":"gen-kcne2","157":"gen-actc1","158":"gen-calm3","159":"gen-cbs","160":"gen-lmna","161":"gen-myl3","162":"gen-nexn","163":"gen-agl","164":"gen-tgfbr2","165":"gen-slmap","166":"gen-creld1","167":"gen-gyg1","168":"gen-hand2","169":"gen-gucy1a3","170":"gen-cited2","171":"gen-tbx20","172":"gen-col1a2","173":"gen-fxn","174":"gen-cacnb2","175":"gen-htra1","176":"gen-spred1","177":"gen-fbn1","178":"gen-scn3b","179":"gen-ilk","180":"gen-a2ml1","181":"gen-smad3","182":"gen-rpsa","183":"gen-tnxb","184":"gen-col3a1","185":"gen-map2k1","186":"gen-chst14","187":"gen-zfpm2","188":"gen-sgcd","189":"gen-tmem43","190":"gen-gaa","191":"gen-kcnk3","192":"gen-chd7","193":"gen-kcnd3","194":"gen-myoz2","195":"gen-efemp2","196":"gen-jup","197":"gen-rnf213","198":"gen-tcap","199":"gen-hras","200":"gen-glmn","201":"gen-des","202":"gen-nppa","203":"gen-kcne3","204":"gen-kcne5","205":"gen-scn4b","206":"gen-plec","207":"gen-ptpn11","208":"gen-nkx2-6","209":"gen-kcne1","210":"gen-fkrp","211":"gen-ehmt1","212":"gen-cav3","213":"gen-rbm10","214":"gen-nkx2-5","215":"gen-ctnna3","216":"gen-scn5a","217":"gen-tbx1","218":"gen-kcnd2","219":"gen-prkg1","220":"gen-trdn","221":"gen-col4a1","222":"gen-ryr1","223":"gen-nf1","224":"gen-flna","225":"gen-slc2a10","226":"gen-enpp1","227":"gen-mfap5","228":"gen-myh6","229":"gen-pln","230":"gen-ryr2","231":"gen-calm1","232":"gen-dmd","233":"gen-rbm20","234":"gen-bmpr2","235":"gen-col5a2","236":"gen-nras","237":"gen-znf469","238":"gen-calr3","239":"product_cat-cardiologia-genesgkit-biomedicina-kits-de-diagnostico-en","240":"product_cat-diagnostic-kits","241":"product_tag-kits-cardiologiac00588-en","243":"first","244":"instock","245":"taxable","246":"shipping-taxable","247":"product-type-simple"},"acf":[],"yoast_head":"<!-- This site is optimized with the Yoast SEO plugin v27.4 - https:\/\/yoast.com\/product\/yoast-seo-wordpress\/ -->\n<title>Cardio-GeneSGKit. 235 Genes. 12 Reactions. - Sistemas Gen\u00f3micos<\/title>\n<meta name=\"robots\" content=\"index, follow, max-snippet:-1, max-image-preview:large, max-video-preview:-1\" \/>\n<link rel=\"canonical\" href=\"https:\/\/sistemasgenomicos.com\/en\/tienda-online\/cardio-genesgkit-235-genes-12-reactions-2\/\" \/>\n<meta property=\"og:locale\" content=\"en_US\" \/>\n<meta property=\"og:type\" content=\"article\" \/>\n<meta property=\"og:title\" content=\"Cardio-GeneSGKit. 235 Genes. 12 Reactions. - Sistemas Gen\u00f3micos\" \/>\n<meta property=\"og:url\" content=\"https:\/\/sistemasgenomicos.com\/en\/tienda-online\/cardio-genesgkit-235-genes-12-reactions-2\/\" \/>\n<meta property=\"og:site_name\" content=\"Sistemas Gen\u00f3micos\" \/>\n<meta property=\"article:modified_time\" content=\"2020-09-30T04:43:15+00:00\" \/>\n<meta property=\"og:image\" content=\"https:\/\/sistemasgenomicos.com\/wp-content\/uploads\/2018\/04\/logo-sistemas-genomicos-default-1.jpg\" \/>\n\t<meta property=\"og:image:width\" content=\"1200\" \/>\n\t<meta property=\"og:image:height\" content=\"750\" \/>\n\t<meta property=\"og:image:type\" content=\"image\/jpeg\" \/>\n<meta name=\"twitter:card\" content=\"summary_large_image\" \/>\n<script type=\"application\/ld+json\" class=\"yoast-schema-graph\">{\"@context\":\"https:\\\/\\\/schema.org\",\"@graph\":[{\"@type\":\"WebPage\",\"@id\":\"https:\\\/\\\/sistemasgenomicos.com\\\/en\\\/tienda-online\\\/cardio-genesgkit-235-genes-12-reactions-2\\\/\",\"url\":\"https:\\\/\\\/sistemasgenomicos.com\\\/en\\\/tienda-online\\\/cardio-genesgkit-235-genes-12-reactions-2\\\/\",\"name\":\"Cardio-GeneSGKit. 235 Genes. 12 Reactions. - Sistemas Gen\u00f3micos\",\"isPartOf\":{\"@id\":\"https:\\\/\\\/sistemasgenomicos.com\\\/en\\\/#website\"},\"primaryImageOfPage\":{\"@id\":\"https:\\\/\\\/sistemasgenomicos.com\\\/en\\\/tienda-online\\\/cardio-genesgkit-235-genes-12-reactions-2\\\/#primaryimage\"},\"image\":{\"@id\":\"https:\\\/\\\/sistemasgenomicos.com\\\/en\\\/tienda-online\\\/cardio-genesgkit-235-genes-12-reactions-2\\\/#primaryimage\"},\"thumbnailUrl\":\"https:\\\/\\\/sistemasgenomicos.com\\\/wp-content\\\/uploads\\\/2018\\\/04\\\/logo-sistemas-genomicos-default-1.jpg\",\"datePublished\":\"2018-12-03T02:33:41+00:00\",\"dateModified\":\"2020-09-30T04:43:15+00:00\",\"breadcrumb\":{\"@id\":\"https:\\\/\\\/sistemasgenomicos.com\\\/en\\\/tienda-online\\\/cardio-genesgkit-235-genes-12-reactions-2\\\/#breadcrumb\"},\"inLanguage\":\"en-US\",\"potentialAction\":[{\"@type\":\"ReadAction\",\"target\":[\"https:\\\/\\\/sistemasgenomicos.com\\\/en\\\/tienda-online\\\/cardio-genesgkit-235-genes-12-reactions-2\\\/\"]}]},{\"@type\":\"ImageObject\",\"inLanguage\":\"en-US\",\"@id\":\"https:\\\/\\\/sistemasgenomicos.com\\\/en\\\/tienda-online\\\/cardio-genesgkit-235-genes-12-reactions-2\\\/#primaryimage\",\"url\":\"https:\\\/\\\/sistemasgenomicos.com\\\/wp-content\\\/uploads\\\/2018\\\/04\\\/logo-sistemas-genomicos-default-1.jpg\",\"contentUrl\":\"https:\\\/\\\/sistemasgenomicos.com\\\/wp-content\\\/uploads\\\/2018\\\/04\\\/logo-sistemas-genomicos-default-1.jpg\",\"width\":1200,\"height\":750},{\"@type\":\"BreadcrumbList\",\"@id\":\"https:\\\/\\\/sistemasgenomicos.com\\\/en\\\/tienda-online\\\/cardio-genesgkit-235-genes-12-reactions-2\\\/#breadcrumb\",\"itemListElement\":[{\"@type\":\"ListItem\",\"position\":1,\"name\":\"Portada\",\"item\":\"https:\\\/\\\/sistemasgenomicos.com\\\/en\\\/\"},{\"@type\":\"ListItem\",\"position\":2,\"name\":\"Tienda\",\"item\":\"https:\\\/\\\/sistemasgenomicos.com\\\/es\\\/tienda\\\/\"},{\"@type\":\"ListItem\",\"position\":3,\"name\":\"Cardio-GeneSGKit. 235 Genes. 12 Reactions.\"}]},{\"@type\":\"WebSite\",\"@id\":\"https:\\\/\\\/sistemasgenomicos.com\\\/en\\\/#website\",\"url\":\"https:\\\/\\\/sistemasgenomicos.com\\\/en\\\/\",\"name\":\"Sistemas Gen\u00f3micos\",\"description\":\"La mayor empresa dedicada a la investigaci\u00f3n gen\u00e9tica y molecular\",\"publisher\":{\"@id\":\"https:\\\/\\\/sistemasgenomicos.com\\\/en\\\/#organization\"},\"potentialAction\":[{\"@type\":\"SearchAction\",\"target\":{\"@type\":\"EntryPoint\",\"urlTemplate\":\"https:\\\/\\\/sistemasgenomicos.com\\\/en\\\/?s={search_term_string}\"},\"query-input\":{\"@type\":\"PropertyValueSpecification\",\"valueRequired\":true,\"valueName\":\"search_term_string\"}}],\"inLanguage\":\"en-US\"},{\"@type\":\"Organization\",\"@id\":\"https:\\\/\\\/sistemasgenomicos.com\\\/en\\\/#organization\",\"name\":\"Sistemas Gen\u00f3micos\",\"url\":\"https:\\\/\\\/sistemasgenomicos.com\\\/en\\\/\",\"logo\":{\"@type\":\"ImageObject\",\"inLanguage\":\"en-US\",\"@id\":\"https:\\\/\\\/sistemasgenomicos.com\\\/en\\\/#\\\/schema\\\/logo\\\/image\\\/\",\"url\":\"https:\\\/\\\/sistemasgenomicos.com\\\/wp-content\\\/uploads\\\/2022\\\/04\\\/image001-1.png\",\"contentUrl\":\"https:\\\/\\\/sistemasgenomicos.com\\\/wp-content\\\/uploads\\\/2022\\\/04\\\/image001-1.png\",\"width\":250,\"height\":122,\"caption\":\"Sistemas Gen\u00f3micos\"},\"image\":{\"@id\":\"https:\\\/\\\/sistemasgenomicos.com\\\/en\\\/#\\\/schema\\\/logo\\\/image\\\/\"}}]}<\/script>\n<!-- \/ Yoast SEO plugin. -->","yoast_head_json":{"title":"Cardio-GeneSGKit. 235 Genes. 12 Reactions. - Sistemas Gen\u00f3micos","robots":{"index":"index","follow":"follow","max-snippet":"max-snippet:-1","max-image-preview":"max-image-preview:large","max-video-preview":"max-video-preview:-1"},"canonical":"https:\/\/sistemasgenomicos.com\/en\/tienda-online\/cardio-genesgkit-235-genes-12-reactions-2\/","og_locale":"en_US","og_type":"article","og_title":"Cardio-GeneSGKit. 235 Genes. 12 Reactions. - Sistemas Gen\u00f3micos","og_url":"https:\/\/sistemasgenomicos.com\/en\/tienda-online\/cardio-genesgkit-235-genes-12-reactions-2\/","og_site_name":"Sistemas Gen\u00f3micos","article_modified_time":"2020-09-30T04:43:15+00:00","og_image":[{"width":1200,"height":750,"url":"https:\/\/sistemasgenomicos.com\/wp-content\/uploads\/2018\/04\/logo-sistemas-genomicos-default-1.jpg","type":"image\/jpeg"}],"twitter_card":"summary_large_image","schema":{"@context":"https:\/\/schema.org","@graph":[{"@type":"WebPage","@id":"https:\/\/sistemasgenomicos.com\/en\/tienda-online\/cardio-genesgkit-235-genes-12-reactions-2\/","url":"https:\/\/sistemasgenomicos.com\/en\/tienda-online\/cardio-genesgkit-235-genes-12-reactions-2\/","name":"Cardio-GeneSGKit. 235 Genes. 12 Reactions. - Sistemas Gen\u00f3micos","isPartOf":{"@id":"https:\/\/sistemasgenomicos.com\/en\/#website"},"primaryImageOfPage":{"@id":"https:\/\/sistemasgenomicos.com\/en\/tienda-online\/cardio-genesgkit-235-genes-12-reactions-2\/#primaryimage"},"image":{"@id":"https:\/\/sistemasgenomicos.com\/en\/tienda-online\/cardio-genesgkit-235-genes-12-reactions-2\/#primaryimage"},"thumbnailUrl":"https:\/\/sistemasgenomicos.com\/wp-content\/uploads\/2018\/04\/logo-sistemas-genomicos-default-1.jpg","datePublished":"2018-12-03T02:33:41+00:00","dateModified":"2020-09-30T04:43:15+00:00","breadcrumb":{"@id":"https:\/\/sistemasgenomicos.com\/en\/tienda-online\/cardio-genesgkit-235-genes-12-reactions-2\/#breadcrumb"},"inLanguage":"en-US","potentialAction":[{"@type":"ReadAction","target":["https:\/\/sistemasgenomicos.com\/en\/tienda-online\/cardio-genesgkit-235-genes-12-reactions-2\/"]}]},{"@type":"ImageObject","inLanguage":"en-US","@id":"https:\/\/sistemasgenomicos.com\/en\/tienda-online\/cardio-genesgkit-235-genes-12-reactions-2\/#primaryimage","url":"https:\/\/sistemasgenomicos.com\/wp-content\/uploads\/2018\/04\/logo-sistemas-genomicos-default-1.jpg","contentUrl":"https:\/\/sistemasgenomicos.com\/wp-content\/uploads\/2018\/04\/logo-sistemas-genomicos-default-1.jpg","width":1200,"height":750},{"@type":"BreadcrumbList","@id":"https:\/\/sistemasgenomicos.com\/en\/tienda-online\/cardio-genesgkit-235-genes-12-reactions-2\/#breadcrumb","itemListElement":[{"@type":"ListItem","position":1,"name":"Portada","item":"https:\/\/sistemasgenomicos.com\/en\/"},{"@type":"ListItem","position":2,"name":"Tienda","item":"https:\/\/sistemasgenomicos.com\/es\/tienda\/"},{"@type":"ListItem","position":3,"name":"Cardio-GeneSGKit. 235 Genes. 12 Reactions."}]},{"@type":"WebSite","@id":"https:\/\/sistemasgenomicos.com\/en\/#website","url":"https:\/\/sistemasgenomicos.com\/en\/","name":"Sistemas Gen\u00f3micos","description":"La mayor empresa dedicada a la investigaci\u00f3n gen\u00e9tica y molecular","publisher":{"@id":"https:\/\/sistemasgenomicos.com\/en\/#organization"},"potentialAction":[{"@type":"SearchAction","target":{"@type":"EntryPoint","urlTemplate":"https:\/\/sistemasgenomicos.com\/en\/?s={search_term_string}"},"query-input":{"@type":"PropertyValueSpecification","valueRequired":true,"valueName":"search_term_string"}}],"inLanguage":"en-US"},{"@type":"Organization","@id":"https:\/\/sistemasgenomicos.com\/en\/#organization","name":"Sistemas Gen\u00f3micos","url":"https:\/\/sistemasgenomicos.com\/en\/","logo":{"@type":"ImageObject","inLanguage":"en-US","@id":"https:\/\/sistemasgenomicos.com\/en\/#\/schema\/logo\/image\/","url":"https:\/\/sistemasgenomicos.com\/wp-content\/uploads\/2022\/04\/image001-1.png","contentUrl":"https:\/\/sistemasgenomicos.com\/wp-content\/uploads\/2022\/04\/image001-1.png","width":250,"height":122,"caption":"Sistemas Gen\u00f3micos"},"image":{"@id":"https:\/\/sistemasgenomicos.com\/en\/#\/schema\/logo\/image\/"}}]}},"_links":{"self":[{"href":"https:\/\/sistemasgenomicos.com\/en\/wp-json\/wp\/v2\/product\/221890","targetHints":{"allow":["GET"]}}],"collection":[{"href":"https:\/\/sistemasgenomicos.com\/en\/wp-json\/wp\/v2\/product"}],"about":[{"href":"https:\/\/sistemasgenomicos.com\/en\/wp-json\/wp\/v2\/types\/product"}],"wp:featuredmedia":[{"embeddable":true,"href":"https:\/\/sistemasgenomicos.com\/en\/wp-json\/wp\/v2\/media\/42665"}],"wp:attachment":[{"href":"https:\/\/sistemasgenomicos.com\/en\/wp-json\/wp\/v2\/media?parent=221890"}],"wp:term":[{"taxonomy":"product_brand","embeddable":true,"href":"https:\/\/sistemasgenomicos.com\/en\/wp-json\/wp\/v2\/product_brand?post=221890"},{"taxonomy":"product_cat","embeddable":true,"href":"https:\/\/sistemasgenomicos.com\/en\/wp-json\/wp\/v2\/product_cat?post=221890"},{"taxonomy":"product_tag","embeddable":true,"href":"https:\/\/sistemasgenomicos.com\/en\/wp-json\/wp\/v2\/product_tag?post=221890"}],"curies":[{"name":"wp","href":"https:\/\/api.w.org\/{rel}","templated":true}]}}