{"id":221705,"date":"2018-05-30T02:24:06","date_gmt":"2018-12-03T02:27:26","guid":{"rendered":"https:\/\/sistemasgenomicos.digitis.net\/tienda-online\/ngs-of-40-gene-panel-apc-atm-axin2-bard1-bmpr1a-brca1-brca2-brip1-bub1-cdh1-cdkn2a-chek2-dicer1-epcam-grem1-2\/"},"modified":"2020-09-30T06:29:03","modified_gmt":"2020-09-30T04:29:03","slug":"ngs-of-40-gene-panel-apc-atm-axin2-bard1-bmpr1a-brca1-brca2-brip1-bub1-cdh1-cdkn2a-chek2-dicer1-epcam-grem1-2","status":"publish","type":"product","link":"https:\/\/sistemasgenomicos.com\/en\/tienda-online\/ngs-of-40-gene-panel-apc-atm-axin2-bard1-bmpr1a-brca1-brca2-brip1-bub1-cdh1-cdkn2a-chek2-dicer1-epcam-grem1-2\/","title":{"rendered":"NGS of 40 gene panel: APC, ATM, AXIN2, BARD1, BMPR1A, BRCA1, BRCA2, BRIP1, BUB1, CDH1,  CDKN2A,  CHEK2,  DICER1,  EPCAM,  GREM1,  KIT, MEN1,  MLH1,  MSH2,  MSH6,  MUTYH,  NBN, NTHL1, PALB2,  PDGFRA,  PMS1,  POLD1,  POLE, PTEN, RAD50,  RAD51C, RAD51D, SCG5, SMAD4,  SMARCA4,  STK11,  TP53,  TSC1,  TSC2, VHL . "},"content":{"rendered":"","protected":false},"excerpt":{"rendered":"","protected":false},"featured_media":42665,"template":"","meta":[],"product_brand":[],"product_cat":[9509,9329,9514,9327,9544,9556],"product_tag":[23979],"class_list":{"0":"post-221705","1":"product","2":"type-product","3":"status-publish","4":"has-post-thumbnail","6":"gen-brca1","7":"gen-cdh1","8":"gen-pold1","9":"gen-pms1","10":"gen-nthl1","11":"gen-mlh1","12":"gen-palb2","13":"gen-msh2","14":"gen-dicer1","15":"gen-tsc2","16":"gen-nbn","17":"gen-bmpr1a","18":"gen-rad51c","19":"gen-rad50","20":"gen-msh6","21":"gen-stk11","22":"gen-epcam","23":"gen-smarca4","24":"gen-mutyh","25":"gen-men1","26":"gen-vhl","27":"gen-pdgfra","28":"gen-apc","29":"gen-brip1","30":"gen-bard1","31":"gen-brca2","32":"gen-tp53","33":"gen-smad4","34":"gen-cdkn2a","35":"gen-atm","36":"gen-kit","37":"gen-tsc1","38":"gen-scg5","39":"gen-grem1","40":"gen-axin2","41":"gen-bub1","42":"gen-pten","43":"gen-pole","44":"gen-chek2","45":"gen-rad51d","46":"product_cat-analysis-and-genetic-studies","47":"product_cat-diagnostico-genetico-por-secuenciacion-masivan-en","48":"product_cat-listado-de-enfermedades-en","49":"product_cat-diagnostico-genetico-molecularn-en","50":"product_cat-oncologia-diagnostico-genetico-molecularn-en","51":"product_cat-paneles-oncologia-diagnostico-genetico-por-secuenciacion-masivan-en","52":"product_tag-cancer-familiar-estudio-de-agregacion-familiarc00737-en","54":"first","55":"instock","56":"taxable","57":"shipping-taxable","58":"product-type-simple"},"acf":[],"yoast_head":"<!-- This site is optimized with the Yoast SEO plugin v27.4 - https:\/\/yoast.com\/product\/yoast-seo-wordpress\/ -->\n<title>NGS\u00a0of\u00a040\u00a0gene\u00a0panel:\u00a0APC, ATM, AXIN2, BARD1, BMPR1A, BRCA1, BRCA2,\u00a0BRIP1,\u00a0BUB1,\u00a0CDH1, \u00a0CDKN2A, \u00a0CHEK2, \u00a0DICER1, \u00a0EPCAM, \u00a0GREM1,\u00a0\u00a0KIT,\u00a0MEN1, \u00a0MLH1, \u00a0MSH2, \u00a0MSH6, \u00a0MUTYH, \u00a0NBN, NTHL1,\u00a0PALB2, \u00a0PDGFRA, \u00a0PMS1, \u00a0POLD1, \u00a0POLE, PTEN,\u00a0RAD50,\u00a0 RAD51C,\u00a0RAD51D,\u00a0SCG5,\u00a0SMAD4, \u00a0SMARCA4, \u00a0STK11, \u00a0TP53, \u00a0TSC1, \u00a0TSC2, VHL\u00a0.\u00a0 - Sistemas Gen\u00f3micos<\/title>\n<meta name=\"robots\" content=\"index, follow, max-snippet:-1, max-image-preview:large, max-video-preview:-1\" \/>\n<link rel=\"canonical\" href=\"https:\/\/sistemasgenomicos.com\/en\/tienda-online\/ngs-of-40-gene-panel-apc-atm-axin2-bard1-bmpr1a-brca1-brca2-brip1-bub1-cdh1-cdkn2a-chek2-dicer1-epcam-grem1-2\/\" \/>\n<meta property=\"og:locale\" content=\"en_US\" \/>\n<meta property=\"og:type\" content=\"article\" \/>\n<meta property=\"og:title\" content=\"NGS\u00a0of\u00a040\u00a0gene\u00a0panel:\u00a0APC, ATM, AXIN2, BARD1, BMPR1A, BRCA1, BRCA2,\u00a0BRIP1,\u00a0BUB1,\u00a0CDH1, \u00a0CDKN2A, \u00a0CHEK2, \u00a0DICER1, \u00a0EPCAM, \u00a0GREM1,\u00a0\u00a0KIT,\u00a0MEN1, \u00a0MLH1, \u00a0MSH2, \u00a0MSH6, \u00a0MUTYH, \u00a0NBN, NTHL1,\u00a0PALB2, \u00a0PDGFRA, \u00a0PMS1, \u00a0POLD1, \u00a0POLE, PTEN,\u00a0RAD50,\u00a0 RAD51C,\u00a0RAD51D,\u00a0SCG5,\u00a0SMAD4, \u00a0SMARCA4, \u00a0STK11, \u00a0TP53, \u00a0TSC1, \u00a0TSC2, VHL\u00a0.\u00a0 - Sistemas Gen\u00f3micos\" \/>\n<meta property=\"og:url\" content=\"https:\/\/sistemasgenomicos.com\/en\/tienda-online\/ngs-of-40-gene-panel-apc-atm-axin2-bard1-bmpr1a-brca1-brca2-brip1-bub1-cdh1-cdkn2a-chek2-dicer1-epcam-grem1-2\/\" \/>\n<meta property=\"og:site_name\" content=\"Sistemas Gen\u00f3micos\" \/>\n<meta property=\"article:modified_time\" content=\"2020-09-30T04:29:03+00:00\" \/>\n<meta property=\"og:image\" content=\"https:\/\/sistemasgenomicos.com\/wp-content\/uploads\/2018\/04\/logo-sistemas-genomicos-default-1.jpg\" \/>\n\t<meta property=\"og:image:width\" content=\"1200\" \/>\n\t<meta property=\"og:image:height\" content=\"750\" \/>\n\t<meta property=\"og:image:type\" content=\"image\/jpeg\" \/>\n<meta name=\"twitter:card\" content=\"summary_large_image\" \/>\n<script type=\"application\/ld+json\" class=\"yoast-schema-graph\">{\"@context\":\"https:\\\/\\\/schema.org\",\"@graph\":[{\"@type\":\"WebPage\",\"@id\":\"https:\\\/\\\/sistemasgenomicos.com\\\/en\\\/tienda-online\\\/ngs-of-40-gene-panel-apc-atm-axin2-bard1-bmpr1a-brca1-brca2-brip1-bub1-cdh1-cdkn2a-chek2-dicer1-epcam-grem1-2\\\/\",\"url\":\"https:\\\/\\\/sistemasgenomicos.com\\\/en\\\/tienda-online\\\/ngs-of-40-gene-panel-apc-atm-axin2-bard1-bmpr1a-brca1-brca2-brip1-bub1-cdh1-cdkn2a-chek2-dicer1-epcam-grem1-2\\\/\",\"name\":\"NGS\u00a0of\u00a040\u00a0gene\u00a0panel:\u00a0APC, ATM, AXIN2, BARD1, BMPR1A, BRCA1, BRCA2,\u00a0BRIP1,\u00a0BUB1,\u00a0CDH1, \u00a0CDKN2A, \u00a0CHEK2, \u00a0DICER1, \u00a0EPCAM, \u00a0GREM1,\u00a0\u00a0KIT,\u00a0MEN1, \u00a0MLH1, \u00a0MSH2, \u00a0MSH6, \u00a0MUTYH, \u00a0NBN, NTHL1,\u00a0PALB2, \u00a0PDGFRA, \u00a0PMS1, \u00a0POLD1, \u00a0POLE, PTEN,\u00a0RAD50,\u00a0 RAD51C,\u00a0RAD51D,\u00a0SCG5,\u00a0SMAD4, \u00a0SMARCA4, \u00a0STK11, \u00a0TP53, \u00a0TSC1, \u00a0TSC2, VHL\u00a0.\u00a0 - Sistemas Gen\u00f3micos\",\"isPartOf\":{\"@id\":\"https:\\\/\\\/sistemasgenomicos.com\\\/en\\\/#website\"},\"primaryImageOfPage\":{\"@id\":\"https:\\\/\\\/sistemasgenomicos.com\\\/en\\\/tienda-online\\\/ngs-of-40-gene-panel-apc-atm-axin2-bard1-bmpr1a-brca1-brca2-brip1-bub1-cdh1-cdkn2a-chek2-dicer1-epcam-grem1-2\\\/#primaryimage\"},\"image\":{\"@id\":\"https:\\\/\\\/sistemasgenomicos.com\\\/en\\\/tienda-online\\\/ngs-of-40-gene-panel-apc-atm-axin2-bard1-bmpr1a-brca1-brca2-brip1-bub1-cdh1-cdkn2a-chek2-dicer1-epcam-grem1-2\\\/#primaryimage\"},\"thumbnailUrl\":\"https:\\\/\\\/sistemasgenomicos.com\\\/wp-content\\\/uploads\\\/2018\\\/04\\\/logo-sistemas-genomicos-default-1.jpg\",\"datePublished\":\"2018-12-03T02:27:26+00:00\",\"dateModified\":\"2020-09-30T04:29:03+00:00\",\"breadcrumb\":{\"@id\":\"https:\\\/\\\/sistemasgenomicos.com\\\/en\\\/tienda-online\\\/ngs-of-40-gene-panel-apc-atm-axin2-bard1-bmpr1a-brca1-brca2-brip1-bub1-cdh1-cdkn2a-chek2-dicer1-epcam-grem1-2\\\/#breadcrumb\"},\"inLanguage\":\"en-US\",\"potentialAction\":[{\"@type\":\"ReadAction\",\"target\":[\"https:\\\/\\\/sistemasgenomicos.com\\\/en\\\/tienda-online\\\/ngs-of-40-gene-panel-apc-atm-axin2-bard1-bmpr1a-brca1-brca2-brip1-bub1-cdh1-cdkn2a-chek2-dicer1-epcam-grem1-2\\\/\"]}]},{\"@type\":\"ImageObject\",\"inLanguage\":\"en-US\",\"@id\":\"https:\\\/\\\/sistemasgenomicos.com\\\/en\\\/tienda-online\\\/ngs-of-40-gene-panel-apc-atm-axin2-bard1-bmpr1a-brca1-brca2-brip1-bub1-cdh1-cdkn2a-chek2-dicer1-epcam-grem1-2\\\/#primaryimage\",\"url\":\"https:\\\/\\\/sistemasgenomicos.com\\\/wp-content\\\/uploads\\\/2018\\\/04\\\/logo-sistemas-genomicos-default-1.jpg\",\"contentUrl\":\"https:\\\/\\\/sistemasgenomicos.com\\\/wp-content\\\/uploads\\\/2018\\\/04\\\/logo-sistemas-genomicos-default-1.jpg\",\"width\":1200,\"height\":750},{\"@type\":\"BreadcrumbList\",\"@id\":\"https:\\\/\\\/sistemasgenomicos.com\\\/en\\\/tienda-online\\\/ngs-of-40-gene-panel-apc-atm-axin2-bard1-bmpr1a-brca1-brca2-brip1-bub1-cdh1-cdkn2a-chek2-dicer1-epcam-grem1-2\\\/#breadcrumb\",\"itemListElement\":[{\"@type\":\"ListItem\",\"position\":1,\"name\":\"Portada\",\"item\":\"https:\\\/\\\/sistemasgenomicos.com\\\/en\\\/\"},{\"@type\":\"ListItem\",\"position\":2,\"name\":\"Tienda\",\"item\":\"https:\\\/\\\/sistemasgenomicos.com\\\/es\\\/tienda\\\/\"},{\"@type\":\"ListItem\",\"position\":3,\"name\":\"NGS of 40 gene panel: APC, ATM, AXIN2, BARD1, BMPR1A, BRCA1, BRCA2, BRIP1, BUB1, CDH1, CDKN2A, CHEK2, DICER1, EPCAM, GREM1, KIT, MEN1, MLH1, MSH2, MSH6, MUTYH, NBN, NTHL1, PALB2, PDGFRA, PMS1, POLD1, POLE, PTEN, RAD50, RAD51C, RAD51D, SCG5, SMAD4, SMARCA4, STK11, TP53, TSC1, TSC2, VHL .\"}]},{\"@type\":\"WebSite\",\"@id\":\"https:\\\/\\\/sistemasgenomicos.com\\\/en\\\/#website\",\"url\":\"https:\\\/\\\/sistemasgenomicos.com\\\/en\\\/\",\"name\":\"Sistemas Gen\u00f3micos\",\"description\":\"La mayor empresa dedicada a la investigaci\u00f3n gen\u00e9tica y molecular\",\"publisher\":{\"@id\":\"https:\\\/\\\/sistemasgenomicos.com\\\/en\\\/#organization\"},\"potentialAction\":[{\"@type\":\"SearchAction\",\"target\":{\"@type\":\"EntryPoint\",\"urlTemplate\":\"https:\\\/\\\/sistemasgenomicos.com\\\/en\\\/?s={search_term_string}\"},\"query-input\":{\"@type\":\"PropertyValueSpecification\",\"valueRequired\":true,\"valueName\":\"search_term_string\"}}],\"inLanguage\":\"en-US\"},{\"@type\":\"Organization\",\"@id\":\"https:\\\/\\\/sistemasgenomicos.com\\\/en\\\/#organization\",\"name\":\"Sistemas Gen\u00f3micos\",\"url\":\"https:\\\/\\\/sistemasgenomicos.com\\\/en\\\/\",\"logo\":{\"@type\":\"ImageObject\",\"inLanguage\":\"en-US\",\"@id\":\"https:\\\/\\\/sistemasgenomicos.com\\\/en\\\/#\\\/schema\\\/logo\\\/image\\\/\",\"url\":\"https:\\\/\\\/sistemasgenomicos.com\\\/wp-content\\\/uploads\\\/2022\\\/04\\\/image001-1.png\",\"contentUrl\":\"https:\\\/\\\/sistemasgenomicos.com\\\/wp-content\\\/uploads\\\/2022\\\/04\\\/image001-1.png\",\"width\":250,\"height\":122,\"caption\":\"Sistemas Gen\u00f3micos\"},\"image\":{\"@id\":\"https:\\\/\\\/sistemasgenomicos.com\\\/en\\\/#\\\/schema\\\/logo\\\/image\\\/\"}}]}<\/script>\n<!-- \/ Yoast SEO plugin. -->","yoast_head_json":{"title":"NGS\u00a0of\u00a040\u00a0gene\u00a0panel:\u00a0APC, ATM, AXIN2, BARD1, BMPR1A, BRCA1, BRCA2,\u00a0BRIP1,\u00a0BUB1,\u00a0CDH1, \u00a0CDKN2A, \u00a0CHEK2, \u00a0DICER1, \u00a0EPCAM, \u00a0GREM1,\u00a0\u00a0KIT,\u00a0MEN1, \u00a0MLH1, \u00a0MSH2, \u00a0MSH6, \u00a0MUTYH, \u00a0NBN, NTHL1,\u00a0PALB2, \u00a0PDGFRA, \u00a0PMS1, \u00a0POLD1, \u00a0POLE, PTEN,\u00a0RAD50,\u00a0 RAD51C,\u00a0RAD51D,\u00a0SCG5,\u00a0SMAD4, \u00a0SMARCA4, \u00a0STK11, \u00a0TP53, \u00a0TSC1, \u00a0TSC2, VHL\u00a0.\u00a0 - Sistemas Gen\u00f3micos","robots":{"index":"index","follow":"follow","max-snippet":"max-snippet:-1","max-image-preview":"max-image-preview:large","max-video-preview":"max-video-preview:-1"},"canonical":"https:\/\/sistemasgenomicos.com\/en\/tienda-online\/ngs-of-40-gene-panel-apc-atm-axin2-bard1-bmpr1a-brca1-brca2-brip1-bub1-cdh1-cdkn2a-chek2-dicer1-epcam-grem1-2\/","og_locale":"en_US","og_type":"article","og_title":"NGS\u00a0of\u00a040\u00a0gene\u00a0panel:\u00a0APC, ATM, AXIN2, BARD1, BMPR1A, BRCA1, BRCA2,\u00a0BRIP1,\u00a0BUB1,\u00a0CDH1, \u00a0CDKN2A, \u00a0CHEK2, \u00a0DICER1, \u00a0EPCAM, \u00a0GREM1,\u00a0\u00a0KIT,\u00a0MEN1, \u00a0MLH1, \u00a0MSH2, \u00a0MSH6, \u00a0MUTYH, \u00a0NBN, NTHL1,\u00a0PALB2, \u00a0PDGFRA, \u00a0PMS1, \u00a0POLD1, \u00a0POLE, PTEN,\u00a0RAD50,\u00a0 RAD51C,\u00a0RAD51D,\u00a0SCG5,\u00a0SMAD4, \u00a0SMARCA4, \u00a0STK11, \u00a0TP53, \u00a0TSC1, \u00a0TSC2, VHL\u00a0.\u00a0 - Sistemas Gen\u00f3micos","og_url":"https:\/\/sistemasgenomicos.com\/en\/tienda-online\/ngs-of-40-gene-panel-apc-atm-axin2-bard1-bmpr1a-brca1-brca2-brip1-bub1-cdh1-cdkn2a-chek2-dicer1-epcam-grem1-2\/","og_site_name":"Sistemas Gen\u00f3micos","article_modified_time":"2020-09-30T04:29:03+00:00","og_image":[{"width":1200,"height":750,"url":"https:\/\/sistemasgenomicos.com\/wp-content\/uploads\/2018\/04\/logo-sistemas-genomicos-default-1.jpg","type":"image\/jpeg"}],"twitter_card":"summary_large_image","schema":{"@context":"https:\/\/schema.org","@graph":[{"@type":"WebPage","@id":"https:\/\/sistemasgenomicos.com\/en\/tienda-online\/ngs-of-40-gene-panel-apc-atm-axin2-bard1-bmpr1a-brca1-brca2-brip1-bub1-cdh1-cdkn2a-chek2-dicer1-epcam-grem1-2\/","url":"https:\/\/sistemasgenomicos.com\/en\/tienda-online\/ngs-of-40-gene-panel-apc-atm-axin2-bard1-bmpr1a-brca1-brca2-brip1-bub1-cdh1-cdkn2a-chek2-dicer1-epcam-grem1-2\/","name":"NGS\u00a0of\u00a040\u00a0gene\u00a0panel:\u00a0APC, ATM, AXIN2, BARD1, BMPR1A, BRCA1, BRCA2,\u00a0BRIP1,\u00a0BUB1,\u00a0CDH1, \u00a0CDKN2A, \u00a0CHEK2, \u00a0DICER1, \u00a0EPCAM, \u00a0GREM1,\u00a0\u00a0KIT,\u00a0MEN1, \u00a0MLH1, \u00a0MSH2, \u00a0MSH6, \u00a0MUTYH, \u00a0NBN, NTHL1,\u00a0PALB2, \u00a0PDGFRA, \u00a0PMS1, \u00a0POLD1, \u00a0POLE, PTEN,\u00a0RAD50,\u00a0 RAD51C,\u00a0RAD51D,\u00a0SCG5,\u00a0SMAD4, \u00a0SMARCA4, \u00a0STK11, \u00a0TP53, \u00a0TSC1, \u00a0TSC2, VHL\u00a0.\u00a0 - Sistemas Gen\u00f3micos","isPartOf":{"@id":"https:\/\/sistemasgenomicos.com\/en\/#website"},"primaryImageOfPage":{"@id":"https:\/\/sistemasgenomicos.com\/en\/tienda-online\/ngs-of-40-gene-panel-apc-atm-axin2-bard1-bmpr1a-brca1-brca2-brip1-bub1-cdh1-cdkn2a-chek2-dicer1-epcam-grem1-2\/#primaryimage"},"image":{"@id":"https:\/\/sistemasgenomicos.com\/en\/tienda-online\/ngs-of-40-gene-panel-apc-atm-axin2-bard1-bmpr1a-brca1-brca2-brip1-bub1-cdh1-cdkn2a-chek2-dicer1-epcam-grem1-2\/#primaryimage"},"thumbnailUrl":"https:\/\/sistemasgenomicos.com\/wp-content\/uploads\/2018\/04\/logo-sistemas-genomicos-default-1.jpg","datePublished":"2018-12-03T02:27:26+00:00","dateModified":"2020-09-30T04:29:03+00:00","breadcrumb":{"@id":"https:\/\/sistemasgenomicos.com\/en\/tienda-online\/ngs-of-40-gene-panel-apc-atm-axin2-bard1-bmpr1a-brca1-brca2-brip1-bub1-cdh1-cdkn2a-chek2-dicer1-epcam-grem1-2\/#breadcrumb"},"inLanguage":"en-US","potentialAction":[{"@type":"ReadAction","target":["https:\/\/sistemasgenomicos.com\/en\/tienda-online\/ngs-of-40-gene-panel-apc-atm-axin2-bard1-bmpr1a-brca1-brca2-brip1-bub1-cdh1-cdkn2a-chek2-dicer1-epcam-grem1-2\/"]}]},{"@type":"ImageObject","inLanguage":"en-US","@id":"https:\/\/sistemasgenomicos.com\/en\/tienda-online\/ngs-of-40-gene-panel-apc-atm-axin2-bard1-bmpr1a-brca1-brca2-brip1-bub1-cdh1-cdkn2a-chek2-dicer1-epcam-grem1-2\/#primaryimage","url":"https:\/\/sistemasgenomicos.com\/wp-content\/uploads\/2018\/04\/logo-sistemas-genomicos-default-1.jpg","contentUrl":"https:\/\/sistemasgenomicos.com\/wp-content\/uploads\/2018\/04\/logo-sistemas-genomicos-default-1.jpg","width":1200,"height":750},{"@type":"BreadcrumbList","@id":"https:\/\/sistemasgenomicos.com\/en\/tienda-online\/ngs-of-40-gene-panel-apc-atm-axin2-bard1-bmpr1a-brca1-brca2-brip1-bub1-cdh1-cdkn2a-chek2-dicer1-epcam-grem1-2\/#breadcrumb","itemListElement":[{"@type":"ListItem","position":1,"name":"Portada","item":"https:\/\/sistemasgenomicos.com\/en\/"},{"@type":"ListItem","position":2,"name":"Tienda","item":"https:\/\/sistemasgenomicos.com\/es\/tienda\/"},{"@type":"ListItem","position":3,"name":"NGS of 40 gene panel: APC, ATM, AXIN2, BARD1, BMPR1A, BRCA1, BRCA2, BRIP1, BUB1, CDH1, CDKN2A, CHEK2, DICER1, EPCAM, GREM1, KIT, MEN1, MLH1, MSH2, MSH6, MUTYH, NBN, NTHL1, PALB2, PDGFRA, PMS1, POLD1, POLE, PTEN, RAD50, RAD51C, RAD51D, SCG5, SMAD4, SMARCA4, STK11, TP53, TSC1, TSC2, VHL ."}]},{"@type":"WebSite","@id":"https:\/\/sistemasgenomicos.com\/en\/#website","url":"https:\/\/sistemasgenomicos.com\/en\/","name":"Sistemas Gen\u00f3micos","description":"La mayor empresa dedicada a la investigaci\u00f3n gen\u00e9tica y molecular","publisher":{"@id":"https:\/\/sistemasgenomicos.com\/en\/#organization"},"potentialAction":[{"@type":"SearchAction","target":{"@type":"EntryPoint","urlTemplate":"https:\/\/sistemasgenomicos.com\/en\/?s={search_term_string}"},"query-input":{"@type":"PropertyValueSpecification","valueRequired":true,"valueName":"search_term_string"}}],"inLanguage":"en-US"},{"@type":"Organization","@id":"https:\/\/sistemasgenomicos.com\/en\/#organization","name":"Sistemas Gen\u00f3micos","url":"https:\/\/sistemasgenomicos.com\/en\/","logo":{"@type":"ImageObject","inLanguage":"en-US","@id":"https:\/\/sistemasgenomicos.com\/en\/#\/schema\/logo\/image\/","url":"https:\/\/sistemasgenomicos.com\/wp-content\/uploads\/2022\/04\/image001-1.png","contentUrl":"https:\/\/sistemasgenomicos.com\/wp-content\/uploads\/2022\/04\/image001-1.png","width":250,"height":122,"caption":"Sistemas Gen\u00f3micos"},"image":{"@id":"https:\/\/sistemasgenomicos.com\/en\/#\/schema\/logo\/image\/"}}]}},"_links":{"self":[{"href":"https:\/\/sistemasgenomicos.com\/en\/wp-json\/wp\/v2\/product\/221705","targetHints":{"allow":["GET"]}}],"collection":[{"href":"https:\/\/sistemasgenomicos.com\/en\/wp-json\/wp\/v2\/product"}],"about":[{"href":"https:\/\/sistemasgenomicos.com\/en\/wp-json\/wp\/v2\/types\/product"}],"wp:featuredmedia":[{"embeddable":true,"href":"https:\/\/sistemasgenomicos.com\/en\/wp-json\/wp\/v2\/media\/42665"}],"wp:attachment":[{"href":"https:\/\/sistemasgenomicos.com\/en\/wp-json\/wp\/v2\/media?parent=221705"}],"wp:term":[{"taxonomy":"product_brand","embeddable":true,"href":"https:\/\/sistemasgenomicos.com\/en\/wp-json\/wp\/v2\/product_brand?post=221705"},{"taxonomy":"product_cat","embeddable":true,"href":"https:\/\/sistemasgenomicos.com\/en\/wp-json\/wp\/v2\/product_cat?post=221705"},{"taxonomy":"product_tag","embeddable":true,"href":"https:\/\/sistemasgenomicos.com\/en\/wp-json\/wp\/v2\/product_tag?post=221705"}],"curies":[{"name":"wp","href":"https:\/\/api.w.org\/{rel}","templated":true}]}}