{"id":98769,"date":"2018-09-13T15:28:05","date_gmt":"2018-09-13T15:28:05","guid":{"rendered":"https:\/\/sistemasgenomicos.digitis.net\/?page_id=98769"},"modified":"2018-09-13T15:28:05","modified_gmt":"2018-09-13T15:28:05","slug":"agrigenomic-services","status":"publish","type":"page","link":"https:\/\/sistemasgenomicos.com\/en\/agrigenomics\/agrigenomic-services\/","title":{"rendered":"Agrigenomic Services"},"content":{"rendered":"\n<!-- iframe plugin v.6.0 wordpress.org\/plugins\/iframe\/ -->\n<iframe loading=\"lazy\" same_height_as=\"document\" src=\"https:\/\/sistemasgenomicos.com\/externoAgro\/serviciosAGROi.php\" width=\"100%\" height=\"1000px\" scrolling=\"yes\" class=\"iframe-class\" frameborder=\"0\"><\/iframe>\n\r\n\t\t\t<script>\r\n\t\t\tdocument.addEventListener(\"DOMContentLoaded\", function(){\r\n\t\t\t\tvar target_element, iframe_element;\r\n\t\t\t\tiframe_element = document.querySelector(\"iframe.iframe-class\");\r\n\t\t\t\ttarget_element = document.querySelector(\"document\");\r\n\t\t\t\tiframe_element.style.height = target_element.offsetHeight + \"px\";\r\n\t\t\t});\r\n\t\t\t<\/script>\r\n\t\t\n","protected":false},"excerpt":{"rendered":"","protected":false},"author":1,"featured_media":42665,"parent":98594,"menu_order":0,"comment_status":"closed","ping_status":"closed","template":"","meta":{"footnotes":""},"class_list":["post-98769","page","type-page","status-publish","has-post-thumbnail","hentry"],"acf":[],"yoast_head":"<!-- This site is optimized with the Yoast SEO plugin v27.3 - https:\/\/yoast.com\/product\/yoast-seo-wordpress\/ -->\n<title>Agrigenomic Services - Sistemas Gen\u00f3micos<\/title>\n<meta name=\"robots\" content=\"index, follow, max-snippet:-1, max-image-preview:large, max-video-preview:-1\" \/>\n<link rel=\"canonical\" href=\"https:\/\/sistemasgenomicos.com\/en\/agrigenomics\/agrigenomic-services\/\" \/>\n<meta property=\"og:locale\" content=\"en_US\" \/>\n<meta property=\"og:type\" content=\"article\" \/>\n<meta property=\"og:title\" content=\"Agrigenomic Services - Sistemas Gen\u00f3micos\" \/>\n<meta property=\"og:url\" content=\"https:\/\/sistemasgenomicos.com\/en\/agrigenomics\/agrigenomic-services\/\" \/>\n<meta property=\"og:site_name\" content=\"Sistemas Gen\u00f3micos\" \/>\n<meta property=\"og:image\" content=\"https:\/\/sistemasgenomicos.com\/wp-content\/uploads\/2018\/04\/logo-sistemas-genomicos-default-1.jpg\" \/>\n\t<meta property=\"og:image:width\" content=\"1200\" \/>\n\t<meta property=\"og:image:height\" content=\"750\" \/>\n\t<meta property=\"og:image:type\" content=\"image\/jpeg\" \/>\n<meta name=\"twitter:card\" content=\"summary_large_image\" \/>\n<script type=\"application\/ld+json\" class=\"yoast-schema-graph\">{\"@context\":\"https:\\\/\\\/schema.org\",\"@graph\":[{\"@type\":\"WebPage\",\"@id\":\"https:\\\/\\\/sistemasgenomicos.com\\\/en\\\/agrigenomics\\\/agrigenomic-services\\\/\",\"url\":\"https:\\\/\\\/sistemasgenomicos.com\\\/en\\\/agrigenomics\\\/agrigenomic-services\\\/\",\"name\":\"Agrigenomic Services - Sistemas Gen\u00f3micos\",\"isPartOf\":{\"@id\":\"https:\\\/\\\/sistemasgenomicos.com\\\/en\\\/#website\"},\"primaryImageOfPage\":{\"@id\":\"https:\\\/\\\/sistemasgenomicos.com\\\/en\\\/agrigenomics\\\/agrigenomic-services\\\/#primaryimage\"},\"image\":{\"@id\":\"https:\\\/\\\/sistemasgenomicos.com\\\/en\\\/agrigenomics\\\/agrigenomic-services\\\/#primaryimage\"},\"thumbnailUrl\":\"https:\\\/\\\/sistemasgenomicos.com\\\/wp-content\\\/uploads\\\/2018\\\/04\\\/logo-sistemas-genomicos-default-1.jpg\",\"datePublished\":\"2018-09-13T15:28:05+00:00\",\"breadcrumb\":{\"@id\":\"https:\\\/\\\/sistemasgenomicos.com\\\/en\\\/agrigenomics\\\/agrigenomic-services\\\/#breadcrumb\"},\"inLanguage\":\"en-US\",\"potentialAction\":[{\"@type\":\"ReadAction\",\"target\":[\"https:\\\/\\\/sistemasgenomicos.com\\\/en\\\/agrigenomics\\\/agrigenomic-services\\\/\"]}]},{\"@type\":\"ImageObject\",\"inLanguage\":\"en-US\",\"@id\":\"https:\\\/\\\/sistemasgenomicos.com\\\/en\\\/agrigenomics\\\/agrigenomic-services\\\/#primaryimage\",\"url\":\"https:\\\/\\\/sistemasgenomicos.com\\\/wp-content\\\/uploads\\\/2018\\\/04\\\/logo-sistemas-genomicos-default-1.jpg\",\"contentUrl\":\"https:\\\/\\\/sistemasgenomicos.com\\\/wp-content\\\/uploads\\\/2018\\\/04\\\/logo-sistemas-genomicos-default-1.jpg\",\"width\":1200,\"height\":750},{\"@type\":\"BreadcrumbList\",\"@id\":\"https:\\\/\\\/sistemasgenomicos.com\\\/en\\\/agrigenomics\\\/agrigenomic-services\\\/#breadcrumb\",\"itemListElement\":[{\"@type\":\"ListItem\",\"position\":1,\"name\":\"Portada\",\"item\":\"https:\\\/\\\/sistemasgenomicos.com\\\/en\\\/\"},{\"@type\":\"ListItem\",\"position\":2,\"name\":\"Agrigenomics\",\"item\":\"https:\\\/\\\/sistemasgenomicos.com\\\/en\\\/agrigenomics\\\/\"},{\"@type\":\"ListItem\",\"position\":3,\"name\":\"Agrigenomic Services\"}]},{\"@type\":\"WebSite\",\"@id\":\"https:\\\/\\\/sistemasgenomicos.com\\\/en\\\/#website\",\"url\":\"https:\\\/\\\/sistemasgenomicos.com\\\/en\\\/\",\"name\":\"Sistemas Gen\u00f3micos\",\"description\":\"La mayor empresa dedicada a la investigaci\u00f3n gen\u00e9tica y molecular\",\"publisher\":{\"@id\":\"https:\\\/\\\/sistemasgenomicos.com\\\/en\\\/#organization\"},\"potentialAction\":[{\"@type\":\"SearchAction\",\"target\":{\"@type\":\"EntryPoint\",\"urlTemplate\":\"https:\\\/\\\/sistemasgenomicos.com\\\/en\\\/?s={search_term_string}\"},\"query-input\":{\"@type\":\"PropertyValueSpecification\",\"valueRequired\":true,\"valueName\":\"search_term_string\"}}],\"inLanguage\":\"en-US\"},{\"@type\":\"Organization\",\"@id\":\"https:\\\/\\\/sistemasgenomicos.com\\\/en\\\/#organization\",\"name\":\"Sistemas Gen\u00f3micos\",\"url\":\"https:\\\/\\\/sistemasgenomicos.com\\\/en\\\/\",\"logo\":{\"@type\":\"ImageObject\",\"inLanguage\":\"en-US\",\"@id\":\"https:\\\/\\\/sistemasgenomicos.com\\\/en\\\/#\\\/schema\\\/logo\\\/image\\\/\",\"url\":\"https:\\\/\\\/sistemasgenomicos.com\\\/wp-content\\\/uploads\\\/2022\\\/04\\\/image001-1.png\",\"contentUrl\":\"https:\\\/\\\/sistemasgenomicos.com\\\/wp-content\\\/uploads\\\/2022\\\/04\\\/image001-1.png\",\"width\":250,\"height\":122,\"caption\":\"Sistemas Gen\u00f3micos\"},\"image\":{\"@id\":\"https:\\\/\\\/sistemasgenomicos.com\\\/en\\\/#\\\/schema\\\/logo\\\/image\\\/\"}}]}<\/script>\n<!-- \/ Yoast SEO plugin. -->","yoast_head_json":{"title":"Agrigenomic Services - Sistemas Gen\u00f3micos","robots":{"index":"index","follow":"follow","max-snippet":"max-snippet:-1","max-image-preview":"max-image-preview:large","max-video-preview":"max-video-preview:-1"},"canonical":"https:\/\/sistemasgenomicos.com\/en\/agrigenomics\/agrigenomic-services\/","og_locale":"en_US","og_type":"article","og_title":"Agrigenomic Services - Sistemas Gen\u00f3micos","og_url":"https:\/\/sistemasgenomicos.com\/en\/agrigenomics\/agrigenomic-services\/","og_site_name":"Sistemas Gen\u00f3micos","og_image":[{"width":1200,"height":750,"url":"https:\/\/sistemasgenomicos.com\/wp-content\/uploads\/2018\/04\/logo-sistemas-genomicos-default-1.jpg","type":"image\/jpeg"}],"twitter_card":"summary_large_image","schema":{"@context":"https:\/\/schema.org","@graph":[{"@type":"WebPage","@id":"https:\/\/sistemasgenomicos.com\/en\/agrigenomics\/agrigenomic-services\/","url":"https:\/\/sistemasgenomicos.com\/en\/agrigenomics\/agrigenomic-services\/","name":"Agrigenomic Services - Sistemas Gen\u00f3micos","isPartOf":{"@id":"https:\/\/sistemasgenomicos.com\/en\/#website"},"primaryImageOfPage":{"@id":"https:\/\/sistemasgenomicos.com\/en\/agrigenomics\/agrigenomic-services\/#primaryimage"},"image":{"@id":"https:\/\/sistemasgenomicos.com\/en\/agrigenomics\/agrigenomic-services\/#primaryimage"},"thumbnailUrl":"https:\/\/sistemasgenomicos.com\/wp-content\/uploads\/2018\/04\/logo-sistemas-genomicos-default-1.jpg","datePublished":"2018-09-13T15:28:05+00:00","breadcrumb":{"@id":"https:\/\/sistemasgenomicos.com\/en\/agrigenomics\/agrigenomic-services\/#breadcrumb"},"inLanguage":"en-US","potentialAction":[{"@type":"ReadAction","target":["https:\/\/sistemasgenomicos.com\/en\/agrigenomics\/agrigenomic-services\/"]}]},{"@type":"ImageObject","inLanguage":"en-US","@id":"https:\/\/sistemasgenomicos.com\/en\/agrigenomics\/agrigenomic-services\/#primaryimage","url":"https:\/\/sistemasgenomicos.com\/wp-content\/uploads\/2018\/04\/logo-sistemas-genomicos-default-1.jpg","contentUrl":"https:\/\/sistemasgenomicos.com\/wp-content\/uploads\/2018\/04\/logo-sistemas-genomicos-default-1.jpg","width":1200,"height":750},{"@type":"BreadcrumbList","@id":"https:\/\/sistemasgenomicos.com\/en\/agrigenomics\/agrigenomic-services\/#breadcrumb","itemListElement":[{"@type":"ListItem","position":1,"name":"Portada","item":"https:\/\/sistemasgenomicos.com\/en\/"},{"@type":"ListItem","position":2,"name":"Agrigenomics","item":"https:\/\/sistemasgenomicos.com\/en\/agrigenomics\/"},{"@type":"ListItem","position":3,"name":"Agrigenomic Services"}]},{"@type":"WebSite","@id":"https:\/\/sistemasgenomicos.com\/en\/#website","url":"https:\/\/sistemasgenomicos.com\/en\/","name":"Sistemas Gen\u00f3micos","description":"La mayor empresa dedicada a la investigaci\u00f3n gen\u00e9tica y molecular","publisher":{"@id":"https:\/\/sistemasgenomicos.com\/en\/#organization"},"potentialAction":[{"@type":"SearchAction","target":{"@type":"EntryPoint","urlTemplate":"https:\/\/sistemasgenomicos.com\/en\/?s={search_term_string}"},"query-input":{"@type":"PropertyValueSpecification","valueRequired":true,"valueName":"search_term_string"}}],"inLanguage":"en-US"},{"@type":"Organization","@id":"https:\/\/sistemasgenomicos.com\/en\/#organization","name":"Sistemas Gen\u00f3micos","url":"https:\/\/sistemasgenomicos.com\/en\/","logo":{"@type":"ImageObject","inLanguage":"en-US","@id":"https:\/\/sistemasgenomicos.com\/en\/#\/schema\/logo\/image\/","url":"https:\/\/sistemasgenomicos.com\/wp-content\/uploads\/2022\/04\/image001-1.png","contentUrl":"https:\/\/sistemasgenomicos.com\/wp-content\/uploads\/2022\/04\/image001-1.png","width":250,"height":122,"caption":"Sistemas Gen\u00f3micos"},"image":{"@id":"https:\/\/sistemasgenomicos.com\/en\/#\/schema\/logo\/image\/"}}]}},"_links":{"self":[{"href":"https:\/\/sistemasgenomicos.com\/en\/wp-json\/wp\/v2\/pages\/98769","targetHints":{"allow":["GET"]}}],"collection":[{"href":"https:\/\/sistemasgenomicos.com\/en\/wp-json\/wp\/v2\/pages"}],"about":[{"href":"https:\/\/sistemasgenomicos.com\/en\/wp-json\/wp\/v2\/types\/page"}],"author":[{"embeddable":true,"href":"https:\/\/sistemasgenomicos.com\/en\/wp-json\/wp\/v2\/users\/1"}],"replies":[{"embeddable":true,"href":"https:\/\/sistemasgenomicos.com\/en\/wp-json\/wp\/v2\/comments?post=98769"}],"version-history":[{"count":0,"href":"https:\/\/sistemasgenomicos.com\/en\/wp-json\/wp\/v2\/pages\/98769\/revisions"}],"up":[{"embeddable":true,"href":"https:\/\/sistemasgenomicos.com\/en\/wp-json\/wp\/v2\/pages\/98594"}],"wp:featuredmedia":[{"embeddable":true,"href":"https:\/\/sistemasgenomicos.com\/en\/wp-json\/wp\/v2\/media\/42665"}],"wp:attachment":[{"href":"https:\/\/sistemasgenomicos.com\/en\/wp-json\/wp\/v2\/media?parent=98769"}],"curies":[{"name":"wp","href":"https:\/\/api.w.org\/{rel}","templated":true}]}}