{"id":98616,"date":"2018-08-31T10:02:27","date_gmt":"2018-08-31T10:02:27","guid":{"rendered":"https:\/\/sistemasgenomicos.digitis.net\/?page_id=98616"},"modified":"2018-09-10T09:33:21","modified_gmt":"2018-09-10T09:33:21","slug":"consulting","status":"publish","type":"page","link":"https:\/\/sistemasgenomicos.com\/en\/agrigenomics\/consulting\/","title":{"rendered":"Consulting"},"content":{"rendered":"\n  <div class=\"banner has-hover\" id=\"banner-673686227\">\n          <div class=\"banner-inner fill\">\n        <div class=\"banner-bg fill\" >\n            <div class=\"bg fill bg-fill \"><\/div>\n                        <div class=\"overlay\"><\/div>            \n                    <\/div>\n\t\t\n        <div class=\"banner-layers container\">\n            <div class=\"fill banner-link\"><\/div>            \n   <div id=\"text-box-1725575797\" class=\"text-box banner-layer x50 md-x50 lg-x50 y50 md-y50 lg-y50 res-text\">\n                                <div class=\"text-box-content text dark text-shadow-2\">\n              \n              <div class=\"text-inner text-center\">\n                  \n<h1>INTEGRATED CONSULTING<\/h1>\n<h4>Tailor-made biotechnology solutions<\/h4>\n<a href=\"#personalizar-en\" class=\"button primary is-small\"  >\n    <span>Request Info<\/span>\n  <\/a>\n\n              <\/div>\n           <\/div>\n                            \n<style>\n#text-box-1725575797 {\n  width: 72%;\n}\n#text-box-1725575797 .text-box-content {\n  font-size: 100%;\n}\n<\/style>\n    <\/div>\n \n        <\/div>\n      <\/div>\n\n            \n<style>\n#banner-673686227 {\n  padding-top: 300px;\n}\n#banner-673686227 .bg.bg-loaded {\n  background-image: url(https:\/\/sistemasgenomicos.com\/wp-content\/uploads\/2017\/10\/hero-especialistas.jpg);\n}\n#banner-673686227 .overlay {\n  background-color: rgba(0, 0, 0, 0.25);\n}\n#banner-673686227 .bg {\n  background-position: 48% 57%;\n}\n<\/style>\n  <\/div>\n\n\n\t<div id=\"gap-94910301\" class=\"gap-element clearfix\" style=\"display:block; height:auto;\">\n\t\t\n<style>\n#gap-94910301 {\n  padding-top: 40px;\n}\n<\/style>\n\t<\/div>\n\t\n<div class=\"row align-center\"  id=\"row-622159806\">\n\n\t<div id=\"col-206160973\" class=\"col medium-6 small-10 large-6\"  data-animate=\"fadeInUp\">\n\t\t\t\t<div class=\"col-inner\"  >\n\t\t\t\n\t\t\t\n<h2><span style=\"font-size: 110%;\">We can help you<\/span><\/h2>\n<div class=\"is-divider divider clearfix\" style=\"margin-top:0.5em;margin-bottom:0.5em;max-width:254px;\"><\/div>\n<p>With 20 years of experience in molecular analysis for the Agricultural Sector, here at Sistemas Gen\u00f3micos we have broad knowledge regarding the needs and trends in the field of sustainability and food safety.<\/p>\n<p>There are many possibilities in biotechnology for molecular classification of varieties\/individuals, applicable to different fields in food and agriculture production. Here at Sistemas Gen\u00f3micos, we offer specialist scientific\/technological consulting service to help our customers in choosing the most cost-effective analysis in line with their specific interests.<\/p>\n\t\t<\/div>\n\t\t\t\t\t<\/div>\n\n\t\n\n\t<div id=\"col-85498887\" class=\"col medium-6 small-10 large-6\"  data-animate=\"fadeInUp\">\n\t\t\t\t<div class=\"col-inner\"  >\n\t\t\t\n\t\t\t\n\t<div class=\"img has-hover x md-x lg-x y md-y lg-y\" id=\"image_1850390777\">\n\t\t\t\t\t\t\t\t<div class=\"img-inner image-cover dark\" style=\"padding-top:100px;\">\n\t\t\t<img loading=\"lazy\" decoding=\"async\" width=\"1000\" height=\"667\" src=\"https:\/\/sistemasgenomicos.com\/wp-content\/uploads\/2018\/08\/soluciones.jpg\" class=\"attachment-large size-large\" alt=\"\" \/>\t\t\t\t\t\t\n\t\t\t\t\t<\/div>\n\t\t\t\t\t\t\t\t\n<style>\n#image_1850390777 {\n  width: 100%;\n}\n<\/style>\n\t<\/div>\n\t\n<ul>\n<li class=\"bullet-checkmark\">Differentiating different varieties of plants<\/li>\n<li class=\"bullet-checkmark\">Analysis, validations, development of new molecular markers (SSR, SNPs)<\/li>\n<li class=\"bullet-checkmark\">Consulting for Marker Assisted Selection (MAS) Programmes<\/li>\n<li class=\"bullet-checkmark\">Next-Generation Sequencing (NGS) Services<\/li>\n<li class=\"bullet-checkmark\">Analysis, design and development of tailor-made bioinformatics tools<\/li>\n<li class=\"bullet-checkmark\">Advanced studies of massive studies<\/li>\n<\/ul>\n\t\t<\/div>\n\t\t\t\t\t<\/div>\n\n\t\n<\/div>\n<div class=\"container section-title-container\" style=\"margin-bottom:50px;\"><h3 class=\"section-title section-title-center\"><b><\/b><span class=\"section-title-main\" >Types of service we offer:<\/span><b><\/b><\/h3><\/div>\n\t<section class=\"section has-mask mask-arrow\" id=\"section_1152789941\">\n\t\t<div class=\"bg section-bg fill bg-fill  bg-loaded\" >\n\n\t\t\t\n\t\t\t<div class=\"section-bg-overlay absolute fill\"><\/div>\n\t\t\t\n\n\t\t<\/div>\n\n\t\t\n\n\t\t<div class=\"section-content relative\">\n\t\t\t\n\t<div id=\"gap-1747152173\" class=\"gap-element clearfix\" style=\"display:block; height:auto;\">\n\t\t\n<style>\n#gap-1747152173 {\n  padding-top: 30px;\n}\n<\/style>\n\t<\/div>\n\t\n<div class=\"row align-middle\"  id=\"row-419968332\">\n\n\t<div id=\"col-1840427249\" class=\"col medium-4 small-12 large-4\"  data-animate=\"fadeInUp\">\n\t\t\t\t<div class=\"col-inner\"  >\n\t\t\t\n\t\t\t\n\n  <div class=\"banner has-hover\" id=\"banner-1598200286\">\n          <div class=\"banner-inner fill\">\n        <div class=\"banner-bg fill\" >\n            <div class=\"bg fill bg-fill \"><\/div>\n                                    \n                    <\/div>\n\t\t\n        <div class=\"banner-layers container\">\n            <div class=\"fill banner-link\"><\/div>            \n        <\/div>\n      <\/div>\n\n            \n<style>\n#banner-1598200286 {\n  padding-top: 500px;\n}\n#banner-1598200286 .bg.bg-loaded {\n  background-image: url(https:\/\/sistemasgenomicos.com\/wp-content\/uploads\/2018\/08\/investigador.jpg);\n}\n#banner-1598200286 .bg {\n  background-position: 29% 49%;\n}\n<\/style>\n  <\/div>\n\n\n\t\t<\/div>\n\t\t\t\t\t<\/div>\n\n\t\n\n\t<div id=\"col-12715719\" class=\"col medium-8 small-12 large-8\"  data-animate=\"fadeInUp\">\n\t\t\t\t<div class=\"col-inner\"  >\n\t\t\t\n\t\t\t\n<h2>Tailor-made solutions: Personalised Research<\/h2>\n<p>Research and development for new plant varieties is of utmost importance for the development of the agricultural sector, based on the technical innovation on which all of the food supply chain depends.<\/p>\n<p>Sistemas Gen\u00f3micos is participating in this plant revolution by offering over 20 years of experience in plant genetics for those working in artificial selection.<\/p>\n<p>Using various molecular techniques (PCR, microarray, conventional sequencing), massive sequencing techniques (genome and transcriptome sequencing, targeted resequencing, miRNAs, metatranscriptomics, epigenetics) and bioinformatics, we suggest personalised projects that act as an effective solution for the needs of the sector:<\/p>\n<div class=\"row row-collapse\"  id=\"row-575131516\">\n\n\t<div id=\"col-242056300\" class=\"col medium-3 small-6 large-3\"  >\n\t\t\t\t<div class=\"col-inner\"  >\n\t\t\t\n\t\t\t\n<ul>\n<li class=\"bullet-checkmark\">\n<h4>Cutting-Edge Technology<\/h4>\n<\/li>\n<\/ul>\n\t\t<\/div>\n\t\t\t\t\t<\/div>\n\n\t\n\n\t<div id=\"col-144544286\" class=\"col medium-3 small-6 large-3\"  >\n\t\t\t\t<div class=\"col-inner\"  >\n\t\t\t\n\t\t\t\n<ul>\n<li class=\"bullet-checkmark\">\n<h4>Combination of traditional and next generation techniques<\/h4>\n<\/li>\n<\/ul>\n\t\t<\/div>\n\t\t\t\t\t<\/div>\n\n\t\n\n\t<div id=\"col-1906157516\" class=\"col medium-3 small-6 large-3\"  >\n\t\t\t\t<div class=\"col-inner\"  >\n\t\t\t\n\t\t\t\n<ul>\n<li class=\"bullet-checkmark\">\n<h4>Bioinformatics<\/h4>\n<\/li>\n<\/ul>\n\t\t<\/div>\n\t\t\t\t\t<\/div>\n\n\t\n\n\t<div id=\"col-1522046507\" class=\"col medium-3 small-6 large-3\"  >\n\t\t\t\t<div class=\"col-inner\"  >\n\t\t\t\n\t\t\t\n<ul>\n<li class=\"bullet-checkmark\">\n<h4>Development of cutting-edge solutions<\/h4>\n<\/li>\n<\/ul>\n\t\t<\/div>\n\t\t\t\t\t<\/div>\n\n\t\n<\/div>\n<a href=\"#personalizar-en\" class=\"button primary is-link is-smaller\"  style=\"border-radius:99px;\">\n    <span>Request information about this service<\/span>\n  <i class=\"icon-angle-right\" aria-hidden=\"true\" ><\/i><\/a>\n\n\t\t<\/div>\n\t\t\t\t\t<\/div>\n\n\t\n<\/div>\n\t\t<\/div>\n\n\t\t\n<style>\n#section_1152789941 {\n  padding-top: 30px;\n  padding-bottom: 30px;\n  background-color: rgb(249, 249, 249);\n}\n#section_1152789941 .section-bg-overlay {\n  background-color: rgba(241, 241, 241, 0);\n}\n<\/style>\n\t<\/section>\n\t\n\t<section class=\"section has-mask mask-arrow\" id=\"section_824963911\">\n\t\t<div class=\"bg section-bg fill bg-fill  bg-loaded\" >\n\n\t\t\t\n\t\t\t\n\t\t\t\n\n\t\t<\/div>\n\n\t\t\n\n\t\t<div class=\"section-content relative\">\n\t\t\t\n\t<div id=\"gap-1031435866\" class=\"gap-element clearfix\" style=\"display:block; height:auto;\">\n\t\t\n<style>\n#gap-1031435866 {\n  padding-top: 30px;\n}\n<\/style>\n\t<\/div>\n\t\n<div class=\"row align-middle\"  id=\"row-1181458222\">\n\n\t<div id=\"col-1312634644\" class=\"col medium-8 small-12 large-8\"  data-animate=\"fadeInUp\">\n\t\t\t\t<div class=\"col-inner\"  >\n\t\t\t\n\t\t\t\n<h2>Consulting in the Plant Sector<\/h2>\n<ul>\n<li class=\"bullet-checkmark\">\n<h4>Genetic artificial selection<\/h4>\n<p>The identification of molecular markers associated with features of interest for agriculture makes it easier to select specimen with the genotype of interest early on and, as a result, allows us to hugely reduce the costs involved in maintaining the seedlings.<\/li>\n<li class=\"bullet-checkmark\">\n<h4>Identification of Varieties<\/h4>\n<p>Genetic classification of the varieties allows for the protection of the breeder\u2019s rights, helping to settle conflicts related to intellectual property (denomination of origin, etc.). Genetic diversity studies.<\/li>\n<li class=\"bullet-checkmark\">\n<h4>Genetic diversity studies<\/h4>\n<p>The classification of the variability on a molecular level in plants is critical for coming up with the right strategies for conserving diversity, for example the establishment of germplasm banks.<\/li>\n<li class=\"bullet-checkmark\">\n<h4>Soil Analysis<\/h4>\n<p>Through Metagenome examination, we can know the structure of microscopic communities existing in the same place at the same time<\/li>\n<\/ul>\n<a href=\"#personalizar-en\" class=\"button primary is-link is-smaller\"  style=\"border-radius:99px;\">\n    <span>Request more information about this service<\/span>\n  <i class=\"icon-angle-right\" aria-hidden=\"true\" ><\/i><\/a>\n\n\t\t<\/div>\n\t\t\t\t\t<\/div>\n\n\t\n\n\t<div id=\"col-1689092759\" class=\"col medium-4 small-12 large-4\"  data-animate=\"fadeInUp\">\n\t\t\t\t<div class=\"col-inner\"  >\n\t\t\t\n\t\t\t\n\n  <div class=\"banner has-hover\" id=\"banner-657104819\">\n          <div class=\"banner-inner fill\">\n        <div class=\"banner-bg fill\" >\n            <div class=\"bg fill bg-fill \"><\/div>\n                                    \n                    <\/div>\n\t\t\n        <div class=\"banner-layers container\">\n            <div class=\"fill banner-link\"><\/div>            \n        <\/div>\n      <\/div>\n\n            \n<style>\n#banner-657104819 {\n  padding-top: 501px;\n}\n#banner-657104819 .bg.bg-loaded {\n  background-image: url(https:\/\/sistemasgenomicos.com\/wp-content\/uploads\/2018\/08\/vegetables.jpg);\n}\n<\/style>\n  <\/div>\n\n\n\t\t<\/div>\n\t\t\t\t\t<\/div>\n\n\t\n<\/div>\n\t\t<\/div>\n\n\t\t\n<style>\n#section_824963911 {\n  padding-top: 30px;\n  padding-bottom: 30px;\n  background-color: rgb(241, 241, 241);\n}\n<\/style>\n\t<\/section>\n\t\n\t<section class=\"section has-mask mask-arrow\" id=\"section_596875657\">\n\t\t<div class=\"bg section-bg fill bg-fill  bg-loaded\" >\n\n\t\t\t\n\t\t\t\n\t\t\t\n\n\t\t<\/div>\n\n\t\t\n\n\t\t<div class=\"section-content relative\">\n\t\t\t\n\t<div id=\"gap-670478609\" class=\"gap-element clearfix\" style=\"display:block; height:auto;\">\n\t\t\n<style>\n#gap-670478609 {\n  padding-top: 30px;\n}\n<\/style>\n\t<\/div>\n\t\n<div class=\"row align-middle\"  id=\"row-1051949861\">\n\n\t<div id=\"col-492691914\" class=\"col medium-4 small-12 large-4\"  data-animate=\"fadeInUp\">\n\t\t\t\t<div class=\"col-inner\"  >\n\t\t\t\n\t\t\t\n\n  <div class=\"banner has-hover\" id=\"banner-1987112323\">\n          <div class=\"banner-inner fill\">\n        <div class=\"banner-bg fill\" >\n            <div class=\"bg fill bg-fill \"><\/div>\n                                    \n                    <\/div>\n\t\t\n        <div class=\"banner-layers container\">\n            <div class=\"fill banner-link\"><\/div>            \n        <\/div>\n      <\/div>\n\n            \n<style>\n#banner-1987112323 {\n  padding-top: 200px;\n}\n#banner-1987112323 .bg.bg-loaded {\n  background-image: url(https:\/\/sistemasgenomicos.com\/wp-content\/uploads\/2018\/08\/especies-animales.jpg);\n}\n#banner-1987112323 .bg {\n  background-position: 50% 28%;\n}\n<\/style>\n  <\/div>\n\n\n\t\t<\/div>\n\t\t\t\t\t<\/div>\n\n\t\n\n\t<div id=\"col-96827067\" class=\"col medium-8 small-12 large-8\"  data-animate=\"fadeInUp\">\n\t\t\t\t<div class=\"col-inner\"  >\n\t\t\t\n\t\t\t\n<h2>Consulting in the Livestock Sector<\/h2>\n<ul>\n<li class=\"bullet-checkmark\">\n<h4>Genetic Selective Breeding<\/h4>\n<p>The molecular classification of animal species and the identification of features of interest improves the sustainability of livestock production, making it more effective and increasing profitability.<\/li>\n<\/ul>\n<a href=\"#personalizar-en\" class=\"button primary is-link is-smaller\"  style=\"border-radius:99px;\">\n    <span>Request more information about this service<\/span>\n  <i class=\"icon-angle-right\" aria-hidden=\"true\" ><\/i><\/a>\n\n\t\t<\/div>\n\t\t\t\t\t<\/div>\n\n\t\n<\/div>\n\t\t<\/div>\n\n\t\t\n<style>\n#section_596875657 {\n  padding-top: 30px;\n  padding-bottom: 30px;\n  background-color: rgb(233, 233, 233);\n}\n<\/style>\n\t<\/section>\n\t\n\t<section class=\"section has-mask mask-arrow\" id=\"section_281384230\">\n\t\t<div class=\"bg section-bg fill bg-fill  bg-loaded\" >\n\n\t\t\t\n\t\t\t\n\t\t\t\n\n\t\t<\/div>\n\n\t\t\n\n\t\t<div class=\"section-content relative\">\n\t\t\t\n\t<div id=\"gap-1693715582\" class=\"gap-element clearfix\" style=\"display:block; height:auto;\">\n\t\t\n<style>\n#gap-1693715582 {\n  padding-top: 30px;\n}\n<\/style>\n\t<\/div>\n\t\n<div class=\"row\"  id=\"row-233675439\">\n\n\t<div id=\"col-1082092047\" class=\"col medium-8 small-12 large-8\"  data-animate=\"fadeInUp\">\n\t\t\t\t<div class=\"col-inner\"  >\n\t\t\t\n\t\t\t\n<h2>Implementation of Standard 17025<\/h2>\n<p>Sistemas Gen\u00f3micos offers consulting services for implementing and setting up Molecular Biology laboratories, from the very start until they are in operation, with subsequent consulting for the implementation of standards such as 17025.<\/p>\n<p>The experience and specialisation of Sistemas Gen\u00f3micos in molecular biology techniques allows us to offer a range of related services, evaluating installations and equipment, specialised training, technical help, consulting services for implementing the technical requirements stipulated in Standard ISO 17025, etc.<\/p>\n<a href=\"#personalizar-en\" class=\"button primary is-link is-smaller\"  style=\"border-radius:99px;\">\n    <span>Request more information about this service<\/span>\n  <i class=\"icon-angle-right\" aria-hidden=\"true\" ><\/i><\/a>\n\n\t\t<\/div>\n\t\t\t\t\t<\/div>\n\n\t\n\n\t<div id=\"col-1698544120\" class=\"col medium-4 small-12 large-4\"  data-animate=\"fadeInUp\">\n\t\t\t\t<div class=\"col-inner\"  >\n\t\t\t\n\t\t\t\n\t<div class=\"img has-hover x md-x lg-x y md-y lg-y\" id=\"image_414603915\">\n\t\t\t\t\t\t\t\t<div class=\"img-inner dark\" >\n\t\t\t<img loading=\"lazy\" decoding=\"async\" width=\"739\" height=\"1024\" src=\"https:\/\/sistemasgenomicos.com\/wp-content\/uploads\/2018\/08\/iso-1725.png\" class=\"attachment-large size-large\" alt=\"\" \/>\t\t\t\t\t\t\n\t\t\t\t\t<\/div>\n\t\t\t\t\t\t\t\t\n<style>\n#image_414603915 {\n  width: 53%;\n}\n<\/style>\n\t<\/div>\n\t\n\t\t<\/div>\n\t\t\t\t\n<style>\n#col-1698544120 > .col-inner {\n  margin: 0px 30px 30px 30px;\n}\n<\/style>\n\t<\/div>\n\n\t\n<\/div>\n\t\t<\/div>\n\n\t\t\n<style>\n#section_281384230 {\n  padding-top: 30px;\n  padding-bottom: 30px;\n  background-color: rgb(225, 225, 225);\n}\n<\/style>\n\t<\/section>\n\t\n","protected":false},"excerpt":{"rendered":"","protected":false},"author":83,"featured_media":42666,"parent":98594,"menu_order":0,"comment_status":"closed","ping_status":"closed","template":"page-blank.php","meta":{"footnotes":""},"class_list":["post-98616","page","type-page","status-publish","has-post-thumbnail","hentry"],"acf":[],"yoast_head":"<!-- This site is optimized with the Yoast SEO plugin v27.5 - https:\/\/yoast.com\/product\/yoast-seo-wordpress\/ -->\n<title>Consulting - Sistemas Gen\u00f3micos<\/title>\n<meta name=\"robots\" content=\"index, follow, max-snippet:-1, max-image-preview:large, max-video-preview:-1\" \/>\n<link rel=\"canonical\" href=\"https:\/\/sistemasgenomicos.com\/en\/agrigenomics\/consulting\/\" \/>\n<meta property=\"og:locale\" content=\"en_US\" \/>\n<meta property=\"og:type\" content=\"article\" \/>\n<meta property=\"og:title\" content=\"Consulting - Sistemas Gen\u00f3micos\" \/>\n<meta property=\"og:url\" content=\"https:\/\/sistemasgenomicos.com\/en\/agrigenomics\/consulting\/\" \/>\n<meta property=\"og:site_name\" content=\"Sistemas Gen\u00f3micos\" \/>\n<meta property=\"article:modified_time\" content=\"2018-09-10T09:33:21+00:00\" \/>\n<meta property=\"og:image\" content=\"https:\/\/sistemasgenomicos.com\/wp-content\/uploads\/2018\/04\/logo-sistemas-genomicos-default-1.jpg\" \/>\n\t<meta property=\"og:image:width\" content=\"1200\" \/>\n\t<meta property=\"og:image:height\" content=\"750\" \/>\n\t<meta property=\"og:image:type\" content=\"image\/jpeg\" \/>\n<meta name=\"twitter:card\" content=\"summary_large_image\" \/>\n<meta name=\"twitter:label1\" content=\"Est. reading time\" \/>\n\t<meta name=\"twitter:data1\" content=\"4 minutes\" \/>\n<script type=\"application\/ld+json\" class=\"yoast-schema-graph\">{\"@context\":\"https:\\\/\\\/schema.org\",\"@graph\":[{\"@type\":\"WebPage\",\"@id\":\"https:\\\/\\\/sistemasgenomicos.com\\\/en\\\/agrigenomics\\\/consulting\\\/\",\"url\":\"https:\\\/\\\/sistemasgenomicos.com\\\/en\\\/agrigenomics\\\/consulting\\\/\",\"name\":\"Consulting - Sistemas Gen\u00f3micos\",\"isPartOf\":{\"@id\":\"https:\\\/\\\/sistemasgenomicos.com\\\/en\\\/#website\"},\"primaryImageOfPage\":{\"@id\":\"https:\\\/\\\/sistemasgenomicos.com\\\/en\\\/agrigenomics\\\/consulting\\\/#primaryimage\"},\"image\":{\"@id\":\"https:\\\/\\\/sistemasgenomicos.com\\\/en\\\/agrigenomics\\\/consulting\\\/#primaryimage\"},\"thumbnailUrl\":\"https:\\\/\\\/sistemasgenomicos.com\\\/wp-content\\\/uploads\\\/2018\\\/04\\\/logo-sistemas-genomicos-default-1.jpg\",\"datePublished\":\"2018-08-31T10:02:27+00:00\",\"dateModified\":\"2018-09-10T09:33:21+00:00\",\"breadcrumb\":{\"@id\":\"https:\\\/\\\/sistemasgenomicos.com\\\/en\\\/agrigenomics\\\/consulting\\\/#breadcrumb\"},\"inLanguage\":\"en-US\",\"potentialAction\":[{\"@type\":\"ReadAction\",\"target\":[\"https:\\\/\\\/sistemasgenomicos.com\\\/en\\\/agrigenomics\\\/consulting\\\/\"]}]},{\"@type\":\"ImageObject\",\"inLanguage\":\"en-US\",\"@id\":\"https:\\\/\\\/sistemasgenomicos.com\\\/en\\\/agrigenomics\\\/consulting\\\/#primaryimage\",\"url\":\"https:\\\/\\\/sistemasgenomicos.com\\\/wp-content\\\/uploads\\\/2018\\\/04\\\/logo-sistemas-genomicos-default-1.jpg\",\"contentUrl\":\"https:\\\/\\\/sistemasgenomicos.com\\\/wp-content\\\/uploads\\\/2018\\\/04\\\/logo-sistemas-genomicos-default-1.jpg\",\"width\":1200,\"height\":750},{\"@type\":\"BreadcrumbList\",\"@id\":\"https:\\\/\\\/sistemasgenomicos.com\\\/en\\\/agrigenomics\\\/consulting\\\/#breadcrumb\",\"itemListElement\":[{\"@type\":\"ListItem\",\"position\":1,\"name\":\"Portada\",\"item\":\"https:\\\/\\\/sistemasgenomicos.com\\\/en\\\/\"},{\"@type\":\"ListItem\",\"position\":2,\"name\":\"Agrigenomics\",\"item\":\"https:\\\/\\\/sistemasgenomicos.com\\\/en\\\/agrigenomics\\\/\"},{\"@type\":\"ListItem\",\"position\":3,\"name\":\"Consulting\"}]},{\"@type\":\"WebSite\",\"@id\":\"https:\\\/\\\/sistemasgenomicos.com\\\/en\\\/#website\",\"url\":\"https:\\\/\\\/sistemasgenomicos.com\\\/en\\\/\",\"name\":\"Sistemas Gen\u00f3micos\",\"description\":\"La mayor empresa dedicada a la investigaci\u00f3n gen\u00e9tica y molecular\",\"publisher\":{\"@id\":\"https:\\\/\\\/sistemasgenomicos.com\\\/en\\\/#organization\"},\"potentialAction\":[{\"@type\":\"SearchAction\",\"target\":{\"@type\":\"EntryPoint\",\"urlTemplate\":\"https:\\\/\\\/sistemasgenomicos.com\\\/en\\\/?s={search_term_string}\"},\"query-input\":{\"@type\":\"PropertyValueSpecification\",\"valueRequired\":true,\"valueName\":\"search_term_string\"}}],\"inLanguage\":\"en-US\"},{\"@type\":\"Organization\",\"@id\":\"https:\\\/\\\/sistemasgenomicos.com\\\/en\\\/#organization\",\"name\":\"Sistemas Gen\u00f3micos\",\"url\":\"https:\\\/\\\/sistemasgenomicos.com\\\/en\\\/\",\"logo\":{\"@type\":\"ImageObject\",\"inLanguage\":\"en-US\",\"@id\":\"https:\\\/\\\/sistemasgenomicos.com\\\/en\\\/#\\\/schema\\\/logo\\\/image\\\/\",\"url\":\"https:\\\/\\\/sistemasgenomicos.com\\\/wp-content\\\/uploads\\\/2022\\\/04\\\/image001-1.png\",\"contentUrl\":\"https:\\\/\\\/sistemasgenomicos.com\\\/wp-content\\\/uploads\\\/2022\\\/04\\\/image001-1.png\",\"width\":250,\"height\":122,\"caption\":\"Sistemas Gen\u00f3micos\"},\"image\":{\"@id\":\"https:\\\/\\\/sistemasgenomicos.com\\\/en\\\/#\\\/schema\\\/logo\\\/image\\\/\"}}]}<\/script>\n<!-- \/ Yoast SEO plugin. -->","yoast_head_json":{"title":"Consulting - Sistemas Gen\u00f3micos","robots":{"index":"index","follow":"follow","max-snippet":"max-snippet:-1","max-image-preview":"max-image-preview:large","max-video-preview":"max-video-preview:-1"},"canonical":"https:\/\/sistemasgenomicos.com\/en\/agrigenomics\/consulting\/","og_locale":"en_US","og_type":"article","og_title":"Consulting - Sistemas Gen\u00f3micos","og_url":"https:\/\/sistemasgenomicos.com\/en\/agrigenomics\/consulting\/","og_site_name":"Sistemas Gen\u00f3micos","article_modified_time":"2018-09-10T09:33:21+00:00","og_image":[{"width":1200,"height":750,"url":"https:\/\/sistemasgenomicos.com\/wp-content\/uploads\/2018\/04\/logo-sistemas-genomicos-default-1.jpg","type":"image\/jpeg"}],"twitter_card":"summary_large_image","twitter_misc":{"Est. reading time":"4 minutes"},"schema":{"@context":"https:\/\/schema.org","@graph":[{"@type":"WebPage","@id":"https:\/\/sistemasgenomicos.com\/en\/agrigenomics\/consulting\/","url":"https:\/\/sistemasgenomicos.com\/en\/agrigenomics\/consulting\/","name":"Consulting - Sistemas Gen\u00f3micos","isPartOf":{"@id":"https:\/\/sistemasgenomicos.com\/en\/#website"},"primaryImageOfPage":{"@id":"https:\/\/sistemasgenomicos.com\/en\/agrigenomics\/consulting\/#primaryimage"},"image":{"@id":"https:\/\/sistemasgenomicos.com\/en\/agrigenomics\/consulting\/#primaryimage"},"thumbnailUrl":"https:\/\/sistemasgenomicos.com\/wp-content\/uploads\/2018\/04\/logo-sistemas-genomicos-default-1.jpg","datePublished":"2018-08-31T10:02:27+00:00","dateModified":"2018-09-10T09:33:21+00:00","breadcrumb":{"@id":"https:\/\/sistemasgenomicos.com\/en\/agrigenomics\/consulting\/#breadcrumb"},"inLanguage":"en-US","potentialAction":[{"@type":"ReadAction","target":["https:\/\/sistemasgenomicos.com\/en\/agrigenomics\/consulting\/"]}]},{"@type":"ImageObject","inLanguage":"en-US","@id":"https:\/\/sistemasgenomicos.com\/en\/agrigenomics\/consulting\/#primaryimage","url":"https:\/\/sistemasgenomicos.com\/wp-content\/uploads\/2018\/04\/logo-sistemas-genomicos-default-1.jpg","contentUrl":"https:\/\/sistemasgenomicos.com\/wp-content\/uploads\/2018\/04\/logo-sistemas-genomicos-default-1.jpg","width":1200,"height":750},{"@type":"BreadcrumbList","@id":"https:\/\/sistemasgenomicos.com\/en\/agrigenomics\/consulting\/#breadcrumb","itemListElement":[{"@type":"ListItem","position":1,"name":"Portada","item":"https:\/\/sistemasgenomicos.com\/en\/"},{"@type":"ListItem","position":2,"name":"Agrigenomics","item":"https:\/\/sistemasgenomicos.com\/en\/agrigenomics\/"},{"@type":"ListItem","position":3,"name":"Consulting"}]},{"@type":"WebSite","@id":"https:\/\/sistemasgenomicos.com\/en\/#website","url":"https:\/\/sistemasgenomicos.com\/en\/","name":"Sistemas Gen\u00f3micos","description":"La mayor empresa dedicada a la investigaci\u00f3n gen\u00e9tica y molecular","publisher":{"@id":"https:\/\/sistemasgenomicos.com\/en\/#organization"},"potentialAction":[{"@type":"SearchAction","target":{"@type":"EntryPoint","urlTemplate":"https:\/\/sistemasgenomicos.com\/en\/?s={search_term_string}"},"query-input":{"@type":"PropertyValueSpecification","valueRequired":true,"valueName":"search_term_string"}}],"inLanguage":"en-US"},{"@type":"Organization","@id":"https:\/\/sistemasgenomicos.com\/en\/#organization","name":"Sistemas Gen\u00f3micos","url":"https:\/\/sistemasgenomicos.com\/en\/","logo":{"@type":"ImageObject","inLanguage":"en-US","@id":"https:\/\/sistemasgenomicos.com\/en\/#\/schema\/logo\/image\/","url":"https:\/\/sistemasgenomicos.com\/wp-content\/uploads\/2022\/04\/image001-1.png","contentUrl":"https:\/\/sistemasgenomicos.com\/wp-content\/uploads\/2022\/04\/image001-1.png","width":250,"height":122,"caption":"Sistemas Gen\u00f3micos"},"image":{"@id":"https:\/\/sistemasgenomicos.com\/en\/#\/schema\/logo\/image\/"}}]}},"_links":{"self":[{"href":"https:\/\/sistemasgenomicos.com\/en\/wp-json\/wp\/v2\/pages\/98616","targetHints":{"allow":["GET"]}}],"collection":[{"href":"https:\/\/sistemasgenomicos.com\/en\/wp-json\/wp\/v2\/pages"}],"about":[{"href":"https:\/\/sistemasgenomicos.com\/en\/wp-json\/wp\/v2\/types\/page"}],"author":[{"embeddable":true,"href":"https:\/\/sistemasgenomicos.com\/en\/wp-json\/wp\/v2\/users\/83"}],"replies":[{"embeddable":true,"href":"https:\/\/sistemasgenomicos.com\/en\/wp-json\/wp\/v2\/comments?post=98616"}],"version-history":[{"count":0,"href":"https:\/\/sistemasgenomicos.com\/en\/wp-json\/wp\/v2\/pages\/98616\/revisions"}],"up":[{"embeddable":true,"href":"https:\/\/sistemasgenomicos.com\/en\/wp-json\/wp\/v2\/pages\/98594"}],"wp:featuredmedia":[{"embeddable":true,"href":"https:\/\/sistemasgenomicos.com\/en\/wp-json\/wp\/v2\/media\/42666"}],"wp:attachment":[{"href":"https:\/\/sistemasgenomicos.com\/en\/wp-json\/wp\/v2\/media?parent=98616"}],"curies":[{"name":"wp","href":"https:\/\/api.w.org\/{rel}","templated":true}]}}