{"id":56592,"date":"2018-05-14T14:28:24","date_gmt":"2018-05-14T14:28:24","guid":{"rendered":"https:\/\/sistemasgenomicos.digitis.net\/?page_id=56592"},"modified":"2018-06-20T09:46:28","modified_gmt":"2018-06-20T09:46:28","slug":"legal-notice","status":"publish","type":"page","link":"https:\/\/sistemasgenomicos.com\/en\/legal-notice\/","title":{"rendered":"Legal Notice"},"content":{"rendered":"<style>\r\n.nav-dark .header-logo {\r\n\tdisplay: block !important;\r\n\t\/* margin-top: 15px *\/\r\n}\r\n\r\n.nav-dark .header-logo-dark, .stuck .header-logo-sticky {\r\n\tdisplay: none !important\r\n}\r\n\r\n.icon-menu {color:#18355d !important}\r\n<\/style>\n<h2><strong>Legal Notice<\/strong><\/h2>\n<p>This legal notice regulates the use of the Internet service http:\/\/www.sistemasgenomicos.com and http:\/\/www.sistemasgenomicos.es of the company Sistemas Gen\u00f3micos S.L. with registered office in Ronda G. Marconi, 6 &#8211; Valencia Technology Park &#8211; 46980 &#8211; Paterna.<\/p>\n<p>All products and services contained in this website are provided by Sistemas Gen\u00f3micos in accordance with the regulations in force regarding telematic services.<\/p>\n<p>The visit and use of this website attributes the condition of user and commits you to use the website, its different sections and services in accordance with the law, with these General Conditions, and with generally accepted good practices.<\/p>\n<h3>General conditions of use <\/h3>\n<p>The web pages of Sistemas Gen\u00f3micos are intended to provide its clients, and the general public, with information regarding the services it offers, rates, contracts, etc. <\/p>\n<p>Sistemas Gen\u00f3micos has a large number of sections and services that can be modified, eliminated or replaced by others at the discretion of its owner, so it is not responsible for any circumstance that may arise from this reason.<\/p>\n<p>Sistemas Gen\u00f3micos does not grant any license or authorization of use of any kind on its industrial and intellectual property rights. The content of this page is protected by the corresponding copyright and intellectual property laws. <\/p>\n<p>Likewise, it is not intended in any case to violate intellectual or industrial property rights of third parties, or disturb their use, so if any user or a third party understands that any of the rights outlined is being violated, please address info@sistemasgenomicos.com and send us the alleged vulnerability and, where appropriate, the right on which it bases its claim.<\/p>\n<p>Neither will Sistemas Gen\u00f3micos be responsible for any faults that may occur due to communications, including deletion, incomplete transmission or delays in the referral, or in the event that a third party outside the company, illegally violating security measures, can send computer viruses. <\/p>\n<p>The user acknowledges and expressly accepts that Sistemas Gen\u00f3micos will not be responsible in any case for any damage directly or indirectly related to the use or inability to use the website or any of the sections or services it contains, or for any of the circumstances outlined above, so it can not claim from Sistemas Gen\u00f3micos any type of compensation for such concepts.<\/p>\n<p>Users are obliged to respect the legislation and good customs regarding spam (unsolicited email), both in relation to Sistemas Gen\u00f3micos, and with third parties with whom they can contact, directly or indirectly, through this Web.<\/p>\n<p>The web pages of Sistemas Gen\u00f3micos can not be copied, transmitted, stored in any format readable by a machine or reproduced, adapted or used in any other way without the written permission of this company.<\/p>\n<p>These General Conditions, as well as everything related to the commercial activity of the page, are governed by Spanish legislation. By using this website the user submits himself expressly to resolve any judicial issue to the jurisdiction of the courts and tribunals of the city of VALENCIA.<\/p>\n<p>Sistemas Gen\u00f3micos reserves the right to make, at any time, modifications to the information contained in these web pages. Likewise, it does not commit itself to the immediate update of the information contained in this web.<\/p>\n<p>Sistemas Gen\u00f3micos reserves the right to suspend access to its web pages at any time and without prior notice.<\/p>\n<p>All the information received in these web pages, such as comments, suggestions or ideas, will be considered assigned to Sistemas Gen\u00f3micos free of charge. Please do not send information that can not be treated in this way.<\/p>\n<p>All the logos, products and services that are shown in these web pages and that are not property of Sistemas Gen\u00f3micos, are registered trademarks of their respective owners and are recognized as such by Sistemas Gen\u00f3micos. These appear on this website for advertising and information purposes. <\/p>\n<p>Its owners can request the modification or elimination of the information contained in these web pages that concern them. The appearance of these third marks does not necessarily imply the recommendation of them.<\/p>\n<h3>Cookies policy <\/h3>\n<p>ascires.com uses Cookies to personalise and facilitate the user&#8217;s browsing as much as possible. Cookies are only associated to an anonymous user and the user&#8217;s computer and do not provide references that allow the user&#8217;s personal data to be deduced. The user may configure his\/her browser to notify and reject the installation of Cookies sent by our ascires.com website, without affecting the user&#8217;s ability to access the Content. However, we inform you that, in any event, the quality of the website&#8217;s operation may decrease. <\/p>\n<p>The purpose of Cookies is to provide the User with faster access to selected Services. In addition, Cookies personalise the Services offered by our website, providing and offering each user information that is of interest to them or that may be of interest to them, with regard to their use of the Services.<\/p>\n<h3>Privacy Policy<\/h3>\n<p>To know the data privacy policy of Sistemas Gen\u00f3micos <a href=\"\/?page_id=56547\">click here.<\/a><\/p>\n<h3>Information about the company<\/h3>\n<p>In compliance with article 10 of Law 34\/2002, of July 11, Services of the Information Society and Electronic Commerce, the identification data of the company are presented below.<\/p>\n<p><strong>Name<\/strong>: Sistemas Gen\u00f3micos S.L.<br \/>\n<strong>CIF<\/strong>: B96779764<br \/>\n<strong>Registered office:<\/strong> Ronda G. Marconi, 6 &#8211; Parque Tecnol\u00f3gico de Valencia &#8211; 46980 &#8211; Paterna, (Spain)<br \/>\n<strong>Registration data:<\/strong> Society registered in Registro Mercantil de Valencia Tomo 6127 Libro 3433 Folio 216 Secci\u00f3n 8 Hoja V-61387.<\/p>\n","protected":false},"excerpt":{"rendered":"<p>Legal Notice This legal notice regulates the use of the Internet service http:\/\/www.sistemasgenomicos.com and http:\/\/www.sistemasgenomicos.es of the company Sistemas Gen\u00f3micos S.L. with registered office in Ronda G. Marconi, 6 &#8211; Valencia Technology Park &#8211; 46980 &#8211; Paterna. All products and services contained in this website are provided by Sistemas Gen\u00f3micos in accordance with the regulations [&#8230;]\n","protected":false},"author":83,"featured_media":42665,"parent":0,"menu_order":0,"comment_status":"closed","ping_status":"closed","template":"","meta":{"footnotes":""},"class_list":["post-56592","page","type-page","status-publish","has-post-thumbnail","hentry"],"acf":[],"yoast_head":"<!-- This site is optimized with the Yoast SEO plugin v27.5 - https:\/\/yoast.com\/product\/yoast-seo-wordpress\/ -->\n<title>Legal Notice - Sistemas Gen\u00f3micos<\/title>\n<meta name=\"robots\" content=\"noindex, follow\" \/>\n<meta property=\"og:locale\" content=\"en_US\" \/>\n<meta property=\"og:type\" content=\"article\" \/>\n<meta property=\"og:title\" content=\"Legal Notice - Sistemas Gen\u00f3micos\" \/>\n<meta property=\"og:description\" content=\"Legal Notice This legal notice regulates the use of the Internet service http:\/\/www.sistemasgenomicos.com and http:\/\/www.sistemasgenomicos.es of the company Sistemas Gen\u00f3micos S.L. with registered office in Ronda G. Marconi, 6 &#8211; Valencia Technology Park &#8211; 46980 &#8211; Paterna. All products and services contained in this website are provided by Sistemas Gen\u00f3micos in accordance with the regulations [...]\" \/>\n<meta property=\"og:url\" content=\"https:\/\/sistemasgenomicos.com\/en\/legal-notice\/\" \/>\n<meta property=\"og:site_name\" content=\"Sistemas Gen\u00f3micos\" \/>\n<meta property=\"article:modified_time\" content=\"2018-06-20T09:46:28+00:00\" \/>\n<meta property=\"og:image\" content=\"https:\/\/sistemasgenomicos.com\/wp-content\/uploads\/2018\/04\/logo-sistemas-genomicos-default-1.jpg\" \/>\n\t<meta property=\"og:image:width\" content=\"1200\" \/>\n\t<meta property=\"og:image:height\" content=\"750\" \/>\n\t<meta property=\"og:image:type\" content=\"image\/jpeg\" \/>\n<meta name=\"twitter:card\" content=\"summary_large_image\" \/>\n<meta name=\"twitter:label1\" content=\"Est. reading time\" \/>\n\t<meta name=\"twitter:data1\" content=\"5 minutes\" \/>\n<script type=\"application\/ld+json\" class=\"yoast-schema-graph\">{\"@context\":\"https:\\\/\\\/schema.org\",\"@graph\":[{\"@type\":\"WebPage\",\"@id\":\"https:\\\/\\\/sistemasgenomicos.com\\\/en\\\/legal-notice\\\/\",\"url\":\"https:\\\/\\\/sistemasgenomicos.com\\\/en\\\/legal-notice\\\/\",\"name\":\"Legal Notice - Sistemas Gen\u00f3micos\",\"isPartOf\":{\"@id\":\"https:\\\/\\\/sistemasgenomicos.com\\\/en\\\/#website\"},\"primaryImageOfPage\":{\"@id\":\"https:\\\/\\\/sistemasgenomicos.com\\\/en\\\/legal-notice\\\/#primaryimage\"},\"image\":{\"@id\":\"https:\\\/\\\/sistemasgenomicos.com\\\/en\\\/legal-notice\\\/#primaryimage\"},\"thumbnailUrl\":\"https:\\\/\\\/sistemasgenomicos.com\\\/wp-content\\\/uploads\\\/2018\\\/04\\\/logo-sistemas-genomicos-default-1.jpg\",\"datePublished\":\"2018-05-14T14:28:24+00:00\",\"dateModified\":\"2018-06-20T09:46:28+00:00\",\"breadcrumb\":{\"@id\":\"https:\\\/\\\/sistemasgenomicos.com\\\/en\\\/legal-notice\\\/#breadcrumb\"},\"inLanguage\":\"en-US\",\"potentialAction\":[{\"@type\":\"ReadAction\",\"target\":[\"https:\\\/\\\/sistemasgenomicos.com\\\/en\\\/legal-notice\\\/\"]}]},{\"@type\":\"ImageObject\",\"inLanguage\":\"en-US\",\"@id\":\"https:\\\/\\\/sistemasgenomicos.com\\\/en\\\/legal-notice\\\/#primaryimage\",\"url\":\"https:\\\/\\\/sistemasgenomicos.com\\\/wp-content\\\/uploads\\\/2018\\\/04\\\/logo-sistemas-genomicos-default-1.jpg\",\"contentUrl\":\"https:\\\/\\\/sistemasgenomicos.com\\\/wp-content\\\/uploads\\\/2018\\\/04\\\/logo-sistemas-genomicos-default-1.jpg\",\"width\":1200,\"height\":750},{\"@type\":\"BreadcrumbList\",\"@id\":\"https:\\\/\\\/sistemasgenomicos.com\\\/en\\\/legal-notice\\\/#breadcrumb\",\"itemListElement\":[{\"@type\":\"ListItem\",\"position\":1,\"name\":\"Portada\",\"item\":\"https:\\\/\\\/sistemasgenomicos.com\\\/en\\\/\"},{\"@type\":\"ListItem\",\"position\":2,\"name\":\"Legal Notice\"}]},{\"@type\":\"WebSite\",\"@id\":\"https:\\\/\\\/sistemasgenomicos.com\\\/en\\\/#website\",\"url\":\"https:\\\/\\\/sistemasgenomicos.com\\\/en\\\/\",\"name\":\"Sistemas Gen\u00f3micos\",\"description\":\"La mayor empresa dedicada a la investigaci\u00f3n gen\u00e9tica y molecular\",\"publisher\":{\"@id\":\"https:\\\/\\\/sistemasgenomicos.com\\\/en\\\/#organization\"},\"potentialAction\":[{\"@type\":\"SearchAction\",\"target\":{\"@type\":\"EntryPoint\",\"urlTemplate\":\"https:\\\/\\\/sistemasgenomicos.com\\\/en\\\/?s={search_term_string}\"},\"query-input\":{\"@type\":\"PropertyValueSpecification\",\"valueRequired\":true,\"valueName\":\"search_term_string\"}}],\"inLanguage\":\"en-US\"},{\"@type\":\"Organization\",\"@id\":\"https:\\\/\\\/sistemasgenomicos.com\\\/en\\\/#organization\",\"name\":\"Sistemas Gen\u00f3micos\",\"url\":\"https:\\\/\\\/sistemasgenomicos.com\\\/en\\\/\",\"logo\":{\"@type\":\"ImageObject\",\"inLanguage\":\"en-US\",\"@id\":\"https:\\\/\\\/sistemasgenomicos.com\\\/en\\\/#\\\/schema\\\/logo\\\/image\\\/\",\"url\":\"https:\\\/\\\/sistemasgenomicos.com\\\/wp-content\\\/uploads\\\/2022\\\/04\\\/image001-1.png\",\"contentUrl\":\"https:\\\/\\\/sistemasgenomicos.com\\\/wp-content\\\/uploads\\\/2022\\\/04\\\/image001-1.png\",\"width\":250,\"height\":122,\"caption\":\"Sistemas Gen\u00f3micos\"},\"image\":{\"@id\":\"https:\\\/\\\/sistemasgenomicos.com\\\/en\\\/#\\\/schema\\\/logo\\\/image\\\/\"}}]}<\/script>\n<!-- \/ Yoast SEO plugin. -->","yoast_head_json":{"title":"Legal Notice - Sistemas Gen\u00f3micos","robots":{"index":"noindex","follow":"follow"},"og_locale":"en_US","og_type":"article","og_title":"Legal Notice - Sistemas Gen\u00f3micos","og_description":"Legal Notice This legal notice regulates the use of the Internet service http:\/\/www.sistemasgenomicos.com and http:\/\/www.sistemasgenomicos.es of the company Sistemas Gen\u00f3micos S.L. with registered office in Ronda G. Marconi, 6 &#8211; Valencia Technology Park &#8211; 46980 &#8211; Paterna. All products and services contained in this website are provided by Sistemas Gen\u00f3micos in accordance with the regulations [...]","og_url":"https:\/\/sistemasgenomicos.com\/en\/legal-notice\/","og_site_name":"Sistemas Gen\u00f3micos","article_modified_time":"2018-06-20T09:46:28+00:00","og_image":[{"width":1200,"height":750,"url":"https:\/\/sistemasgenomicos.com\/wp-content\/uploads\/2018\/04\/logo-sistemas-genomicos-default-1.jpg","type":"image\/jpeg"}],"twitter_card":"summary_large_image","twitter_misc":{"Est. reading time":"5 minutes"},"schema":{"@context":"https:\/\/schema.org","@graph":[{"@type":"WebPage","@id":"https:\/\/sistemasgenomicos.com\/en\/legal-notice\/","url":"https:\/\/sistemasgenomicos.com\/en\/legal-notice\/","name":"Legal Notice - Sistemas Gen\u00f3micos","isPartOf":{"@id":"https:\/\/sistemasgenomicos.com\/en\/#website"},"primaryImageOfPage":{"@id":"https:\/\/sistemasgenomicos.com\/en\/legal-notice\/#primaryimage"},"image":{"@id":"https:\/\/sistemasgenomicos.com\/en\/legal-notice\/#primaryimage"},"thumbnailUrl":"https:\/\/sistemasgenomicos.com\/wp-content\/uploads\/2018\/04\/logo-sistemas-genomicos-default-1.jpg","datePublished":"2018-05-14T14:28:24+00:00","dateModified":"2018-06-20T09:46:28+00:00","breadcrumb":{"@id":"https:\/\/sistemasgenomicos.com\/en\/legal-notice\/#breadcrumb"},"inLanguage":"en-US","potentialAction":[{"@type":"ReadAction","target":["https:\/\/sistemasgenomicos.com\/en\/legal-notice\/"]}]},{"@type":"ImageObject","inLanguage":"en-US","@id":"https:\/\/sistemasgenomicos.com\/en\/legal-notice\/#primaryimage","url":"https:\/\/sistemasgenomicos.com\/wp-content\/uploads\/2018\/04\/logo-sistemas-genomicos-default-1.jpg","contentUrl":"https:\/\/sistemasgenomicos.com\/wp-content\/uploads\/2018\/04\/logo-sistemas-genomicos-default-1.jpg","width":1200,"height":750},{"@type":"BreadcrumbList","@id":"https:\/\/sistemasgenomicos.com\/en\/legal-notice\/#breadcrumb","itemListElement":[{"@type":"ListItem","position":1,"name":"Portada","item":"https:\/\/sistemasgenomicos.com\/en\/"},{"@type":"ListItem","position":2,"name":"Legal Notice"}]},{"@type":"WebSite","@id":"https:\/\/sistemasgenomicos.com\/en\/#website","url":"https:\/\/sistemasgenomicos.com\/en\/","name":"Sistemas Gen\u00f3micos","description":"La mayor empresa dedicada a la investigaci\u00f3n gen\u00e9tica y molecular","publisher":{"@id":"https:\/\/sistemasgenomicos.com\/en\/#organization"},"potentialAction":[{"@type":"SearchAction","target":{"@type":"EntryPoint","urlTemplate":"https:\/\/sistemasgenomicos.com\/en\/?s={search_term_string}"},"query-input":{"@type":"PropertyValueSpecification","valueRequired":true,"valueName":"search_term_string"}}],"inLanguage":"en-US"},{"@type":"Organization","@id":"https:\/\/sistemasgenomicos.com\/en\/#organization","name":"Sistemas Gen\u00f3micos","url":"https:\/\/sistemasgenomicos.com\/en\/","logo":{"@type":"ImageObject","inLanguage":"en-US","@id":"https:\/\/sistemasgenomicos.com\/en\/#\/schema\/logo\/image\/","url":"https:\/\/sistemasgenomicos.com\/wp-content\/uploads\/2022\/04\/image001-1.png","contentUrl":"https:\/\/sistemasgenomicos.com\/wp-content\/uploads\/2022\/04\/image001-1.png","width":250,"height":122,"caption":"Sistemas Gen\u00f3micos"},"image":{"@id":"https:\/\/sistemasgenomicos.com\/en\/#\/schema\/logo\/image\/"}}]}},"_links":{"self":[{"href":"https:\/\/sistemasgenomicos.com\/en\/wp-json\/wp\/v2\/pages\/56592","targetHints":{"allow":["GET"]}}],"collection":[{"href":"https:\/\/sistemasgenomicos.com\/en\/wp-json\/wp\/v2\/pages"}],"about":[{"href":"https:\/\/sistemasgenomicos.com\/en\/wp-json\/wp\/v2\/types\/page"}],"author":[{"embeddable":true,"href":"https:\/\/sistemasgenomicos.com\/en\/wp-json\/wp\/v2\/users\/83"}],"replies":[{"embeddable":true,"href":"https:\/\/sistemasgenomicos.com\/en\/wp-json\/wp\/v2\/comments?post=56592"}],"version-history":[{"count":0,"href":"https:\/\/sistemasgenomicos.com\/en\/wp-json\/wp\/v2\/pages\/56592\/revisions"}],"wp:featuredmedia":[{"embeddable":true,"href":"https:\/\/sistemasgenomicos.com\/en\/wp-json\/wp\/v2\/media\/42665"}],"wp:attachment":[{"href":"https:\/\/sistemasgenomicos.com\/en\/wp-json\/wp\/v2\/media?parent=56592"}],"curies":[{"name":"wp","href":"https:\/\/api.w.org\/{rel}","templated":true}]}}