{"id":42198,"date":"2018-02-26T11:10:05","date_gmt":"2018-02-26T11:10:05","guid":{"rendered":"https:\/\/sistemasgenomicos.digitis.net\/patients\/paediatrics\/"},"modified":"2018-03-02T12:59:03","modified_gmt":"2018-03-02T12:59:03","slug":"paediatrics","status":"publish","type":"page","link":"https:\/\/sistemasgenomicos.com\/en\/patients\/paediatrics\/","title":{"rendered":"Paediatrics"},"content":{"rendered":"\n  <div class=\"banner has-hover has-parallax\" id=\"banner-2109255945\">\n          <div class=\"banner-inner fill\">\n        <div class=\"banner-bg fill\" data-parallax=\"-10\" data-parallax-container=\".banner\" data-parallax-background>\n            <div class=\"bg fill bg-fill \"><\/div>\n                        <div class=\"overlay\"><\/div>            \n                    <\/div>\n\t\t\n        <div class=\"banner-layers container\">\n            <div class=\"fill banner-link\"><\/div>            \n\n\n\n   <div id=\"text-box-512767600\" class=\"text-box banner-layer x10 md-x10 lg-x10 y20 md-y15 lg-y80 res-text\">\n                     <div data-animate=\"fadeInDown\">           <div class=\"text-box-content text dark text-shadow-2\">\n              \n              <div class=\"text-inner text-center\">\n                  \n\n<h2><span style=\"font-size: 130%;\"><strong>Medical Specialisations<\/strong><\/span><\/h2>\n\n<h4>We provide a specialist solution for your case<\/h4>\n\n              <\/div>\n           <\/div>\n       <\/div>                     \n<style>\n#text-box-512767600 {\n  width: 68%;\n}\n#text-box-512767600 .text-box-content {\n  font-size: 100%;\n}\n@media (min-width:850px) {\n  #text-box-512767600 {\n    width: 75%;\n  }\n}\n<\/style>\n    <\/div>\n \n\n   <div id=\"text-box-1689519284\" class=\"text-box banner-layer x90 md-x90 lg-x90 y20 md-y15 lg-y20 res-text\">\n                     <div data-animate=\"fadeInDown\">           <div class=\"text-box-content text dark text-shadow-2\">\n              \n              <div class=\"text-inner text-center\">\n                  \n\n\n\n              <\/div>\n           <\/div>\n       <\/div>                     \n<style>\n#text-box-1689519284 .text-box-content {\n  background-color: rgba(0, 0, 0, 0.2);\n  font-size: 100%;\n}\n#text-box-1689519284 {\n  width: 68%;\n}\n@media (min-width:850px) {\n  #text-box-1689519284 {\n    width: 32%;\n  }\n}\n<\/style>\n    <\/div>\n \n\n\n\n        <\/div>\n      <\/div>\n\n            \n<style>\n#banner-2109255945 {\n  padding-top: 400px;\n  background-color: rgb(153, 51, 154);\n}\n#banner-2109255945 .bg.bg-loaded {\n  background-image: url(https:\/\/sistemasgenomicos.com\/wp-content\/uploads\/2017\/10\/especialidades-1.jpg);\n}\n#banner-2109255945 .overlay {\n  background-color: rgba(0, 0, 0, 0.24);\n}\n#banner-2109255945 .bg {\n  background-position: 50% 100%;\n}\n<\/style>\n  <\/div>\n\n\n<div class=\"row align-center\"  id=\"row-572587940\">\n\n\t<div id=\"col-1915608514\" class=\"col medium-2 small-12 large-2\"  >\n\t\t\t\t<div class=\"col-inner text-center\"  >\n\t\t\t\n\t\t\t\n<span class=\"scroll-to\" data-label=\"Scroll to: #pediatria\" data-bullet=\"true\" data-link=\"#pediatria\" data-title=\"Paediatrics\" ><a name=\"pediatria\"><\/a><\/span>\n\n\t\t<div class=\"icon-box featured-box icon-box-center text-center\"  >\n\t\t\t\t\t<div class=\"icon-box-img\" style=\"width: 60px\">\n\t\t\t\t<div class=\"icon\">\n\t\t\t\t\t<div class=\"icon-inner\" style=\"color:rgba(48, 62, 128, 0.85);\">\n\t\t\t\t\t\t<svg id=\"Capa_1\" data-name=\"Capa 1\" xmlns=\"http:\/\/www.w3.org\/2000\/svg\" viewBox=\"0 0 95.7 97.4\">\n  <defs>\n    <style>\n      .cls-1 {\n        fill: #fff;\n      }\n    <\/style>\n  <\/defs>\n  <title>ico-pediatria<\/title>\n  <path d=\"M422.8,347.5A14.2,14.2,0,1,1,437,333.3,14.2,14.2,0,0,1,422.8,347.5Z\" transform=\"translate(-373.8 -250.1)\"\/>\n  <path d=\"M421.6,249.1\" transform=\"translate(-373.8 -250.1)\"\/>\n  <path d=\"M408.1,343.8a47.8,47.8,0,0,1,13.5-93.7,47.9,47.9,0,0,1,47.8,47.8A48.1,48.1,0,0,1,438,342.8a17.7,17.7,0,0,0,2.6-6.9,42.5,42.5,0,0,0,2-75l-1.1-.6-0.3,1.2c-1.5,5.5-7.4,18.2-30.4,18.2h-0.9a0.9,0.9,0,0,1-.6-1.6c2.9-2.4,3.1-5.3.6-8.3s-5-6.5-4.4-9.5l0.3-1.8-1.7.8a42.5,42.5,0,0,0,1.1,77.8A17.8,17.8,0,0,0,408.1,343.8Z\" transform=\"translate(-373.8 -250.1)\"\/>\n  <path d=\"M414.1,296.7\" transform=\"translate(-373.8 -250.1)\"\/>\n  <circle cx=\"34.8\" cy=\"46.7\" r=\"4.5\"\/>\n  <path d=\"M439.8,296.7\" transform=\"translate(-373.8 -250.1)\"\/>\n  <path d=\"M434.3,301.2a4.5,4.5,0,1,1,4.5-4.5A4.5,4.5,0,0,1,434.3,301.2Z\" transform=\"translate(-373.8 -250.1)\"\/>\n  <path d=\"M406.6,328.1\" transform=\"translate(-373.8 -250.1)\"\/>\n  <path d=\"M439.3,326.2a18.2,18.2,0,0,0-7.6-8.5,9.5,9.5,0,0,0-18.8.5,18.1,18.1,0,0,0-6.8,8,10.2,10.2,0,0,1-2.1-6.1c0-7.3,8.4-13.2,18.7-13.2s18.7,5.9,18.7,13.2A10.2,10.2,0,0,1,439.3,326.2Z\" transform=\"translate(-373.8 -250.1)\"\/>\n  <path d=\"M424.6,327.6\" transform=\"translate(-373.8 -250.1)\"\/>\n  <path d=\"M415.8,317.3a10.2,10.2,0,0,1,13.5-.2A28.6,28.6,0,0,0,415.8,317.3Z\" transform=\"translate(-373.8 -250.1)\"\/>\n  <path class=\"cls-1\" d=\"M422.8,341.2a7.9,7.9,0,1,1,7.9-7.9,7.9,7.9,0,0,1-7.9,7.9h0Zm0,0\" transform=\"translate(-373.8 -250.1)\"\/>\n  <path d=\"M422.8,333.3a26.1,26.1,0,0,1-5.1-.5,5.1,5.1,0,0,1,3-4.1h1.2v-0.4h0.8l1.6,0.3a5,5,0,0,1,3.4,4.3A25.6,25.6,0,0,1,422.8,333.3Z\" transform=\"translate(-373.8 -250.1)\"\/>\n<\/svg>\n\t\t\t\t\t<\/div>\n\t\t\t\t<\/div>\n\t\t\t<\/div>\n\t\t\t\t<div class=\"icon-box-text last-reset\">\n\t\t\t\t\t\t\t\t\t\n<h3 id=\"pediatria\" style=\"margin-top: -15px; text-align: center;\"><span style=\"font-size: 115%;\">Paediatrics<\/span><\/h3>\n<p class=\"uppercase\" style=\"text-align: center;\"><span style=\"font-size: 80%;\"><strong>Medical specialisation from birth to adolescence<\/strong><\/span><\/p>\n\t\t<\/div>\n\t<\/div>\n\t\n\t\n\t<div id=\"gap-1658670888\" class=\"gap-element clearfix\" style=\"display:block; height:auto;\">\n\t\t\n<style>\n#gap-1658670888 {\n  padding-top: 30px;\n}\n<\/style>\n\t<\/div>\n\t\n<a href=\"https:\/\/sistemasgenomicos.com\/pacientes\/solicitar-una-cita\" class=\"button primary is-smaller\"  >\n    <span>Request an appointment<\/span>\n  <\/a>\n\n\t\t<\/div>\n\t\t\t\t\n<style>\n#col-1915608514 > .col-inner {\n  padding: 0px 40px 0px 0px;\n}\n<\/style>\n\t<\/div>\n\n\t\n\n\t<div id=\"col-2024603191\" class=\"col medium-9 small-12 large-9\"  >\n\t\t\t\t<div class=\"col-inner\"  >\n\t\t\t\n\t\t\t\n<p>Paediatrics is the medical specialisation that covers the developmental period in the life of a person who is in constant change, from birth to adolescence. An important group for paediatric pathology is related to genetic disorders, given the early onset of the expression.<\/p>\n\n\t\t<div class=\"tabbed-content\">\n\t\t\t\n\t\t\t<ul class=\"nav nav-tabs nav-normal nav-size-large nav-center\" role=\"tablist\"><li id=\"tab-dysmorphology-and-paediatric-neurology\" class=\"tab active has-icon\" role=\"presentation\"><a href=\"#tab_dysmorphology-and-paediatric-neurology\" role=\"tab\" aria-selected=\"true\" aria-controls=\"tab_dysmorphology-and-paediatric-neurology\"><span>Dysmorphology and paediatric neurology<\/span><\/a><\/li>\n<li id=\"tab-congential-hearth-disease\" class=\"tab has-icon\" role=\"presentation\"><a href=\"#tab_congential-hearth-disease\" tabindex=\"-1\" role=\"tab\" aria-selected=\"false\" aria-controls=\"tab_congential-hearth-disease\"><span>Congential hearth disease<\/span><\/a><\/li>\n<li id=\"tab-other\" class=\"tab has-icon\" role=\"presentation\"><a href=\"#tab_other\" tabindex=\"-1\" role=\"tab\" aria-selected=\"false\" aria-controls=\"tab_other\"><span>Other<\/span><\/a><\/li><\/ul><div class=\"tab-panels\"><div id=\"tab_dysmorphology-and-paediatric-neurology\" class=\"panel active entry-content\" role=\"tabpanel\" aria-labelledby=\"tab-dysmorphology-and-paediatric-neurology\">\n<p>Paediatric neurology covers problems with epilepsy, infantile cerebral paralysis, malformations of the central nervous system and learning disabilities, among the more important ones.<\/p>\n<p>The phenotype assessment of a new-born or child can be the start of suspicions about a genetic pathology. Many clinical presentations caused by this are associated with neurodevelopmental disorders and subsequent learning disabilities. \u00a0Furthermore, some patients may have convulsions, which makes it even more complex to diagnose this diseases.<\/p>\n<p>Additionally, assessing and detecting in a patient whether an activity that they developed as a child has stopped occurring is very important information for handling metabolic disorders.<\/p>\n<p>Phenotype assessment and genetic evaluation allow us to decide on the most effective strategies for diagnosing patients, providing attention to patients with specific nervous system diseases in new-borns, babies, children and adolescents.<\/p>\n<\/div>\n<div id=\"tab_congential-hearth-disease\" class=\"panel entry-content\" role=\"tabpanel\" aria-labelledby=\"tab-congential-hearth-disease\">\n<p>The rate of congenital heart disease is estimated at 8 to 10 in every 1,000 new-borns.<\/p>\n<p>There are more than fifty different types of congenital heart disease:<\/p>\n<ul>\n<li style=\"list-style-type: none;\">\n<ul>\n<li style=\"list-style-type: none;\">\n<ul>\n<li class=\"bullet-arrow\" style=\"font-weight: 400;\">Those that cause left-to-right shunts (blood passing from the systemic circulation to the pulmonary circulation), among which we have ventricular septal defects and arterial septal defects, patent ductus arteriosus and patent foramen ovale.<\/li>\n<li class=\"bullet-arrow\" style=\"font-weight: 400;\">Those that obstruct blood flow, among which aortic coarctation stands out.<\/li>\n<li class=\"bullet-arrow\" style=\"font-weight: 400;\">Heart diseases with cyanosis, in which abnormal blood flow goes from the pulmonary circulation to the systemic circulation, causing cyanosis. In this group we have Fallot tetralogy and the transposition of great arteries.<\/li>\n<\/ul>\n<\/li>\n<\/ul>\n<\/li>\n<\/ul>\n<p>The correct assessment of the family\u2019s medical history and background can be of great help for identifying a risk of syndromic or isolated heart disease.<\/p>\n<\/div>\n<div id=\"tab_other\" class=\"panel entry-content\" role=\"tabpanel\" aria-labelledby=\"tab-other\">\n<p>The OMIM catalogue contains over 7,000 genetic disorders. Over 50% of them can be detected in children under the age of 18.<\/p>\n<p>These diseases follow different autosomal dominant, autosomal recessive, and X-linked mendelian hereditary patterns.<\/p>\n<p>These diseases can affect different systems, most of them are considered rare diseases and genetic diagnosis is necessary to define the prognosis and establish the risk of recurrence in the family.<\/p>\n<\/div><\/div><\/div>\n\t\t<\/div>\n\t\t\t\t\t<\/div>\n\n\t\n<\/div>\n<div class=\"message-box relative dark\" style=\"padding-top:50px;padding-bottom:50px;\"><div class=\"message-box-bg-image bg-fill fill\" ><\/div><div class=\"message-box-bg-overlay bg-fill fill\" style=\"background-color:rgb(54, 97, 159);\"><\/div><div class=\"container relative\"><div class=\"inner last-reset\">\r\n\r\n<div class=\"row align-middle align-center\"  id=\"row-1106256255\">\r\n\r\n\n\t<div id=\"col-2044794153\" class=\"col medium-1 small-12 large-1\"  >\n\t\t\t\t<div class=\"col-inner text-center\"  >\n\t\t\t\n\t\t\t\r\n\r\n\t<div class=\"img has-hover x md-x lg-x y md-y lg-y\" id=\"image_275254131\">\n\t\t\t\t\t\t\t\t<div class=\"img-inner dark\" >\n\t\t\t<img loading=\"lazy\" decoding=\"async\" width=\"1\" height=\"1\" src=\"https:\/\/sistemasgenomicos.com\/wp-content\/uploads\/2017\/10\/ico-bco.svg\" class=\"attachment-large size-large\" alt=\"\" \/>\t\t\t\t\t\t\n\t\t\t\t\t<\/div>\n\t\t\t\t\t\t\t\t\n<style>\n#image_275254131 {\n  width: 62%;\n}\n<\/style>\n\t<\/div>\n\t\r\n\r\n\t\t<\/div>\n\t\t\t\t\t<\/div>\n\n\t\r\n\r\n\n\t<div id=\"col-569544629\" class=\"col medium-8 small-12 large-8\"  >\n\t\t\t\t<div class=\"col-inner\"  >\n\t\t\t\n\t\t\t\r\n\r\n<span class=\"scroll-to\" data-label=\"Scroll to: #otras\" data-bullet=\"true\" data-link=\"#otras\" data-title=\"Other Specialisations\" ><a name=\"otras\"><\/a><\/span>\r\n<h4>If the medical specialisation that you\u2019re looking for is not shown here, get in contact with us and we\u2019ll give you the specific response necessary for your case.<\/h4>\r\nHere at Sistemas Gen\u00f3micos, we cover the widest range of specialisations and we are constantly updating them.\r\n\r\n\t\t<\/div>\n\t\t\t\t\t<\/div>\n\n\t\r\n\r\n\n\t<div id=\"col-1122340931\" class=\"col medium-3 small-12 large-3\"  >\n\t\t\t\t<div class=\"col-inner text-center\"  >\n\t\t\t\n\t\t\t\r\n\r\n<a href=\"https:\/\/sistemasgenomicos.com\/en\/patients\/request-an-appointment\/\" class=\"button white is-outline\"  style=\"border-radius:99px;\">\n    <span>Request an appointment<\/span>\n  <\/a>\n\r\n\r\n\t\t<\/div>\n\t\t\t\t\t<\/div>\n\n\t\r\n\r\n<\/div>\r\n\r\n<\/div><\/div><\/div>\n","protected":false},"excerpt":{"rendered":"","protected":false},"author":83,"featured_media":42665,"parent":42152,"menu_order":0,"comment_status":"closed","ping_status":"closed","template":"page-blank.php","meta":{"footnotes":""},"class_list":["post-42198","page","type-page","status-publish","has-post-thumbnail","hentry"],"acf":[],"yoast_head":"<!-- This site is optimized with the Yoast SEO plugin v27.4 - https:\/\/yoast.com\/product\/yoast-seo-wordpress\/ -->\n<title>Paediatrics - Sistemas Gen\u00f3micos<\/title>\n<meta name=\"robots\" content=\"index, follow, max-snippet:-1, max-image-preview:large, max-video-preview:-1\" \/>\n<link rel=\"canonical\" href=\"https:\/\/sistemasgenomicos.com\/en\/patients\/paediatrics\/\" \/>\n<meta property=\"og:locale\" content=\"en_US\" \/>\n<meta property=\"og:type\" content=\"article\" \/>\n<meta property=\"og:title\" content=\"Paediatrics - Sistemas Gen\u00f3micos\" \/>\n<meta property=\"og:url\" content=\"https:\/\/sistemasgenomicos.com\/en\/patients\/paediatrics\/\" \/>\n<meta property=\"og:site_name\" content=\"Sistemas Gen\u00f3micos\" \/>\n<meta property=\"article:modified_time\" content=\"2018-03-02T12:59:03+00:00\" \/>\n<meta property=\"og:image\" content=\"https:\/\/sistemasgenomicos.com\/wp-content\/uploads\/2018\/04\/logo-sistemas-genomicos-default-1.jpg\" \/>\n\t<meta property=\"og:image:width\" content=\"1200\" \/>\n\t<meta property=\"og:image:height\" content=\"750\" \/>\n\t<meta property=\"og:image:type\" content=\"image\/jpeg\" \/>\n<meta name=\"twitter:card\" content=\"summary_large_image\" \/>\n<meta name=\"twitter:label1\" content=\"Est. reading time\" \/>\n\t<meta name=\"twitter:data1\" content=\"2 minutes\" \/>\n<script type=\"application\/ld+json\" class=\"yoast-schema-graph\">{\"@context\":\"https:\\\/\\\/schema.org\",\"@graph\":[{\"@type\":\"WebPage\",\"@id\":\"https:\\\/\\\/sistemasgenomicos.com\\\/en\\\/patients\\\/paediatrics\\\/\",\"url\":\"https:\\\/\\\/sistemasgenomicos.com\\\/en\\\/patients\\\/paediatrics\\\/\",\"name\":\"Paediatrics - Sistemas Gen\u00f3micos\",\"isPartOf\":{\"@id\":\"https:\\\/\\\/sistemasgenomicos.com\\\/en\\\/#website\"},\"primaryImageOfPage\":{\"@id\":\"https:\\\/\\\/sistemasgenomicos.com\\\/en\\\/patients\\\/paediatrics\\\/#primaryimage\"},\"image\":{\"@id\":\"https:\\\/\\\/sistemasgenomicos.com\\\/en\\\/patients\\\/paediatrics\\\/#primaryimage\"},\"thumbnailUrl\":\"https:\\\/\\\/sistemasgenomicos.com\\\/wp-content\\\/uploads\\\/2018\\\/04\\\/logo-sistemas-genomicos-default-1.jpg\",\"datePublished\":\"2018-02-26T11:10:05+00:00\",\"dateModified\":\"2018-03-02T12:59:03+00:00\",\"breadcrumb\":{\"@id\":\"https:\\\/\\\/sistemasgenomicos.com\\\/en\\\/patients\\\/paediatrics\\\/#breadcrumb\"},\"inLanguage\":\"en-US\",\"potentialAction\":[{\"@type\":\"ReadAction\",\"target\":[\"https:\\\/\\\/sistemasgenomicos.com\\\/en\\\/patients\\\/paediatrics\\\/\"]}]},{\"@type\":\"ImageObject\",\"inLanguage\":\"en-US\",\"@id\":\"https:\\\/\\\/sistemasgenomicos.com\\\/en\\\/patients\\\/paediatrics\\\/#primaryimage\",\"url\":\"https:\\\/\\\/sistemasgenomicos.com\\\/wp-content\\\/uploads\\\/2018\\\/04\\\/logo-sistemas-genomicos-default-1.jpg\",\"contentUrl\":\"https:\\\/\\\/sistemasgenomicos.com\\\/wp-content\\\/uploads\\\/2018\\\/04\\\/logo-sistemas-genomicos-default-1.jpg\",\"width\":1200,\"height\":750},{\"@type\":\"BreadcrumbList\",\"@id\":\"https:\\\/\\\/sistemasgenomicos.com\\\/en\\\/patients\\\/paediatrics\\\/#breadcrumb\",\"itemListElement\":[{\"@type\":\"ListItem\",\"position\":1,\"name\":\"Portada\",\"item\":\"https:\\\/\\\/sistemasgenomicos.com\\\/en\\\/\"},{\"@type\":\"ListItem\",\"position\":2,\"name\":\"Patients\",\"item\":\"https:\\\/\\\/sistemasgenomicos.com\\\/en\\\/patients\\\/\"},{\"@type\":\"ListItem\",\"position\":3,\"name\":\"Paediatrics\"}]},{\"@type\":\"WebSite\",\"@id\":\"https:\\\/\\\/sistemasgenomicos.com\\\/en\\\/#website\",\"url\":\"https:\\\/\\\/sistemasgenomicos.com\\\/en\\\/\",\"name\":\"Sistemas Gen\u00f3micos\",\"description\":\"La mayor empresa dedicada a la investigaci\u00f3n gen\u00e9tica y molecular\",\"publisher\":{\"@id\":\"https:\\\/\\\/sistemasgenomicos.com\\\/en\\\/#organization\"},\"potentialAction\":[{\"@type\":\"SearchAction\",\"target\":{\"@type\":\"EntryPoint\",\"urlTemplate\":\"https:\\\/\\\/sistemasgenomicos.com\\\/en\\\/?s={search_term_string}\"},\"query-input\":{\"@type\":\"PropertyValueSpecification\",\"valueRequired\":true,\"valueName\":\"search_term_string\"}}],\"inLanguage\":\"en-US\"},{\"@type\":\"Organization\",\"@id\":\"https:\\\/\\\/sistemasgenomicos.com\\\/en\\\/#organization\",\"name\":\"Sistemas Gen\u00f3micos\",\"url\":\"https:\\\/\\\/sistemasgenomicos.com\\\/en\\\/\",\"logo\":{\"@type\":\"ImageObject\",\"inLanguage\":\"en-US\",\"@id\":\"https:\\\/\\\/sistemasgenomicos.com\\\/en\\\/#\\\/schema\\\/logo\\\/image\\\/\",\"url\":\"https:\\\/\\\/sistemasgenomicos.com\\\/wp-content\\\/uploads\\\/2022\\\/04\\\/image001-1.png\",\"contentUrl\":\"https:\\\/\\\/sistemasgenomicos.com\\\/wp-content\\\/uploads\\\/2022\\\/04\\\/image001-1.png\",\"width\":250,\"height\":122,\"caption\":\"Sistemas Gen\u00f3micos\"},\"image\":{\"@id\":\"https:\\\/\\\/sistemasgenomicos.com\\\/en\\\/#\\\/schema\\\/logo\\\/image\\\/\"}}]}<\/script>\n<!-- \/ Yoast SEO plugin. -->","yoast_head_json":{"title":"Paediatrics - Sistemas Gen\u00f3micos","robots":{"index":"index","follow":"follow","max-snippet":"max-snippet:-1","max-image-preview":"max-image-preview:large","max-video-preview":"max-video-preview:-1"},"canonical":"https:\/\/sistemasgenomicos.com\/en\/patients\/paediatrics\/","og_locale":"en_US","og_type":"article","og_title":"Paediatrics - Sistemas Gen\u00f3micos","og_url":"https:\/\/sistemasgenomicos.com\/en\/patients\/paediatrics\/","og_site_name":"Sistemas Gen\u00f3micos","article_modified_time":"2018-03-02T12:59:03+00:00","og_image":[{"width":1200,"height":750,"url":"https:\/\/sistemasgenomicos.com\/wp-content\/uploads\/2018\/04\/logo-sistemas-genomicos-default-1.jpg","type":"image\/jpeg"}],"twitter_card":"summary_large_image","twitter_misc":{"Est. reading time":"2 minutes"},"schema":{"@context":"https:\/\/schema.org","@graph":[{"@type":"WebPage","@id":"https:\/\/sistemasgenomicos.com\/en\/patients\/paediatrics\/","url":"https:\/\/sistemasgenomicos.com\/en\/patients\/paediatrics\/","name":"Paediatrics - Sistemas Gen\u00f3micos","isPartOf":{"@id":"https:\/\/sistemasgenomicos.com\/en\/#website"},"primaryImageOfPage":{"@id":"https:\/\/sistemasgenomicos.com\/en\/patients\/paediatrics\/#primaryimage"},"image":{"@id":"https:\/\/sistemasgenomicos.com\/en\/patients\/paediatrics\/#primaryimage"},"thumbnailUrl":"https:\/\/sistemasgenomicos.com\/wp-content\/uploads\/2018\/04\/logo-sistemas-genomicos-default-1.jpg","datePublished":"2018-02-26T11:10:05+00:00","dateModified":"2018-03-02T12:59:03+00:00","breadcrumb":{"@id":"https:\/\/sistemasgenomicos.com\/en\/patients\/paediatrics\/#breadcrumb"},"inLanguage":"en-US","potentialAction":[{"@type":"ReadAction","target":["https:\/\/sistemasgenomicos.com\/en\/patients\/paediatrics\/"]}]},{"@type":"ImageObject","inLanguage":"en-US","@id":"https:\/\/sistemasgenomicos.com\/en\/patients\/paediatrics\/#primaryimage","url":"https:\/\/sistemasgenomicos.com\/wp-content\/uploads\/2018\/04\/logo-sistemas-genomicos-default-1.jpg","contentUrl":"https:\/\/sistemasgenomicos.com\/wp-content\/uploads\/2018\/04\/logo-sistemas-genomicos-default-1.jpg","width":1200,"height":750},{"@type":"BreadcrumbList","@id":"https:\/\/sistemasgenomicos.com\/en\/patients\/paediatrics\/#breadcrumb","itemListElement":[{"@type":"ListItem","position":1,"name":"Portada","item":"https:\/\/sistemasgenomicos.com\/en\/"},{"@type":"ListItem","position":2,"name":"Patients","item":"https:\/\/sistemasgenomicos.com\/en\/patients\/"},{"@type":"ListItem","position":3,"name":"Paediatrics"}]},{"@type":"WebSite","@id":"https:\/\/sistemasgenomicos.com\/en\/#website","url":"https:\/\/sistemasgenomicos.com\/en\/","name":"Sistemas Gen\u00f3micos","description":"La mayor empresa dedicada a la investigaci\u00f3n gen\u00e9tica y molecular","publisher":{"@id":"https:\/\/sistemasgenomicos.com\/en\/#organization"},"potentialAction":[{"@type":"SearchAction","target":{"@type":"EntryPoint","urlTemplate":"https:\/\/sistemasgenomicos.com\/en\/?s={search_term_string}"},"query-input":{"@type":"PropertyValueSpecification","valueRequired":true,"valueName":"search_term_string"}}],"inLanguage":"en-US"},{"@type":"Organization","@id":"https:\/\/sistemasgenomicos.com\/en\/#organization","name":"Sistemas Gen\u00f3micos","url":"https:\/\/sistemasgenomicos.com\/en\/","logo":{"@type":"ImageObject","inLanguage":"en-US","@id":"https:\/\/sistemasgenomicos.com\/en\/#\/schema\/logo\/image\/","url":"https:\/\/sistemasgenomicos.com\/wp-content\/uploads\/2022\/04\/image001-1.png","contentUrl":"https:\/\/sistemasgenomicos.com\/wp-content\/uploads\/2022\/04\/image001-1.png","width":250,"height":122,"caption":"Sistemas Gen\u00f3micos"},"image":{"@id":"https:\/\/sistemasgenomicos.com\/en\/#\/schema\/logo\/image\/"}}]}},"_links":{"self":[{"href":"https:\/\/sistemasgenomicos.com\/en\/wp-json\/wp\/v2\/pages\/42198","targetHints":{"allow":["GET"]}}],"collection":[{"href":"https:\/\/sistemasgenomicos.com\/en\/wp-json\/wp\/v2\/pages"}],"about":[{"href":"https:\/\/sistemasgenomicos.com\/en\/wp-json\/wp\/v2\/types\/page"}],"author":[{"embeddable":true,"href":"https:\/\/sistemasgenomicos.com\/en\/wp-json\/wp\/v2\/users\/83"}],"replies":[{"embeddable":true,"href":"https:\/\/sistemasgenomicos.com\/en\/wp-json\/wp\/v2\/comments?post=42198"}],"version-history":[{"count":0,"href":"https:\/\/sistemasgenomicos.com\/en\/wp-json\/wp\/v2\/pages\/42198\/revisions"}],"up":[{"embeddable":true,"href":"https:\/\/sistemasgenomicos.com\/en\/wp-json\/wp\/v2\/pages\/42152"}],"wp:featuredmedia":[{"embeddable":true,"href":"https:\/\/sistemasgenomicos.com\/en\/wp-json\/wp\/v2\/media\/42665"}],"wp:attachment":[{"href":"https:\/\/sistemasgenomicos.com\/en\/wp-json\/wp\/v2\/media?parent=42198"}],"curies":[{"name":"wp","href":"https:\/\/api.w.org\/{rel}","templated":true}]}}