{"id":42133,"date":"2018-02-26T10:57:28","date_gmt":"2018-02-26T10:57:28","guid":{"rendered":"https:\/\/sistemasgenomicos.digitis.net\/researchers-and-partners\/strategic-alliances\/"},"modified":"2018-07-05T07:22:51","modified_gmt":"2018-07-05T07:22:51","slug":"strategic-alliances","status":"publish","type":"page","link":"https:\/\/sistemasgenomicos.com\/en\/researchers-and-partners\/strategic-alliances\/","title":{"rendered":"Strategic Alliances"},"content":{"rendered":"<div class=\"row\"  id=\"row-859360445\">\n\n\t<div id=\"col-7080679\" class=\"col small-12 large-12\"  >\n\t\t\t\t<div class=\"col-inner\"  >\n\t\t\t\n\t\t\t\n<div class=\"container section-title-container\" style=\"margin-bottom:0px;\"><h3 class=\"section-title section-title-normal\"><b><\/b><span class=\"section-title-main\" >Partner Profile<\/span><b><\/b><\/h3><\/div>\n<p>Sistemas Gen\u00f3micos, a pioneering company in DNA and RNA sequencing technology, has been actively participating and working on multiple genetic investigation projects since it started, both nationally and internationally.<\/p>\n<p>The company has a large R+D+i component, with approximately 15% investment each year, which is what it bases its growth and development on, making it a leading firm in the sector.<\/p>\n<p>Vouched for by its well-recognised professional background, it has wide-reaching influence in interdisciplinary research projects in the biomedical and agrogenetics sectors. The projects that it has collaborated on are within the framework of diverse calls, such as H2020, FP7, CDTI, MINECO, MINETUR and IVACE, with standout direct involvement in the first international genome sequencing projects carried out in Spain and 7 large European projects, 4 of which are still active.<\/p>\n\t\t<\/div>\n\t\t\t\t\n<style>\n#col-7080679 > .col-inner {\n  padding: 0px 0px 0px 20px;\n}\n<\/style>\n\t<\/div>\n\n\t\n<\/div>\n\t<section class=\"section\" id=\"section_112996254\">\n\t\t<div class=\"bg section-bg fill bg-fill  bg-loaded\" >\n\n\t\t\t\n\t\t\t\n\t\t\t\n\n\t\t<\/div>\n\n\t\t\n\n\t\t<div class=\"section-content relative\">\n\t\t\t\n<div class=\"row align-center\"  id=\"row-1129624358\">\n\n\t<div id=\"col-262617852\" class=\"col small-12 large-12\"  data-animate=\"fadeInUp\">\n\t\t\t\t<div class=\"col-inner\"  >\n\t\t\t\n\t\t\t\n\t<div id=\"gap-62416898\" class=\"gap-element clearfix\" style=\"display:block; height:auto;\">\n\t\t\n<style>\n#gap-62416898 {\n  padding-top: 50px;\n}\n<\/style>\n\t<\/div>\n\t\n\t\t<\/div>\n\t\t\t\t\t<\/div>\n\n\t\n\n\t<div id=\"col-2121397342\" class=\"col medium-9 small-12 large-9\"  data-animate=\"fadeInUp\">\n\t\t\t\t<div class=\"col-inner\"  >\n\t\t\t\n\t\t\t\n<div class=\"row row-large\"  id=\"row-75553918\">\n\n\t<div id=\"col-292500177\" class=\"col medium-4 small-12 large-4\"  >\n\t\t\t\t<div class=\"col-inner\"  >\n\t\t\t\n\t\t\t\n<h5>Sistemas Gen\u00f3micos<\/h5>\n<h2>Interdisciplinary Partner Profile<\/h2>\n<p>Sistemas Gen\u00f3micos provides companies, institutions, universities and research centres with all of its experience, technical capabilities and technology to develop innovative research projects together.<\/p>\n<a href=\"https:\/\/sistemasgenomicos.com\/en\/about-us\/contact\/\" class=\"button primary is-link is-small\"  style=\"border-radius:99px;\">\n    <span>Contact us<\/span>\n  <i class=\"icon-angle-right\" aria-hidden=\"true\" ><\/i><\/a>\n\n\t\t<\/div>\n\t\t\t\t\t<\/div>\n\n\t\n\n\t<div id=\"col-1631678425\" class=\"col medium-8 small-12 large-8\"  data-animate=\"fadeInUp\">\n\t\t\t\t<div class=\"col-inner\"  >\n\t\t\t\n\t\t\t\n\n\t\t<div class=\"icon-box featured-box icon-box-left text-left is-small\"  >\n\t\t\t\t\t<div class=\"icon-box-img has-icon-bg\" style=\"width: 53px\">\n\t\t\t\t<div class=\"icon\">\n\t\t\t\t\t<div class=\"icon-inner\" style=\"border-width:1px;color:rgb(0, 73, 139);\">\n\t\t\t\t\t\t<?xml version=\"1.0\" encoding=\"iso-8859-1\"?>\r\n<!-- Generator: Adobe Illustrator 19.0.0, SVG Export Plug-In . SVG Version: 6.00 Build 0)  -->\r\n<svg version=\"1.1\" id=\"Capa_1\" xmlns=\"http:\/\/www.w3.org\/2000\/svg\" xmlns:xlink=\"http:\/\/www.w3.org\/1999\/xlink\" x=\"0px\" y=\"0px\"\r\n\t viewBox=\"0 0 56 56\" style=\"enable-background:new 0 0 56 56;\" xml:space=\"preserve\">\r\n<path d=\"M25,46H10.845C4.865,46,0,41.135,0,35.154C0,31,2.705,26.688,6.433,24.901L7,24.63V24c0-0.127,0.008-0.256,0.015-0.386\r\n\tl0.009-0.16l-0.012-0.21C7.006,23.163,7,23.082,7,23c0-3.859,3.141-7,7-7c0.309,0,0.614,0.027,0.917,0.067\r\n\tc0.078,0.01,0.156,0.023,0.233,0.036c0.267,0.044,0.53,0.102,0.789,0.177c0.035,0.01,0.071,0.017,0.106,0.027\r\n\tc0.285,0.087,0.563,0.197,0.835,0.321c0.071,0.032,0.14,0.067,0.21,0.101c0.24,0.119,0.475,0.249,0.702,0.396\r\n\tC19.719,18.373,21,20.538,21,23c0,0.553,0.447,1,1,1s1-0.447,1-1c0-2.754-1.246-5.219-3.2-6.871C22.667,12.379,27.388,10,32.085,10\r\n\tc7.745,0,14.177,6.135,14.848,13.888c-1.022-0.072-2.552-0.109-4.083,0.124c-0.546,0.083-0.921,0.593-0.838,1.139\r\n\tc0.075,0.495,0.501,0.85,0.987,0.85c0.05,0,0.101-0.004,0.151-0.012c2.227-0.337,4.548-0.021,4.684-0.002\r\n\tC52.49,26.872,56,31.161,56,35.972C56,41.501,51.501,46,45.972,46H33H25z\"\/>\r\n<g>\r\n<\/g>\r\n<g>\r\n<\/g>\r\n<g>\r\n<\/g>\r\n<g>\r\n<\/g>\r\n<g>\r\n<\/g>\r\n<g>\r\n<\/g>\r\n<g>\r\n<\/g>\r\n<g>\r\n<\/g>\r\n<g>\r\n<\/g>\r\n<g>\r\n<\/g>\r\n<g>\r\n<\/g>\r\n<g>\r\n<\/g>\r\n<g>\r\n<\/g>\r\n<g>\r\n<\/g>\r\n<g>\r\n<\/g>\r\n<\/svg>\r\n\t\t\t\t\t<\/div>\n\t\t\t\t<\/div>\n\t\t\t<\/div>\n\t\t\t\t<div class=\"icon-box-text last-reset\">\n\t\t\t\t\t\t\t\t\t\n<h3>Research<\/h3>\n<p>Our huge and highly qualified multidisciplinary team, with broad experience and proficiency with the most cutting-edge technology along with their constant motivation and dedication to R+D+i allows us to boost our research work in collaboration with any institution, public or private.<\/p>\n\t\t<\/div>\n\t<\/div>\n\t\n\t\n\t<div id=\"gap-52242868\" class=\"gap-element clearfix\" style=\"display:block; height:auto;\">\n\t\t\n<style>\n#gap-52242868 {\n  padding-top: 30px;\n}\n<\/style>\n\t<\/div>\n\t\n\n\t\t<div class=\"icon-box featured-box icon-box-left text-left is-small\"  >\n\t\t\t\t\t<div class=\"icon-box-img has-icon-bg\" style=\"width: 53px\">\n\t\t\t\t<div class=\"icon\">\n\t\t\t\t\t<div class=\"icon-inner\" style=\"border-width:1px;color:rgb(0, 73, 139);\">\n\t\t\t\t\t\t<?xml version=\"1.0\" encoding=\"iso-8859-1\"?>\r\n<!-- Generator: Adobe Illustrator 19.0.0, SVG Export Plug-In . SVG Version: 6.00 Build 0)  -->\r\n<svg version=\"1.1\" id=\"Capa_1\" xmlns=\"http:\/\/www.w3.org\/2000\/svg\" xmlns:xlink=\"http:\/\/www.w3.org\/1999\/xlink\" x=\"0px\" y=\"0px\"\r\n\t viewBox=\"0 0 48.698 48.698\" style=\"enable-background:new 0 0 48.698 48.698;\" xml:space=\"preserve\">\r\n<g>\r\n\t<polygon points=\"47.784,13.309 24.349,0 0.914,13.309 24.349,26.698 \t\"\/>\r\n\t<polygon points=\"24.349,29.002 8.548,19.974 0.914,24.309 24.349,37.698 47.784,24.309 40.151,19.974 \t\"\/>\r\n\t<polygon points=\"24.349,40.002 8.548,30.974 0.914,35.309 24.349,48.698 47.784,35.309 40.151,30.974 \t\"\/>\r\n<\/g>\r\n<g>\r\n<\/g>\r\n<g>\r\n<\/g>\r\n<g>\r\n<\/g>\r\n<g>\r\n<\/g>\r\n<g>\r\n<\/g>\r\n<g>\r\n<\/g>\r\n<g>\r\n<\/g>\r\n<g>\r\n<\/g>\r\n<g>\r\n<\/g>\r\n<g>\r\n<\/g>\r\n<g>\r\n<\/g>\r\n<g>\r\n<\/g>\r\n<g>\r\n<\/g>\r\n<g>\r\n<\/g>\r\n<g>\r\n<\/g>\r\n<\/svg>\r\n\t\t\t\t\t<\/div>\n\t\t\t\t<\/div>\n\t\t\t<\/div>\n\t\t\t\t<div class=\"icon-box-text last-reset\">\n\t\t\t\t\t\t\t\t\t\n<h3>Technology<\/h3>\n<p>At our facilities we have the most advanced, cutting edge technology in genetic analysis, alongside a team of highly qualified experts who develop project to cover the needs of society today, applying the most appropriate technological solution in each project.<\/p>\n\t\t<\/div>\n\t<\/div>\n\t\n\t\n\t<div id=\"gap-1808369871\" class=\"gap-element clearfix\" style=\"display:block; height:auto;\">\n\t\t\n<style>\n#gap-1808369871 {\n  padding-top: 30px;\n}\n<\/style>\n\t<\/div>\n\t\n\n\t\t<div class=\"icon-box featured-box icon-box-left text-left is-small\"  >\n\t\t\t\t\t<div class=\"icon-box-img has-icon-bg\" style=\"width: 53px\">\n\t\t\t\t<div class=\"icon\">\n\t\t\t\t\t<div class=\"icon-inner\" style=\"border-width:1px;color:rgb(0, 73, 139);\">\n\t\t\t\t\t\t<?xml version=\"1.0\" encoding=\"iso-8859-1\"?>\r\n<!-- Generator: Adobe Illustrator 19.0.0, SVG Export Plug-In . SVG Version: 6.00 Build 0)  -->\r\n<svg version=\"1.1\" id=\"Capa_1\" xmlns=\"http:\/\/www.w3.org\/2000\/svg\" xmlns:xlink=\"http:\/\/www.w3.org\/1999\/xlink\" x=\"0px\" y=\"0px\"\r\n\t viewBox=\"0 0 54 54\" style=\"enable-background:new 0 0 54 54;\" xml:space=\"preserve\">\r\n<path d=\"M51.22,21h-5.052c-0.812,0-1.481-0.447-1.792-1.197s-0.153-1.54,0.42-2.114l3.572-3.571\r\n\tc0.525-0.525,0.814-1.224,0.814-1.966c0-0.743-0.289-1.441-0.814-1.967l-4.553-4.553c-1.05-1.05-2.881-1.052-3.933,0l-3.571,3.571\r\n\tc-0.475,0.475-0.997,0.574-1.352,0.574c-0.5,0-0.997-0.196-1.364-0.539C33.324,8.984,33,8.534,33,7.832V2.78\r\n\tC33,1.247,31.753,0,30.22,0H23.78C22.247,0,21,1.247,21,2.78v5.052c0,1.218-0.997,1.945-1.961,1.945c-0.354,0-0.876-0.1-1.351-0.574\r\n\tl-3.571-3.571c-1.052-1.052-2.883-1.05-3.933,0l-4.553,4.553c-0.525,0.525-0.814,1.224-0.814,1.967c0,0.742,0.289,1.44,0.814,1.966\r\n\tl3.572,3.571c0.573,0.574,0.73,1.364,0.42,2.114S8.644,21,7.832,21H2.78C1.247,21,0,22.247,0,23.78v6.438C0,31.752,1.247,33,2.78,33\r\n\th5.052c0.812,0,1.481,0.447,1.792,1.197s0.153,1.54-0.42,2.114l-3.572,3.571c-0.525,0.525-0.814,1.224-0.814,1.966\r\n\tc0,0.743,0.289,1.441,0.814,1.967l4.553,4.553c1.051,1.051,2.881,1.053,3.933,0l3.571-3.571c0.475-0.475,0.997-0.574,1.352-0.574\r\n\tc0.963,0,1.96,0.728,1.96,1.945v5.051C21,52.752,22.247,54,23.78,54h6.439c1.533,0,2.78-1.248,2.78-2.781v-5.051\r\n\tc0-1.218,0.997-1.945,1.96-1.945c0.354,0,0.877,0.1,1.352,0.574l3.571,3.571c1.052,1.052,2.883,1.05,3.933,0l4.553-4.553\r\n\tc0.525-0.525,0.814-1.224,0.814-1.967c0-0.742-0.289-1.44-0.814-1.966l-3.572-3.571c-0.573-0.574-0.73-1.364-0.42-2.114\r\n\tS45.356,33,46.168,33h5.052c1.533,0,2.78-1.248,2.78-2.781V23.78C54,22.247,52.753,21,51.22,21z M34,27c0,3.859-3.141,7-7,7\r\n\ts-7-3.141-7-7s3.141-7,7-7S34,23.141,34,27z\"\/>\r\n<g>\r\n<\/g>\r\n<g>\r\n<\/g>\r\n<g>\r\n<\/g>\r\n<g>\r\n<\/g>\r\n<g>\r\n<\/g>\r\n<g>\r\n<\/g>\r\n<g>\r\n<\/g>\r\n<g>\r\n<\/g>\r\n<g>\r\n<\/g>\r\n<g>\r\n<\/g>\r\n<g>\r\n<\/g>\r\n<g>\r\n<\/g>\r\n<g>\r\n<\/g>\r\n<g>\r\n<\/g>\r\n<g>\r\n<\/g>\r\n<\/svg>\r\n\t\t\t\t\t<\/div>\n\t\t\t\t<\/div>\n\t\t\t<\/div>\n\t\t\t\t<div class=\"icon-box-text last-reset\">\n\t\t\t\t\t\t\t\t\t\n<h3>Innovation Management<\/h3>\n<p>The project receives management of all of the actions necessary to get the product developed on the market with a favourable position, also offering the trade networks that the company has established in over 50 countries around the world as a distribution channel.<\/p>\n\t\t<\/div>\n\t<\/div>\n\t\n\t\n\t\t<\/div>\n\t\t\t\t\t<\/div>\n\n\t\n<\/div>\n\t\t<\/div>\n\t\t\t\t\t<\/div>\n\n\t\n<\/div>\n\t\t<\/div>\n\n\t\t\n<style>\n#section_112996254 {\n  padding-top: 30px;\n  padding-bottom: 30px;\n  background-color: rgb(255, 255, 255);\n}\n<\/style>\n\t<\/section>\n\t\n\t<div id=\"gap-68198580\" class=\"gap-element clearfix\" style=\"display:block; height:auto;\">\n\t\t\n<style>\n#gap-68198580 {\n  padding-top: 40px;\n}\n<\/style>\n\t<\/div>\n\t\n<div class=\"row row-large align-center row-solid\"  id=\"row-502777637\">\n\n\t<div id=\"col-1047540491\" class=\"col medium-2 small-12 large-2\"  data-animate=\"fadeInUp\">\n\t\t\t\t<div class=\"col-inner text-center\"  >\n\t\t\t\n\t\t\t\n\t<div class=\"img has-hover x md-x lg-x y md-y lg-y\" id=\"image_202161336\">\n\t\t\t\t\t\t\t\t<div class=\"img-inner dark\" >\n\t\t\t<img loading=\"lazy\" decoding=\"async\" width=\"695\" height=\"824\" src=\"https:\/\/sistemasgenomicos.com\/wp-content\/uploads\/2017\/10\/pyme-inovadora.png\" class=\"attachment-large size-large\" alt=\"\" srcset=\"https:\/\/sistemasgenomicos.com\/wp-content\/uploads\/2017\/10\/pyme-inovadora.png 695w, https:\/\/sistemasgenomicos.com\/wp-content\/uploads\/2017\/10\/pyme-inovadora-253x300.png 253w, https:\/\/sistemasgenomicos.com\/wp-content\/uploads\/2017\/10\/pyme-inovadora-176x209.png 176w, https:\/\/sistemasgenomicos.com\/wp-content\/uploads\/2017\/10\/pyme-inovadora-353x418.png 353w\" sizes=\"auto, (max-width: 695px) 100vw, 695px\" \/>\t\t\t\t\t\t\n\t\t\t\t\t<\/div>\n\t\t\t\t\t\t\t\t\n<style>\n#image_202161336 {\n  width: 89%;\n}\n<\/style>\n\t<\/div>\n\t\n\t\t<\/div>\n\t\t\t\t\t<\/div>\n\n\t\n\n\t<div id=\"col-1713757018\" class=\"col medium-10 small-12 large-10\"  data-animate=\"fadeInUp\">\n\t\t\t\t<div class=\"col-inner\"  >\n\t\t\t\n\t\t\t\n<div class=\"container section-title-container\" style=\"margin-bottom:0px;\"><h3 class=\"section-title section-title-normal\"><b><\/b><span class=\"section-title-main\" style=\"font-size:89%;\">R+D+i (MINECO) certification for internal development<\/span><b><\/b><\/h3><\/div>\n<p>Sistemas Gen\u00f3micos engages in a huge amount of R+D+I activity, which is the driving force behind its growth, which results in a constant state of development internally. Proof of the quality of our work in this field is the R+D+i certificates for our project and the reports we have received from the Ministry of Economics, Industry and Competition, who classed the company\u2019s intensive activity as that of Innovative SME.<\/p>\n<p>Within this framework, in 2015 and 2016, a total of four projects were certified, three of which were biannual, which allowed us to complete all of the research and development stages necessary to get our services and products on the end market.<\/p>\n\t\t<\/div>\n\t\t\t\t\t<\/div>\n\n\t\n<\/div>\n","protected":false},"excerpt":{"rendered":"\n  <div class=\"banner has-hover\" id=\"banner-1983614388\">\n          <div class=\"banner-inner fill\">\n        <div class=\"banner-bg fill\" >\n            <div class=\"bg fill bg-fill \"><\/div>\n                        <div class=\"overlay\"><\/div>            \n                    <\/div>\n\t\t\n        <div class=\"banner-layers container\">\n            <div class=\"fill banner-link\"><\/div>            \n\n\n\n   <div id=\"text-box-1813116942\" class=\"text-box banner-layer x50 md-x50 lg-x50 y50 md-y50 lg-y50 res-text\">\n                                <div class=\"text-box-content text dark\">\n              \n              <div class=\"text-inner text-center\">\n                  \n\n\n\n<h1>STRATEGIC ALLIANCES<\/h1>\n\n<h4>Let\u2019s do it together<\/h4>\n\n\n\n              <\/div>\n           <\/div>\n                            \n<style>\n#text-box-1813116942 {\n  width: 60%;\n}\n#text-box-1813116942 .text-box-content {\n  font-size: 100%;\n}\n<\/style>\n    <\/div>\n \n\n\n\n        <\/div>\n      <\/div>\n\n            \n<style>\n#banner-1983614388 {\n  padding-top: 280px;\n}\n#banner-1983614388 .bg.bg-loaded {\n  background-image: url(https:\/\/sistemasgenomicos.com\/wp-content\/uploads\/2017\/10\/alianzas.jpg);\n}\n#banner-1983614388 .overlay {\n  background-color: rgba(0,0,0,.5);\n}\n#banner-1983614388 .bg {\n  background-position: 67% 66%;\n}\n<\/style>\n  <\/div>\n\n\n\n\n\n  <div id=\"page-header-1778252572\" class=\"page-header-wrapper\">\n  <div class=\"page-title light simple-title\">\n\n    \n    <div class=\"page-title-inner container align-top flex-row medium-flex-wrap row-reverse\" >\n            <div class=\"title-content flex-col flex-left text-left medium-text-center\">\n        <div class=\"title-breadcrumbs pb-half pt-half\"><nav class=\"woocommerce-breadcrumb breadcrumbs uppercase\">Home<\/nav><\/div>      <\/div>\n    <\/div>\n\n     \n<style>\n#page-header-1778252572 {\n  margin-bottom: 0px;\n}\n<\/style>\n  <\/div>\n    <\/div>\n  \n","protected":false},"author":83,"featured_media":42665,"parent":42130,"menu_order":0,"comment_status":"closed","ping_status":"closed","template":"","meta":{"footnotes":""},"class_list":["post-42133","page","type-page","status-publish","has-post-thumbnail","hentry"],"acf":[],"yoast_head":"<!-- This site is optimized with the Yoast SEO plugin v27.4 - https:\/\/yoast.com\/product\/yoast-seo-wordpress\/ -->\n<title>Strategic Alliances - Sistemas Gen\u00f3micos<\/title>\n<meta name=\"robots\" content=\"index, follow, max-snippet:-1, max-image-preview:large, max-video-preview:-1\" \/>\n<link rel=\"canonical\" href=\"https:\/\/sistemasgenomicos.com\/en\/researchers-and-partners\/strategic-alliances\/\" \/>\n<meta property=\"og:locale\" content=\"en_US\" \/>\n<meta property=\"og:type\" content=\"article\" \/>\n<meta property=\"og:title\" content=\"Strategic Alliances - Sistemas Gen\u00f3micos\" \/>\n<meta property=\"og:url\" content=\"https:\/\/sistemasgenomicos.com\/en\/researchers-and-partners\/strategic-alliances\/\" \/>\n<meta property=\"og:site_name\" content=\"Sistemas Gen\u00f3micos\" \/>\n<meta property=\"article:modified_time\" content=\"2018-07-05T07:22:51+00:00\" \/>\n<meta property=\"og:image\" content=\"https:\/\/sistemasgenomicos.com\/wp-content\/uploads\/2018\/04\/logo-sistemas-genomicos-default-1.jpg\" \/>\n\t<meta property=\"og:image:width\" content=\"1200\" \/>\n\t<meta property=\"og:image:height\" content=\"750\" \/>\n\t<meta property=\"og:image:type\" content=\"image\/jpeg\" \/>\n<meta name=\"twitter:card\" content=\"summary_large_image\" \/>\n<meta name=\"twitter:description\" content=\"[block id=&quot;cabecera-alianzas-estrateticas&quot;]\" \/>\n<meta name=\"twitter:label1\" content=\"Est. reading time\" \/>\n\t<meta name=\"twitter:data1\" content=\"3 minutes\" \/>\n<script type=\"application\/ld+json\" class=\"yoast-schema-graph\">{\"@context\":\"https:\\\/\\\/schema.org\",\"@graph\":[{\"@type\":\"WebPage\",\"@id\":\"https:\\\/\\\/sistemasgenomicos.com\\\/en\\\/researchers-and-partners\\\/strategic-alliances\\\/\",\"url\":\"https:\\\/\\\/sistemasgenomicos.com\\\/en\\\/researchers-and-partners\\\/strategic-alliances\\\/\",\"name\":\"Strategic Alliances - Sistemas Gen\u00f3micos\",\"isPartOf\":{\"@id\":\"https:\\\/\\\/sistemasgenomicos.com\\\/en\\\/#website\"},\"primaryImageOfPage\":{\"@id\":\"https:\\\/\\\/sistemasgenomicos.com\\\/en\\\/researchers-and-partners\\\/strategic-alliances\\\/#primaryimage\"},\"image\":{\"@id\":\"https:\\\/\\\/sistemasgenomicos.com\\\/en\\\/researchers-and-partners\\\/strategic-alliances\\\/#primaryimage\"},\"thumbnailUrl\":\"https:\\\/\\\/sistemasgenomicos.com\\\/wp-content\\\/uploads\\\/2018\\\/04\\\/logo-sistemas-genomicos-default-1.jpg\",\"datePublished\":\"2018-02-26T10:57:28+00:00\",\"dateModified\":\"2018-07-05T07:22:51+00:00\",\"breadcrumb\":{\"@id\":\"https:\\\/\\\/sistemasgenomicos.com\\\/en\\\/researchers-and-partners\\\/strategic-alliances\\\/#breadcrumb\"},\"inLanguage\":\"en-US\",\"potentialAction\":[{\"@type\":\"ReadAction\",\"target\":[\"https:\\\/\\\/sistemasgenomicos.com\\\/en\\\/researchers-and-partners\\\/strategic-alliances\\\/\"]}]},{\"@type\":\"ImageObject\",\"inLanguage\":\"en-US\",\"@id\":\"https:\\\/\\\/sistemasgenomicos.com\\\/en\\\/researchers-and-partners\\\/strategic-alliances\\\/#primaryimage\",\"url\":\"https:\\\/\\\/sistemasgenomicos.com\\\/wp-content\\\/uploads\\\/2018\\\/04\\\/logo-sistemas-genomicos-default-1.jpg\",\"contentUrl\":\"https:\\\/\\\/sistemasgenomicos.com\\\/wp-content\\\/uploads\\\/2018\\\/04\\\/logo-sistemas-genomicos-default-1.jpg\",\"width\":1200,\"height\":750},{\"@type\":\"BreadcrumbList\",\"@id\":\"https:\\\/\\\/sistemasgenomicos.com\\\/en\\\/researchers-and-partners\\\/strategic-alliances\\\/#breadcrumb\",\"itemListElement\":[{\"@type\":\"ListItem\",\"position\":1,\"name\":\"Portada\",\"item\":\"https:\\\/\\\/sistemasgenomicos.com\\\/en\\\/\"},{\"@type\":\"ListItem\",\"position\":2,\"name\":\"Researchers and Partners\",\"item\":\"https:\\\/\\\/sistemasgenomicos.com\\\/en\\\/researchers-and-partners\\\/\"},{\"@type\":\"ListItem\",\"position\":3,\"name\":\"Strategic Alliances\"}]},{\"@type\":\"WebSite\",\"@id\":\"https:\\\/\\\/sistemasgenomicos.com\\\/en\\\/#website\",\"url\":\"https:\\\/\\\/sistemasgenomicos.com\\\/en\\\/\",\"name\":\"Sistemas Gen\u00f3micos\",\"description\":\"La mayor empresa dedicada a la investigaci\u00f3n gen\u00e9tica y molecular\",\"publisher\":{\"@id\":\"https:\\\/\\\/sistemasgenomicos.com\\\/en\\\/#organization\"},\"potentialAction\":[{\"@type\":\"SearchAction\",\"target\":{\"@type\":\"EntryPoint\",\"urlTemplate\":\"https:\\\/\\\/sistemasgenomicos.com\\\/en\\\/?s={search_term_string}\"},\"query-input\":{\"@type\":\"PropertyValueSpecification\",\"valueRequired\":true,\"valueName\":\"search_term_string\"}}],\"inLanguage\":\"en-US\"},{\"@type\":\"Organization\",\"@id\":\"https:\\\/\\\/sistemasgenomicos.com\\\/en\\\/#organization\",\"name\":\"Sistemas Gen\u00f3micos\",\"url\":\"https:\\\/\\\/sistemasgenomicos.com\\\/en\\\/\",\"logo\":{\"@type\":\"ImageObject\",\"inLanguage\":\"en-US\",\"@id\":\"https:\\\/\\\/sistemasgenomicos.com\\\/en\\\/#\\\/schema\\\/logo\\\/image\\\/\",\"url\":\"https:\\\/\\\/sistemasgenomicos.com\\\/wp-content\\\/uploads\\\/2022\\\/04\\\/image001-1.png\",\"contentUrl\":\"https:\\\/\\\/sistemasgenomicos.com\\\/wp-content\\\/uploads\\\/2022\\\/04\\\/image001-1.png\",\"width\":250,\"height\":122,\"caption\":\"Sistemas Gen\u00f3micos\"},\"image\":{\"@id\":\"https:\\\/\\\/sistemasgenomicos.com\\\/en\\\/#\\\/schema\\\/logo\\\/image\\\/\"}}]}<\/script>\n<!-- \/ Yoast SEO plugin. -->","yoast_head_json":{"title":"Strategic Alliances - Sistemas Gen\u00f3micos","robots":{"index":"index","follow":"follow","max-snippet":"max-snippet:-1","max-image-preview":"max-image-preview:large","max-video-preview":"max-video-preview:-1"},"canonical":"https:\/\/sistemasgenomicos.com\/en\/researchers-and-partners\/strategic-alliances\/","og_locale":"en_US","og_type":"article","og_title":"Strategic Alliances - Sistemas Gen\u00f3micos","og_url":"https:\/\/sistemasgenomicos.com\/en\/researchers-and-partners\/strategic-alliances\/","og_site_name":"Sistemas Gen\u00f3micos","article_modified_time":"2018-07-05T07:22:51+00:00","og_image":[{"width":1200,"height":750,"url":"https:\/\/sistemasgenomicos.com\/wp-content\/uploads\/2018\/04\/logo-sistemas-genomicos-default-1.jpg","type":"image\/jpeg"}],"twitter_card":"summary_large_image","twitter_description":"[block id=\"cabecera-alianzas-estrateticas\"]","twitter_misc":{"Est. reading time":"3 minutes"},"schema":{"@context":"https:\/\/schema.org","@graph":[{"@type":"WebPage","@id":"https:\/\/sistemasgenomicos.com\/en\/researchers-and-partners\/strategic-alliances\/","url":"https:\/\/sistemasgenomicos.com\/en\/researchers-and-partners\/strategic-alliances\/","name":"Strategic Alliances - Sistemas Gen\u00f3micos","isPartOf":{"@id":"https:\/\/sistemasgenomicos.com\/en\/#website"},"primaryImageOfPage":{"@id":"https:\/\/sistemasgenomicos.com\/en\/researchers-and-partners\/strategic-alliances\/#primaryimage"},"image":{"@id":"https:\/\/sistemasgenomicos.com\/en\/researchers-and-partners\/strategic-alliances\/#primaryimage"},"thumbnailUrl":"https:\/\/sistemasgenomicos.com\/wp-content\/uploads\/2018\/04\/logo-sistemas-genomicos-default-1.jpg","datePublished":"2018-02-26T10:57:28+00:00","dateModified":"2018-07-05T07:22:51+00:00","breadcrumb":{"@id":"https:\/\/sistemasgenomicos.com\/en\/researchers-and-partners\/strategic-alliances\/#breadcrumb"},"inLanguage":"en-US","potentialAction":[{"@type":"ReadAction","target":["https:\/\/sistemasgenomicos.com\/en\/researchers-and-partners\/strategic-alliances\/"]}]},{"@type":"ImageObject","inLanguage":"en-US","@id":"https:\/\/sistemasgenomicos.com\/en\/researchers-and-partners\/strategic-alliances\/#primaryimage","url":"https:\/\/sistemasgenomicos.com\/wp-content\/uploads\/2018\/04\/logo-sistemas-genomicos-default-1.jpg","contentUrl":"https:\/\/sistemasgenomicos.com\/wp-content\/uploads\/2018\/04\/logo-sistemas-genomicos-default-1.jpg","width":1200,"height":750},{"@type":"BreadcrumbList","@id":"https:\/\/sistemasgenomicos.com\/en\/researchers-and-partners\/strategic-alliances\/#breadcrumb","itemListElement":[{"@type":"ListItem","position":1,"name":"Portada","item":"https:\/\/sistemasgenomicos.com\/en\/"},{"@type":"ListItem","position":2,"name":"Researchers and Partners","item":"https:\/\/sistemasgenomicos.com\/en\/researchers-and-partners\/"},{"@type":"ListItem","position":3,"name":"Strategic Alliances"}]},{"@type":"WebSite","@id":"https:\/\/sistemasgenomicos.com\/en\/#website","url":"https:\/\/sistemasgenomicos.com\/en\/","name":"Sistemas Gen\u00f3micos","description":"La mayor empresa dedicada a la investigaci\u00f3n gen\u00e9tica y molecular","publisher":{"@id":"https:\/\/sistemasgenomicos.com\/en\/#organization"},"potentialAction":[{"@type":"SearchAction","target":{"@type":"EntryPoint","urlTemplate":"https:\/\/sistemasgenomicos.com\/en\/?s={search_term_string}"},"query-input":{"@type":"PropertyValueSpecification","valueRequired":true,"valueName":"search_term_string"}}],"inLanguage":"en-US"},{"@type":"Organization","@id":"https:\/\/sistemasgenomicos.com\/en\/#organization","name":"Sistemas Gen\u00f3micos","url":"https:\/\/sistemasgenomicos.com\/en\/","logo":{"@type":"ImageObject","inLanguage":"en-US","@id":"https:\/\/sistemasgenomicos.com\/en\/#\/schema\/logo\/image\/","url":"https:\/\/sistemasgenomicos.com\/wp-content\/uploads\/2022\/04\/image001-1.png","contentUrl":"https:\/\/sistemasgenomicos.com\/wp-content\/uploads\/2022\/04\/image001-1.png","width":250,"height":122,"caption":"Sistemas Gen\u00f3micos"},"image":{"@id":"https:\/\/sistemasgenomicos.com\/en\/#\/schema\/logo\/image\/"}}]}},"_links":{"self":[{"href":"https:\/\/sistemasgenomicos.com\/en\/wp-json\/wp\/v2\/pages\/42133","targetHints":{"allow":["GET"]}}],"collection":[{"href":"https:\/\/sistemasgenomicos.com\/en\/wp-json\/wp\/v2\/pages"}],"about":[{"href":"https:\/\/sistemasgenomicos.com\/en\/wp-json\/wp\/v2\/types\/page"}],"author":[{"embeddable":true,"href":"https:\/\/sistemasgenomicos.com\/en\/wp-json\/wp\/v2\/users\/83"}],"replies":[{"embeddable":true,"href":"https:\/\/sistemasgenomicos.com\/en\/wp-json\/wp\/v2\/comments?post=42133"}],"version-history":[{"count":0,"href":"https:\/\/sistemasgenomicos.com\/en\/wp-json\/wp\/v2\/pages\/42133\/revisions"}],"up":[{"embeddable":true,"href":"https:\/\/sistemasgenomicos.com\/en\/wp-json\/wp\/v2\/pages\/42130"}],"wp:featuredmedia":[{"embeddable":true,"href":"https:\/\/sistemasgenomicos.com\/en\/wp-json\/wp\/v2\/media\/42665"}],"wp:attachment":[{"href":"https:\/\/sistemasgenomicos.com\/en\/wp-json\/wp\/v2\/media?parent=42133"}],"curies":[{"name":"wp","href":"https:\/\/api.w.org\/{rel}","templated":true}]}}